{"id":741,"date":"2020-08-10T11:47:23","date_gmt":"2020-08-10T09:47:23","guid":{"rendered":"http:\/\/wp13590066.server-he.de\/?page_id=741"},"modified":"2026-02-16T15:09:42","modified_gmt":"2026-02-16T14:09:42","slug":"aktuelle-fellows","status":"publish","type":"page","link":"https:\/\/afrika-kommt.de\/de\/about-the-programme\/aktuelle-fellows\/","title":{"rendered":"Aktuelle Fellows"},"content":{"rendered":"  \t<div class=\"tile_listing_container persons_fellows\">\n                <div class=\"tile_listing_headline\">\n          <h1>Unsere aktuellen Fellows<\/h1>\n        <\/div>\n                        <div class=\"tile_listing_infotext\">\n          <div><p>Die 34 StipendiatInnen des 14. Jahrgangs von AFRIKA KOMMT! 2025-2027 begannen ihre Reise mit einem Online-Deutschkurs in ihren Heimatl\u00e4ndern. Die 17 Frauen und 17 M\u00e4nner kamen im November 2025 in Deutschland an. Bevor sie im Februar 2026 ihre Praxisphase in den Unternehmen begannen, lernten sie am Goethe-Institut in Bonn Deutsch und nehmen w\u00e4hrend des Stipendiums an einem vielf\u00e4ltigen Programm zu Management- und F\u00fchrungsthemen teil.<\/p>\n<p>Die aktuellen StipendiatInnen kommen aus Nigeria, Burundi, \u00c4thiopien, Ruanda, Uganda, Sierra Leone, Sudan, S\u00fcdafrika, Kenia, Senegal, Simbabwe, Sambia und Angola.<\/p>\n<\/div>\n        <\/div>\n        \n\n        <form data-sf-form-id='1016' data-is-rtl='0' data-maintain-state='' data-results-url='https:\/\/afrika-kommt.de\/de\/about-the-programme\/aktuelle-fellows\/' data-ajax-url='https:\/\/afrika-kommt.de\/de\/?sfid=1016&amp;sf_action=get_data&amp;sf_data=all' data-ajax-form-url='https:\/\/afrika-kommt.de\/de\/?sfid=1016&amp;sf_action=get_data&amp;sf_data=form' data-display-result-method='shortcode' data-use-history-api='1' data-template-loaded='0' data-lang-code='de' data-ajax='1' data-ajax-data-type='json' data-ajax-links-selector='.pagination a' data-ajax-target='#search-filter-results-1016' data-ajax-pagination-type='normal' data-update-ajax-url='1' data-only-results-ajax='1' data-scroll-to-pos='0' data-init-paged='1' data-auto-update='1' data-auto-count='1' data-auto-count-refresh-mode='1' action='https:\/\/afrika-kommt.de\/de\/about-the-programme\/aktuelle-fellows\/' method='post' class='searchandfilter' id='search-filter-form-1016' autocomplete='off' data-instance-count='1'><ul><li class=\"sf-field-post-meta-attended_year\" data-sf-field-name=\"_sfm_attended_year\" data-sf-field-type=\"post_meta\" data-sf-field-input-type=\"select\" data-sf-meta-type=\"choice\">\t\t<label>\n\t\t\t\t   \t\t<select name=\"_sfm_attended_year[]\" class=\"sf-input-select\" title=\"\">\n\t\t\t\t\t\t  \t\t\t<option class=\"sf-level-0 sf-item-0 sf-option-active\" selected=\"selected\" data-sf-depth=\"0\" value=\"\">AK Year<\/option>\n\t\t\t\t\t\t\t\t\t\t\t<option class=\"sf-level-0 \" data-sf-count=\"1\" data-sf-depth=\"0\" value=\"2024 - 2026 (AK13)\">2024 &#8211; 2026 (AK13)<\/option>\n\t\t\t\t\t\t\t\t\t\t\t<option class=\"sf-level-0 \" data-sf-count=\"20\" data-sf-depth=\"0\" value=\"2025 \u2013 2027 (AK14)\">2025 \u2013 2027 (AK14)<\/option>\n\t\t\t\t\t\t\t\t\t\t\t<\/select><\/label>\t\t\t\t\t\t\t\t\t\t<\/li><\/ul><\/form>\n<div class=\"search-filter-results\" id=\"search-filter-results-1016\">\t\t<div id=\"tile_listing_part\" class=\"tile_listing-person\">\n\n\t\t\t\t\t<div class=\"tile_listing_item tile_linked\">\n\t\t\t\t<a href=\"https:\/\/afrika-kommt.de\/de\/person\/ardent-nkusi\/\" target=\"\">\n\t\t\t\t\t\t<div id=\"\" class=\"tile_listing\" style=\"background-image: url('https:\/\/afrika-kommt.de\/wp-content\/uploads\/2026\/01\/P1274659_DxO_Exp_Web1920-300x300.jpg'); background-position: center; background-repeat: no-repeat; background-size: cover; background-origin: content-box;\"><\/div>\n\t\t\t<div class=\"tile_listing_info\">\n\t\t\t\t<h3>Ardent Nkusi<\/h3>\n\t\t\t\t<div class=\"tile_listing_except\">Public Health, Research\t\t\t\t<\/div>\n\t\t\t\t\t\t\t\t<a class=\"tile_listing_link\" href=\"https:\/\/afrika-kommt.de\/de\/person\/ardent-nkusi\/\" target=\"\" title=\"Read more\">Read more<\/a>\n\t\t\t\t\t\t<\/div>\n\t\t\t\t\t\t<\/a>\n\t\t\t\t<\/div>\n\t\t\t\t\t<div class=\"tile_listing_item tile_linked\">\n\t\t\t\t<a href=\"https:\/\/afrika-kommt.de\/de\/person\/bezawitalem-yimer-desse\/\" target=\"\">\n\t\t\t\t\t\t<div id=\"\" class=\"tile_listing\" style=\"background-image: url('https:\/\/afrika-kommt.de\/wp-content\/uploads\/2024\/11\/Bezawitalem-Desse-300x300.png'); background-position: center; background-repeat: no-repeat; background-size: cover; background-origin: content-box;\"><\/div>\n\t\t\t<div class=\"tile_listing_info\">\n\t\t\t\t<h3>Bezawitalem Yimer Desse<\/h3>\n\t\t\t\t<div class=\"tile_listing_except\">Pharmaceuticals, Project Management, Technology\t\t\t\t<\/div>\n\t\t\t\t\t\t\t\t<a class=\"tile_listing_link\" href=\"https:\/\/afrika-kommt.de\/de\/person\/bezawitalem-yimer-desse\/\" target=\"\" title=\"Read more\">Read more<\/a>\n\t\t\t\t\t\t<\/div>\n\t\t\t\t\t\t<\/a>\n\t\t\t\t<\/div>\n\t\t\t\t\t<div class=\"tile_listing_item tile_linked\">\n\t\t\t\t<a href=\"https:\/\/afrika-kommt.de\/de\/person\/brenda-naddamba\/\" target=\"\">\n\t\t\t\t\t\t<div id=\"\" class=\"tile_listing\" style=\"background-image: url('https:\/\/afrika-kommt.de\/wp-content\/uploads\/2026\/01\/P1275006_DxO_Exp_Web-300x300.jpg'); background-position: center; background-repeat: no-repeat; background-size: cover; background-origin: content-box;\"><\/div>\n\t\t\t<div class=\"tile_listing_info\">\n\t\t\t\t<h3>Brenda Naddamba<\/h3>\n\t\t\t\t<div class=\"tile_listing_except\">Pharmaceuticals, Sales &amp; Marketing\t\t\t\t<\/div>\n\t\t\t\t\t\t\t\t<a class=\"tile_listing_link\" href=\"https:\/\/afrika-kommt.de\/de\/person\/brenda-naddamba\/\" target=\"\" title=\"Read more\">Read more<\/a>\n\t\t\t\t\t\t<\/div>\n\t\t\t\t\t\t<\/a>\n\t\t\t\t<\/div>\n\t\t\t\t\t<div class=\"tile_listing_item tile_linked\">\n\t\t\t\t<a href=\"https:\/\/afrika-kommt.de\/de\/person\/christian-hakizimana\/\" target=\"\">\n\t\t\t\t\t\t<div id=\"\" class=\"tile_listing\" style=\"background-image: url('https:\/\/afrika-kommt.de\/wp-content\/uploads\/2026\/01\/P1274699_DxO_Exp_Web-300x300.jpg'); background-position: center; background-repeat: no-repeat; background-size: cover; background-origin: content-box;\"><\/div>\n\t\t\t<div class=\"tile_listing_info\">\n\t\t\t\t<h3>Christian Hakizimana<\/h3>\n\t\t\t\t<div class=\"tile_listing_except\">Engineering\t\t\t\t<\/div>\n\t\t\t\t\t\t\t\t<a class=\"tile_listing_link\" href=\"https:\/\/afrika-kommt.de\/de\/person\/christian-hakizimana\/\" target=\"\" title=\"Read more\">Read more<\/a>\n\t\t\t\t\t\t<\/div>\n\t\t\t\t\t\t<\/a>\n\t\t\t\t<\/div>\n\t\t\t\t\t<div class=\"tile_listing_item tile_linked\">\n\t\t\t\t<a href=\"https:\/\/afrika-kommt.de\/de\/person\/dennis-munene\/\" target=\"\">\n\t\t\t\t\t\t<div id=\"\" class=\"tile_listing\" style=\"background-image: url('https:\/\/afrika-kommt.de\/wp-content\/uploads\/2026\/01\/P1275030_DxO_Exp_Web-300x300.jpg'); background-position: center; background-repeat: no-repeat; background-size: cover; background-origin: content-box;\"><\/div>\n\t\t\t<div class=\"tile_listing_info\">\n\t\t\t\t<h3>Dennis Munene<\/h3>\n\t\t\t\t<div class=\"tile_listing_except\">Healthcare\t\t\t\t<\/div>\n\t\t\t\t\t\t\t\t<a class=\"tile_listing_link\" href=\"https:\/\/afrika-kommt.de\/de\/person\/dennis-munene\/\" target=\"\" title=\"Read more\">Read more<\/a>\n\t\t\t\t\t\t<\/div>\n\t\t\t\t\t\t<\/a>\n\t\t\t\t<\/div>\n\t\t\t\t\t<div class=\"tile_listing_item tile_linked\">\n\t\t\t\t<a href=\"https:\/\/afrika-kommt.de\/de\/person\/dennis-mureithi\/\" target=\"\">\n\t\t\t\t\t\t<div id=\"\" class=\"tile_listing\" style=\"background-image: url('https:\/\/afrika-kommt.de\/wp-content\/uploads\/2026\/01\/P1274902_DxO_Exp_Web-300x300.jpg'); background-position: center; background-repeat: no-repeat; background-size: cover; background-origin: content-box;\"><\/div>\n\t\t\t<div class=\"tile_listing_info\">\n\t\t\t\t<h3>Dennis Mureithi<\/h3>\n\t\t\t\t<div class=\"tile_listing_except\">Project Management\t\t\t\t<\/div>\n\t\t\t\t\t\t\t\t<a class=\"tile_listing_link\" href=\"https:\/\/afrika-kommt.de\/de\/person\/dennis-mureithi\/\" target=\"\" title=\"Read more\">Read more<\/a>\n\t\t\t\t\t\t<\/div>\n\t\t\t\t\t\t<\/a>\n\t\t\t\t<\/div>\n\t\t\t\t\t<div class=\"tile_listing_item tile_linked\">\n\t\t\t\t<a href=\"https:\/\/afrika-kommt.de\/de\/person\/eniola-lateef\/\" target=\"\">\n\t\t\t\t\t\t<div id=\"\" class=\"tile_listing\" style=\"background-image: url('https:\/\/afrika-kommt.de\/wp-content\/uploads\/2026\/01\/P1274977_DxO_Exp_Web-300x300.jpg'); background-position: center; background-repeat: no-repeat; background-size: cover; background-origin: content-box;\"><\/div>\n\t\t\t<div class=\"tile_listing_info\">\n\t\t\t\t<h3>Eniola Lateef<\/h3>\n\t\t\t\t<div class=\"tile_listing_except\">Biomedical Engineering\t\t\t\t<\/div>\n\t\t\t\t\t\t\t\t<a class=\"tile_listing_link\" href=\"https:\/\/afrika-kommt.de\/de\/person\/eniola-lateef\/\" target=\"\" title=\"Read more\">Read more<\/a>\n\t\t\t\t\t\t<\/div>\n\t\t\t\t\t\t<\/a>\n\t\t\t\t<\/div>\n\t\t\t\t\t<div class=\"tile_listing_item tile_linked\">\n\t\t\t\t<a href=\"https:\/\/afrika-kommt.de\/de\/person\/esther-mackenzie\/\" target=\"\">\n\t\t\t\t\t\t<div id=\"\" class=\"tile_listing\" style=\"background-image: url('https:\/\/afrika-kommt.de\/wp-content\/uploads\/2026\/01\/P1275088_DxO_Exp_Web-300x300.jpg'); background-position: center; background-repeat: no-repeat; background-size: cover; background-origin: content-box;\"><\/div>\n\t\t\t<div class=\"tile_listing_info\">\n\t\t\t\t<h3>Esther Mackenzie<\/h3>\n\t\t\t\t<div class=\"tile_listing_except\">Communications\t\t\t\t<\/div>\n\t\t\t\t\t\t\t\t<a class=\"tile_listing_link\" href=\"https:\/\/afrika-kommt.de\/de\/person\/esther-mackenzie\/\" target=\"\" title=\"Read more\">Read more<\/a>\n\t\t\t\t\t\t<\/div>\n\t\t\t\t\t\t<\/a>\n\t\t\t\t<\/div>\n\t\t\t\t\t<div class=\"tile_listing_item tile_linked\">\n\t\t\t\t<a href=\"https:\/\/afrika-kommt.de\/de\/person\/fantin-mukisa\/\" target=\"\">\n\t\t\t\t\t\t<div id=\"\" class=\"tile_listing\" style=\"background-image: url('https:\/\/afrika-kommt.de\/wp-content\/uploads\/2026\/01\/P1274907_DxO_Exp_Web-300x300.jpg'); background-position: center; background-repeat: no-repeat; background-size: cover; background-origin: content-box;\"><\/div>\n\t\t\t<div class=\"tile_listing_info\">\n\t\t\t\t<h3>Fantin Mukisa<\/h3>\n\t\t\t\t<div class=\"tile_listing_except\">Consulting Services, Engineering\t\t\t\t<\/div>\n\t\t\t\t\t\t\t\t<a class=\"tile_listing_link\" href=\"https:\/\/afrika-kommt.de\/de\/person\/fantin-mukisa\/\" target=\"\" title=\"Read more\">Read more<\/a>\n\t\t\t\t\t\t<\/div>\n\t\t\t\t\t\t<\/a>\n\t\t\t\t<\/div>\n\t\t\t\t\t<div class=\"tile_listing_item tile_linked\">\n\t\t\t\t<a href=\"https:\/\/afrika-kommt.de\/de\/person\/laura-kerubo\/\" target=\"\">\n\t\t\t\t\t\t<div id=\"\" class=\"tile_listing\" style=\"background-image: url('https:\/\/afrika-kommt.de\/wp-content\/uploads\/2026\/01\/P1275461_DxO_Exp_Web-300x300.jpg'); background-position: center; background-repeat: no-repeat; background-size: cover; background-origin: content-box;\"><\/div>\n\t\t\t<div class=\"tile_listing_info\">\n\t\t\t\t<h3>Laura Kerubo<\/h3>\n\t\t\t\t<div class=\"tile_listing_except\">Manufacturing, Pharmaceuticals, Research\t\t\t\t<\/div>\n\t\t\t\t\t\t\t\t<a class=\"tile_listing_link\" href=\"https:\/\/afrika-kommt.de\/de\/person\/laura-kerubo\/\" target=\"\" title=\"Read more\">Read more<\/a>\n\t\t\t\t\t\t<\/div>\n\t\t\t\t\t\t<\/a>\n\t\t\t\t<\/div>\n\t\t\t\t\t<div class=\"tile_listing_item tile_linked\">\n\t\t\t\t<a href=\"https:\/\/afrika-kommt.de\/de\/person\/mary-immaculate-chepseba\/\" target=\"\">\n\t\t\t\t\t\t<div id=\"\" class=\"tile_listing\" style=\"background-image: url('https:\/\/afrika-kommt.de\/wp-content\/uploads\/2026\/01\/P1275219_DxO_Exp_Web-300x300.jpg'); background-position: center; background-repeat: no-repeat; background-size: cover; background-origin: content-box;\"><\/div>\n\t\t\t<div class=\"tile_listing_info\">\n\t\t\t\t<h3>Mary Immaculate Chepseba<\/h3>\n\t\t\t\t<div class=\"tile_listing_except\">Communications\t\t\t\t<\/div>\n\t\t\t\t\t\t\t\t<a class=\"tile_listing_link\" href=\"https:\/\/afrika-kommt.de\/de\/person\/mary-immaculate-chepseba\/\" target=\"\" title=\"Read more\">Read more<\/a>\n\t\t\t\t\t\t<\/div>\n\t\t\t\t\t\t<\/a>\n\t\t\t\t<\/div>\n\t\t\t\t\t<div class=\"tile_listing_item tile_linked\">\n\t\t\t\t<a href=\"https:\/\/afrika-kommt.de\/de\/person\/moustapha-kebe\/\" target=\"\">\n\t\t\t\t\t\t<div id=\"\" class=\"tile_listing\" style=\"background-image: url('https:\/\/afrika-kommt.de\/wp-content\/uploads\/2026\/01\/P1274838_DxO_Exp_Web-300x300.jpg'); background-position: center; background-repeat: no-repeat; background-size: cover; background-origin: content-box;\"><\/div>\n\t\t\t<div class=\"tile_listing_info\">\n\t\t\t\t<h3>Moustapha Kebe<\/h3>\n\t\t\t\t<div class=\"tile_listing_except\">Information Technology\t\t\t\t<\/div>\n\t\t\t\t\t\t\t\t<a class=\"tile_listing_link\" href=\"https:\/\/afrika-kommt.de\/de\/person\/moustapha-kebe\/\" target=\"\" title=\"Read more\">Read more<\/a>\n\t\t\t\t\t\t<\/div>\n\t\t\t\t\t\t<\/a>\n\t\t\t\t<\/div>\n\t\t<\/div>\n\t<div class=\"pagination\">\n\t\t<!-- <div class=\"nav-previous\"><\/div>\n\t\t<div class=\"nav-next\"><\/div> -->\n\t\t<div class='wp-pagenavi' role='navigation'>\n<span aria-current='page' class='current'>1<\/span><a class=\"page larger\" title=\"Seite 2\" href=\"https:\/\/afrika-kommt.de\/de\/about-the-programme\/aktuelle-fellows\/?sf_paged=2\">2<\/a><a class=\"nextpostslink\" rel=\"next\" aria-label=\"N\u00e4chste Seite\" href=\"https:\/\/afrika-kommt.de\/de\/about-the-programme\/aktuelle-fellows\/?sf_paged=2\">&gt;<\/a>\n<\/div>\t<\/div>\n\t<script>\njQuery(document).ready(function() {\n   jQuery(document).on('click', '.wp-pagenavi a', () => {\n\t   window.getElementById('tile_listing_part').scrollTop += 300;\n})\n});\n<\/script>\n<\/div>\n      <!-- <\/div> -->\n\n  \t<\/div>\n","protected":false},"excerpt":{"rendered":"","protected":false},"author":1,"featured_media":0,"parent":340,"menu_order":3,"comment_status":"closed","ping_status":"closed","template":"","meta":{"_acf_changed":false,"neve_meta_sidebar":"","neve_meta_container":"","neve_meta_enable_content_width":"off","neve_meta_content_width":0,"neve_meta_title_alignment":"","neve_meta_author_avatar":"","neve_post_elements_order":"","neve_meta_disable_header":"","neve_meta_disable_footer":"","neve_meta_disable_title":"","neve_meta_reading_time":"","footnotes":""},"class_list":["post-741","page","type-page","status-publish","hentry"],"acf":[],"_links":{"self":[{"href":"https:\/\/afrika-kommt.de\/de\/wp-json\/wp\/v2\/pages\/741","targetHints":{"allow":["GET"]}}],"collection":[{"href":"https:\/\/afrika-kommt.de\/de\/wp-json\/wp\/v2\/pages"}],"about":[{"href":"https:\/\/afrika-kommt.de\/de\/wp-json\/wp\/v2\/types\/page"}],"author":[{"embeddable":true,"href":"https:\/\/afrika-kommt.de\/de\/wp-json\/wp\/v2\/users\/1"}],"replies":[{"embeddable":true,"href":"https:\/\/afrika-kommt.de\/de\/wp-json\/wp\/v2\/comments?post=741"}],"version-history":[{"count":25,"href":"https:\/\/afrika-kommt.de\/de\/wp-json\/wp\/v2\/pages\/741\/revisions"}],"predecessor-version":[{"id":8832,"href":"https:\/\/afrika-kommt.de\/de\/wp-json\/wp\/v2\/pages\/741\/revisions\/8832"}],"up":[{"embeddable":true,"href":"https:\/\/afrika-kommt.de\/de\/wp-json\/wp\/v2\/pages\/340"}],"wp:attachment":[{"href":"https:\/\/afrika-kommt.de\/de\/wp-json\/wp\/v2\/media?parent=741"}],"curies":[{"name":"wp","href":"https:\/\/api.w.org\/{rel}","templated":true}]}}