{"id":464,"date":"2020-06-17T12:05:59","date_gmt":"2020-06-17T10:05:59","guid":{"rendered":"http:\/\/wp13590066.server-he.de\/?page_id=464"},"modified":"2026-03-23T14:47:50","modified_gmt":"2026-03-23T13:47:50","slug":"start","status":"publish","type":"page","link":"https:\/\/afrika-kommt.de\/de\/","title":{"rendered":"Start"},"content":{"rendered":"    <div id=\"highlighter-block_9db335488233a5babf6156f00d46e956\" class=\"highlighter_container alignfull\">\n      <div class=\"highlighter_content\">AFRIKA KOMMT! \u2013 Eine Initiative der Deutschen Wirtschaft f\u00fcr F\u00fchrungsnachwuchs aus Afrika<\/div>\n    <\/div>\n      \n\n\n<div class=\"wp-block-columns is-layout-flex wp-container-core-columns-is-layout-9d6595d7 wp-block-columns-is-layout-flex\">\n<div class=\"wp-block-column is-layout-flow wp-block-column-is-layout-flow\">\n    <div id=\"textblock-block_7749351afa6a2e6b76152e0107ccec48\" class=\"textblock_container\">\n              <div class=\"short_red_line\"><\/div>\n        <h2 class=\"textblock_heading\">Was ist AFRIKA KOMMT!?<\/h2>\n        \n      <div class=\"textblock_content\"><div class=\"flex-shrink-0 flex flex-col relative items-end\">\n<div>\n<div class=\"pt-0\">\n<div class=\"gizmo-bot-avatar flex h-8 w-8 items-center justify-center overflow-hidden rounded-full\">\n<div class=\"relative p-1 rounded-sm flex items-center justify-center bg-token-main-surface-primary text-token-text-primary h-8 w-8\">AFRIKA KOMMT! bringt die vielversprechendsten Nachwuchsf\u00fchrungskr\u00e4fte Afrikas mit f\u00fchrenden deutschen Unternehmen zusammen. Die teilnehmenden Unternehmen profitieren von der Expertise, den lokalen Netzwerken und der wertvollen afrikanischen Perspektive der Fellows. Gleichzeitig gewinnen die Fellows tiefgreifende Einblicke in die deutsche Wirtschaft sowie die Gesellschaft und Kultur Deutschlands.<\/div>\n<\/div>\n<\/div>\n<\/div>\n<\/div>\n<\/div>\n      \n              <a class=\"textblock_link\" href=\"https:\/\/afrika-kommt.de\/de\/about-the-programme\/\" target=\"\" title=\"\u00dcber das Programm\">\u00dcber das Programm<\/a>\n          <\/div>\n      <\/div>\n\n\n\n<div class=\"wp-block-column is-layout-flow wp-block-column-is-layout-flow\">\n<figure class=\"wp-block-image size-large\"><img loading=\"lazy\" decoding=\"async\" width=\"1024\" height=\"682\" src=\"https:\/\/afrika-kommt.de\/wp-content\/uploads\/2020\/11\/8-1024x682.jpg\" alt=\"\" class=\"wp-image-2921\" srcset=\"https:\/\/afrika-kommt.de\/wp-content\/uploads\/2020\/11\/8-1024x682.jpg 1024w, https:\/\/afrika-kommt.de\/wp-content\/uploads\/2020\/11\/8-300x200.jpg 300w, https:\/\/afrika-kommt.de\/wp-content\/uploads\/2020\/11\/8-768x512.jpg 768w, https:\/\/afrika-kommt.de\/wp-content\/uploads\/2020\/11\/8-1536x1024.jpg 1536w, https:\/\/afrika-kommt.de\/wp-content\/uploads\/2020\/11\/8-930x620.jpg 930w, https:\/\/afrika-kommt.de\/wp-content\/uploads\/2020\/11\/8.jpg 2000w\" sizes=\"auto, (max-width: 1024px) 100vw, 1024px\" \/><\/figure>\n<\/div>\n<\/div>\n\n\n<div id=\"counter-block_0fe700a577d45d1c2cad8a8b59032f1e\" class=\"counter alignfull counterblock\">\n          <div class=\"counter_headline\">\n        <h2><\/h2>\n      <\/div>\n        \t\t<div class=\"counters\">\n\t\t\t        <div class=\"counter_container\">\n          <div class=\"stat\">\n            <div class=\"stat-first\">\n              <span class=\"stat-count\">417<\/span>\n              <div class=\"stat-icon\"><image src=\"https:\/\/afrika-kommt.de\/wp-content\/uploads\/2020\/08\/ic_professionals_larger.png\"><\/image><\/div>\n            <\/div>\n            <div class=\"stat-second\">\n              <div class=\"stat-detail\">Afrikanische Nachwuchsf\u00fchrungskr\u00e4fte<\/div>\n            <\/div>\n          <\/div>\n        <\/div>\n\t\t\t        <div class=\"counter_container\">\n          <div class=\"stat\">\n            <div class=\"stat-first\">\n              <span class=\"stat-count\">34<\/span>\n              <div class=\"stat-icon\"><image src=\"https:\/\/afrika-kommt.de\/wp-content\/uploads\/2020\/08\/ic_germany_larger.png\"><\/image><\/div>\n            <\/div>\n            <div class=\"stat-second\">\n              <div class=\"stat-detail\">Deutsche Unternehmen<\/div>\n            <\/div>\n          <\/div>\n        <\/div>\n\t\t\t        <div class=\"counter_container\">\n          <div class=\"stat\">\n            <div class=\"stat-first\">\n              <span class=\"stat-count\">28<\/span>\n              <div class=\"stat-icon\"><image src=\"https:\/\/afrika-kommt.de\/wp-content\/uploads\/2020\/08\/ic_africa_larger.png\"><\/image><\/div>\n            <\/div>\n            <div class=\"stat-second\">\n              <div class=\"stat-detail\">L\u00e4nder in Afrika<\/div>\n            <\/div>\n          <\/div>\n        <\/div>\n\t\t\t\t\t<\/div>\n\t<\/div>\n<!--\n<script>\njQuery(document).ready(function() {\n\n  function count($this){\n  var current = parseInt($this.html(), 10);\n  current = current + 1; \/* Where 1 is increment *\/\n\n  $this.html(++current);\n  if(current > $this.data('count')){\n  $this.html($this.data('count'));\n  } else {\n  setTimeout(function(){count($this)}, 40);\n    }\n  }\n\n  jQuery(\".stat-count\").each(function() {\n  jQuery(this).data('count', parseInt(jQuery(this).html(), 10));\n  jQuery(this).html('0');\n  count(jQuery(this));\n  });\n});\n<\/script> -->\n\n\n  \t<div class=\"partners_container alignfull\">\n      <div class=\"partners_content\">\n        <div class=\"partners_headline\">\n                      <h2>Treffen Sie die Partnerunternehmen<\/h2>\n                  <\/div>\n        <div id=\"partners_part\">\n                                    <div id=\"partners-block_fdedf210c79ba792bd952e4a4632ade5\" class=\"partners\" style=\"background-image: url('https:\/\/afrika-kommt.de\/wp-content\/uploads\/2020\/06\/Boehringer_Logo_RGB_Accent-Green.jpg'); background-position: center; background-repeat: no-repeat; background-size: contain; background-origin: content-box;\"><\/div>\n                                          <div id=\"partners-block_fdedf210c79ba792bd952e4a4632ade5\" class=\"partners\" style=\"background-image: url('https:\/\/afrika-kommt.de\/wp-content\/uploads\/2022\/02\/Herunterladen.png'); background-position: center; background-repeat: no-repeat; background-size: contain; background-origin: content-box;\"><\/div>\n                                                                <div id=\"partners-block_fdedf210c79ba792bd952e4a4632ade5\" class=\"partners\" style=\"background-image: url('https:\/\/afrika-kommt.de\/wp-content\/uploads\/2020\/09\/Siemens-Healthineers_Logo.jpg'); background-position: center; background-repeat: no-repeat; background-size: contain; background-origin: content-box;\"><\/div>\n                                          <div id=\"partners-block_fdedf210c79ba792bd952e4a4632ade5\" class=\"partners\" style=\"background-image: url('https:\/\/afrika-kommt.de\/wp-content\/uploads\/2020\/09\/Bosch.png'); background-position: center; background-repeat: no-repeat; background-size: contain; background-origin: content-box;\"><\/div>\n                                          <div id=\"partners-block_fdedf210c79ba792bd952e4a4632ade5\" class=\"partners\" style=\"background-image: url('https:\/\/afrika-kommt.de\/wp-content\/uploads\/2020\/09\/merck.png'); background-position: center; background-repeat: no-repeat; background-size: contain; background-origin: content-box;\"><\/div>\n                                                                                      <div id=\"partners-block_fdedf210c79ba792bd952e4a4632ade5\" class=\"partners\" style=\"background-image: url('https:\/\/afrika-kommt.de\/wp-content\/uploads\/2020\/09\/Volkswagen-1.png'); background-position: center; background-repeat: no-repeat; background-size: contain; background-origin: content-box;\"><\/div>\n                                                                                                            <div id=\"partners-block_fdedf210c79ba792bd952e4a4632ade5\" class=\"partners\" style=\"background-image: url('https:\/\/afrika-kommt.de\/wp-content\/uploads\/2020\/09\/B.Braun_.png'); background-position: center; background-repeat: no-repeat; background-size: contain; background-origin: content-box;\"><\/div>\n                                          <div id=\"partners-block_fdedf210c79ba792bd952e4a4632ade5\" class=\"partners\" style=\"background-image: url('https:\/\/afrika-kommt.de\/wp-content\/uploads\/2020\/09\/SAP_R_grad.png'); background-position: center; background-repeat: no-repeat; background-size: contain; background-origin: content-box;\"><\/div>\n                                                                <div id=\"partners-block_fdedf210c79ba792bd952e4a4632ade5\" class=\"partners\" style=\"background-image: url('https:\/\/afrika-kommt.de\/wp-content\/uploads\/2022\/02\/BioNTech.png'); background-position: center; background-repeat: no-repeat; background-size: contain; background-origin: content-box;\"><\/div>\n                        <\/div>\n                  <div class=\"partners_button\">\n            <a class=\"button\" href=\"https:\/\/afrika-kommt.de\/de\/about-the-programme\/aktuelle-partner-unternehmen\/\" target=\"\" title=\"Unsere aktuellen Partnerunternehmen\">Unsere aktuellen Partnerunternehmen<\/a>\n          <\/div>\n                <\/div>\n  \t<\/div>\n\n\n\n<div class=\"wp-block-columns is-layout-flex wp-container-core-columns-is-layout-9d6595d7 wp-block-columns-is-layout-flex\">\n<div class=\"wp-block-column is-layout-flow wp-block-column-is-layout-flow\">\n<figure class=\"wp-block-image size-large\"><img decoding=\"async\" src=\"https:\/\/afrika-kommt.de\/wp-content\/uploads\/2020\/06\/img-start-02@2x-1024x683.png\" alt=\"\" class=\"wp-image-518\"\/><\/figure>\n<\/div>\n\n\n\n<div class=\"wp-block-column is-layout-flow wp-block-column-is-layout-flow\">\n    <div id=\"textblock-block_89e1fb3af288f2a7fd648343fa84eefd\" class=\"textblock_container\">\n              <div class=\"short_red_line\"><\/div>\n        <h2 class=\"textblock_heading\">Warum Partner werden?<\/h2>\n        \n      <div class=\"textblock_content\"><p>AFRIKA KOMMT! er\u00f6ffnet Ihnen die Chance, sich mit den herausragendsten Nachwuchsf\u00fchrungskr\u00e4ften Afrikas zu vernetzen und gemeinsam nachhaltigen sozialen sowie wirtschaftlichen Mehrwert zu schaffen.<\/p>\n<p>Seit der Gr\u00fcndung im Jahr 2008 haben unsere Partnerunternehmen aus den unterschiedlichsten Industriezweigen ein herausragendes Netzwerk von mehr als 380 Alumni in 28 L\u00e4ndern aufgebaut, um die deutsch-afrikanischen Beziehungen zu st\u00e4rken.<\/p>\n<\/div>\n      \n              <a class=\"textblock_link\" href=\"https:\/\/afrika-kommt.de\/de\/become-a-partner\/\" target=\"\" title=\"Werden Sie Partner\">Werden Sie Partner<\/a>\n          <\/div>\n      <\/div>\n<\/div>\n\n\n  \t<div class=\"fellows_container\">\n\n      <div class=\"fellows_red_background\"><\/div>\n      <div class=\"fellows_red_background_mobile\">\n                      <div class=\"fellows_headline\">\n              <h2>Treffen Sie die Fellows<\/h2>\n            <\/div>\n                  <div id=\"fellows_part\">\n                                  <div class=\"fellow_item\">\n              <div id=\"fellows-block_3ad1c4eaddc27a034e61c2f9b00c63e6\" class=\"fellows\" style=\"background-image: url('https:\/\/afrika-kommt.de\/wp-content\/uploads\/2026\/01\/P1274950_DxO_Exp_Web.jpg'); background-position: center; background-repeat: no-repeat; background-size: cover; \"><\/div>\n              <div class=\"fellows_info\">\n                <h3>Oluwagbenga Elijah Olasehinde<\/h3>\n                <div class=\"fellows_cat\">Engineering, Sustainability<\/div>\n              <\/div>\n            <\/div>\n                                  <div class=\"fellow_item\">\n              <div id=\"fellows-block_3ad1c4eaddc27a034e61c2f9b00c63e6\" class=\"fellows\" style=\"background-image: url('https:\/\/afrika-kommt.de\/wp-content\/uploads\/2026\/01\/P1275006_DxO_Exp_Web.jpg'); background-position: center; background-repeat: no-repeat; background-size: cover; \"><\/div>\n              <div class=\"fellows_info\">\n                <h3>Brenda Naddamba<\/h3>\n                <div class=\"fellows_cat\">Pharmaceuticals, Sales &amp; Marketing<\/div>\n              <\/div>\n            <\/div>\n                                  <div class=\"fellow_item\">\n              <div id=\"fellows-block_3ad1c4eaddc27a034e61c2f9b00c63e6\" class=\"fellows\" style=\"background-image: url('https:\/\/afrika-kommt.de\/wp-content\/uploads\/2026\/01\/P1274977_DxO_Exp_Web.jpg'); background-position: center; background-repeat: no-repeat; background-size: cover; \"><\/div>\n              <div class=\"fellows_info\">\n                <h3>Eniola Lateef<\/h3>\n                <div class=\"fellows_cat\">Biomedical Engineering<\/div>\n              <\/div>\n            <\/div>\n                                  <div class=\"fellow_item\">\n              <div id=\"fellows-block_3ad1c4eaddc27a034e61c2f9b00c63e6\" class=\"fellows\" style=\"background-image: url('https:\/\/afrika-kommt.de\/wp-content\/uploads\/2026\/01\/P1274659_DxO_Exp_Web1920.jpg'); background-position: center; background-repeat: no-repeat; background-size: cover; \"><\/div>\n              <div class=\"fellows_info\">\n                <h3>Ardent Nkusi<\/h3>\n                <div class=\"fellows_cat\">Public Health, Research<\/div>\n              <\/div>\n            <\/div>\n                  <\/div>\n                  <div class=\"fellows_button\">\n            <a class=\"button\" href=\"https:\/\/afrika-kommt.de\/about-the-programme\/current-fellows\/\" target=\"\" title=\"Aktuelle Fellows\">Aktuelle Fellows<\/a>\n          <\/div>\n                <\/div>\n  \t<\/div>\n\n\n\n<div class=\"wp-block-columns is-layout-flex wp-container-core-columns-is-layout-9d6595d7 wp-block-columns-is-layout-flex\">\n<div class=\"wp-block-column is-layout-flow wp-block-column-is-layout-flow\">\n    <div id=\"textblock-block_06ccf95b8e01fc162042b10944cbde50\" class=\"textblock_container\">\n              <div class=\"short_red_line\"><\/div>\n        <h2 class=\"textblock_heading\">Warum Fellow werden?<\/h2>\n        \n      <div class=\"textblock_content\"><p>Das AFRIKA KOMMT! Programm bietet jungen, talentierten afrikanischen Fach- und F\u00fchrungskr\u00e4ften eine einzigartige Gelegenheit, ein Jahr voller karrieref\u00f6rdernder und lebensver\u00e4ndernder Erfahrungen zu sammeln.<\/p>\n<p>Dieses wegweisende Programm richtet sich an herausragende Pers\u00f6nlichkeiten, die bereit sind, ihre Komfortzone zu verlassen, um ihre F\u00e4higkeiten, ihr Wissen und ihre Perspektiven zu erweitern. Durch die enge Zusammenarbeit mit der deutschen Wirtschaft werden die Teilnehmenden darin gest\u00e4rkt, wirtschaftliche und soziale Entwicklung in ihren Heimatl\u00e4ndern nachhaltig voranzutreiben.<\/p>\n<\/div>\n      \n              <a class=\"textblock_link\" href=\"https:\/\/afrika-kommt.de\/de\/become-a-fellow\/\" target=\"\" title=\"Werde Fellow\">Werde Fellow<\/a>\n          <\/div>\n      <\/div>\n\n\n\n<div class=\"wp-block-column is-layout-flow wp-block-column-is-layout-flow\">\n<figure class=\"wp-block-image size-large\"><img decoding=\"async\" src=\"https:\/\/afrika-kommt.de\/wp-content\/uploads\/2020\/06\/img-start-03@2x-1024x683.png\" alt=\"\" class=\"wp-image-537\"\/><\/figure>\n<\/div>\n<\/div>\n\n\n  \t<div class=\"app_container\">\n      <div class=\"left_side\">\n        <div class=\"app_headline\">\n          <h2>N\u00e4chste Bewerbungsphase<\/h2>\n        <\/div>\n        <div class=\"app_period\">\n                      <h3>Ab Februar 2027<\/h3>\n                  <\/div>\n\t\t          \t<a class=\"app_button button\" href=\"\/de\/newsletter\" target=\"\" title=\"Get alert via E-Mail\">Get alert via E-Mail<\/a>\n\t\t      <\/div>\n      <div class=\"right_side\">\n            \t\t\t<img decoding=\"async\" src=\"https:\/\/afrika-kommt.de\/wp-content\/uploads\/2020\/08\/ic_application_larger.png\" alt=\"Application Form Image\">\n    \t\t      <\/div>\n  \t<\/div>\n      \n\n\n  \t<div class=\"quote_container side_none\">\n              <div class=\"quote_icon\"><image src='https:\/\/afrika-kommt.de\/wp-content\/themes\/helloIT_child\/template-parts\/blocks\/quote\/quote.svg'><\/image><\/div>\n        <div class=\"quote_content\">Afrika bietet enormes Marktpotenzial, und der Schl\u00fcssel zum Erfolg liegt im richtigen Team vor Ort. AFRIKA KOMMT! bietet eine herausragende Gelegenheit, fr\u00fchzeitig mit den zuk\u00fcnftigen F\u00fchrungspers\u00f6nlichkeiten in Kontakt zu treten und gemeinsam die Grundlagen f\u00fcr nachhaltige Erfolge zu schaffen.<\/div>\n                    <div class=\"quote_author\">Uwe Raschke<\/div>\n                  <div class=\"quote_title\">Mitglied der Gesch\u00e4ftsf\u00fchrung Robert Bosch GmbH<\/div>\n          \t<\/div>\n\n\n      <div class=\"teaser_full_media_container alignfull\">\n      \t<div class=\"teaser_container alignwide\">\n                          <div class=\"teaser_headline\">\n                <h2>News und Medien<\/h2>\n              <\/div>\n                      <div id=\"teaser_part\" style=\"column-count:3\">\n                                        <div class=\"teaser_item\" onclick=\"location.href='https:\/\/afrika-kommt.de\/de\/afrika-kommt-ein-rueck-und-ueberblick\/'\">\n                <div id=\"posts_teaser-block_99f21799ba96063eefefd419e7826db6\" class=\"teaser\" style=\"background-image: url('https:\/\/afrika-kommt.de\/wp-content\/uploads\/2022\/01\/Bild1-1.png'); background-position: center; background-repeat: no-repeat; background-size: cover; \"><\/div>\n                <div class=\"teaser_info\">\n                  <h3>AFRIKA KOMMT! \u2013 Ein R\u00fcck- und \u00dcberblick<\/h3>\n                  <div class=\"teaser_except\">                  <\/div>\n                  <div class=\"teaser_link\">\n                      <a class=\"button\" href=\"https:\/\/afrika-kommt.de\/de\/afrika-kommt-ein-rueck-und-ueberblick\/\" target=\"\" title=\"Read more\">Read more<\/a>\n                  <\/div>\n                <\/div>\n                  <\/div>\n                                              <div class=\"teaser_item\" onclick=\"location.href='https:\/\/afrika-kommt.de\/de\/wie-koennen-deutsche-unternehmen-vielfaeltiger-werden\/'\">\n                <div id=\"posts_teaser-block_99f21799ba96063eefefd419e7826db6\" class=\"teaser\" style=\"background-image: url('https:\/\/afrika-kommt.de\/wp-content\/uploads\/2021\/02\/Leaders-Talk.jpg'); background-position: center; background-repeat: no-repeat; background-size: cover; \"><\/div>\n                <div class=\"teaser_info\">\n                  <h3>Wie k\u00f6nnen deutsche Unternehmen vielf\u00e4ltiger werden?<\/h3>\n                  <div class=\"teaser_except\">Leaders Talk mit Ilka Wiskemann                  <\/div>\n                  <div class=\"teaser_link\">\n                      <a class=\"button\" href=\"https:\/\/afrika-kommt.de\/de\/wie-koennen-deutsche-unternehmen-vielfaeltiger-werden\/\" target=\"\" title=\"Read more\">Read more<\/a>\n                  <\/div>\n                <\/div>\n                  <\/div>\n                                              <div class=\"teaser_item\" onclick=\"location.href='https:\/\/afrika-kommt.de\/de\/welcome-to-the-unique-9th-intake-of-afrika-kommt\/'\">\n                <div id=\"posts_teaser-block_99f21799ba96063eefefd419e7826db6\" class=\"teaser\" style=\"background-image: url('https:\/\/afrika-kommt.de\/wp-content\/uploads\/2021\/02\/AK9_1.png'); background-position: center; background-repeat: no-repeat; background-size: cover; \"><\/div>\n                <div class=\"teaser_info\">\n                  <h3>Welcome to the unique 9th intake of AFRIKA KOMMT!<\/h3>\n                  <div class=\"teaser_except\">39\u00a0fellows,\u00a013\u00a0countries,\u00a03 continents\u00a0and\u00a0at least 5 different time zones\u00a0&#8211; this is AFRIKA KOMMT!\u00a09.\u00a0                  <\/div>\n                  <div class=\"teaser_link\">\n                      <a class=\"button\" href=\"https:\/\/afrika-kommt.de\/de\/welcome-to-the-unique-9th-intake-of-afrika-kommt\/\" target=\"\" title=\"Read more\">Read more<\/a>\n                  <\/div>\n                <\/div>\n                  <\/div>\n                            <\/div>\n        <div class=\"teaser_news_link\">\n          <a class=\"button\" href=\"..\/our-network\/news-events\/\" target=\"\" title=\"News &#038; Media\">News &#038; Media<\/a>\n      <\/div>\n          <figure id=\"block_99f21799ba96063eefefd419e7826db6\" class=\"wp-block-embed-youtube wp-block-embed is-type-video is-provider-youtube wp-embed-aspect-16-9 wp-has-aspect-ratio\">\n          <div class=\"wp-block-embed__wrapper\">\n              <div class=\"nv-iframe-embed\">\n                   <div class=\"brlbs-cmpnt-container brlbs-cmpnt-content-blocker brlbs-cmpnt-with-individual-styles\" data-borlabs-cookie-content-blocker-id=\"youtube-content-blocker\" data-borlabs-cookie-content=\"PGlmcmFtZSBjbGFzcz0idmlkZW8tZnJhbWUiIHNyYz0iaHR0cHM6Ly93d3cueW91dHViZS1ub2Nvb2tpZS5jb20vZW1iZWQvSzREcTBlNUdiSDg\/cmVsPTAmbW9kZXN0YnJhbmRpbmc9MSZzaG93aW5mbz0wJmZlYXR1cmU9b2VtYmVkIiBmcmFtZWJvcmRlcj0iMCIgYWxsb3c9ImFjY2VsZXJvbWV0ZXI7IGF1dG9wbGF5OyBlbmNyeXB0ZWQtbWVkaWE7IGd5cm9zY29wZTsgcGljdHVyZS1pbi1waWN0dXJlIiBhbGxvd2Z1bGxzY3JlZW49IiI+PC9pZnJhbWU+\"><div class=\"brlbs-cmpnt-cb-preset-c brlbs-cmpnt-cb-youtube\"> <div class=\"brlbs-cmpnt-cb-thumbnail\" style=\"background-image: url('https:\/\/afrika-kommt.de\/wp-content\/uploads\/borlabs-cookie\/1\/yt_K4Dq0e5GbH8_hqdefault.jpg')\"><\/div> <div class=\"brlbs-cmpnt-cb-main\"> <div class=\"brlbs-cmpnt-cb-play-button\"><\/div> <div class=\"brlbs-cmpnt-cb-content\"> <p class=\"brlbs-cmpnt-cb-description\">Sie sehen gerade einen Platzhalterinhalt von <strong>YouTube<\/strong>. Um auf den eigentlichen Inhalt zuzugreifen, klicken Sie auf die Schaltfl\u00e4che unten. Bitte beachten Sie, dass dabei Daten an Drittanbieter weitergegeben werden.<\/p> <a class=\"brlbs-cmpnt-cb-provider-toggle\" href=\"#\" data-borlabs-cookie-show-provider-information role=\"button\">Mehr Informationen<\/a> <\/div> <div class=\"brlbs-cmpnt-cb-buttons\"> <a class=\"brlbs-cmpnt-cb-btn\" href=\"#\" data-borlabs-cookie-unblock role=\"button\">Inhalt entsperren<\/a> <a class=\"brlbs-cmpnt-cb-btn\" href=\"#\" data-borlabs-cookie-accept-service role=\"button\" style=\"display: inherit\">Erforderlichen Service akzeptieren und Inhalte entsperren<\/a> <\/div> <\/div> <\/div><\/div>\n\n              <\/div>\n          <\/div>\n          <figcaption>Was bewirkt das Programm AFRIKA KOMMT!? Unsere Alumni in Ghana berichten von ihren Erfahrungen, ihrem beruflichen und pers\u00f6nlichen Wachstum sowie von der fortlaufenden Zusammenarbeit mit deutschen Unternehmen. <\/figcaption>\n      <\/figure>\n            <\/div>\n<\/div>\n","protected":false},"excerpt":{"rendered":"","protected":false},"author":1,"featured_media":0,"parent":0,"menu_order":0,"comment_status":"closed","ping_status":"closed","template":"","meta":{"_acf_changed":false,"neve_meta_sidebar":"full-width","neve_meta_container":"","neve_meta_enable_content_width":"on","neve_meta_content_width":100,"neve_meta_title_alignment":"","neve_meta_author_avatar":"","neve_post_elements_order":"","neve_meta_disable_header":"","neve_meta_disable_footer":"","neve_meta_disable_title":"","neve_meta_reading_time":"","footnotes":""},"class_list":["post-464","page","type-page","status-publish","hentry"],"acf":[],"_links":{"self":[{"href":"https:\/\/afrika-kommt.de\/de\/wp-json\/wp\/v2\/pages\/464","targetHints":{"allow":["GET"]}}],"collection":[{"href":"https:\/\/afrika-kommt.de\/de\/wp-json\/wp\/v2\/pages"}],"about":[{"href":"https:\/\/afrika-kommt.de\/de\/wp-json\/wp\/v2\/types\/page"}],"author":[{"embeddable":true,"href":"https:\/\/afrika-kommt.de\/de\/wp-json\/wp\/v2\/users\/1"}],"replies":[{"embeddable":true,"href":"https:\/\/afrika-kommt.de\/de\/wp-json\/wp\/v2\/comments?post=464"}],"version-history":[{"count":121,"href":"https:\/\/afrika-kommt.de\/de\/wp-json\/wp\/v2\/pages\/464\/revisions"}],"predecessor-version":[{"id":8885,"href":"https:\/\/afrika-kommt.de\/de\/wp-json\/wp\/v2\/pages\/464\/revisions\/8885"}],"wp:attachment":[{"href":"https:\/\/afrika-kommt.de\/de\/wp-json\/wp\/v2\/media?parent=464"}],"curies":[{"name":"wp","href":"https:\/\/api.w.org\/{rel}","templated":true}]}}