{"id":3463,"date":"2020-11-13T15:54:10","date_gmt":"2020-11-13T14:54:10","guid":{"rendered":"http:\/\/wp13590066.server-he.de\/our-network\/unsere-erfolgsgeschichten\/"},"modified":"2020-11-15T13:11:00","modified_gmt":"2020-11-15T12:11:00","slug":"unsere-erfolgsgeschichten","status":"publish","type":"page","link":"https:\/\/afrika-kommt.de\/de\/our-network\/unsere-erfolgsgeschichten\/","title":{"rendered":"Unsere Erfolgsgeschichten"},"content":{"rendered":"\n    <div id=\"puretextblock-block_5faa9d0d2bb32\" class=\"puretextblock_container\">\n      <div class=\"puretextblock_content\"><p>AFRIKA KOMMT! ist bereits seit vielen Jahren erfolgreich! Seit 2008 haben Partnerunternehmen neue Niederlassungen in afrikanischen L\u00e4ndern er\u00f6ffnet, neue Produkte und Gesch\u00e4ftsideen f\u00fcr die dortigen M\u00e4rkte entwickelt und Prozesse durch die Beitr\u00e4ge unserer Fellows transformieren k\u00f6nnen. Die Fellows haben Erfolge zu verzeichnen, egal wo sie sind! Einige wurden durch die Partnerunternehmen fest angestellt, andere sind als Multiplikator*innen f\u00fcr Know-how zu ihren vorherigen Arbeitgebern zur\u00fcckgekehrt und wieder andere haben ihre neugewonnenen F\u00e4higkeiten genutzt, um ihre eigene Gesch\u00e4ftsidee, die w\u00e4hrend AFRIKA KOMMT! entstanden ist, in die Tat umzusetzen.<\/p>\n<p>Hier sind einige unserer inspirierenden Erfolgsgeschichten:<\/p>\n<\/div>\n    <\/div>\n\n\n\n  \t<div class=\"story_teaser_tile_container left\">\n      <div class=\"story_teaser_tile_left\">\n          <div class=\"story_teaser_tile_image\" style=\"background-image: url('https:\/\/afrika-kommt.de\/wp-content\/uploads\/2020\/10\/Akofa.jpg'); background-position: center; background-repeat: no-repeat; background-size: cover; \"><\/div>\n      <\/div>\n      <div class=\"story_teaser_tile_right\">\n                      <a class=\"name_link\" href=\"#\" target=\"\" title=\"Akofa Bart-Plange\">Akofa Bart-Plange<\/a>\n                  <div class=\"name_profile\">Health Systems Development Consultant, Health Facilities\/ Medical Planner and Biomedical Engineer<\/div>\n        <h2 class=\"story_teaser_headline\">Nichts unversucht lassen<\/h2>\n        <div class=\"story_teaser_tile_content\"><ul>\n<li>Akofa er\u00f6ffnete zusammen mit anderen AFRIKA KOMMT! Alumni die B. Braun Niederlassung in Ghana<\/li>\n<li>Sie trainierte alleine landesweit 618 \u00c4rzte, Krankenpfleger*innen und biomedizinische Techniker*innen in der Nutzung von automatisierten Infusionssystemen in 12 sekund\u00e4ren und terti\u00e4ren Gesundheitseinrichtungen in nur 18 Monaten.<\/li>\n<li style=\"margin-top: 0; margin-bottom: 0; vertical-align: middle;\">Akofa arbeitet nun auch u.a. als internationale Expertin f\u00fcr Hospital Engineering GmbH, Hamburg<\/li>\n<\/ul>\n<\/div>\n                  <div class=\"story_teaser_button\">\n            <a class=\"button\" href=\"https:\/\/www.bbraun.de\/de\/magazin\/wo-wir-stolpern-liegt-der-schatz.html\" target=\"\" title=\"Mehr dazu\" rel=\"noopener\">Mehr dazu<\/a>\n          <\/div>\n              <\/div>\n  \t<\/div>\n\n\n\n  \t<div class=\"quote_container side_none\">\n              <div class=\"quote_icon\"><image src='https:\/\/afrika-kommt.de\/wp-content\/themes\/helloIT_child\/template-parts\/blocks\/quote\/quote.svg'><\/image><\/div>\n        <div class=\"quote_content\">Unsere Teilnahme an AFRIKA KOMMT! ist ein wichtiger Faktor auf unserem Weg eine langfristige und exzellente Partnerschaft mit Afrika zu etablieren, von der wir alle profitieren. <\/div>\n                    <div class=\"quote_author\">Prof. Dr. Heinz-Walter Gro\u00dfe<\/div>\n                  <div class=\"quote_title\">CEO SAFRI<\/div>\n          \t<\/div>\n\n\n\n  \t<div class=\"story_teaser_tile_container right\">\n      <div class=\"story_teaser_tile_left\">\n          <div class=\"story_teaser_tile_image\" style=\"background-image: url('https:\/\/afrika-kommt.de\/wp-content\/uploads\/2020\/11\/curafa-1.jpg'); background-position: center; background-repeat: no-repeat; background-size: cover; \"><\/div>\n      <\/div>\n      <div class=\"story_teaser_tile_right\">\n                      <a class=\"name_link\" href=\"#\" target=\"\" title=\"Winnie Munene\">Winnie Munene<\/a>\n                  <div class=\"name_profile\">Integrated Health Care Services Merck \/ Pharmacovigilance Manager Boehringer Ingelheim<\/div>\n        <h2 class=\"story_teaser_headline\">Vorreiterin f\u00fcr nachhaltige Partnerschaften<\/h2>\n        <div class=\"story_teaser_tile_content\"><ul>\n<li>Winnie pilotiert Curafa in Kenia &#8211; ein integratives Gesundheitskonzept, das bezahlbaren Zugang zu qualitativ hochwertiger Gesundheitsversorgung bietet<\/li>\n<li>Die Curafa-Einrichtungen haben mehr als 100.000 Menschen in unterversorgten Gemeinschaften erreicht<\/li>\n<li style=\"margin-top: 0; margin-bottom: 0; vertical-align: middle;\">Schl\u00fcssel zum Erfolg war Winnies F\u00e4higkeit deutsche und kenianische Akteure f\u00fcr eine nachhaltige Umsetzung zusammenzubringen<\/li>\n<\/ul>\n<\/div>\n                  <div class=\"story_teaser_button\">\n            <a class=\"button\" href=\"https:\/\/afrika-kommt.de\/pioneering-local-sustainable-solutions\/\" target=\"\" title=\"Mehr dazu\">Mehr dazu<\/a>\n          <\/div>\n              <\/div>\n  \t<\/div>\n\n\n\n  \t<div class=\"quote_container side_none\">\n              <div class=\"quote_icon\"><image src='https:\/\/afrika-kommt.de\/wp-content\/themes\/helloIT_child\/template-parts\/blocks\/quote\/quote.svg'><\/image><\/div>\n        <div class=\"quote_content\">Wir werden Botschafter f\u00fcr Deutschland sein. <\/div>\n                    <div class=\"quote_author\">Alex Olengo<\/div>\n                  <div class=\"quote_title\">Business Development Consultant ANDREAS STIHL AG &#038; Co. KG<\/div>\n          \t<\/div>\n\n\n\n  \t<div class=\"story_teaser_tile_container left\">\n      <div class=\"story_teaser_tile_left\">\n          <div class=\"story_teaser_tile_image\" style=\"background-image: url('https:\/\/afrika-kommt.de\/wp-content\/uploads\/2020\/10\/STIHL_AR_Kenya_hochkant.png'); background-position: center; background-repeat: no-repeat; background-size: cover; \"><\/div>\n      <\/div>\n      <div class=\"story_teaser_tile_right\">\n                      <a class=\"name_link\" href=\"#\" target=\"\" title=\"Patrick Okello\">Patrick Okello<\/a>\n                  <div class=\"name_profile\">Managing Director \u00adSTIHL Marketing East Africa Limited<\/div>\n        <h2 class=\"story_teaser_headline\">Neuland f\u00fcr ANDREAS STIHL AG &#038; Co. KG<\/h2>\n        <div class=\"story_teaser_tile_content\"><p>Patrick hat f\u00fcr die ANDREAS STIHL AG &amp; Co. KG die Niederlassung in Ostafrika mit sechs Angestellten er\u00f6ffnet. Er leitet dort die Pr\u00e4senz STIHLs in den M\u00e4rkten Ostafrikas. Zudem bef\u00e4higt Patrick lokale Landwirte die Mechanisierung ihrer Arbeit zu verbessern und steigert so das Einkommen ihrer Felder.<\/p>\n<\/div>\n                  <div class=\"story_teaser_button\">\n            <a class=\"button\" href=\"https:\/\/gb2018.stihl.de\/journal\/neuland.html\" target=\"_blank\" title=\"Mehr dazu\" rel=\"noopener\">Mehr dazu<\/a>\n          <\/div>\n              <\/div>\n  \t<\/div>\n\n\n\n  \t<div class=\"story_teaser_tile_container right\">\n      <div class=\"story_teaser_tile_left\">\n          <div class=\"story_teaser_tile_image\" style=\"background-image: url('https:\/\/afrika-kommt.de\/wp-content\/uploads\/2020\/11\/fastforward_Picture-with-Board-of-MD-of-BI.jpg'); background-position: center; background-repeat: no-repeat; background-size: cover; \"><\/div>\n      <\/div>\n      <div class=\"story_teaser_tile_right\">\n                      <a class=\"name_link\" href=\"#\" target=\"\" title=\"Alexander Badong\">Alexander Badong<\/a>\n                  <div class=\"name_profile\">International Forecasting Manager, Boehringer Ingelheim<\/div>\n        <h2 class=\"story_teaser_headline\">Innovationspotenzial entfachen<\/h2>\n        <div class=\"story_teaser_tile_content\"><p>Seit seiner Programmteilnahme hat Alexander zwei Innovationspreise in seinem Partnerunternehmen Boehringer Ingelheim gewonnen:<\/p>\n<ul type=\"disc\">\n<li><strong>Beyond R&amp;D Innovation Award 2019<\/strong>: j\u00e4hrlicher Preis f\u00fcr herausragende Innovationen<\/li>\n<li><strong>BI Spark #Fast-Forward Digital Innovation Award<\/strong>: Aus mehr als 500 Einreichungen hat Alexanders Team den ersten Preis f\u00fcr &#8222;AP4C: Artificial patients for control arms&#8220; beim unternehmensweiten Innovationspreis gewonnen und diese Idee wird nun in die Realit\u00e4t umgesetzt.<\/li>\n<\/ul>\n<\/div>\n                  <div class=\"story_teaser_button\">\n            <a class=\"button\" href=\"https:\/\/youtu.be\/z0A3Nr4L4MQ\" target=\"\" title=\"Interview Alexander Badong\" rel=\"noopener\">Interview Alexander Badong<\/a>\n          <\/div>\n              <\/div>\n  \t<\/div>\n\n\n\n  \t<div class=\"story_teaser_tile_container left\">\n      <div class=\"story_teaser_tile_left\">\n          <div class=\"story_teaser_tile_image\" style=\"background-image: url('https:\/\/afrika-kommt.de\/wp-content\/uploads\/2020\/11\/lucy-8.jpg'); background-position: center; background-repeat: no-repeat; background-size: cover; \"><\/div>\n      <\/div>\n      <div class=\"story_teaser_tile_right\">\n                      <a class=\"name_link\" href=\"#\" target=\"\" title=\"Lucy Wanjiku Mutinda\">Lucy Wanjiku Mutinda<\/a>\n                  <div class=\"name_profile\">Gr\u00fcnderin und CEO EcoCycle Ltd<\/div>\n        <h2 class=\"story_teaser_headline\">Pionierin f\u00fcr ein gr\u00fcnes Kenia<\/h2>\n        <div class=\"story_teaser_tile_content\"><p>Durch die Inspiration, die Lucy w\u00e4hrend ihres Jahres in Deutschland erhielt, gr\u00fcndete Lucy ein eigenes Unternehmen im Bereich Abwassermanagement in Nairobi, Kenia.<\/p>\n<p>Mit EcoCycle steht sie an vorderster Front als Vertreterin f\u00fcr ein nachhaltiges Abwassermanagement in Kenia.<\/p>\n<p>Lucy hat mehr als 20 Arbeitspl\u00e4tze geschaffen.<\/p>\n<\/div>\n                  <div class=\"story_teaser_button\">\n            <a class=\"button\" href=\"https:\/\/afrika-kommt.de\/pioneering-for-a-green-kenya\/\" target=\"\" title=\"Mehr dazu\">Mehr dazu<\/a>\n          <\/div>\n              <\/div>\n  \t<\/div>\n\n\n\n  \t<div class=\"quote_container side_right\">\n              <div class=\"quote_left\">\n          <div class=\"quote_icon\"><image src=\"https:\/\/afrika-kommt.de\/wp-content\/themes\/helloIT_child\/template-parts\/blocks\/quote\/quote.svg\"><\/image><\/div>\n          <div class=\"quote_content\">Meine AFRIKA KOMMT! Erfahrung hat es mir erm\u00f6glicht, mich und meine F\u00e4higkeiten in einem komplett neuen Kontext zu erkunden: geographisch, sprachlich und kulturell. Es hat mich vielen afrikanischen Kulturen durch den Kontakt zu meinen Mit-Fellows n\u00e4hergebracht. Daraus sind f\u00fcr mich feste Freundschaften und ein starkes Netzwerk entstanden.<\/div>\n                        <a class=\"quote_author\" href=\"https:\/\/youtu.be\/tPUR1vPNWuA\" target=\"\" title=\"Wadzanai Chiuriri\" rel=\"noopener\">Wadzanai Chiuriri<\/a>\n                        <div class=\"quote_title\">Diversity and Inclusion Fellow, Boehringer Ingelheim<\/div>\n        <\/div>\n        <div class=\"quote_right\">\n          <image src=\"https:\/\/afrika-kommt.de\/wp-content\/uploads\/2020\/10\/Wadzanai-Chiuriri_square-scaled.jpg\"><\/>\n        <\/div>\n          \t<\/div>\n\n\n\n  \t<div class=\"story_teaser_tile_container left\">\n      <div class=\"story_teaser_tile_left\">\n          <div class=\"story_teaser_tile_image\" style=\"background-image: url('https:\/\/afrika-kommt.de\/wp-content\/uploads\/2020\/11\/Bright-Mugabe.jpg'); background-position: center; background-repeat: no-repeat; background-size: cover; \"><\/div>\n      <\/div>\n      <div class=\"story_teaser_tile_right\">\n                      <a class=\"name_link\" href=\"#\" target=\"\" title=\"Bright Mugabe\">Bright Mugabe<\/a>\n                  <div class=\"name_profile\">Partner Manager East Africa, Robert Bosch Power Tools<\/div>\n        <h2 class=\"story_teaser_headline\">Gesch\u00e4ftsmodelle, die funktionieren!<\/h2>\n        <div class=\"story_teaser_tile_content\"><ul>\n<li>Bright hat erfolgreich ein zuverl\u00e4ssiges H\u00e4ndlernetzwerk in Ostafrika aufgebaut und den Marktzugang f\u00fcr Bosch verbessert<\/li>\n<li>Er hat innovative lokale Gesch\u00e4ftsmodelle eingef\u00fchrt, um Kunden vor Ort effizient zu erreichen<\/li>\n<li style=\"margin-top: 0; margin-bottom: 0; vertical-align: middle;\">Er schafft so die M\u00f6glichkeiten, dass lokale Handwerker in Ostafrika Zugang zu bezahlbaren und zuverl\u00e4ssigen Elektrowerkzeugen haben<\/li>\n<\/ul>\n<\/div>\n              <\/div>\n  \t<\/div>\n\n\n\n  \t<div class=\"story_teaser_tile_container right\">\n      <div class=\"story_teaser_tile_left\">\n          <div class=\"story_teaser_tile_image\" style=\"background-image: url('https:\/\/afrika-kommt.de\/wp-content\/uploads\/2020\/10\/Geoffrey-Mwambe-scaled.jpg'); background-position: center; background-repeat: no-repeat; background-size: cover; \"><\/div>\n      <\/div>\n      <div class=\"story_teaser_tile_right\">\n                      <a class=\"name_link\" href=\"#\" target=\"\" title=\"Geoffrey Mwambe\">Geoffrey Mwambe<\/a>\n                  <div class=\"name_profile\">Minister f\u00fcr Industrie und Handel, Tansania<\/div>\n        <h2 class=\"story_teaser_headline\">Der Wert des Netzwerks<\/h2>\n        <div class=\"story_teaser_tile_content\"><ul>\n<li>Geoffrey leitete das Tansania Investment Center f\u00fcr vier Jahre<\/li>\n<li>Seine Erfahrungen in Deutschland erlaubten ihm, f\u00fcr Investitionen in Tansania eng mit deutschen Unternehmen zusammenzuarbeiten<\/li>\n<li>Er wurde k\u00fcrzlich ins nationale Parlament gew\u00e4hlt und setzt sich f\u00fcr nachhaltige Entwicklung in seinem Wahlkreis ein.<\/li>\n<li>Im neuen Kabinett wurde Geoffrey nun zum Minister f\u00fcr Industrie und Handel ernannt und verwirklicht damit den Wandel, den AFRIKA KOMMT! bringen m\u00f6chte.<\/li>\n<\/ul>\n<p>&nbsp;<\/p>\n<\/div>\n              <\/div>\n  \t<\/div>\n\n\n\n  \t<div class=\"story_teaser_tile_container left\">\n      <div class=\"story_teaser_tile_left\">\n          <div class=\"story_teaser_tile_image\" style=\"background-image: url('https:\/\/afrika-kommt.de\/wp-content\/uploads\/2020\/11\/Steve-maina.jpg'); background-position: center; background-repeat: no-repeat; background-size: cover; \"><\/div>\n      <\/div>\n      <div class=\"story_teaser_tile_right\">\n                      <a class=\"name_link\" href=\"#\" target=\"\" title=\"Steve Maina\">Steve Maina<\/a>\n                  <div class=\"name_profile\">Director Implementation &#038; Planning, Merck Life Science<\/div>\n        <h2 class=\"story_teaser_headline\">Dem Himmel keine Grenzen<\/h2>\n        <div class=\"story_teaser_tile_content\"><ul>\n<li>Steve arbeitet inzwischen auf dem Senior Level eines &#8222;Director&#8220; bei Merck KGaA<\/li>\n<li>Er unterst\u00fctzt F\u00fchrungskr\u00e4fte weltweit darin, Entscheidungen vorzubereiten und zu treffen, um die Organisations- und Gesch\u00e4ftsentwicklung f\u00fcr die Zukunft auszurichten<\/li>\n<li style=\"margin-top: 0; margin-bottom: 0; vertical-align: middle;\">Durch ihn wurde die Zusammenarbeit mit der wissenschaftlichen Community in Subsahara-Afrika im Bereich Life Science ausgebaut<\/li>\n<\/ul>\n<\/div>\n                  <div class=\"story_teaser_button\">\n            <a class=\"button\" href=\"https:\/\/www.giz.de\/de\/weltweit\/23015.html\" target=\"_blank\" title=\"Mehr dazu\" rel=\"noopener\">Mehr dazu<\/a>\n          <\/div>\n              <\/div>\n  \t<\/div>\n\n\n\n  \t<div class=\"story_teaser_tile_container right\">\n      <div class=\"story_teaser_tile_left\">\n          <div class=\"story_teaser_tile_image\" style=\"background-image: url('https:\/\/afrika-kommt.de\/wp-content\/uploads\/2020\/10\/Mabotja-Kwena.jpg'); background-position: center; background-repeat: no-repeat; background-size: cover; \"><\/div>\n      <\/div>\n      <div class=\"story_teaser_tile_right\">\n                      <a class=\"name_link\" href=\"#\" target=\"\" title=\"Kwena Mabotja\">Kwena Mabotja<\/a>\n                  <div class=\"name_profile\">Director, SAP Purpose and Brand Experience<\/div>\n        <h2 class=\"story_teaser_headline\">Basis f\u00fcr langfristigen Erfolg<\/h2>\n        <div class=\"story_teaser_tile_content\"><ul>\n<li>Kwena entwickelte durch ihre Programmteilnahme ein Interesse an Technologie und die M\u00f6glichkeitenUnternehmen in Afrika durch mehr Effizienz und Skalierung neu auszurichten<\/li>\n<li>Sie ist nun Teil der Erfolgsgeschichte und des Wachstums von SAP Africa.<\/li>\n<li>Kwena ist eine international gefragte Rednerin bei Konferenzen und Panels.<\/li>\n<\/ul>\n<\/div>\n                  <div class=\"story_teaser_button\">\n            <a class=\"button\" href=\"https:\/\/news.sap.com\/germany\/2020\/11\/afrika-nachwuchskraefte-ausbildung-initiative\/\" target=\"_blank\" title=\"Mehr dazu\" rel=\"noopener\">Mehr dazu<\/a>\n          <\/div>\n              <\/div>\n  \t<\/div>\n\n\n\n  \t<div class=\"quote_container side_none\">\n              <div class=\"quote_icon\"><image src='https:\/\/afrika-kommt.de\/wp-content\/themes\/helloIT_child\/template-parts\/blocks\/quote\/quote.svg'><\/image><\/div>\n        <div class=\"quote_content\">Die AFRIKA KOMMT! Alumni werden auch weiterhin neue Niederlassungen er\u00f6ffnen, neue Gesch\u00e4ftsabschl\u00fcsse erm\u00f6glichen und zur Entwicklung ihrer Gemeinschaften beitragen. Die Geschichte beginnt gerade erst! <\/div>\n                    <div class=\"quote_author\">Seth Miah<\/div>\n                  <div class=\"quote_title\">Regional Manager West Africa, thyssenkrupp AG<\/div>\n          \t<\/div>\n\n\n\n  \t<div class=\"story_teaser_tile_container left\">\n      <div class=\"story_teaser_tile_left\">\n          <div class=\"story_teaser_tile_image\" style=\"background-image: url('https:\/\/afrika-kommt.de\/wp-content\/uploads\/2020\/11\/Frank-Agyapong_Back-to-my-passion.jpg'); background-position: center; background-repeat: no-repeat; background-size: cover; \"><\/div>\n      <\/div>\n      <div class=\"story_teaser_tile_right\">\n                      <a class=\"name_link\" href=\"#\" target=\"\" title=\"Frank Agyapong\">Frank Agyapong<\/a>\n                  <div class=\"name_profile\">Consultant, BASF Ghana<\/div>\n        <h2 class=\"story_teaser_headline\">Wissenstransfer f\u00fcr nachhaltige Entwicklung<\/h2>\n        <div class=\"story_teaser_tile_content\"><ul>\n<li>Nach Abschluss seiner AFRIKA KOMMT! Reise hat Frank eine \u201aMarketing Strategie\u2018 f\u00fcr BASF ins Leben gerufen, die er seit dem umsetzt.<\/li>\n<li>Derzeit managed er ein 18-Agro-Input-Portfolio f\u00fcr das BASF in Ghana, wobei die meisten Produkte im Rahmen seiner Arbeit initiiert wurden.<\/li>\n<li>Mit der Unterst\u00fctzung der BASF hat Frank au\u00dferdem \u00fcber 1.000 Kleinbauern in modernen landwirtschaftlichen Technologien geschult und ihnen dabei geholfen, die Ertr\u00e4ge um bis zu 20% zu steigern, was zu h\u00f6heren Einkommen und einem ver\u00e4nderten Leben f\u00fchrte.<\/li>\n<li>Was f\u00fcr ein perfektes Beispiel f\u00fcr das, worum es bei AFRIKA KOMMT! geht: beidseitiger Nutzen, ein Erfolg f\u00fcr alle!<\/li>\n<\/ul>\n<\/div>\n                  <div class=\"story_teaser_button\">\n            <a class=\"button\" href=\"https:\/\/youtu.be\/K4Dq0e5GbH8\" target=\"_blank\" title=\"Alumni Impact in Ghana\" rel=\"noopener\">Alumni Impact in Ghana<\/a>\n          <\/div>\n              <\/div>\n  \t<\/div>\n\n\n\n<figure class=\"wp-block-embed-youtube wp-block-embed is-type-video is-provider-youtube wp-embed-aspect-16-9 wp-has-aspect-ratio\"><div class=\"wp-block-embed__wrapper\">\n <div class=\"brlbs-cmpnt-container brlbs-cmpnt-content-blocker brlbs-cmpnt-with-individual-styles\" data-borlabs-cookie-content-blocker-id=\"youtube-content-blocker\" data-borlabs-cookie-content=\"PGRpdiBjbGFzcz0ibnYtaWZyYW1lLWVtYmVkIj48aWZyYW1lIHRpdGxlPSJBRlJJS0EgS09NTVQhIOKAkyBBbHVtbmkgSW1wYWN0IGluIEFmcmljYSIgd2lkdGg9IjEyMDAiIGhlaWdodD0iNjc1IiBzcmM9Imh0dHBzOi8vd3d3LnlvdXR1YmUtbm9jb29raWUuY29tL2VtYmVkL0s0RHEwZTVHYkg4P2ZlYXR1cmU9b2VtYmVkIiBmcmFtZWJvcmRlcj0iMCIgYWxsb3c9ImFjY2VsZXJvbWV0ZXI7IGF1dG9wbGF5OyBjbGlwYm9hcmQtd3JpdGU7IGVuY3J5cHRlZC1tZWRpYTsgZ3lyb3Njb3BlOyBwaWN0dXJlLWluLXBpY3R1cmU7IHdlYi1zaGFyZSIgcmVmZXJyZXJwb2xpY3k9InN0cmljdC1vcmlnaW4td2hlbi1jcm9zcy1vcmlnaW4iIGFsbG93ZnVsbHNjcmVlbj48L2lmcmFtZT48L2Rpdj4=\"><div class=\"brlbs-cmpnt-cb-preset-c brlbs-cmpnt-cb-youtube\"> <div class=\"brlbs-cmpnt-cb-thumbnail\" style=\"background-image: url('https:\/\/afrika-kommt.de\/wp-content\/uploads\/borlabs-cookie\/1\/yt_K4Dq0e5GbH8_hqdefault.jpg')\"><\/div> <div class=\"brlbs-cmpnt-cb-main\"> <div class=\"brlbs-cmpnt-cb-play-button\"><\/div> <div class=\"brlbs-cmpnt-cb-content\"> <p class=\"brlbs-cmpnt-cb-description\">Sie sehen gerade einen Platzhalterinhalt von <strong>YouTube<\/strong>. Um auf den eigentlichen Inhalt zuzugreifen, klicken Sie auf die Schaltfl\u00e4che unten. Bitte beachten Sie, dass dabei Daten an Drittanbieter weitergegeben werden.<\/p> <a class=\"brlbs-cmpnt-cb-provider-toggle\" href=\"#\" data-borlabs-cookie-show-provider-information role=\"button\">Mehr Informationen<\/a> <\/div> <div class=\"brlbs-cmpnt-cb-buttons\"> <a class=\"brlbs-cmpnt-cb-btn\" href=\"#\" data-borlabs-cookie-unblock role=\"button\">Inhalt entsperren<\/a> <a class=\"brlbs-cmpnt-cb-btn\" href=\"#\" data-borlabs-cookie-accept-service role=\"button\" style=\"display: inherit\">Erforderlichen Service akzeptieren und Inhalte entsperren<\/a> <\/div> <\/div> <\/div><\/div>\n<\/div><\/figure>\n","protected":false},"excerpt":{"rendered":"","protected":false},"author":1,"featured_media":0,"parent":343,"menu_order":4,"comment_status":"closed","ping_status":"closed","template":"","meta":{"_acf_changed":false,"neve_meta_sidebar":"full-width","neve_meta_container":"","neve_meta_enable_content_width":"on","neve_meta_content_width":100,"neve_meta_title_alignment":"","neve_meta_author_avatar":"","neve_post_elements_order":"","neve_meta_disable_header":"","neve_meta_disable_footer":"","neve_meta_disable_title":"","neve_meta_reading_time":"","footnotes":""},"class_list":["post-3463","page","type-page","status-publish","hentry"],"acf":[],"_links":{"self":[{"href":"https:\/\/afrika-kommt.de\/de\/wp-json\/wp\/v2\/pages\/3463","targetHints":{"allow":["GET"]}}],"collection":[{"href":"https:\/\/afrika-kommt.de\/de\/wp-json\/wp\/v2\/pages"}],"about":[{"href":"https:\/\/afrika-kommt.de\/de\/wp-json\/wp\/v2\/types\/page"}],"author":[{"embeddable":true,"href":"https:\/\/afrika-kommt.de\/de\/wp-json\/wp\/v2\/users\/1"}],"replies":[{"embeddable":true,"href":"https:\/\/afrika-kommt.de\/de\/wp-json\/wp\/v2\/comments?post=3463"}],"version-history":[{"count":13,"href":"https:\/\/afrika-kommt.de\/de\/wp-json\/wp\/v2\/pages\/3463\/revisions"}],"predecessor-version":[{"id":3726,"href":"https:\/\/afrika-kommt.de\/de\/wp-json\/wp\/v2\/pages\/3463\/revisions\/3726"}],"up":[{"embeddable":true,"href":"https:\/\/afrika-kommt.de\/de\/wp-json\/wp\/v2\/pages\/343"}],"wp:attachment":[{"href":"https:\/\/afrika-kommt.de\/de\/wp-json\/wp\/v2\/media?parent=3463"}],"curies":[{"name":"wp","href":"https:\/\/api.w.org\/{rel}","templated":true}]}}