{"id":3459,"date":"2020-11-13T15:50:58","date_gmt":"2020-11-13T14:50:58","guid":{"rendered":"http:\/\/wp13590066.server-he.de\/our-network\/afrika-kommt-in-den-medien\/"},"modified":"2020-11-24T16:30:22","modified_gmt":"2020-11-24T15:30:22","slug":"afrika-kommt-in-den-medien","status":"publish","type":"page","link":"https:\/\/afrika-kommt.de\/de\/our-network\/afrika-kommt-in-den-medien\/","title":{"rendered":"AFRIKA KOMMT! in den Medien"},"content":{"rendered":"\n    <div id=\"puretextblock-block_5faab101ad7e5\" class=\"puretextblock_container\">\n      <div class=\"puretextblock_content\"><p>Unsere Partnerunternehmen und Kooperationspartner ver\u00f6ffentlichen regelm\u00e4\u00dfig Berichte zu AFRIKA KOMMT! und auch die nationale und lokale Presse berichtet \u00fcber das Programm. Auf dieser Seite m\u00f6chten wir Ihnen einen Einblick in die Berichterstattung zu AFRIKA KOMMT! geben.<\/p>\n<\/div>\n    <\/div>\n\n\n\n<h2 class=\"wp-block-heading\">AFRIKA KOMMT! in der Presse<\/h2>\n\n\n\n<div class=\"wp-block-columns is-layout-flex wp-container-core-columns-is-layout-9d6595d7 wp-block-columns-is-layout-flex\">\n<div class=\"wp-block-column is-layout-flow wp-block-column-is-layout-flow\">\n<figure class=\"wp-block-image size-large\"><a href=\"https:\/\/www.handelsblatt.com\/unternehmen\/mittelstand\/wachstumsregion-subsahara-deutsche-unternehmen-hoffen-auf-neuen-boom-in-afrika\/22949402.html?ticket=ST-8849689-2cowXos0apFyVdey6KWV-ap1\" rel=\"noopener\"><img decoding=\"async\" src=\"https:\/\/afrika-kommt.de\/wp-content\/uploads\/2020\/11\/Handelsblatt-1024x576.jpg\" alt=\"\" class=\"wp-image-2851\"\/><\/a><figcaption>Deutsche Unternehmen hoffen auf neuen Boom in Afrika<\/figcaption><\/figure>\n<\/div>\n\n\n\n<div class=\"wp-block-column is-layout-flow wp-block-column-is-layout-flow\">\n<figure class=\"wp-block-image size-large\"><a href=\"https:\/\/www.zvw.de\/lokales\/waiblingen\/der-mann-der-stihl-nach-afrika-bringt_arid-77047\" rel=\"noopener\"><img loading=\"lazy\" decoding=\"async\" width=\"1024\" height=\"576\" src=\"https:\/\/afrika-kommt.de\/wp-content\/uploads\/2020\/11\/Der-Mann-der-Stihl-nach-Afrika-bringt-1024x576.jpg\" alt=\"\" class=\"wp-image-2853\" srcset=\"https:\/\/afrika-kommt.de\/wp-content\/uploads\/2020\/11\/Der-Mann-der-Stihl-nach-Afrika-bringt-1024x576.jpg 1024w, https:\/\/afrika-kommt.de\/wp-content\/uploads\/2020\/11\/Der-Mann-der-Stihl-nach-Afrika-bringt-300x169.jpg 300w, https:\/\/afrika-kommt.de\/wp-content\/uploads\/2020\/11\/Der-Mann-der-Stihl-nach-Afrika-bringt-768x432.jpg 768w, https:\/\/afrika-kommt.de\/wp-content\/uploads\/2020\/11\/Der-Mann-der-Stihl-nach-Afrika-bringt-1536x864.jpg 1536w, https:\/\/afrika-kommt.de\/wp-content\/uploads\/2020\/11\/Der-Mann-der-Stihl-nach-Afrika-bringt.jpg 2011w\" sizes=\"auto, (max-width: 1024px) 100vw, 1024px\" \/><\/a><figcaption>Der Mann, der Stihl nach Afrika bringt<\/figcaption><\/figure>\n<\/div>\n\n\n\n<div class=\"wp-block-column is-layout-flow wp-block-column-is-layout-flow\"><\/div>\n<\/div>\n\n\n\n<h2 class=\"wp-block-heading\">AFRIKA KOMMT! in den Partnerunternehmen<\/h2>\n\n\n\n<div class=\"wp-block-columns is-layout-flex wp-container-core-columns-is-layout-9d6595d7 wp-block-columns-is-layout-flex\">\n<div class=\"wp-block-column is-layout-flow wp-block-column-is-layout-flow\">\n<figure class=\"wp-block-embed-youtube wp-block-embed is-type-video is-provider-youtube wp-embed-aspect-16-9 wp-has-aspect-ratio\"><div class=\"wp-block-embed__wrapper\">\n <div class=\"brlbs-cmpnt-container brlbs-cmpnt-content-blocker brlbs-cmpnt-with-individual-styles\" data-borlabs-cookie-content-blocker-id=\"youtube-content-blocker\" data-borlabs-cookie-content=\"PGRpdiBjbGFzcz0ibnYtaWZyYW1lLWVtYmVkIj48aWZyYW1lIHRpdGxlPSJMZXTigJlzIGNoYXQ6IEJlaW5nIGEgbWFuYWdlciBhbmQgcmVjcnVpdGluZyBmb3IgQUZSSUtBIEtPTU1UISIgd2lkdGg9IjEyMDAiIGhlaWdodD0iNjc1IiBzcmM9Imh0dHBzOi8vd3d3LnlvdXR1YmUtbm9jb29raWUuY29tL2VtYmVkL216VzBpZ3ZmcHJJP2ZlYXR1cmU9b2VtYmVkIiBmcmFtZWJvcmRlcj0iMCIgYWxsb3c9ImFjY2VsZXJvbWV0ZXI7IGF1dG9wbGF5OyBjbGlwYm9hcmQtd3JpdGU7IGVuY3J5cHRlZC1tZWRpYTsgZ3lyb3Njb3BlOyBwaWN0dXJlLWluLXBpY3R1cmU7IHdlYi1zaGFyZSIgcmVmZXJyZXJwb2xpY3k9InN0cmljdC1vcmlnaW4td2hlbi1jcm9zcy1vcmlnaW4iIGFsbG93ZnVsbHNjcmVlbj48L2lmcmFtZT48L2Rpdj4=\"><div class=\"brlbs-cmpnt-cb-preset-c brlbs-cmpnt-cb-youtube\"> <div class=\"brlbs-cmpnt-cb-thumbnail\" style=\"background-image: url('https:\/\/afrika-kommt.de\/wp-content\/uploads\/borlabs-cookie\/1\/yt_mzW0igvfprI_hqdefault.jpg')\"><\/div> <div class=\"brlbs-cmpnt-cb-main\"> <div class=\"brlbs-cmpnt-cb-play-button\"><\/div> <div class=\"brlbs-cmpnt-cb-content\"> <p class=\"brlbs-cmpnt-cb-description\">Sie sehen gerade einen Platzhalterinhalt von <strong>YouTube<\/strong>. Um auf den eigentlichen Inhalt zuzugreifen, klicken Sie auf die Schaltfl\u00e4che unten. Bitte beachten Sie, dass dabei Daten an Drittanbieter weitergegeben werden.<\/p> <a class=\"brlbs-cmpnt-cb-provider-toggle\" href=\"#\" data-borlabs-cookie-show-provider-information role=\"button\">Mehr Informationen<\/a> <\/div> <div class=\"brlbs-cmpnt-cb-buttons\"> <a class=\"brlbs-cmpnt-cb-btn\" href=\"#\" data-borlabs-cookie-unblock role=\"button\">Inhalt entsperren<\/a> <a class=\"brlbs-cmpnt-cb-btn\" href=\"#\" data-borlabs-cookie-accept-service role=\"button\" style=\"display: inherit\">Erforderlichen Service akzeptieren und Inhalte entsperren<\/a> <\/div> <\/div> <\/div><\/div>\n<\/div><\/figure>\n<\/div>\n\n\n\n<div class=\"wp-block-column is-layout-flow wp-block-column-is-layout-flow\">\n<figure class=\"wp-block-embed-youtube wp-block-embed is-type-video is-provider-youtube wp-embed-aspect-16-9 wp-has-aspect-ratio\"><div class=\"wp-block-embed__wrapper\">\nhttps:\/\/youtu.be\/IOFKvfkX-0w\n<\/div><\/figure>\n<\/div>\n<\/div>\n\n\n\n<div class=\"wp-block-columns is-layout-flex wp-container-core-columns-is-layout-9d6595d7 wp-block-columns-is-layout-flex\">\n<div class=\"wp-block-column is-layout-flow wp-block-column-is-layout-flow\">\n<figure class=\"wp-block-image size-large\"><a href=\"https:\/\/news.sap.com\/germany\/2020\/11\/afrika-nachwuchskraefte-ausbildung-initiative\/\" rel=\"noopener\"><img loading=\"lazy\" decoding=\"async\" width=\"1024\" height=\"576\" src=\"https:\/\/afrika-kommt.de\/wp-content\/uploads\/2020\/11\/SAP-News-Nov-2020_deutsch-1024x576.jpg\" alt=\"\" class=\"wp-image-3906\" srcset=\"https:\/\/afrika-kommt.de\/wp-content\/uploads\/2020\/11\/SAP-News-Nov-2020_deutsch-1024x576.jpg 1024w, https:\/\/afrika-kommt.de\/wp-content\/uploads\/2020\/11\/SAP-News-Nov-2020_deutsch-300x169.jpg 300w, https:\/\/afrika-kommt.de\/wp-content\/uploads\/2020\/11\/SAP-News-Nov-2020_deutsch-768x432.jpg 768w, https:\/\/afrika-kommt.de\/wp-content\/uploads\/2020\/11\/SAP-News-Nov-2020_deutsch-1536x864.jpg 1536w, https:\/\/afrika-kommt.de\/wp-content\/uploads\/2020\/11\/SAP-News-Nov-2020_deutsch-2048x1152.jpg 2048w\" sizes=\"auto, (max-width: 1024px) 100vw, 1024px\" \/><\/a><figcaption>Afrikanische Nachwuchsf\u00fchrungskr\u00e4fte auf Erfolgskurs in Deutschland<\/figcaption><\/figure>\n<\/div>\n\n\n\n<div class=\"wp-block-column is-layout-flow wp-block-column-is-layout-flow\">\n<figure class=\"wp-block-image size-large\"><a href=\"https:\/\/www.boehringer-ingelheim.com\/corporate-profile\/diversity-inclusion\/afrika-kommt-ripple-effect\" rel=\"noopener\"><img loading=\"lazy\" decoding=\"async\" width=\"1024\" height=\"576\" src=\"https:\/\/afrika-kommt.de\/wp-content\/uploads\/2020\/11\/Ak-The-Ripple-Effect-1024x576.jpg\" alt=\"\" class=\"wp-image-3865\" srcset=\"https:\/\/afrika-kommt.de\/wp-content\/uploads\/2020\/11\/Ak-The-Ripple-Effect-1024x576.jpg 1024w, https:\/\/afrika-kommt.de\/wp-content\/uploads\/2020\/11\/Ak-The-Ripple-Effect-300x169.jpg 300w, https:\/\/afrika-kommt.de\/wp-content\/uploads\/2020\/11\/Ak-The-Ripple-Effect-768x432.jpg 768w, https:\/\/afrika-kommt.de\/wp-content\/uploads\/2020\/11\/Ak-The-Ripple-Effect-1536x864.jpg 1536w, https:\/\/afrika-kommt.de\/wp-content\/uploads\/2020\/11\/Ak-The-Ripple-Effect.jpg 2005w\" sizes=\"auto, (max-width: 1024px) 100vw, 1024px\" \/><\/a><figcaption>AFRIKA KOMMT! &#8211; The Ripple Effect<\/figcaption><\/figure>\n<\/div>\n\n\n\n<div class=\"wp-block-column is-layout-flow wp-block-column-is-layout-flow\">\n<figure class=\"wp-block-image is-resized size-large\"><a href=\"https:\/\/blogs.sap.com\/2020\/04\/30\/education-newscast-084-afrika-kommt-at-sap-more-than-a-talent-development-program\/\" rel=\"noopener\"><img loading=\"lazy\" decoding=\"async\" src=\"https:\/\/afrika-kommt.de\/wp-content\/uploads\/2020\/11\/Education-Newscast-1.jpg\" alt=\"\" class=\"wp-image-2431\" width=\"371\" height=\"208\" srcset=\"https:\/\/afrika-kommt.de\/wp-content\/uploads\/2020\/11\/Education-Newscast-1.jpg 894w, https:\/\/afrika-kommt.de\/wp-content\/uploads\/2020\/11\/Education-Newscast-1-300x169.jpg 300w, https:\/\/afrika-kommt.de\/wp-content\/uploads\/2020\/11\/Education-Newscast-1-768x432.jpg 768w\" sizes=\"auto, (max-width: 371px) 100vw, 371px\" \/><\/a><figcaption>Education NewsCast 084 \u2013 AFRIKA KOMMT! at SAP \u2013 More than a Talent Development Program<\/figcaption><\/figure>\n<\/div>\n<\/div>\n\n\n\n<div class=\"wp-block-columns is-layout-flex wp-container-core-columns-is-layout-9d6595d7 wp-block-columns-is-layout-flex\">\n<div class=\"wp-block-column is-layout-flow wp-block-column-is-layout-flow\">\n<figure class=\"wp-block-image size-large\"><a href=\"https:\/\/www.bosch.de\/news-and-stories\/sofoneas-getachew\/\" rel=\"noopener\"><img loading=\"lazy\" decoding=\"async\" width=\"1024\" height=\"576\" src=\"https:\/\/afrika-kommt.de\/wp-content\/uploads\/2020\/11\/From-Addis-to-Leinfelden_deutsch-1024x576.jpg\" alt=\"\" class=\"wp-image-3910\" srcset=\"https:\/\/afrika-kommt.de\/wp-content\/uploads\/2020\/11\/From-Addis-to-Leinfelden_deutsch-1024x576.jpg 1024w, https:\/\/afrika-kommt.de\/wp-content\/uploads\/2020\/11\/From-Addis-to-Leinfelden_deutsch-300x169.jpg 300w, https:\/\/afrika-kommt.de\/wp-content\/uploads\/2020\/11\/From-Addis-to-Leinfelden_deutsch-768x432.jpg 768w, https:\/\/afrika-kommt.de\/wp-content\/uploads\/2020\/11\/From-Addis-to-Leinfelden_deutsch-1536x864.jpg 1536w, https:\/\/afrika-kommt.de\/wp-content\/uploads\/2020\/11\/From-Addis-to-Leinfelden_deutsch-2048x1152.jpg 2048w\" sizes=\"auto, (max-width: 1024px) 100vw, 1024px\" \/><\/a><figcaption>Von Addis Abeba zu Bosch nach Leinfelden<\/figcaption><\/figure>\n<\/div>\n\n\n\n<div class=\"wp-block-column is-layout-flow wp-block-column-is-layout-flow\">\n<figure class=\"wp-block-image size-large\"><a href=\"https:\/\/gb2018.stihl.de\/journal\/neuland.html\" rel=\"noopener\"><img loading=\"lazy\" decoding=\"async\" width=\"1024\" height=\"576\" src=\"https:\/\/afrika-kommt.de\/wp-content\/uploads\/2020\/11\/new-Ground_deutsch-1024x576.jpg\" alt=\"\" class=\"wp-image-3912\" srcset=\"https:\/\/afrika-kommt.de\/wp-content\/uploads\/2020\/11\/new-Ground_deutsch-1024x576.jpg 1024w, https:\/\/afrika-kommt.de\/wp-content\/uploads\/2020\/11\/new-Ground_deutsch-300x169.jpg 300w, https:\/\/afrika-kommt.de\/wp-content\/uploads\/2020\/11\/new-Ground_deutsch-768x432.jpg 768w, https:\/\/afrika-kommt.de\/wp-content\/uploads\/2020\/11\/new-Ground_deutsch-1536x864.jpg 1536w, https:\/\/afrika-kommt.de\/wp-content\/uploads\/2020\/11\/new-Ground_deutsch.jpg 1911w\" sizes=\"auto, (max-width: 1024px) 100vw, 1024px\" \/><\/a><figcaption>Neuland &#8211; Stihl Gesch\u00e4ftsbericht 2018<\/figcaption><\/figure>\n<\/div>\n\n\n\n<div class=\"wp-block-column is-layout-flow wp-block-column-is-layout-flow\">\n<figure class=\"wp-block-image size-large\"><a href=\"https:\/\/careers.boehringer-ingelheim.com\/blog\/de\/post\/alles-entdecken-was-deutschland-ausmacht\" rel=\"noopener\"><img loading=\"lazy\" decoding=\"async\" width=\"1024\" height=\"655\" src=\"https:\/\/afrika-kommt.de\/wp-content\/uploads\/2020\/11\/Alles-entdecken-was-Deutschland-ausmacht-BI-1024x655.jpg\" alt=\"\" class=\"wp-image-3914\" srcset=\"https:\/\/afrika-kommt.de\/wp-content\/uploads\/2020\/11\/Alles-entdecken-was-Deutschland-ausmacht-BI-1024x655.jpg 1024w, https:\/\/afrika-kommt.de\/wp-content\/uploads\/2020\/11\/Alles-entdecken-was-Deutschland-ausmacht-BI-300x192.jpg 300w, https:\/\/afrika-kommt.de\/wp-content\/uploads\/2020\/11\/Alles-entdecken-was-Deutschland-ausmacht-BI-768x491.jpg 768w, https:\/\/afrika-kommt.de\/wp-content\/uploads\/2020\/11\/Alles-entdecken-was-Deutschland-ausmacht-BI-1536x982.jpg 1536w, https:\/\/afrika-kommt.de\/wp-content\/uploads\/2020\/11\/Alles-entdecken-was-Deutschland-ausmacht-BI.jpg 1966w\" sizes=\"auto, (max-width: 1024px) 100vw, 1024px\" \/><\/a><figcaption>Alles entdecken, was Deutschland ausmacht<\/figcaption><\/figure>\n<\/div>\n<\/div>\n\n\n\n<div class=\"wp-block-columns less_top_space is-layout-flex wp-container-core-columns-is-layout-9d6595d7 wp-block-columns-is-layout-flex\">\n<div class=\"wp-block-column is-layout-flow wp-block-column-is-layout-flow\">\n<figure class=\"wp-block-image size-large\"><a href=\"https:\/\/www.bbraun.de\/de\/unternehmen\/newsroom\/news\/2018\/4--quartal\/das-gefuehl--dass-nichts-unmoeglich-ist-.html\" rel=\"noopener\"><img loading=\"lazy\" decoding=\"async\" width=\"1024\" height=\"576\" src=\"https:\/\/afrika-kommt.de\/wp-content\/uploads\/2020\/11\/das-gefuehl-das-nichts-unmoeglich-ist-1024x576.jpg\" alt=\"\" class=\"wp-image-3916\" srcset=\"https:\/\/afrika-kommt.de\/wp-content\/uploads\/2020\/11\/das-gefuehl-das-nichts-unmoeglich-ist-1024x576.jpg 1024w, https:\/\/afrika-kommt.de\/wp-content\/uploads\/2020\/11\/das-gefuehl-das-nichts-unmoeglich-ist-300x169.jpg 300w, https:\/\/afrika-kommt.de\/wp-content\/uploads\/2020\/11\/das-gefuehl-das-nichts-unmoeglich-ist-768x432.jpg 768w, https:\/\/afrika-kommt.de\/wp-content\/uploads\/2020\/11\/das-gefuehl-das-nichts-unmoeglich-ist-1536x864.jpg 1536w, https:\/\/afrika-kommt.de\/wp-content\/uploads\/2020\/11\/das-gefuehl-das-nichts-unmoeglich-ist.jpg 1932w\" sizes=\"auto, (max-width: 1024px) 100vw, 1024px\" \/><\/a><figcaption>Das Gef\u00fchl, dass nichts unm\u00f6glich ist<\/figcaption><\/figure>\n<\/div>\n\n\n\n<div class=\"wp-block-column is-layout-flow wp-block-column-is-layout-flow\">\n<figure class=\"wp-block-image size-large\"><a href=\"https:\/\/www.bbraun.de\/de\/unternehmen\/nachhaltigkeit\/10-jahre-afrika-kommt-.html\" rel=\"noopener\"><img loading=\"lazy\" decoding=\"async\" width=\"1024\" height=\"576\" src=\"https:\/\/afrika-kommt.de\/wp-content\/uploads\/2020\/11\/10-Jahre-AK-1024x576.jpg\" alt=\"\" class=\"wp-image-3918\" srcset=\"https:\/\/afrika-kommt.de\/wp-content\/uploads\/2020\/11\/10-Jahre-AK-1024x576.jpg 1024w, https:\/\/afrika-kommt.de\/wp-content\/uploads\/2020\/11\/10-Jahre-AK-300x169.jpg 300w, https:\/\/afrika-kommt.de\/wp-content\/uploads\/2020\/11\/10-Jahre-AK-768x432.jpg 768w, https:\/\/afrika-kommt.de\/wp-content\/uploads\/2020\/11\/10-Jahre-AK-1536x864.jpg 1536w, https:\/\/afrika-kommt.de\/wp-content\/uploads\/2020\/11\/10-Jahre-AK.jpg 1927w\" sizes=\"auto, (max-width: 1024px) 100vw, 1024px\" \/><\/a><figcaption>10 Jahre AFRIKA KOMMT! &#8211; Interview mit Prof. Dr. Gro\u00dfe<\/figcaption><\/figure>\n<\/div>\n\n\n\n<div class=\"wp-block-column is-layout-flow wp-block-column-is-layout-flow\">\n<figure class=\"wp-block-image size-large\"><a href=\"https:\/\/news.sap.com\/germany\/2018\/03\/bildung-afrika\/\" rel=\"noopener\"><img loading=\"lazy\" decoding=\"async\" width=\"1024\" height=\"576\" src=\"https:\/\/afrika-kommt.de\/wp-content\/uploads\/2020\/11\/SAP-Bildung-1024x576.jpg\" alt=\"\" class=\"wp-image-3927\" srcset=\"https:\/\/afrika-kommt.de\/wp-content\/uploads\/2020\/11\/SAP-Bildung-1024x576.jpg 1024w, https:\/\/afrika-kommt.de\/wp-content\/uploads\/2020\/11\/SAP-Bildung-300x169.jpg 300w, https:\/\/afrika-kommt.de\/wp-content\/uploads\/2020\/11\/SAP-Bildung-768x432.jpg 768w, https:\/\/afrika-kommt.de\/wp-content\/uploads\/2020\/11\/SAP-Bildung-1536x864.jpg 1536w, https:\/\/afrika-kommt.de\/wp-content\/uploads\/2020\/11\/SAP-Bildung-2048x1152.jpg 2048w\" sizes=\"auto, (max-width: 1024px) 100vw, 1024px\" \/><\/a><figcaption>Bildungsinitiative f\u00fcr junge F\u00fchrungskr\u00e4fte \u201eAFRIKA KOMMT!\u201c<\/figcaption><\/figure>\n<\/div>\n<\/div>\n\n\n\n<div class=\"wp-block-columns less_top_space is-layout-flex wp-container-core-columns-is-layout-9d6595d7 wp-block-columns-is-layout-flex\">\n<div class=\"wp-block-column is-layout-flow wp-block-column-is-layout-flow\">\n<figure class=\"wp-block-image size-large\"><a href=\"https:\/\/www.bbraun.de\/de\/magazin\/wo-wir-stolpern-liegt-der-schatz.html\" rel=\"noopener\"><img loading=\"lazy\" decoding=\"async\" width=\"1024\" height=\"576\" src=\"https:\/\/afrika-kommt.de\/wp-content\/uploads\/2020\/11\/wo-wir-stolpern-1024x576.jpg\" alt=\"\" class=\"wp-image-3929\" srcset=\"https:\/\/afrika-kommt.de\/wp-content\/uploads\/2020\/11\/wo-wir-stolpern-1024x576.jpg 1024w, https:\/\/afrika-kommt.de\/wp-content\/uploads\/2020\/11\/wo-wir-stolpern-300x169.jpg 300w, https:\/\/afrika-kommt.de\/wp-content\/uploads\/2020\/11\/wo-wir-stolpern-768x432.jpg 768w, https:\/\/afrika-kommt.de\/wp-content\/uploads\/2020\/11\/wo-wir-stolpern-1536x864.jpg 1536w, https:\/\/afrika-kommt.de\/wp-content\/uploads\/2020\/11\/wo-wir-stolpern-2048x1152.jpg 2048w\" sizes=\"auto, (max-width: 1024px) 100vw, 1024px\" \/><\/a><figcaption>Wo wir stolpern liegt der Schatz<\/figcaption><\/figure>\n<\/div>\n\n\n\n<div class=\"wp-block-column is-layout-flow wp-block-column-is-layout-flow\">\n<figure class=\"wp-block-image size-large\"><a href=\"https:\/\/news.sap.com\/2016\/12\/diversity-inclusion-at-sap-afrika-kommt\/\" rel=\"noopener\"><img loading=\"lazy\" decoding=\"async\" width=\"1024\" height=\"576\" src=\"https:\/\/afrika-kommt.de\/wp-content\/uploads\/2020\/11\/Diversity-and-Inclusion-at-SAP-1024x576.jpg\" alt=\"\" class=\"wp-image-2446\" srcset=\"https:\/\/afrika-kommt.de\/wp-content\/uploads\/2020\/11\/Diversity-and-Inclusion-at-SAP-1024x576.jpg 1024w, https:\/\/afrika-kommt.de\/wp-content\/uploads\/2020\/11\/Diversity-and-Inclusion-at-SAP-300x169.jpg 300w, https:\/\/afrika-kommt.de\/wp-content\/uploads\/2020\/11\/Diversity-and-Inclusion-at-SAP-768x432.jpg 768w, https:\/\/afrika-kommt.de\/wp-content\/uploads\/2020\/11\/Diversity-and-Inclusion-at-SAP-1536x864.jpg 1536w, https:\/\/afrika-kommt.de\/wp-content\/uploads\/2020\/11\/Diversity-and-Inclusion-at-SAP.jpg 1636w\" sizes=\"auto, (max-width: 1024px) 100vw, 1024px\" \/><\/a><figcaption>Diversity &amp; Inclusion bei SAP: AFRIKA KOMMT!<\/figcaption><\/figure>\n<\/div>\n\n\n\n<div class=\"wp-block-column is-layout-flow wp-block-column-is-layout-flow\"><\/div>\n<\/div>\n\n\n\n<div class=\"wp-block-columns less_top_space is-layout-flex wp-container-core-columns-is-layout-9d6595d7 wp-block-columns-is-layout-flex\">\n<div class=\"wp-block-column is-layout-flow wp-block-column-is-layout-flow\">\n<figure class=\"wp-block-embed-youtube wp-block-embed is-type-video is-provider-youtube wp-embed-aspect-16-9 wp-has-aspect-ratio\"><div class=\"wp-block-embed__wrapper\">\n <div class=\"brlbs-cmpnt-container brlbs-cmpnt-content-blocker brlbs-cmpnt-with-individual-styles\" data-borlabs-cookie-content-blocker-id=\"youtube-content-blocker\" data-borlabs-cookie-content=\"PGRpdiBjbGFzcz0ibnYtaWZyYW1lLWVtYmVkIj48aWZyYW1lIHRpdGxlPSJTQVAgLSBUaGUgQUZSSUtBIEtPTU1UISBBc3Nlc3NtZW50IENlbnRlciIgd2lkdGg9IjEyMDAiIGhlaWdodD0iNjc1IiBzcmM9Imh0dHBzOi8vd3d3LnlvdXR1YmUtbm9jb29raWUuY29tL2VtYmVkLzc0WXNYQkttSTBBP2ZlYXR1cmU9b2VtYmVkIiBmcmFtZWJvcmRlcj0iMCIgYWxsb3c9ImFjY2VsZXJvbWV0ZXI7IGF1dG9wbGF5OyBjbGlwYm9hcmQtd3JpdGU7IGVuY3J5cHRlZC1tZWRpYTsgZ3lyb3Njb3BlOyBwaWN0dXJlLWluLXBpY3R1cmU7IHdlYi1zaGFyZSIgcmVmZXJyZXJwb2xpY3k9InN0cmljdC1vcmlnaW4td2hlbi1jcm9zcy1vcmlnaW4iIGFsbG93ZnVsbHNjcmVlbj48L2lmcmFtZT48L2Rpdj4=\"><div class=\"brlbs-cmpnt-cb-preset-c brlbs-cmpnt-cb-youtube\"> <div class=\"brlbs-cmpnt-cb-thumbnail\" style=\"background-image: url('https:\/\/afrika-kommt.de\/wp-content\/uploads\/borlabs-cookie\/1\/yt_74YsXBKmI0A_hqdefault.jpg')\"><\/div> <div class=\"brlbs-cmpnt-cb-main\"> <div class=\"brlbs-cmpnt-cb-play-button\"><\/div> <div class=\"brlbs-cmpnt-cb-content\"> <p class=\"brlbs-cmpnt-cb-description\">Sie sehen gerade einen Platzhalterinhalt von <strong>YouTube<\/strong>. Um auf den eigentlichen Inhalt zuzugreifen, klicken Sie auf die Schaltfl\u00e4che unten. Bitte beachten Sie, dass dabei Daten an Drittanbieter weitergegeben werden.<\/p> <a class=\"brlbs-cmpnt-cb-provider-toggle\" href=\"#\" data-borlabs-cookie-show-provider-information role=\"button\">Mehr Informationen<\/a> <\/div> <div class=\"brlbs-cmpnt-cb-buttons\"> <a class=\"brlbs-cmpnt-cb-btn\" href=\"#\" data-borlabs-cookie-unblock role=\"button\">Inhalt entsperren<\/a> <a class=\"brlbs-cmpnt-cb-btn\" href=\"#\" data-borlabs-cookie-accept-service role=\"button\" style=\"display: inherit\">Erforderlichen Service akzeptieren und Inhalte entsperren<\/a> <\/div> <\/div> <\/div><\/div>\n<\/div><\/figure>\n<\/div>\n\n\n\n<div class=\"wp-block-column is-layout-flow wp-block-column-is-layout-flow\">\n<figure class=\"wp-block-embed-youtube wp-block-embed is-type-video is-provider-youtube wp-embed-aspect-16-9 wp-has-aspect-ratio\"><div class=\"wp-block-embed__wrapper\">\nhttps:\/\/youtu.be\/z7hlGwznkYQ\n<\/div><\/figure>\n<\/div>\n<\/div>\n\n\n\n<h2 class=\"wp-block-heading\">AFRIKA KOMMT! und seine Kopperationspartner<\/h2>\n\n\n\n<div class=\"wp-block-columns is-layout-flex wp-container-core-columns-is-layout-9d6595d7 wp-block-columns-is-layout-flex\">\n<div class=\"wp-block-column is-layout-flow wp-block-column-is-layout-flow\">\n<figure class=\"wp-block-image size-large\"><a href=\"https:\/\/www.bundespraesident.de\/SharedDocs\/Downloads\/DE\/Reden\/2019\/07\/190710-Afrika-kommt-Englisch.pdf?__blob=publicationFile\" rel=\"noopener\"><img loading=\"lazy\" decoding=\"async\" width=\"1024\" height=\"576\" src=\"https:\/\/afrika-kommt.de\/wp-content\/uploads\/2020\/11\/BP-2019-1024x576.jpg\" alt=\"\" class=\"wp-image-3938\" srcset=\"https:\/\/afrika-kommt.de\/wp-content\/uploads\/2020\/11\/BP-2019-1024x576.jpg 1024w, https:\/\/afrika-kommt.de\/wp-content\/uploads\/2020\/11\/BP-2019-300x169.jpg 300w, https:\/\/afrika-kommt.de\/wp-content\/uploads\/2020\/11\/BP-2019-768x432.jpg 768w, https:\/\/afrika-kommt.de\/wp-content\/uploads\/2020\/11\/BP-2019-1536x864.jpg 1536w, https:\/\/afrika-kommt.de\/wp-content\/uploads\/2020\/11\/BP-2019.jpg 1856w\" sizes=\"auto, (max-width: 1024px) 100vw, 1024px\" \/><\/a><figcaption><p>Rede Bundespr\u00e4sident Frank-Walter Steinmeier<br>beim Empfang im Schloss Bellevue am 10 Juli 2019<\/p><\/figcaption><\/figure>\n<\/div>\n\n\n\n<div class=\"wp-block-column is-layout-flow wp-block-column-is-layout-flow\">\n<figure class=\"wp-block-image size-large\"><a href=\"https:\/\/www.giz.de\/de\/mediathek\/63632.html\" rel=\"noopener\"><img loading=\"lazy\" decoding=\"async\" width=\"1024\" height=\"576\" src=\"https:\/\/afrika-kommt.de\/wp-content\/uploads\/2020\/11\/10-Jahre-AK_deutsch-1024x576.jpg\" alt=\"\" class=\"wp-image-3940\" srcset=\"https:\/\/afrika-kommt.de\/wp-content\/uploads\/2020\/11\/10-Jahre-AK_deutsch-1024x576.jpg 1024w, https:\/\/afrika-kommt.de\/wp-content\/uploads\/2020\/11\/10-Jahre-AK_deutsch-300x169.jpg 300w, https:\/\/afrika-kommt.de\/wp-content\/uploads\/2020\/11\/10-Jahre-AK_deutsch-768x432.jpg 768w, https:\/\/afrika-kommt.de\/wp-content\/uploads\/2020\/11\/10-Jahre-AK_deutsch-1536x864.jpg 1536w, https:\/\/afrika-kommt.de\/wp-content\/uploads\/2020\/11\/10-Jahre-AK_deutsch.jpg 1931w\" sizes=\"auto, (max-width: 1024px) 100vw, 1024px\" \/><\/a><figcaption>AFRIKA KOMMT! &#8211; Zehn Jahre erfolgreiches Br\u00fcckenbauen<\/figcaption><\/figure>\n<\/div>\n\n\n\n<div class=\"wp-block-column is-layout-flow wp-block-column-is-layout-flow\">\n<figure class=\"wp-block-image size-large\"><a href=\"https:\/\/www.auswaertiges-amt.de\/en\/aussenpolitik\/regionaleschwerpunkte\/afrika\/-\/257252\" rel=\"noopener\"><img decoding=\"async\" src=\"https:\/\/afrika-kommt.de\/wp-content\/uploads\/2020\/11\/Promoting-and-Networking-AK-1024x576.jpg\" alt=\"\" class=\"wp-image-2452\"\/><\/a><figcaption>Promoting and networking:&nbsp;\u201eAfrika kommt!\u201c &#8211; Federal Foreign Office<\/figcaption><\/figure>\n<\/div>\n<\/div>\n","protected":false},"excerpt":{"rendered":"<p>AFRIKA KOMMT! in der Presse AFRIKA KOMMT! in den Partnerunternehmen AFRIKA KOMMT! und seine Kopperationspartner<\/p>\n","protected":false},"author":1,"featured_media":0,"parent":343,"menu_order":3,"comment_status":"closed","ping_status":"closed","template":"","meta":{"_acf_changed":false,"neve_meta_sidebar":"full-width","neve_meta_container":"","neve_meta_enable_content_width":"on","neve_meta_content_width":100,"neve_meta_title_alignment":"","neve_meta_author_avatar":"","neve_post_elements_order":"","neve_meta_disable_header":"","neve_meta_disable_footer":"","neve_meta_disable_title":"","neve_meta_reading_time":"","footnotes":""},"class_list":["post-3459","page","type-page","status-publish","hentry"],"acf":[],"_links":{"self":[{"href":"https:\/\/afrika-kommt.de\/de\/wp-json\/wp\/v2\/pages\/3459","targetHints":{"allow":["GET"]}}],"collection":[{"href":"https:\/\/afrika-kommt.de\/de\/wp-json\/wp\/v2\/pages"}],"about":[{"href":"https:\/\/afrika-kommt.de\/de\/wp-json\/wp\/v2\/types\/page"}],"author":[{"embeddable":true,"href":"https:\/\/afrika-kommt.de\/de\/wp-json\/wp\/v2\/users\/1"}],"replies":[{"embeddable":true,"href":"https:\/\/afrika-kommt.de\/de\/wp-json\/wp\/v2\/comments?post=3459"}],"version-history":[{"count":6,"href":"https:\/\/afrika-kommt.de\/de\/wp-json\/wp\/v2\/pages\/3459\/revisions"}],"predecessor-version":[{"id":8183,"href":"https:\/\/afrika-kommt.de\/de\/wp-json\/wp\/v2\/pages\/3459\/revisions\/8183"}],"up":[{"embeddable":true,"href":"https:\/\/afrika-kommt.de\/de\/wp-json\/wp\/v2\/pages\/343"}],"wp:attachment":[{"href":"https:\/\/afrika-kommt.de\/de\/wp-json\/wp\/v2\/media?parent=3459"}],"curies":[{"name":"wp","href":"https:\/\/api.w.org\/{rel}","templated":true}]}}