{"id":3452,"date":"2020-11-13T15:39:30","date_gmt":"2020-11-13T14:39:30","guid":{"rendered":"http:\/\/wp13590066.server-he.de\/our-network\/unsere-alumni-in-aktion\/"},"modified":"2020-12-02T11:44:14","modified_gmt":"2020-12-02T10:44:14","slug":"unsere-alumni-in-aktion","status":"publish","type":"page","link":"https:\/\/afrika-kommt.de\/de\/our-network\/unsere-alumni-in-aktion\/","title":{"rendered":"Unsere Alumni in Aktion"},"content":{"rendered":"\n    <div id=\"puretextblock-block_5f75acba51195\" class=\"puretextblock_container\">\n      <div class=\"puretextblock_content\"><p>AFRIKA KOMMT! f\u00f6rdert wirtschaftliches und soziales Wachstum in afrikanischen L\u00e4ndern und Deutschland! F\u00fcr uns hei\u00dft das, dass mehr als 200 Alumni lokal aktiv sind.<\/p>\n<p>Unsere Alumni stehen f\u00fcr Wandel und entwickeln kontinuierlich Projekte, die nachhaltige Entwicklung in Deutschland und in ihren Herkunftsl\u00e4ndern vorantreibt.<\/p>\n<p>Hier stellen wir Ihnen einige Ausz\u00fcge aus diesen Projekten und Aktivit\u00e4ten vor.<\/p>\n<\/div>\n    <\/div>\n\n\n\n    <div id=\"textblock-block_5fc76f6ae1071\" class=\"textblock_container\">\n              <div class=\"short_red_line\"><\/div>\n        <h2 class=\"textblock_heading\">African &#8211; Inspiration f\u00fcr junge afrikanische Berufst\u00e4tige als E-Book<\/h2>\n        \n      <div class=\"textblock_content\"><\/div>\n          <\/div>\n      \n\n\n  \t<div class=\"quote_container side_left\">\n              <div class=\"quote_left\">\n          <image class=\"quote_image\" src=\"https:\/\/afrika-kommt.de\/wp-content\/uploads\/2020\/12\/AfriCan-768x1087.png\"><\/>\n        <\/div>\n        <div class=\"quote_right\">\n          <div class=\"quote_icon\"><image src='https:\/\/afrika-kommt.de\/wp-content\/themes\/helloIT_child\/template-parts\/blocks\/quote\/quote.svg'><\/image><\/div>\n          <div class=\"quote_content\">You don\u2019t need another book full of fancy quotes! You are looking for real examples of people who have done it, what inspired them and what you should avoid.<\/div>\n                        <div class=\"quote_author\">African<\/div>\n                      <div class=\"quote_title\">Ima Isip, Uche Onyekesi, Maureen Andalia und Maureen Mbaka<\/div>\n        <\/div>\n          \t<\/div>\n\n\n\n    <div id=\"textblock-block_5fc76fc1e1073\" class=\"textblock_container\">\n      \n      <div class=\"textblock_content\"><p>Wie k\u00f6nnen junge Berufst\u00e4tige in Afrika von unseren Erfahrungen in Deutschland profitieren? Wie k\u00f6nnen wir sie unterst\u00fctzen ebenfalls nach mehr zu streben\u00a0 und sich internationale eine Karriere aufzubauen? Mit diesen Leitfragen im Kopf entschied eine Gruppe der Fellows des 8. Jahrgangs\u00a0 Geschichten aus dem Leben von mehr als 40 Expert*innen zu sammeln.<\/p>\n<p>Die Botschaft von Ima Isip, Uche Onyekesi, Maureen Andalia und Maureen Mbaka, das Kernautorenteam, ist klar: Afri<b>can &#8211; <\/b>Ja, es ist m\u00f6glich international Karriere zu machen und erfolgreich zu sein.<\/p>\n<p>Expert*innen aus den Bereichen Gesundheit, Bildung, Landwirtschaft, der verarbeitenden Industrie und der Kreativbranche teilen ihre Karrieretipps und pers\u00f6nlichen Erfahrungen in emotionalen und inspirierenden Geschichten mit uns.<\/p>\n<\/div>\n      \n              <a class=\"textblock_link\" href=\"https:\/\/www.amazon.com\/dp\/B08L2L5F43?ref_=pe_3052080_276849420\" target=\"\" title=\"E-Book kaufen\" rel=\"noopener\">E-Book kaufen<\/a>\n          <\/div>\n      \n\n\n    <div id=\"textblock-block_5f75c22bf6197\" class=\"textblock_container\">\n              <div class=\"short_red_line\"><\/div>\n        <h2 class=\"textblock_heading\">Mami und Nia &#8211; eine Anti-Stigma Animation gegen Covid-19<\/h2>\n        \n      <div class=\"textblock_content\"><p>Mit dem Ausbruch von Covid-19 ist die Stigmatisierung einiger Bev\u00f6lkerungsgruppen ein echtes Problem geworden: wieder gesunde Patient*innen, Gesundheitspersonal und R\u00fcckkehrende aus dem Ausland. In dieser Folge zeigen Mami und Nia, wie man mit dieser Stigmatisierung umgehen kann.<\/p>\n<p>Die Animation ist in Englisch und Suaheli verf\u00fcgbar und mit Untertiteln in Franz\u00f6sisch, Nigeria Pidgin und Yoruba.<\/p>\n<\/div>\n          <\/div>\n      \n\n\n<figure class=\"wp-block-embed-youtube alignwide wp-block-embed is-type-video is-provider-youtube wp-embed-aspect-16-9 wp-has-aspect-ratio\"><div class=\"wp-block-embed__wrapper\">\n <div class=\"brlbs-cmpnt-container brlbs-cmpnt-content-blocker brlbs-cmpnt-with-individual-styles\" data-borlabs-cookie-content-blocker-id=\"youtube-content-blocker\" data-borlabs-cookie-content=\"PGRpdiBjbGFzcz0ibnYtaWZyYW1lLWVtYmVkIj48aWZyYW1lIHRpdGxlPSJNYW1pIGFuZCBOaWEgLSBBbiBhbnRpLXN0aWdtYSBhbmltYXRpb24gYWdhaW5zdCBDT1ZJRC0xOSAoRW5nbGlzaCkiIHdpZHRoPSIxMjAwIiBoZWlnaHQ9IjY3NSIgc3JjPSJodHRwczovL3d3dy55b3V0dWJlLW5vY29va2llLmNvbS9lbWJlZC9kZ0tPNmlkX1JQZz9mZWF0dXJlPW9lbWJlZCIgZnJhbWVib3JkZXI9IjAiIGFsbG93PSJhY2NlbGVyb21ldGVyOyBhdXRvcGxheTsgY2xpcGJvYXJkLXdyaXRlOyBlbmNyeXB0ZWQtbWVkaWE7IGd5cm9zY29wZTsgcGljdHVyZS1pbi1waWN0dXJlIiBhbGxvd2Z1bGxzY3JlZW4+PC9pZnJhbWU+PC9kaXY+\"><div class=\"brlbs-cmpnt-cb-preset-c brlbs-cmpnt-cb-youtube\"> <div class=\"brlbs-cmpnt-cb-thumbnail\" style=\"background-image: url('https:\/\/afrika-kommt.de\/wp-content\/uploads\/borlabs-cookie\/1\/yt_dgKO6id_RPg_hqdefault.jpg')\"><\/div> <div class=\"brlbs-cmpnt-cb-main\"> <div class=\"brlbs-cmpnt-cb-play-button\"><\/div> <div class=\"brlbs-cmpnt-cb-content\"> <p class=\"brlbs-cmpnt-cb-description\">Sie sehen gerade einen Platzhalterinhalt von <strong>YouTube<\/strong>. Um auf den eigentlichen Inhalt zuzugreifen, klicken Sie auf die Schaltfl\u00e4che unten. Bitte beachten Sie, dass dabei Daten an Drittanbieter weitergegeben werden.<\/p> <a class=\"brlbs-cmpnt-cb-provider-toggle\" href=\"#\" data-borlabs-cookie-show-provider-information role=\"button\">Mehr Informationen<\/a> <\/div> <div class=\"brlbs-cmpnt-cb-buttons\"> <a class=\"brlbs-cmpnt-cb-btn\" href=\"#\" data-borlabs-cookie-unblock role=\"button\">Inhalt entsperren<\/a> <a class=\"brlbs-cmpnt-cb-btn\" href=\"#\" data-borlabs-cookie-accept-service role=\"button\" style=\"display: inherit\">Erforderlichen Service akzeptieren und Inhalte entsperren<\/a> <\/div> <\/div> <\/div><\/div>\n<\/div><figcaption>Mami und Nia &#8211; Eine Animation gegen Stigmatisierung wegen COVID-19<\/figcaption><\/figure>\n\n\n\n    <div id=\"textblock-block_5f75c46d055e1\" class=\"textblock_container\">\n              <div class=\"short_red_line\"><\/div>\n        <h2 class=\"textblock_heading\">Lassen Sie sich von den Geschichten aus &#8222;Memoirs of an African Child&#8220; inspirieren<\/h2>\n        \n      <div class=\"textblock_content\"><\/div>\n          <\/div>\n      \n\n\n  \t<div class=\"quote_container side_left\">\n              <div class=\"quote_left\">\n          <image class=\"quote_image\" src=\"https:\/\/afrika-kommt.de\/wp-content\/uploads\/2020\/10\/Memoirs-of-an-African-Child_l.jpg\"><\/>\n        <\/div>\n        <div class=\"quote_right\">\n          <div class=\"quote_icon\"><image src='https:\/\/afrika-kommt.de\/wp-content\/themes\/helloIT_child\/template-parts\/blocks\/quote\/quote.svg'><\/image><\/div>\n          <div class=\"quote_content\">Lange Zeit haben wir diese wichtige Arbeit in die H\u00e4nde von Fremden gelegt und waren dann \u00fcberrascht, wenn unsere Geschichte falsch erz\u00e4hlt wurde.<\/div>\n                        <div class=\"quote_author\">Farirai Mubvuma<\/div>\n                      <div class=\"quote_title\">Autorin &#8222;Memoirs of an African Child&#8220;, AFRIKA KOMMT! Alumna<\/div>\n        <\/div>\n          \t<\/div>\n\n\n\n    <div id=\"puretextblock-block_5faa9a95e4e0c\" class=\"puretextblock_container\">\n      <div class=\"puretextblock_content\"><p>Farirai Mubvuma, Autorin von &#8222;Memoirs of an African Child&#8220; m\u00f6chte, dass mehr Menschen verstehen, wie es ist, in verschiedenen afrikanischen L\u00e4ndern aufzuwachsen.<\/p>\n<p>AFRIKA KOMMT! 2016-2018 bestand aus 22 Fellows aus 10 verschiedenen L\u00e4ndern. W\u00e4hrend ihres Aufenthalts in Deutschland erz\u00e4hlten sie sich gegenseitig ihre Geschichten. Und so entstand die Idee, diese in einem Buch aufzuschreiben.<\/p>\n<p>Elf Geschichten aus Angola, Burundi, Botsuana, C\u00f4te d&#8217;Ivoire, Ghana, Kenia, Mali, Nigeria und Simbabwe mutiger und neugieriger AFRIKA KOMMT! Alumni erz\u00e4hlen uns, wie es ist dort aufzuwachsen. Indem sie ihre Geschichten aufgeschrieben haben, zeigen uns die Alumni, was es bedeutet Afrika in seinen verschiedenen Facetten zu erkennen.<\/p>\n<\/div>\n    <\/div>\n\n\n  \t<div class=\"fellows_container\">\n\n      <div class=\"fellows_red_background\"><\/div>\n      <div class=\"fellows_red_background_mobile\">\n                      <div class=\"fellows_headline\">\n              <h2>Lernen Sie unsere Alumni kennen<\/h2>\n            <\/div>\n                  <div id=\"fellows_part\">\n                                  <div class=\"fellow_item\">\n              <div id=\"fellows-block_5faa9c03e4e0e\" class=\"fellows\" style=\"background-image: url('https:\/\/afrika-kommt.de\/wp-content\/uploads\/2021\/02\/Photo_Nesrine.jpg'); background-position: center; background-repeat: no-repeat; background-size: cover; \"><\/div>\n              <div class=\"fellows_info\">\n                <h3>Nesrine Karoui<\/h3>\n                <div class=\"fellows_cat\">Pharma\/Medical Technology\/Research<\/div>\n              <\/div>\n            <\/div>\n                                  <div class=\"fellow_item\">\n              <div id=\"fellows-block_5faa9c03e4e0e\" class=\"fellows\" style=\"background-image: url('https:\/\/afrika-kommt.de\/wp-content\/uploads\/2020\/10\/Priscilla-Gatonye_square-scaled.jpg'); background-position: center; background-repeat: no-repeat; background-size: cover; \"><\/div>\n              <div class=\"fellows_info\">\n                <h3>Priscilla Gatonye<\/h3>\n                <div class=\"fellows_cat\">Technology<\/div>\n              <\/div>\n            <\/div>\n                                  <div class=\"fellow_item\">\n              <div id=\"fellows-block_5faa9c03e4e0e\" class=\"fellows\" style=\"background-image: url('https:\/\/afrika-kommt.de\/wp-content\/uploads\/2020\/10\/BFC_0788_a_Collins-Agoro_square-scaled.jpg'); background-position: center; background-repeat: no-repeat; background-size: cover; \"><\/div>\n              <div class=\"fellows_info\">\n                <h3>Collins Obiero Agoro<\/h3>\n                <div class=\"fellows_cat\">International Cooperation<\/div>\n              <\/div>\n            <\/div>\n                                  <div class=\"fellow_item\">\n              <div id=\"fellows-block_5faa9c03e4e0e\" class=\"fellows\" style=\"background-image: url('https:\/\/afrika-kommt.de\/wp-content\/uploads\/2020\/10\/Gafar-Coulidiaty_k_square.jpg'); background-position: center; background-repeat: no-repeat; background-size: cover; \"><\/div>\n              <div class=\"fellows_info\">\n                <h3>Abdul Gafar Victoir Coulidiaty<\/h3>\n                <div class=\"fellows_cat\">Pharma\/Medical Technology\/Research<\/div>\n              <\/div>\n            <\/div>\n                  <\/div>\n              <\/div>\n  \t<\/div>\n","protected":false},"excerpt":{"rendered":"","protected":false},"author":1,"featured_media":0,"parent":343,"menu_order":1,"comment_status":"closed","ping_status":"closed","template":"","meta":{"_acf_changed":false,"neve_meta_sidebar":"full-width","neve_meta_container":"","neve_meta_enable_content_width":"on","neve_meta_content_width":100,"neve_meta_title_alignment":"","neve_meta_author_avatar":"","neve_post_elements_order":"","neve_meta_disable_header":"","neve_meta_disable_footer":"","neve_meta_disable_title":"","neve_meta_reading_time":"","footnotes":""},"class_list":["post-3452","page","type-page","status-publish","hentry"],"acf":[],"_links":{"self":[{"href":"https:\/\/afrika-kommt.de\/de\/wp-json\/wp\/v2\/pages\/3452","targetHints":{"allow":["GET"]}}],"collection":[{"href":"https:\/\/afrika-kommt.de\/de\/wp-json\/wp\/v2\/pages"}],"about":[{"href":"https:\/\/afrika-kommt.de\/de\/wp-json\/wp\/v2\/types\/page"}],"author":[{"embeddable":true,"href":"https:\/\/afrika-kommt.de\/de\/wp-json\/wp\/v2\/users\/1"}],"replies":[{"embeddable":true,"href":"https:\/\/afrika-kommt.de\/de\/wp-json\/wp\/v2\/comments?post=3452"}],"version-history":[{"count":5,"href":"https:\/\/afrika-kommt.de\/de\/wp-json\/wp\/v2\/pages\/3452\/revisions"}],"predecessor-version":[{"id":3989,"href":"https:\/\/afrika-kommt.de\/de\/wp-json\/wp\/v2\/pages\/3452\/revisions\/3989"}],"up":[{"embeddable":true,"href":"https:\/\/afrika-kommt.de\/de\/wp-json\/wp\/v2\/pages\/343"}],"wp:attachment":[{"href":"https:\/\/afrika-kommt.de\/de\/wp-json\/wp\/v2\/media?parent=3452"}],"curies":[{"name":"wp","href":"https:\/\/api.w.org\/{rel}","templated":true}]}}