{"id":3444,"date":"2020-11-13T15:35:45","date_gmt":"2020-11-13T14:35:45","guid":{"rendered":"http:\/\/wp13590066.server-he.de\/become-a-partner\/faq-fuer-partner\/"},"modified":"2020-11-17T14:19:06","modified_gmt":"2020-11-17T13:19:06","slug":"faq-fuer-partner","status":"publish","type":"page","link":"https:\/\/afrika-kommt.de\/de\/become-a-partner\/faq-fuer-partner\/","title":{"rendered":"FAQ f\u00fcr Partner"},"content":{"rendered":"<div class=\"accordion-block-container accordion-block_5faea5c795ca7 noHeadline\">\n    <div class=\"accordion_content\">\n          <div class=\"accordionfield_headline\">\n          <h3>Allgemeine Fragen zum Programm<\/h3>\n      <\/div>\n                  <div class=\"accordion-block\">\n          \t\t<button class=\"accordion-block_5faea5c795ca7 accordion\">Was ist AFRIKA KOMMT! ?<\/button>\n          \t\t<div class=\"panel\">\n          \t\t  <p>AFRIKA KOMMT! ist ein Fellowship Programm, dass vision\u00e4re afrikanische Fach- und F\u00fchrungskr\u00e4fte mit f\u00fchrenden deutschen Unternehmen zusammenbringt. Sie bereiten zusammen den Weg f\u00fcr afrikanisch-europ\u00e4ische Wirtschaftsbeziehungen und eine Kooperation, die f\u00fcr alle Seiten vorteilhaft ist.<a href=\"https:\/\/afrika-kommt.de\/de\/about-the-programme\/\"> Mehr Information zum Programm.<\/a><\/p>\n          \t\t<\/div>\n            <\/div>\n        \t\t            <div class=\"accordion-block\">\n          \t\t<button class=\"accordion-block_5faea5c795ca7 accordion\">Wie kann AFRIKA KOMMT! sowohl afrikanische Nachwuchsf\u00fchrungskr\u00e4fte als auch deutsche Unternehmen zugutekommen? <\/button>\n          \t\t<div class=\"panel\">\n          \t\t  <p>Deutsche Unternehmen profitieren von der Expertise, lokalen Netzwerken und der einzigartigen Perspektive der jungen Expert*innen. Die afrikanischen Fellows tauchen tief in die deutsche Unternehmenswelt ein und lernen die deutsche Kultur kennen. AFRIKA KOMMT! macht Wandel greifbar und erm\u00f6glicht neue Sichtweisen sowohl auf Deutschland als auch die afrikanischen L\u00e4nder in all ihrer Verschiedenartigkeit. AFRIKA KOMMT! bietet den afrikanischen Fellows eine tiefgreifende Erfahrungen, st\u00e4rkt Wirtschaftsbeziehungen mit Afrika und f\u00f6rdert \u00f6konomisches und soziales Wachstum in den Herkunftsl\u00e4ndern und Kontexten der Fellows.<\/p>\n          \t\t<\/div>\n            <\/div>\n        \t\t            <div class=\"accordion-block\">\n          \t\t<button class=\"accordion-block_5faea5c795ca7 accordion\">Wer finanziert das Programm AFRIKA KOMMT!?<\/button>\n          \t\t<div class=\"panel\">\n          \t\t  <p>AFRIKA KOMMT! ist ein Programm der deutschen Wirtschaft und wird voll durch die teilnehmenden Unternehmen finanziert. F\u00fcr die Fellows werden alle Kosten im Rahmen des Programms \u00fcbernommen (Fl\u00fcge, Unterkunft, Lebenshaltungskosten, Trainings, Deutschkurs, etc.)<\/p>\n          \t\t<\/div>\n            <\/div>\n        \t\t\n  <\/div>\n<\/div>\n\n\n<div class=\"accordion-block-container accordion-block_5faea80395cc1 noHeadline\">\n    <div class=\"accordion_content\">\n          <div class=\"accordionfield_headline\">\n          <h3>Fragen zu Teilnahme als Unternehmen<\/h3>\n      <\/div>\n                  <div class=\"accordion-block\">\n          \t\t<button class=\"accordion-block_5faea80395cc1 accordion\">Unser Unternehmen hat keine Niederlassungen in Afrika und nicht einmal eine Abteilung f\u00fcr Afrika. K\u00f6nnen wir trotzdem teilnehmen?<\/button>\n          \t\t<div class=\"panel\">\n          \t\t  <p>Ja, das Programm steht allen deutschen Unternehmen offen, egal ob sie bereits auf dem afrikanischen Kontinent aktiv sind oder konkrete Pl\u00e4ne haben dies zu werden. <a href=\"https:\/\/afrika-kommt.de\/de\/become-a-partner\/warum-soll-ich-partner-werden\/\">Mehr Informationen warum deutsche Unternehmen an AFRIKA KOMMT! teilnehmen, finden Sie hier. <\/a><\/p>\n          \t\t<\/div>\n            <\/div>\n        \t\t            <div class=\"accordion-block\">\n          \t\t<button class=\"accordion-block_5faea80395cc1 accordion\">Wer \u00fcbernimmt die administrativen Aufgaben f\u00fcr den Aufenthalt der Fellows, z.B. Visabeschaffung und Unterkunft? <\/button>\n          \t\t<div class=\"panel\">\n          \t\t  <p>Die GIZ \u00fcbernimmt alle administrativen Aufgaben des Programms, die die Einreise, Unterkunft und Programminhalte betreffen. <a href=\"https:\/\/afrika-kommt.de\/de\/become-a-partner\/was-sollte-ich-als-unternehmen-wissen\/\">Mehr Informationen dazu.<\/a><\/p>\n          \t\t<\/div>\n            <\/div>\n        \t\t            <div class=\"accordion-block\">\n          \t\t<button class=\"accordion-block_5faea80395cc1 accordion\">Wir sind auf der Suche nach einer Partnerschaft, um unsere Produkte in Afrika zu vermarkten. Ist AFRIKA KOMMT! das richtige Programm f\u00fcr uns? <\/button>\n          \t\t<div class=\"panel\">\n          \t\t  <p>Ja! Viele unserer Alumni sind nun f\u00fcr die Partnerunternehmen vor Ort aktiv. Einige haben als lokale Handelsvertreter*innen begonnen und nun erfolgreich eine Niederlassung f\u00fcr ihr Unternehmen er\u00f6ffnet. <a href=\"https:\/\/afrika-kommt.de\/de\/become-a-fellow\/warum-soll-ich-teilnehmen\/\">Warum Unternehmen an AFRIKA KOMMT! teilnehmen<\/a><\/p>\n          \t\t<\/div>\n            <\/div>\n        \t\t            <div class=\"accordion-block\">\n          \t\t<button class=\"accordion-block_5faea80395cc1 accordion\">Wer deckt die Kosten des Programms?<\/button>\n          \t\t<div class=\"panel\">\n          \t\t  <p>AFRIKA KOMMT! ist eine Initiative der deutschen Wirtschaft und alle Kosten werden durch die teilnehmenden Unternehmen getragen. <a href=\"https:\/\/afrika-kommt.de\/de\/become-a-partner\/wie-werde-ich-partner\/\">Mehr Informationen zu unterschiedlichen Beteiligungsm\u00f6glichkeiten finden Sie hier.<\/a><\/p>\n          \t\t<\/div>\n            <\/div>\n        \t\t            <div class=\"accordion-block\">\n          \t\t<button class=\"accordion-block_5faea80395cc1 accordion\">Wir w\u00fcrden gerne mehr als einen Fellow aufnehmen. Geht das?<\/button>\n          \t\t<div class=\"panel\">\n          \t\t  <p>Sie k\u00f6nnen so viele Fellows aufnehmen, wie Sie m\u00f6chten.<\/p>\n          \t\t<\/div>\n            <\/div>\n        \t\t            <div class=\"accordion-block\">\n          \t\t<button class=\"accordion-block_5faea80395cc1 accordion\">Kann ich das Profil des Fellows vorgeben, nachdem ich suche?<\/button>\n          \t\t<div class=\"panel\">\n          \t\t  <p>Ja, die teilnehmenden Unternehmen definieren das gesuchte Profil und der Auswahlprozess der Fellows findet dann in enger Abstimmung mit den Unternehmen statt.<\/p>\n          \t\t<\/div>\n            <\/div>\n        \t\t            <div class=\"accordion-block\">\n          \t\t<button class=\"accordion-block_5faea80395cc1 accordion\">Aus welchen L\u00e4ndern kommen die Fellows?<\/button>\n          \t\t<div class=\"panel\">\n          \t\t  <p>AFRIKA KOMMT! steht Bewerber*innen aus allen afrikanischen L\u00e4ndern offen. Wenn Sie nach Bewerber*innen aus einer Region suchen, k\u00f6nnen Sie dies in Ihrem Profil festhalten. <a href=\"https:\/\/afrika-kommt.de\/de\/our-network\/triff-unsere-alumni\/\">Hier k\u00f6nnen Sie sehen, aus welchen L\u00e4ndern unsere Fellows bisher kamen.<\/a><\/p>\n          \t\t<\/div>\n            <\/div>\n        \t\t\n  <\/div>\n<\/div>\n\n\n\n<h2 class=\"narrow wp-block-heading\">Kontaktieren Sie uns f\u00fcr mehr Informationen<\/h2>\n\n\n\n  \t<div id=\"contact-block_8127404790f265c89c881c4a7316adcc\" class=\"contact_container\">\n                <div class=\"contact_image square\" style=\"background-image: url('https:\/\/afrika-kommt.de\/wp-content\/uploads\/2024\/01\/f92f1a03-1309-44b2-b41a-36050e56535c-300x268.jpg'); background-position: center; background-repeat: no-repeat; background-size: cover;\"><\/div>\n          <div class=\"contact_content\">\n                \n        <h2 class=\"contact_headline\">Dennis Mutschler-Neumann<\/h2>\n        <div class=\"contact_subtile\">Head of Programme<\/div>\n        <a class=\"contact_phone\" href=\"tel:\" title=\"Phone Icon\"><image src='https:\/\/afrika-kommt.de\/wp-content\/themes\/helloIT_child\/template-parts\/blocks\/contact\/phone.svg'><\/image><div class=\"contact_phone_number\"><\/div><\/a>\n        <a class=\"contact_mail\" href=\"mailto:Dennis.Mutschler-Neumann@giz.de\" title=\"Email Icon\"><image src='https:\/\/afrika-kommt.de\/wp-content\/themes\/helloIT_child\/template-parts\/blocks\/contact\/mail.svg'><\/image><div class=\"contact_mail_mail\">Dennis.Mutschler-Neumann@giz.de<\/div><\/a>\n      <\/div>\n\n  \t<\/div>\n    ","protected":false},"excerpt":{"rendered":"<p>Kontaktieren Sie uns f\u00fcr mehr Informationen<\/p>\n","protected":false},"author":1,"featured_media":0,"parent":342,"menu_order":4,"comment_status":"closed","ping_status":"closed","template":"","meta":{"_acf_changed":false,"neve_meta_sidebar":"full-width","neve_meta_container":"","neve_meta_enable_content_width":"on","neve_meta_content_width":100,"neve_meta_title_alignment":"","neve_meta_author_avatar":"","neve_post_elements_order":"","neve_meta_disable_header":"","neve_meta_disable_footer":"","neve_meta_disable_title":"","neve_meta_reading_time":"","footnotes":""},"class_list":["post-3444","page","type-page","status-publish","hentry"],"acf":[],"_links":{"self":[{"href":"https:\/\/afrika-kommt.de\/de\/wp-json\/wp\/v2\/pages\/3444","targetHints":{"allow":["GET"]}}],"collection":[{"href":"https:\/\/afrika-kommt.de\/de\/wp-json\/wp\/v2\/pages"}],"about":[{"href":"https:\/\/afrika-kommt.de\/de\/wp-json\/wp\/v2\/types\/page"}],"author":[{"embeddable":true,"href":"https:\/\/afrika-kommt.de\/de\/wp-json\/wp\/v2\/users\/1"}],"replies":[{"embeddable":true,"href":"https:\/\/afrika-kommt.de\/de\/wp-json\/wp\/v2\/comments?post=3444"}],"version-history":[{"count":4,"href":"https:\/\/afrika-kommt.de\/de\/wp-json\/wp\/v2\/pages\/3444\/revisions"}],"predecessor-version":[{"id":3733,"href":"https:\/\/afrika-kommt.de\/de\/wp-json\/wp\/v2\/pages\/3444\/revisions\/3733"}],"up":[{"embeddable":true,"href":"https:\/\/afrika-kommt.de\/de\/wp-json\/wp\/v2\/pages\/342"}],"wp:attachment":[{"href":"https:\/\/afrika-kommt.de\/de\/wp-json\/wp\/v2\/media?parent=3444"}],"curies":[{"name":"wp","href":"https:\/\/api.w.org\/{rel}","templated":true}]}}