{"id":3433,"date":"2020-11-13T15:10:10","date_gmt":"2020-11-13T14:10:10","guid":{"rendered":"http:\/\/wp13590066.server-he.de\/become-a-partner\/wie-werde-ich-partner\/"},"modified":"2020-11-19T10:22:17","modified_gmt":"2020-11-19T09:22:17","slug":"wie-werde-ich-partner","status":"publish","type":"page","link":"https:\/\/afrika-kommt.de\/de\/become-a-partner\/wie-werde-ich-partner\/","title":{"rendered":"Wie werde ich Partner?"},"content":{"rendered":"\n    <div id=\"puretextblock-block_5fa55e0514bfa\" class=\"puretextblock_container\">\n      <div class=\"puretextblock_content\"><p>Sie haben folgende M\u00f6glichkeiten Partner des Programms AFRIKA KOMMT! zu werden:<\/p>\n<\/div>\n    <\/div>\n\n\n\n    <div id=\"textblock-block_5fa55d4214bf8\" class=\"textblock_container\">\n              <div class=\"short_red_line\"><\/div>\n        <h2 class=\"textblock_heading\"> Aufnahme einer talentierten afrikanischen F\u00fchrungspers\u00f6nlichkeit<\/h2>\n        \n      <div class=\"textblock_content\"><p>Dies ist die g\u00e4ngigste Form der Partnerschaft mit AFRIKA KOMMT!<\/p>\n<p>Um die besten Talente finden zu k\u00f6nnen,\u00a0 bestimmen Sie als Unternehmen Ihr Wunschprofil mit allen erforderlichen Qualifikationen. Nach erfolgreicher Auswahl startet der\/die Kandidat*in das einj\u00e4hrige Programm in Deutschland und bereichert Ihr Unternehmen\u00a0 mit allen professionellen und pers\u00f6nlichen Kompetenzen.<br \/>\nDie achtmonatige Praxisphase der Fellows in Ihrem Unternehmen wird erg\u00e4nzt durch ma\u00dfgeschneiderte Management-Trainings und Austauschformate der GIZ. W\u00e4hrend der Praxisphase erhalten die Fellows einen tiefen Einblick in das Arbeitsumfeld und die Arbeitsprozesse in Ihrem Unternehmen. Sie Ihrerseits profitieren von dem fundierten Fachwissen und vielf\u00e4ltigen Perspektiven und Ans\u00e4tzen, die die Fellows einbringen. Als Unternehmen k\u00f6nnen Sie so viele Teilnehmer*innen aufnehmen, wie Sie w\u00fcnschen. Die Programmkosten werden je Fellow von Ihnen getragen.<\/p>\n<\/div>\n          <\/div>\n      \n\n\n<figure class=\"wp-block-image size-large\"><img loading=\"lazy\" decoding=\"async\" width=\"1024\" height=\"683\" src=\"https:\/\/afrika-kommt.de\/wp-content\/uploads\/2020\/11\/7-1024x683.jpg\" alt=\"\" class=\"wp-image-2785\" srcset=\"https:\/\/afrika-kommt.de\/wp-content\/uploads\/2020\/11\/7-1024x683.jpg 1024w, https:\/\/afrika-kommt.de\/wp-content\/uploads\/2020\/11\/7-300x200.jpg 300w, https:\/\/afrika-kommt.de\/wp-content\/uploads\/2020\/11\/7-768x512.jpg 768w, https:\/\/afrika-kommt.de\/wp-content\/uploads\/2020\/11\/7-1536x1024.jpg 1536w, https:\/\/afrika-kommt.de\/wp-content\/uploads\/2020\/11\/7-2048x1365.jpg 2048w, https:\/\/afrika-kommt.de\/wp-content\/uploads\/2020\/11\/7-930x620.jpg 930w\" sizes=\"auto, (max-width: 1024px) 100vw, 1024px\" \/><\/figure>\n\n\n\n    <div id=\"textblock-block_5fa55dee14bf9\" class=\"textblock_container\">\n              <div class=\"short_red_line\"><\/div>\n        <h2 class=\"textblock_heading\">Finanzielles Sponsoring<\/h2>\n        \n      <div class=\"textblock_content\"><p>AFRIKA KOMMT! bietet ein breites Spektrum an M\u00f6glichkeiten f\u00fcr junge afrikanische Fach- und F\u00fchrungskr\u00e4fte, st\u00e4rkt exklusive Netzwerke und erm\u00f6glicht den Dialog im deutsch-afrikanischen Austausch zwischen Unternehmen und namhaften Institutionen. Das Programm setzt aktuelle Themen auf die Agenda f\u00fcr einen zukunftsorientierten internationalen Dialog und wird dabei\u00a0 auf h\u00f6chster politischer Ebene unterst\u00fctzt. Werden Sie Teil des Programms und setzen Sie mit uns gemeinsam die Ziele von AFRIKA KOMMT! um.<\/p>\n<p>Die M\u00f6glichkeiten f\u00fcr Sponsoring sind vielf\u00e4ltig. Sie k\u00f6nnen einzelne Programmelemente wie Workshops oder Seminare finanzieren, Ihr Fachwissen oder Ihre ganz eigenen Ideen einbringen. Werden Sie sichtbar als Unternehmen und Partner von AFRIKA KOMMT! Schaffen Sie mit uns\u00a0 eine bessere Zukunft.<\/p>\n<\/div>\n          <\/div>\n      \n\n\n    <div id=\"textblock-block_5fa95844123e6\" class=\"textblock_container\">\n              <div class=\"short_red_line\"><\/div>\n        <h2 class=\"textblock_heading\">Inspirierendes Seminar<\/h2>\n        \n      <div class=\"textblock_content\"><p>Mit AFRIKA KOMMT! verstehen wir uns als Akteure des Wandels f\u00fcr eine bessere Zukunft f\u00fcr alle. Ideen, Visionen, Tr\u00e4ume und Wege zum Erfolg zu teilen ist ein wichtiges Element auf unserer Reise. Wir erz\u00e4hlen Geschichten, inspirieren einander, lernen voneinander und freuen uns, gemeinsam Ziele zu erreichen. Mittels der Durchf\u00fchrung eines inspirierenden Seminars werden Sie Teil dieses Prozesses Ideen mit zu entwickeln, die am Ende ausschlaggebend sind, um die Zukunft zu ver\u00e4ndern. Dar\u00fcber hinaus erhalten Sie die M\u00f6glichkeit essentielle Werte und Erfolge Ihres Unternehmens zu teilen und die Tr\u00e4ume und Ziele der Fellows zu inspirieren.<\/p>\n<\/div>\n          <\/div>\n      \n\n<div id=\"slider-block_5fa55ea014bfb\" class=\"slider sliderblock\">\n    \t\t<div class=\"slides\">\n\t\t\t        <div class=\"slides_container\">\n\t\t\t\t <div class=\"slides_image\" style=\"background-image: url('https:\/\/afrika-kommt.de\/wp-content\/uploads\/2020\/11\/DSC07789-scaled.jpg'); background-position: center; background-repeat: no-repeat; background-size: contain; \"><\/div>\n\t\t\t\t\t            <div class=\"slide_caption\"><div class=\"image_count\">Image 1\/6: <\/div>Visit of Bucerius Law School during Weekend Seminar organised by Zeit-Stiftung Ebelin und Gerd Bucerius<\/div>\n                  <\/div>\n\n\t\t\t        <div class=\"slides_container\">\n\t\t\t\t <div class=\"slides_image\" style=\"background-image: url('https:\/\/afrika-kommt.de\/wp-content\/uploads\/2020\/11\/zeit-stiftung-1-scaled.jpg'); background-position: center; background-repeat: no-repeat; background-size: contain; \"><\/div>\n\t\t\t\t\t            <div class=\"slide_caption\"><div class=\"image_count\">Image 2\/6: <\/div>Visit of Bucerius Law School during Weekend Seminar organised by Zeit-Stiftung Ebelin und Gerd Bucerius<\/div>\n                  <\/div>\n\n\t\t\t        <div class=\"slides_container\">\n\t\t\t\t <div class=\"slides_image\" style=\"background-image: url('https:\/\/afrika-kommt.de\/wp-content\/uploads\/2020\/11\/Hamburg_AK6_Quelle-Zeit-Stiftung-scaled.jpg'); background-position: center; background-repeat: no-repeat; background-size: contain; \"><\/div>\n\t\t\t\t\t            <div class=\"slide_caption\"><div class=\"image_count\">Image 3\/6: <\/div>Visit of Bucerius Law School during Weekend Seminar organised by Zeit-Stiftung Ebelin und Gerd Bucerius<\/div>\n                  <\/div>\n\n\t\t\t        <div class=\"slides_container\">\n\t\t\t\t <div class=\"slides_image\" style=\"background-image: url('https:\/\/afrika-kommt.de\/wp-content\/uploads\/2020\/11\/DSC07748-1-scaled.jpg'); background-position: center; background-repeat: no-repeat; background-size: contain; \"><\/div>\n\t\t\t\t\t            <div class=\"slide_caption\"><div class=\"image_count\">Image 4\/6: <\/div>Visit of EUREF Campus during Study Tour<\/div>\n                  <\/div>\n\n\t\t\t        <div class=\"slides_container\">\n\t\t\t\t <div class=\"slides_image\" style=\"background-image: url('https:\/\/afrika-kommt.de\/wp-content\/uploads\/2020\/11\/DSC07756-scaled.jpg'); background-position: center; background-repeat: no-repeat; background-size: contain; \"><\/div>\n\t\t\t\t\t            <div class=\"slide_caption\"><div class=\"image_count\">Image 5\/6: <\/div>Visit of BDI during Study Tour in Berlin<\/div>\n                  <\/div>\n\n\t\t\t        <div class=\"slides_container\">\n\t\t\t\t <div class=\"slides_image\" style=\"background-image: url('https:\/\/afrika-kommt.de\/wp-content\/uploads\/2020\/11\/studyvisit_subsahara3.jpg'); background-position: center; background-repeat: no-repeat; background-size: contain; \"><\/div>\n\t\t\t\t\t            <div class=\"slide_caption\"><div class=\"image_count\">Image 6\/6: <\/div>Visit of the Chamber of Crafts during Study Tour<\/div>\n                  <\/div>\n\n\t\t\t\t\t<\/div>\n\t<\/div>\n\n\n\n    <div id=\"textblock-block_5fa952ccc65b9\" class=\"textblock_container\">\n      \n      <div class=\"textblock_content\"><\/div>\n          <\/div>\n      \n\n\n<h2 class=\"wp-block-heading\">Kontaktieren Sie uns f\u00fcr mehr Informationen<\/h2>\n\n\n\n  \t<div id=\"contact-block_de1405368639112aabd5151d086909af\" class=\"contact_container\">\n                <div class=\"contact_image square\" style=\"background-image: url('https:\/\/afrika-kommt.de\/wp-content\/uploads\/2024\/01\/f92f1a03-1309-44b2-b41a-36050e56535c-300x268.jpg'); background-position: center; background-repeat: no-repeat; background-size: cover;\"><\/div>\n          <div class=\"contact_content\">\n                \n        <h2 class=\"contact_headline\">Dennis Mutschler-Neumann<\/h2>\n        <div class=\"contact_subtile\">Head of Programme<\/div>\n        <a class=\"contact_phone\" href=\"tel:\" title=\"Phone Icon\"><image src='https:\/\/afrika-kommt.de\/wp-content\/themes\/helloIT_child\/template-parts\/blocks\/contact\/phone.svg'><\/image><div class=\"contact_phone_number\"><\/div><\/a>\n        <a class=\"contact_mail\" href=\"mailto:Dennis.Mutschler-Neumann@giz.de\" title=\"Email Icon\"><image src='https:\/\/afrika-kommt.de\/wp-content\/themes\/helloIT_child\/template-parts\/blocks\/contact\/mail.svg'><\/image><div class=\"contact_mail_mail\">Dennis.Mutschler-Neumann@giz.de<\/div><\/a>\n      <\/div>\n\n  \t<\/div>\n    \n\n\n    <div id=\"textblock-block_5fa9532bc65ba\" class=\"textblock_container\">\n      \n      <div class=\"textblock_content\"><\/div>\n          <\/div>\n      ","protected":false},"excerpt":{"rendered":"<p>Kontaktieren Sie uns f\u00fcr mehr Informationen<\/p>\n","protected":false},"author":1,"featured_media":0,"parent":342,"menu_order":2,"comment_status":"closed","ping_status":"closed","template":"","meta":{"_acf_changed":false,"neve_meta_sidebar":"full-width","neve_meta_container":"","neve_meta_enable_content_width":"on","neve_meta_content_width":100,"neve_meta_title_alignment":"","neve_meta_author_avatar":"","neve_post_elements_order":"","neve_meta_disable_header":"","neve_meta_disable_footer":"","neve_meta_disable_title":"","neve_meta_reading_time":"","footnotes":""},"class_list":["post-3433","page","type-page","status-publish","hentry"],"acf":[],"_links":{"self":[{"href":"https:\/\/afrika-kommt.de\/de\/wp-json\/wp\/v2\/pages\/3433","targetHints":{"allow":["GET"]}}],"collection":[{"href":"https:\/\/afrika-kommt.de\/de\/wp-json\/wp\/v2\/pages"}],"about":[{"href":"https:\/\/afrika-kommt.de\/de\/wp-json\/wp\/v2\/types\/page"}],"author":[{"embeddable":true,"href":"https:\/\/afrika-kommt.de\/de\/wp-json\/wp\/v2\/users\/1"}],"replies":[{"embeddable":true,"href":"https:\/\/afrika-kommt.de\/de\/wp-json\/wp\/v2\/comments?post=3433"}],"version-history":[{"count":8,"href":"https:\/\/afrika-kommt.de\/de\/wp-json\/wp\/v2\/pages\/3433\/revisions"}],"predecessor-version":[{"id":3838,"href":"https:\/\/afrika-kommt.de\/de\/wp-json\/wp\/v2\/pages\/3433\/revisions\/3838"}],"up":[{"embeddable":true,"href":"https:\/\/afrika-kommt.de\/de\/wp-json\/wp\/v2\/pages\/342"}],"wp:attachment":[{"href":"https:\/\/afrika-kommt.de\/de\/wp-json\/wp\/v2\/media?parent=3433"}],"curies":[{"name":"wp","href":"https:\/\/api.w.org\/{rel}","templated":true}]}}