{"id":3430,"date":"2020-11-13T15:06:27","date_gmt":"2020-11-13T14:06:27","guid":{"rendered":"http:\/\/wp13590066.server-he.de\/become-a-partner\/was-sollte-ich-als-unternehmen-wissen\/"},"modified":"2020-11-23T15:45:38","modified_gmt":"2020-11-23T14:45:38","slug":"was-sollte-ich-als-unternehmen-wissen","status":"publish","type":"page","link":"https:\/\/afrika-kommt.de\/de\/become-a-partner\/was-sollte-ich-als-unternehmen-wissen\/","title":{"rendered":"Was sollte ich als Unternehmen wissen?"},"content":{"rendered":"\n    <div id=\"puretextblock-block_5fa5445c6acec\" class=\"puretextblock_container\">\n      <div class=\"puretextblock_content\"><p>AFRIKA KOMMT! bringt die vision\u00e4rsten Nachwuchsf\u00fchrungskr\u00e4fte aus Afrika mit f\u00fchrenden deutschen Unternehmen zusammen. Die Unternehmen profitieren von der Expertise, dem Wissen, den lokalen Netzwerken und der einzigartigen afrikanischen Perspektive der Fellows. Die Fellows erhalten tiefen Einblick in die deutsche Unternehmenswelt und lernen viel \u00fcber Unternehmertum in Deutschland, die deutsche Gesellschaft und Kultur und werden so zu &#8218;Change Agents&#8216; deutsch-afrikanischer Beziehungen.<\/p>\n<p lang=\"en-GB\">Die gesamte Programmlaufzeit betr\u00e4gt zwei Jahre und gliedert sich wie folgt:<\/p>\n<\/div>\n    <\/div>\n\n\n\n    <div id=\"trenner-block_5fae818410dc5\" class=\"trenner_container\">\n              <div class=\"short_red_line\"><\/div>\n        <h2 class=\"trenner_heading\">Ein ganzheitliches Programm in drei Phasen<\/h2>\n              <div class=\"phases\">\n                  <div class=\"phase\">\n            <div class=\"trenner grey\"><h3>Auswahl und Vorbereitung\u00a0<\/h3><\/div>\n            <div class=\"trenner_content\"><ul type=\"disc\">\n<li>Festlegung der Wunschprofile durch die Unternehmen<\/li>\n<li>Bewerbungsphase<\/li>\n<li>Auswahl der Kandidat*innen\u00a0f\u00fcr das Assessment Center<\/li>\n<li>Assessment Center und finale Auswahl der Fellows<\/li>\n<li>Vorbereitender Deutschsprachkurs\u00a0f\u00fcr ausgew\u00e4hlte Fellows\u00a0im Herkunftsland<\/li>\n<\/ul>\n<\/div>\n          <\/div>\n                  <div class=\"phase\">\n            <div class=\"trenner red\"><h3>Einj\u00e4hriger Aufenthalt in Deutschland\u00a0<\/h3><\/div>\n            <div class=\"trenner_content\"><ul type=\"disc\">\n<li>Intensivsprachkurs Deutsch<\/li>\n<li>Drei Managementtrainings\u00a0(Fokus: Interkulturelle Kompetenzen, Leadership, Projekt- und Change Management)<\/li>\n<li>Achtmonatiger Aufenthalt als Fellow im Partnerunternehmen<\/li>\n<li>Einw\u00f6chige Studienreise<\/li>\n<li>Gemeinsame Wochenendseminare<\/li>\n<li>Netzwerkveranstaltungen<\/li>\n<li>Offizielle Verabschiedung durch das Ausw\u00e4rtige Amt<\/li>\n<\/ul>\n<\/div>\n          <\/div>\n                  <div class=\"phase\">\n            <div class=\"trenner orange\"><h3>Alumniphase\u00a0<\/h3><\/div>\n            <div class=\"trenner_content\"><ul style=\"margin-left: .375in; direction: ltr; unicode-bidi: embed; margin-top: 0in; margin-bottom: 0in;\" type=\"disc\">\n<li>Einw\u00f6chiger Refresherkurs<\/li>\n<li><span lang=\"de\">Teilnahme an AFRIKA KOMMT! Veranstaltungen\u00a0<\/span><span lang=\"en-GB\">\u00a0<\/span><\/li>\n<li>Alumni-Projekte<\/li>\n<li style=\"margin-top: 0; margin-bottom: 0; vertical-align: middle;\">Kontinuierliches Netzwerken<\/li>\n<\/ul>\n<\/div>\n          <\/div>\n              <\/div>\n          <\/div>\n\n\n\n    <div id=\"textblock-block_5fa544786aced\" class=\"textblock_container\">\n              <div class=\"short_red_line\"><\/div>\n        <h2 class=\"textblock_heading\">Mehr \u00fcber das Programm<\/h2>\n        \n      <div class=\"textblock_content\"><\/div>\n      \n              <a class=\"textblock_link\" href=\"https:\/\/afrika-kommt.de\/de\/about-the-programme\/das-programm\/\" target=\"\" title=\"Das Programm\">Das Programm<\/a>\n          <\/div>\n      \n\n\n<figure class=\"wp-block-image size-large\"><img loading=\"lazy\" decoding=\"async\" width=\"1024\" height=\"681\" src=\"https:\/\/afrika-kommt.de\/wp-content\/uploads\/2020\/11\/10-Jahresfeier-AFRIKA-KOMMT_Projektleiterin-Lydia-Jebauer-Nirschl-mit-Uwe-Raschke-CEO-Robert-Bosch-GmbH-und-Dr.-Andreas-Neumann-CEO-Boehringer-Ingelheim-GmbH-1-1024x681.jpg\" alt=\"\" class=\"wp-image-2811\" srcset=\"https:\/\/afrika-kommt.de\/wp-content\/uploads\/2020\/11\/10-Jahresfeier-AFRIKA-KOMMT_Projektleiterin-Lydia-Jebauer-Nirschl-mit-Uwe-Raschke-CEO-Robert-Bosch-GmbH-und-Dr.-Andreas-Neumann-CEO-Boehringer-Ingelheim-GmbH-1-1024x681.jpg 1024w, https:\/\/afrika-kommt.de\/wp-content\/uploads\/2020\/11\/10-Jahresfeier-AFRIKA-KOMMT_Projektleiterin-Lydia-Jebauer-Nirschl-mit-Uwe-Raschke-CEO-Robert-Bosch-GmbH-und-Dr.-Andreas-Neumann-CEO-Boehringer-Ingelheim-GmbH-1-300x200.jpg 300w, https:\/\/afrika-kommt.de\/wp-content\/uploads\/2020\/11\/10-Jahresfeier-AFRIKA-KOMMT_Projektleiterin-Lydia-Jebauer-Nirschl-mit-Uwe-Raschke-CEO-Robert-Bosch-GmbH-und-Dr.-Andreas-Neumann-CEO-Boehringer-Ingelheim-GmbH-1-768x511.jpg 768w, https:\/\/afrika-kommt.de\/wp-content\/uploads\/2020\/11\/10-Jahresfeier-AFRIKA-KOMMT_Projektleiterin-Lydia-Jebauer-Nirschl-mit-Uwe-Raschke-CEO-Robert-Bosch-GmbH-und-Dr.-Andreas-Neumann-CEO-Boehringer-Ingelheim-GmbH-1-1536x1022.jpg 1536w, https:\/\/afrika-kommt.de\/wp-content\/uploads\/2020\/11\/10-Jahresfeier-AFRIKA-KOMMT_Projektleiterin-Lydia-Jebauer-Nirschl-mit-Uwe-Raschke-CEO-Robert-Bosch-GmbH-und-Dr.-Andreas-Neumann-CEO-Boehringer-Ingelheim-GmbH-1-2048x1363.jpg 2048w\" sizes=\"auto, (max-width: 1024px) 100vw, 1024px\" \/><figcaption>10-Jahresfeier AFRIKA KOMMT! mit Andreas Neumann, fr\u00fcherer CEO Boehringer Ingelheim, Lydia Jebauer-Nirschl, GIZ, und Uwe Raschke, CEO Robert Bosch GmbH, (v.l.n.r.)<\/figcaption><\/figure>\n\n\n\n    <div id=\"textblock-block_5fa5863feae38\" class=\"textblock_container\">\n              <div class=\"short_red_line\"><\/div>\n        <h2 class=\"textblock_heading\">Die Rolle der AFRIKA KOMMT! Partnerunternehmen<\/h2>\n        \n      <div class=\"textblock_content\"><ol>\n<li><strong>Festlegung der Wunschprofile<\/strong>: Als Partnerunternehmen definieren Sie die spezifische Rolle und die geforderten Qualifikationen f\u00fcr die von Ihnen gesuchten Fellows.<\/li>\n<li><strong>Auswahlprozess<\/strong>: W\u00e4hrend die GIZ die Vorauswahl der Bewerber*innen \u00fcbernimmt, obliegt Ihrem Unternehmen die Aufgabe den anschlie\u00dfenden Auswahlprozess aktiv zu gestalten. Dies beinhaltet eine Vorauswahl geeigneter Kandidat*innen f\u00fcr das Assessment Center, die Durchf\u00fchrung von Telefoninterviews und die finale Auswahl der Teilnehmer*innen im Assessment Center.<\/li>\n<li><strong>Eingliederung der Fellows<\/strong>: Ihr Unternehmen f\u00fchrt f\u00fcr die Fellows einen Besuch und einen Eingliederungstag im Unternehmen im Vorfeld der Praxisphase durch.<\/li>\n<li><strong>Vorbereitung anspruchsvoller Projekte<\/strong>: Ihr Unternehmen stellt sicher, dass die hoch qualifizierten Fellows in anspruchsvollen Projekten w\u00e4hrend der Praxisphase eingebunden sind.<\/li>\n<li><strong>Mentorship<\/strong>: Alle Fellows sollten eine*n Mentor*in erhalten und dabei unterst\u00fctzt werden, die bestm\u00f6gliche Lernerfahrung im Unternehmen zu machen. Dies k\u00f6nnen direkte Vorgesetzte oder andere Kolleg*innen sein.<\/li>\n<li>Teilnahme am Steuerungskreis: Ihr Unternehmen ernennt eine Ansprechperson, die dem Steuerungskreis des Programms AFRIKA KOMMT! beisitzt und an wichtigen Entscheidungsprozessen mitwirkt.<\/li>\n<\/ol>\n<p>&nbsp;<\/p>\n<p>Die D<span lang=\"de\">eutsche Gesellschaft f\u00fcr Internationale Zusammenarbeit (GIZ) GmbH f\u00fchrt auf Basis einer langj\u00e4hrigen, vertrauensvollen Kooperation das Programm im Auftrag der teilnehmenden Unternehmen durch<\/span><span lang=\"en-GB\">.<\/span><\/p>\n<\/div>\n          <\/div>\n      \n\n\n<figure class=\"wp-block-embed-youtube wp-block-embed is-type-video is-provider-youtube wp-embed-aspect-16-9 wp-has-aspect-ratio\"><div class=\"wp-block-embed__wrapper\">\n <div class=\"brlbs-cmpnt-container brlbs-cmpnt-content-blocker brlbs-cmpnt-with-individual-styles\" data-borlabs-cookie-content-blocker-id=\"youtube-content-blocker\" data-borlabs-cookie-content=\"PGRpdiBjbGFzcz0ibnYtaWZyYW1lLWVtYmVkIj48aWZyYW1lIHRpdGxlPSJMZXTigJlzIGNoYXQ6IEJlaW5nIGEgbWFuYWdlciBhbmQgcmVjcnVpdGluZyBmb3IgQUZSSUtBIEtPTU1UISIgd2lkdGg9IjEyMDAiIGhlaWdodD0iNjc1IiBzcmM9Imh0dHBzOi8vd3d3LnlvdXR1YmUtbm9jb29raWUuY29tL2VtYmVkL216VzBpZ3ZmcHJJP2ZlYXR1cmU9b2VtYmVkIiBmcmFtZWJvcmRlcj0iMCIgYWxsb3c9ImFjY2VsZXJvbWV0ZXI7IGF1dG9wbGF5OyBjbGlwYm9hcmQtd3JpdGU7IGVuY3J5cHRlZC1tZWRpYTsgZ3lyb3Njb3BlOyBwaWN0dXJlLWluLXBpY3R1cmUiIGFsbG93ZnVsbHNjcmVlbj48L2lmcmFtZT48L2Rpdj4=\"><div class=\"brlbs-cmpnt-cb-preset-c brlbs-cmpnt-cb-youtube\"> <div class=\"brlbs-cmpnt-cb-thumbnail\" style=\"background-image: url('https:\/\/afrika-kommt.de\/wp-content\/uploads\/borlabs-cookie\/1\/yt_mzW0igvfprI_hqdefault.jpg')\"><\/div> <div class=\"brlbs-cmpnt-cb-main\"> <div class=\"brlbs-cmpnt-cb-play-button\"><\/div> <div class=\"brlbs-cmpnt-cb-content\"> <p class=\"brlbs-cmpnt-cb-description\">Sie sehen gerade einen Platzhalterinhalt von <strong>YouTube<\/strong>. Um auf den eigentlichen Inhalt zuzugreifen, klicken Sie auf die Schaltfl\u00e4che unten. Bitte beachten Sie, dass dabei Daten an Drittanbieter weitergegeben werden.<\/p> <a class=\"brlbs-cmpnt-cb-provider-toggle\" href=\"#\" data-borlabs-cookie-show-provider-information role=\"button\">Mehr Informationen<\/a> <\/div> <div class=\"brlbs-cmpnt-cb-buttons\"> <a class=\"brlbs-cmpnt-cb-btn\" href=\"#\" data-borlabs-cookie-unblock role=\"button\">Inhalt entsperren<\/a> <a class=\"brlbs-cmpnt-cb-btn\" href=\"#\" data-borlabs-cookie-accept-service role=\"button\" style=\"display: inherit\">Erforderlichen Service akzeptieren und Inhalte entsperren<\/a> <\/div> <\/div> <\/div><\/div>\n<\/div><\/figure>\n\n\n<div class=\"accordion-block-container accordion-block_5fa56c8deae33 noHeadline\">\n    <div class=\"accordion_content\">\n          <div class=\"accordionfield_headline\">\n          <h3>Die Deutsche Gesellschaft f\u00fcr Internationale Zusammenarbeit (GIZ) GmbH bietet den Partnerunternehmen folgende Services an:<\/h3>\n      <\/div>\n                  <div class=\"accordion-block\">\n          \t\t<button class=\"accordion-block_5fa56c8deae33 accordion\">W\u00e4hrend des Auswahlprozesses<\/button>\n          \t\t<div class=\"panel\">\n          \t\t  <ul>\n<li lang=\"en-US\">Bekanntmachung der Bewerbungsphase mit den Wunschprofilen der Unternehmen<\/li>\n<li lang=\"en-US\">Bereitstellung der Online-Bewerbungsplattform und Vorauswahl der Bewerber*innen<\/li>\n<li lang=\"en-US\">Umfassendes Assessment Center unter Beteiligung der Partnerunternehmen<\/li>\n<li lang=\"en-US\" style=\"margin-top: 0; margin-bottom: 0; vertical-align: middle;\">Unterst\u00fctzung beim Visaprozess und der Einreise nach Deutschland<\/li>\n<\/ul>\n          \t\t<\/div>\n            <\/div>\n        \t\t            <div class=\"accordion-block\">\n          \t\t<button class=\"accordion-block_5fa56c8deae33 accordion\">W\u00e4hrend des einj\u00e4hrigen Programms in Deutschland<\/button>\n          \t\t<div class=\"panel\">\n          \t\t  <ul>\n<li lang=\"en-US\">Organisation des Sprachkurses und der Management-Trainings<\/li>\n<li><span lang=\"de\">Organisation von Netzwerkveranstaltungen mit den Fellows und Partnerunternehmen, inklusive einer Abschiedsveranstaltung im Ausw\u00e4rtigen Amt<\/span><\/li>\n<li lang=\"en-US\">Professionelle und au\u00dferfachliche Unterst\u00fctzung<\/li>\n<li lang=\"en-US\">Beratung der Partnerunternehmen hinsichtlich der Gestaltung der Praxisphase<\/li>\n<li>Zahlung des monatlichen Lebensunterhalts w\u00e4hrend der Studienphasen<\/li>\n<li lang=\"en-US\">Bereitstellung des Wohnraumes f\u00fcr die Fellows<\/li>\n<li lang=\"en-US\">Versicherungsschutz (Kranken-, Unfalls- und Haftpflicht) f\u00fcr die Fellows gem\u00e4\u00df der Richtlinie zur Gruppenversicherung f\u00fcr GIZ-Programmteilnehmer*innen<\/li>\n<\/ul>\n          \t\t<\/div>\n            <\/div>\n        \t\t            <div class=\"accordion-block\">\n          \t\t<button class=\"accordion-block_5fa56c8deae33 accordion\">Nach dem 12-monatigen Programm in Deutschland<\/button>\n          \t\t<div class=\"panel\">\n          \t\t  <ul type=\"disc\">\n<li lang=\"en-US\">Organisation eines Refresherkurses unter Beteiligung der Partnerunternehmen<\/li>\n<li lang=\"en-US\">Netzwerkaktivit\u00e4ten f\u00fcr Alumni und Unternehmen<\/li>\n<li style=\"margin-top: 0; margin-bottom: 0; vertical-align: middle;\">Unterst\u00fctzung von Alumni-Projekten<\/li>\n<\/ul>\n          \t\t<\/div>\n            <\/div>\n        \t\t            <div class=\"accordion-block\">\n          \t\t<button class=\"accordion-block_5fa56c8deae33 accordion\">Projektmanagement und Kommunikation<\/button>\n          \t\t<div class=\"panel\">\n          \t\t  <ul>\n<li lang=\"en-US\">Qualit\u00e4tssicherung<\/li>\n<li>Programmevaluation<\/li>\n<li>Berichterstattung an die Partnerunternehmen<\/li>\n<li>\u00d6ffentlichkeitsarbeit<\/li>\n<li lang=\"en-US\" style=\"margin-top: 0; margin-bottom: 0; vertical-align: middle;\">Alle weiteren programmrelevanten Elemente, die zur Zielerreichung und Umsetzung des Programms erforderlich sind.<\/li>\n<\/ul>\n          \t\t<\/div>\n            <\/div>\n        \t\t\n  <\/div>\n<\/div>\n","protected":false},"excerpt":{"rendered":"","protected":false},"author":1,"featured_media":0,"parent":342,"menu_order":1,"comment_status":"closed","ping_status":"closed","template":"","meta":{"_acf_changed":false,"neve_meta_sidebar":"full-width","neve_meta_container":"","neve_meta_enable_content_width":"on","neve_meta_content_width":100,"neve_meta_title_alignment":"","neve_meta_author_avatar":"","neve_post_elements_order":"","neve_meta_disable_header":"","neve_meta_disable_footer":"","neve_meta_disable_title":"","neve_meta_reading_time":"","footnotes":""},"class_list":["post-3430","page","type-page","status-publish","hentry"],"acf":[],"_links":{"self":[{"href":"https:\/\/afrika-kommt.de\/de\/wp-json\/wp\/v2\/pages\/3430","targetHints":{"allow":["GET"]}}],"collection":[{"href":"https:\/\/afrika-kommt.de\/de\/wp-json\/wp\/v2\/pages"}],"about":[{"href":"https:\/\/afrika-kommt.de\/de\/wp-json\/wp\/v2\/types\/page"}],"author":[{"embeddable":true,"href":"https:\/\/afrika-kommt.de\/de\/wp-json\/wp\/v2\/users\/1"}],"replies":[{"embeddable":true,"href":"https:\/\/afrika-kommt.de\/de\/wp-json\/wp\/v2\/comments?post=3430"}],"version-history":[{"count":9,"href":"https:\/\/afrika-kommt.de\/de\/wp-json\/wp\/v2\/pages\/3430\/revisions"}],"predecessor-version":[{"id":3902,"href":"https:\/\/afrika-kommt.de\/de\/wp-json\/wp\/v2\/pages\/3430\/revisions\/3902"}],"up":[{"embeddable":true,"href":"https:\/\/afrika-kommt.de\/de\/wp-json\/wp\/v2\/pages\/342"}],"wp:attachment":[{"href":"https:\/\/afrika-kommt.de\/de\/wp-json\/wp\/v2\/media?parent=3430"}],"curies":[{"name":"wp","href":"https:\/\/api.w.org\/{rel}","templated":true}]}}