{"id":343,"date":"2020-06-02T12:13:33","date_gmt":"2020-06-02T10:13:33","guid":{"rendered":"http:\/\/wp13590066.server-he.de\/?page_id=343"},"modified":"2020-11-20T16:01:25","modified_gmt":"2020-11-20T15:01:25","slug":"our-network","status":"publish","type":"page","link":"https:\/\/afrika-kommt.de\/de\/our-network\/","title":{"rendered":"Unser Netzwerk"},"content":{"rendered":"\n<div class=\"wp-block-columns is-layout-flex wp-container-core-columns-is-layout-9d6595d7 wp-block-columns-is-layout-flex\">\n<div class=\"wp-block-column is-layout-flow wp-block-column-is-layout-flow\">\n    <div id=\"textblock-block_5fa03136fd5fa\" class=\"textblock_container\">\n              <div class=\"short_red_line\"><\/div>\n        <h2 class=\"textblock_heading\">Unsere Alumni in Aktion<\/h2>\n        \n      <div class=\"textblock_content\"><p>Die AFRIKA KOMMT! Alumni stehen f\u00fcr Wandel und entwickeln kontinuierlich Projekte, die nachhaltige Entwicklung in Deutschland und in ihren Herkunftsl\u00e4ndern vorantreibt.<\/p>\n<\/div>\n      \n              <a class=\"textblock_link\" href=\"https:\/\/afrika-kommt.de\/de\/our-network\/unsere-alumni-in-aktion\/\" target=\"\" title=\"Mehr zu unseren Alumni-Aktivit\u00e4ten\">Mehr zu unseren Alumni-Aktivit\u00e4ten<\/a>\n          <\/div>\n      <\/div>\n\n\n\n<div class=\"wp-block-column is-layout-flow wp-block-column-is-layout-flow\">\n<figure class=\"wp-block-image size-large\"><img decoding=\"async\" src=\"https:\/\/afrika-kommt.de\/wp-content\/uploads\/2020\/11\/Afrikakarte_Biggesee_1.jpg\" alt=\"\" class=\"wp-image-2696\"\/><\/figure>\n<\/div>\n<\/div>\n\n\n\n  \t<div class=\"story_teaser_tile_container left\">\n      <div class=\"story_teaser_tile_left\">\n          <div class=\"story_teaser_tile_image\" style=\"background-image: url('https:\/\/afrika-kommt.de\/wp-content\/uploads\/2020\/11\/lucy-8.jpg'); background-position: center; background-repeat: no-repeat; background-size: cover; \"><\/div>\n      <\/div>\n      <div class=\"story_teaser_tile_right\">\n                      <a class=\"name_link\" href=\"#\" target=\"\" title=\"Lucy Wanjiku Mutinda\">Lucy Wanjiku Mutinda<\/a>\n                  <div class=\"name_profile\">Gr\u00fcnderin und CEO EcoCycle Ltd<\/div>\n        <h2 class=\"story_teaser_headline\">Pionierin f\u00fcr ein gr\u00fcnes Kenia<\/h2>\n        <div class=\"story_teaser_tile_content\"><p>Durch die Inspiration, die Lucy w\u00e4hrend ihres Jahres in Deutschland erhielt, gr\u00fcndete Lucy ein eigenes Unternehmen im Bereich Abwassermanagement in Nairobi, Kenia.<\/p>\n<p>Mit EcoCycle steht sie an vorderster Front als Vertreterin f\u00fcr ein nachhaltiges Abwassermanagement in Kenia.<\/p>\n<p>Lucy hat mehr als 20 Arbeitspl\u00e4tze geschaffen.<\/p>\n<\/div>\n                  <div class=\"story_teaser_button\">\n            <a class=\"button\" href=\"https:\/\/afrika-kommt.de\/pioneering-for-a-green-kenya\/\" target=\"\" title=\"Mehr dazu\">Mehr dazu<\/a>\n          <\/div>\n              <\/div>\n  \t<\/div>\n\n\n  \t<div class=\"fellows_container\">\n\n      <div class=\"fellows_red_background\"><\/div>\n      <div class=\"fellows_red_background_mobile\">\n                      <div class=\"fellows_headline\">\n              <h2>Lernen Sie unsere Alumni kennen<\/h2>\n            <\/div>\n                  <div id=\"fellows_part\">\n                                  <div class=\"fellow_item\">\n              <div id=\"fellows-block_5fa02f8dfd5f8\" class=\"fellows\" style=\"background-image: url('https:\/\/afrika-kommt.de\/wp-content\/uploads\/2022\/12\/Juliana-Busasi.png'); background-position: center; background-repeat: no-repeat; background-size: cover; \"><\/div>\n              <div class=\"fellows_info\">\n                <h3>Juliana Busasi<\/h3>\n                <div class=\"fellows_cat\">Healthcare<\/div>\n              <\/div>\n            <\/div>\n                                  <div class=\"fellow_item\">\n              <div id=\"fellows-block_5fa02f8dfd5f8\" class=\"fellows\" style=\"background-image: url('https:\/\/afrika-kommt.de\/wp-content\/uploads\/2020\/10\/Horsfall-Obomate_square.jpg'); background-position: center; background-repeat: no-repeat; background-size: cover; \"><\/div>\n              <div class=\"fellows_info\">\n                <h3>Obomate Fubara Horsfall<\/h3>\n                <div class=\"fellows_cat\">Technology<\/div>\n              <\/div>\n            <\/div>\n                                  <div class=\"fellow_item\">\n              <div id=\"fellows-block_5fa02f8dfd5f8\" class=\"fellows\" style=\"background-image: url('https:\/\/afrika-kommt.de\/wp-content\/uploads\/2020\/10\/Obed-Essandoh-scaled.jpg'); background-position: center; background-repeat: no-repeat; background-size: cover; \"><\/div>\n              <div class=\"fellows_info\">\n                <h3>Obed Kwame Essandoh<\/h3>\n                <div class=\"fellows_cat\">Energy<\/div>\n              <\/div>\n            <\/div>\n                                  <div class=\"fellow_item\">\n              <div id=\"fellows-block_5fa02f8dfd5f8\" class=\"fellows\" style=\"background-image: url('https:\/\/afrika-kommt.de\/wp-content\/uploads\/2020\/10\/Sharon-Telewa_k_square.jpg'); background-position: center; background-repeat: no-repeat; background-size: cover; \"><\/div>\n              <div class=\"fellows_info\">\n                <h3>Sharon Nasimiyu Telewa<\/h3>\n                <div class=\"fellows_cat\">ICT Industry and Services<\/div>\n              <\/div>\n            <\/div>\n                  <\/div>\n                  <div class=\"fellows_button\">\n            <a class=\"button\" href=\"https:\/\/afrika-kommt.de\/de\/our-network\/treffen-sie-unsere-alumni\/\" target=\"\" title=\"Unsere Alumni\">Unsere Alumni<\/a>\n          <\/div>\n                <\/div>\n  \t<\/div>\n\n\n      <div class=\"teaser_full_media_container alignfull\">\n      \t<div class=\"teaser_container alignwide\">\n                          <div class=\"teaser_headline\">\n                <h2>News und Events<\/h2>\n              <\/div>\n                      <div id=\"teaser_part\" style=\"column-count:3\">\n                                        <div class=\"teaser_item\" onclick=\"location.href='https:\/\/afrika-kommt.de\/de\/afrika-kommt-ein-rueck-und-ueberblick\/'\">\n                <div id=\"posts_teaser-block_5fa02fb7fd5f9\" class=\"teaser\" style=\"background-image: url('https:\/\/afrika-kommt.de\/wp-content\/uploads\/2022\/01\/Bild1-1.png'); background-position: center; background-repeat: no-repeat; background-size: cover; \"><\/div>\n                <div class=\"teaser_info\">\n                  <h3>AFRIKA KOMMT! \u2013 Ein R\u00fcck- und \u00dcberblick<\/h3>\n                  <div class=\"teaser_except\">                  <\/div>\n                  <div class=\"teaser_link\">\n                      <a class=\"button\" href=\"https:\/\/afrika-kommt.de\/de\/afrika-kommt-ein-rueck-und-ueberblick\/\" target=\"\" title=\"Read more\">Read more<\/a>\n                  <\/div>\n                <\/div>\n                  <\/div>\n                                              <div class=\"teaser_item\" onclick=\"location.href='https:\/\/afrika-kommt.de\/de\/wie-koennen-deutsche-unternehmen-vielfaeltiger-werden\/'\">\n                <div id=\"posts_teaser-block_5fa02fb7fd5f9\" class=\"teaser\" style=\"background-image: url('https:\/\/afrika-kommt.de\/wp-content\/uploads\/2021\/02\/Leaders-Talk.jpg'); background-position: center; background-repeat: no-repeat; background-size: cover; \"><\/div>\n                <div class=\"teaser_info\">\n                  <h3>Wie k\u00f6nnen deutsche Unternehmen vielf\u00e4ltiger werden?<\/h3>\n                  <div class=\"teaser_except\">Leaders Talk mit Ilka Wiskemann                  <\/div>\n                  <div class=\"teaser_link\">\n                      <a class=\"button\" href=\"https:\/\/afrika-kommt.de\/de\/wie-koennen-deutsche-unternehmen-vielfaeltiger-werden\/\" target=\"\" title=\"Read more\">Read more<\/a>\n                  <\/div>\n                <\/div>\n                  <\/div>\n                                              <div class=\"teaser_item\" onclick=\"location.href='https:\/\/afrika-kommt.de\/de\/welcome-to-the-unique-9th-intake-of-afrika-kommt\/'\">\n                <div id=\"posts_teaser-block_5fa02fb7fd5f9\" class=\"teaser\" style=\"background-image: url('https:\/\/afrika-kommt.de\/wp-content\/uploads\/2021\/02\/AK9_1.png'); background-position: center; background-repeat: no-repeat; background-size: cover; \"><\/div>\n                <div class=\"teaser_info\">\n                  <h3>Welcome to the unique 9th intake of AFRIKA KOMMT!<\/h3>\n                  <div class=\"teaser_except\">39\u00a0fellows,\u00a013\u00a0countries,\u00a03 continents\u00a0and\u00a0at least 5 different time zones\u00a0&#8211; this is AFRIKA KOMMT!\u00a09.\u00a0                  <\/div>\n                  <div class=\"teaser_link\">\n                      <a class=\"button\" href=\"https:\/\/afrika-kommt.de\/de\/welcome-to-the-unique-9th-intake-of-afrika-kommt\/\" target=\"\" title=\"Read more\">Read more<\/a>\n                  <\/div>\n                <\/div>\n                  <\/div>\n                            <\/div>\n        <div class=\"teaser_news_link\">\n          <a class=\"button\" href=\"..\/our-network\/news-events\/\" target=\"\" title=\"News &#038; Media\">News &#038; Media<\/a>\n      <\/div>\n              <div class=\"invalid-media-type\"><\/div>\n            <\/div>\n<\/div>\n\n\n\n  \t<div class=\"story_teaser_tile_container right\">\n      <div class=\"story_teaser_tile_left\">\n          <div class=\"story_teaser_tile_image\" style=\"background-image: url('https:\/\/afrika-kommt.de\/wp-content\/uploads\/2020\/11\/curafa-1.jpg'); background-position: center; background-repeat: no-repeat; background-size: cover; \"><\/div>\n      <\/div>\n      <div class=\"story_teaser_tile_right\">\n                      <a class=\"name_link\" href=\"#\" target=\"\" title=\"Winnie Munene\">Winnie Munene<\/a>\n                  <div class=\"name_profile\">Integrated Health Care Services Merck \/ Pharmacovigilance Manager Boehringer Ingelheim<\/div>\n        <h2 class=\"story_teaser_headline\">Vorreiterin f\u00fcr nachhaltige Partnerschaften<\/h2>\n        <div class=\"story_teaser_tile_content\"><ul>\n<li>Winnie pilotiert Curafa in Kenia &#8211; ein integratives Gesundheitskonzept, das bezahlbaren Zugang zu qualitativ hochwertiger Gesundheitsversorgung bietet<\/li>\n<li>Die Curafa-Einrichtungen haben mehr als 100.000 Menschen in unterversorgten Gemeinschaften erreicht<\/li>\n<li style=\"margin-top: 0; margin-bottom: 0; vertical-align: middle;\">Schl\u00fcssel zum Erfolg war Winnies F\u00e4higkeit deutsche und kenianische Akteure f\u00fcr eine nachhaltige Umsetzung zusammenzubringen<\/li>\n<\/ul>\n<\/div>\n                  <div class=\"story_teaser_button\">\n            <a class=\"button\" href=\"https:\/\/afrika-kommt.de\/pioneering-local-sustainable-solutions\/\" target=\"\" title=\"Mehr dazu\">Mehr dazu<\/a>\n          <\/div>\n              <\/div>\n  \t<\/div>\n\n\n\n    <div id=\"textblock-block_5fa90a10baccf\" class=\"textblock_container\">\n              <div class=\"short_red_line\"><\/div>\n        <h2 class=\"textblock_heading\">Mehr zu unseren Erfolgsgeschichten<\/h2>\n        \n      <div class=\"textblock_content\"><p><br data-mce-bogus=\"1\"><\/p>\n<\/div>\n      \n              <a class=\"textblock_link\" href=\"https:\/\/afrika-kommt.de\/de\/our-network\/unsere-erfolgsgeschichten\/\" target=\"\" title=\"Unsere Erfolgsgeschichten\">Unsere Erfolgsgeschichten<\/a>\n          <\/div>\n      \n\n  \t<div class=\"partners_container alignfull\">\n      <div class=\"partners_content\">\n        <div class=\"partners_headline\">\n                      <h2>Lernen Sie unsere Partner kennen<\/h2>\n                  <\/div>\n        <div id=\"partners_part\">\n                                    <div id=\"partners-block_5fa285fab1174\" class=\"partners\" style=\"background-image: url('https:\/\/afrika-kommt.de\/wp-content\/uploads\/2022\/02\/BioNTech.png'); background-position: center; background-repeat: no-repeat; background-size: contain; background-origin: content-box;\"><\/div>\n                                                                <div id=\"partners-block_5fa285fab1174\" class=\"partners\" style=\"background-image: url('https:\/\/afrika-kommt.de\/wp-content\/uploads\/2020\/09\/merck.png'); background-position: center; background-repeat: no-repeat; background-size: contain; background-origin: content-box;\"><\/div>\n                                                                <div id=\"partners-block_5fa285fab1174\" class=\"partners\" style=\"background-image: url('https:\/\/afrika-kommt.de\/wp-content\/uploads\/2020\/09\/Volkswagen-1.png'); background-position: center; background-repeat: no-repeat; background-size: contain; background-origin: content-box;\"><\/div>\n                                          <div id=\"partners-block_5fa285fab1174\" class=\"partners\" style=\"background-image: url('https:\/\/afrika-kommt.de\/wp-content\/uploads\/2020\/06\/Boehringer_Logo_RGB_Accent-Green.jpg'); background-position: center; background-repeat: no-repeat; background-size: contain; background-origin: content-box;\"><\/div>\n                                          <div id=\"partners-block_5fa285fab1174\" class=\"partners\" style=\"background-image: url('https:\/\/afrika-kommt.de\/wp-content\/uploads\/2022\/02\/Herunterladen.png'); background-position: center; background-repeat: no-repeat; background-size: contain; background-origin: content-box;\"><\/div>\n                                          <div id=\"partners-block_5fa285fab1174\" class=\"partners\" style=\"background-image: url('https:\/\/afrika-kommt.de\/wp-content\/uploads\/2020\/09\/SAP_R_grad.png'); background-position: center; background-repeat: no-repeat; background-size: contain; background-origin: content-box;\"><\/div>\n                                          <div id=\"partners-block_5fa285fab1174\" class=\"partners\" style=\"background-image: url('https:\/\/afrika-kommt.de\/wp-content\/uploads\/2020\/09\/Bosch.png'); background-position: center; background-repeat: no-repeat; background-size: contain; background-origin: content-box;\"><\/div>\n                                                                                      <div id=\"partners-block_5fa285fab1174\" class=\"partners\" style=\"background-image: url('https:\/\/afrika-kommt.de\/wp-content\/uploads\/2020\/09\/Siemens-Healthineers_Logo.jpg'); background-position: center; background-repeat: no-repeat; background-size: contain; background-origin: content-box;\"><\/div>\n                                                                <div id=\"partners-block_5fa285fab1174\" class=\"partners\" style=\"background-image: url('https:\/\/afrika-kommt.de\/wp-content\/uploads\/2020\/09\/B.Braun_.png'); background-position: center; background-repeat: no-repeat; background-size: contain; background-origin: content-box;\"><\/div>\n                                                                    <\/div>\n                  <div class=\"partners_button\">\n            <a class=\"button\" href=\"https:\/\/afrika-kommt.de\/de\/about-the-programme\/aktuelle-partner-unternehmen\/\" target=\"\" title=\"Aktuelle Partnerunternehmen\">Aktuelle Partnerunternehmen<\/a>\n          <\/div>\n                <\/div>\n  \t<\/div>\n\n\n\n<figure class=\"wp-block-embed-youtube wp-block-embed is-type-video is-provider-youtube wp-embed-aspect-16-9 wp-has-aspect-ratio\"><div class=\"wp-block-embed__wrapper\">\n <div class=\"brlbs-cmpnt-container brlbs-cmpnt-content-blocker brlbs-cmpnt-with-individual-styles\" data-borlabs-cookie-content-blocker-id=\"youtube-content-blocker\" data-borlabs-cookie-content=\"PGRpdiBjbGFzcz0ibnYtaWZyYW1lLWVtYmVkIj48aWZyYW1lIHRpdGxlPSJBRlJJS0EgS09NTVQhIOKAkyBBbHVtbmkgSW1wYWN0IGluIEFmcmljYSIgd2lkdGg9IjEyMDAiIGhlaWdodD0iNjc1IiBzcmM9Imh0dHBzOi8vd3d3LnlvdXR1YmUtbm9jb29raWUuY29tL2VtYmVkL0s0RHEwZTVHYkg4P2ZlYXR1cmU9b2VtYmVkIiBmcmFtZWJvcmRlcj0iMCIgYWxsb3c9ImFjY2VsZXJvbWV0ZXI7IGF1dG9wbGF5OyBjbGlwYm9hcmQtd3JpdGU7IGVuY3J5cHRlZC1tZWRpYTsgZ3lyb3Njb3BlOyBwaWN0dXJlLWluLXBpY3R1cmU7IHdlYi1zaGFyZSIgcmVmZXJyZXJwb2xpY3k9InN0cmljdC1vcmlnaW4td2hlbi1jcm9zcy1vcmlnaW4iIGFsbG93ZnVsbHNjcmVlbj48L2lmcmFtZT48L2Rpdj4=\"><div class=\"brlbs-cmpnt-cb-preset-c brlbs-cmpnt-cb-youtube\"> <div class=\"brlbs-cmpnt-cb-thumbnail\" style=\"background-image: url('https:\/\/afrika-kommt.de\/wp-content\/uploads\/borlabs-cookie\/1\/yt_K4Dq0e5GbH8_hqdefault.jpg')\"><\/div> <div class=\"brlbs-cmpnt-cb-main\"> <div class=\"brlbs-cmpnt-cb-play-button\"><\/div> <div class=\"brlbs-cmpnt-cb-content\"> <p class=\"brlbs-cmpnt-cb-description\">Sie sehen gerade einen Platzhalterinhalt von <strong>YouTube<\/strong>. Um auf den eigentlichen Inhalt zuzugreifen, klicken Sie auf die Schaltfl\u00e4che unten. Bitte beachten Sie, dass dabei Daten an Drittanbieter weitergegeben werden.<\/p> <a class=\"brlbs-cmpnt-cb-provider-toggle\" href=\"#\" data-borlabs-cookie-show-provider-information role=\"button\">Mehr Informationen<\/a> <\/div> <div class=\"brlbs-cmpnt-cb-buttons\"> <a class=\"brlbs-cmpnt-cb-btn\" href=\"#\" data-borlabs-cookie-unblock role=\"button\">Inhalt entsperren<\/a> <a class=\"brlbs-cmpnt-cb-btn\" href=\"#\" data-borlabs-cookie-accept-service role=\"button\" style=\"display: inherit\">Erforderlichen Service akzeptieren und Inhalte entsperren<\/a> <\/div> <\/div> <\/div><\/div>\n<\/div><\/figure>\n","protected":false},"excerpt":{"rendered":"","protected":false},"author":1,"featured_media":0,"parent":0,"menu_order":0,"comment_status":"closed","ping_status":"closed","template":"","meta":{"_acf_changed":false,"neve_meta_sidebar":"full-width","neve_meta_container":"","neve_meta_enable_content_width":"on","neve_meta_content_width":100,"neve_meta_title_alignment":"","neve_meta_author_avatar":"","neve_post_elements_order":"","neve_meta_disable_header":"","neve_meta_disable_footer":"","neve_meta_disable_title":"","neve_meta_reading_time":"","footnotes":""},"class_list":["post-343","page","type-page","status-publish","hentry"],"acf":[],"_links":{"self":[{"href":"https:\/\/afrika-kommt.de\/de\/wp-json\/wp\/v2\/pages\/343","targetHints":{"allow":["GET"]}}],"collection":[{"href":"https:\/\/afrika-kommt.de\/de\/wp-json\/wp\/v2\/pages"}],"about":[{"href":"https:\/\/afrika-kommt.de\/de\/wp-json\/wp\/v2\/types\/page"}],"author":[{"embeddable":true,"href":"https:\/\/afrika-kommt.de\/de\/wp-json\/wp\/v2\/users\/1"}],"replies":[{"embeddable":true,"href":"https:\/\/afrika-kommt.de\/de\/wp-json\/wp\/v2\/comments?post=343"}],"version-history":[{"count":16,"href":"https:\/\/afrika-kommt.de\/de\/wp-json\/wp\/v2\/pages\/343\/revisions"}],"predecessor-version":[{"id":8184,"href":"https:\/\/afrika-kommt.de\/de\/wp-json\/wp\/v2\/pages\/343\/revisions\/8184"}],"wp:attachment":[{"href":"https:\/\/afrika-kommt.de\/de\/wp-json\/wp\/v2\/media?parent=343"}],"curies":[{"name":"wp","href":"https:\/\/api.w.org\/{rel}","templated":true}]}}