{"id":3426,"date":"2020-11-13T15:03:06","date_gmt":"2020-11-13T14:03:06","guid":{"rendered":"http:\/\/wp13590066.server-he.de\/become-a-partner\/warum-soll-ich-partner-werden\/"},"modified":"2020-11-24T16:32:09","modified_gmt":"2020-11-24T15:32:09","slug":"warum-soll-ich-partner-werden","status":"publish","type":"page","link":"https:\/\/afrika-kommt.de\/de\/become-a-partner\/warum-soll-ich-partner-werden\/","title":{"rendered":"Warum soll ich Partner werden?"},"content":{"rendered":"\n    <div id=\"puretextblock-block_5f9c1817350d7\" class=\"puretextblock_container\">\n      <div class=\"puretextblock_content\"><p>AFRIKA KOMMT! bietet Ihnen die M\u00f6glichkeit, sich mit den besten Nachwuchsf\u00fchrungskr\u00e4ften Afrikas zu vernetzen und so einen gemeinsamen sozialen und wirtschaftlichen Mehrwert zu schaffen.<\/p>\n<p>Seit der Gr\u00fcndung im Jahre 2008 haben Partnerunternehmen aus den unterschiedlichsten Industriezweigen ein herausragendes Netzwerk von mehr als 200 Alumni in 24 L\u00e4ndern aufgebaut: eine gro\u00dfartige Basis f\u00fcr die Gestaltung deutsch-afrikanische Beziehungen.<\/p>\n<\/div>\n    <\/div>\n\n\n\n    <div id=\"textblock-block_5f9c193e350d9\" class=\"textblock_container\">\n              <div class=\"short_red_line\"><\/div>\n        <h2 class=\"textblock_heading\">Erhalten Sie Zugang zu wachsenden afrikanischen M\u00e4rkten<\/h2>\n        \n      <div class=\"textblock_content\"><p>Durch AFRIKA KOMMT! investieren Sie in die wachsenden M\u00e4rkte in Afrika in das aktuelle und zuk\u00fcnftige Potential des Kontinents.<\/p>\n<p>Unsere Alumni haben mit ihren Partnerunternehmen neue Niederlassungen in Afrika gegr\u00fcndet, neue Produkte entwickelt und neue Projekte initiiert, und tragen dadurch ma\u00dfgeblich bei zur Gesch\u00e4ftsentwicklung in afrikanischen L\u00e4ndern als auch in Deutschland.<\/p>\n<p>Ausgestattet mit dem Know-how deutscher und internationaler Gesch\u00e4ftsmethoden, vertraut mit deutscher Kultur und dies in Kombination mit ihrer Kenntnis zu afrikanischen M\u00e4rkten sind die Fellows wertvolle Kontakte f\u00fcr deutsche Unternehmen, die in Afrika expandieren m\u00f6chten.<\/p>\n<\/div>\n          <\/div>\n      \n\n\n  \t<div class=\"story_teaser_tile_container left\">\n      <div class=\"story_teaser_tile_left\">\n          <div class=\"story_teaser_tile_image\" style=\"background-image: url('https:\/\/afrika-kommt.de\/wp-content\/uploads\/2020\/11\/Bright-Mugabe.jpg'); background-position: center; background-repeat: no-repeat; background-size: cover; \"><\/div>\n      <\/div>\n      <div class=\"story_teaser_tile_right\">\n                      <a class=\"name_link\" href=\"#\" target=\"\" title=\"Bright Mugabe\">Bright Mugabe<\/a>\n                  <div class=\"name_profile\">Partner Manager East Africa, Robert Bosch Power Tools<\/div>\n        <h2 class=\"story_teaser_headline\">Gesch\u00e4ftsmodelle, die funktionieren!<\/h2>\n        <div class=\"story_teaser_tile_content\"><ul>\n<li>Bright hat erfolgreich ein zuverl\u00e4ssiges H\u00e4ndlernetzwerk in Ostafrika aufgebaut und den Marktzugang f\u00fcr Bosch verbessert<\/li>\n<li>Er hat innovative lokale Gesch\u00e4ftsmodelle eingef\u00fchrt, um Kunden vor Ort effizient zu erreichen<\/li>\n<li style=\"margin-top: 0; margin-bottom: 0; vertical-align: middle;\">Er schafft so die M\u00f6glichkeiten, dass lokale Handwerker in Ostafrika Zugang zu bezahlbaren und zuverl\u00e4ssigen Elektrowerkzeugen haben<\/li>\n<\/ul>\n<\/div>\n              <\/div>\n  \t<\/div>\n\n\n\n    <div id=\"textblock-block_5f9c1a3b350db\" class=\"textblock_container\">\n              <div class=\"short_red_line\"><\/div>\n        <h2 class=\"textblock_heading\">F\u00f6rdern Sie Diversit\u00e4t und Inklusion<\/h2>\n        \n      <div class=\"textblock_content\"><p>Der Austausch mit jungen Talenten aus ganz Afrika wird Ihre Perspektiven erweitern und f\u00f6rdert Diversit\u00e4t und Inklusion in Ihrem Unternehmen. Der Austausch mit unterschiedlichen Kulturen und Erfahrungswelten, das Kennenlernen verschiedener Arbeitsweisen ist fundamental f\u00fcr eine Lernkultur auf internationaler Ebene und verbessert die Produktivit\u00e4t in Ihrem Unternehmen.<\/p>\n<\/div>\n          <\/div>\n      \n\n\n<div class=\"wp-block-columns is-layout-flex wp-container-core-columns-is-layout-9d6595d7 wp-block-columns-is-layout-flex\">\n<div class=\"wp-block-column is-layout-flow wp-block-column-is-layout-flow\">\n<figure class=\"wp-block-embed-youtube wp-block-embed is-type-video is-provider-youtube wp-embed-aspect-16-9 wp-has-aspect-ratio\"><div class=\"wp-block-embed__wrapper\">\n <div class=\"brlbs-cmpnt-container brlbs-cmpnt-content-blocker brlbs-cmpnt-with-individual-styles\" data-borlabs-cookie-content-blocker-id=\"youtube-content-blocker\" data-borlabs-cookie-content=\"PGRpdiBjbGFzcz0ibnYtaWZyYW1lLWVtYmVkIj48aWZyYW1lIHRpdGxlPSImcXVvdDtBZnJpa2Ega29tbXQmcXVvdDsgLSBJbnRlcnZpZXcgd2l0aCBEci4gQW5kcmVhcyBOZXVtYW5uIGFuZCBTb2VyZW4gRnJpY2tlbnNjaG1pZHQiIHdpZHRoPSIxMjAwIiBoZWlnaHQ9IjY3NSIgc3JjPSJodHRwczovL3d3dy55b3V0dWJlLW5vY29va2llLmNvbS9lbWJlZC9JT0ZLdmZrWC0wdz9mZWF0dXJlPW9lbWJlZCIgZnJhbWVib3JkZXI9IjAiIGFsbG93PSJhY2NlbGVyb21ldGVyOyBhdXRvcGxheTsgY2xpcGJvYXJkLXdyaXRlOyBlbmNyeXB0ZWQtbWVkaWE7IGd5cm9zY29wZTsgcGljdHVyZS1pbi1waWN0dXJlIiBhbGxvd2Z1bGxzY3JlZW4+PC9pZnJhbWU+PC9kaXY+\"><div class=\"brlbs-cmpnt-cb-preset-c brlbs-cmpnt-cb-youtube\"> <div class=\"brlbs-cmpnt-cb-thumbnail\" style=\"background-image: url('')\"><\/div> <div class=\"brlbs-cmpnt-cb-main\"> <div class=\"brlbs-cmpnt-cb-play-button\"><\/div> <div class=\"brlbs-cmpnt-cb-content\"> <p class=\"brlbs-cmpnt-cb-description\">Sie sehen gerade einen Platzhalterinhalt von <strong>YouTube<\/strong>. Um auf den eigentlichen Inhalt zuzugreifen, klicken Sie auf die Schaltfl\u00e4che unten. Bitte beachten Sie, dass dabei Daten an Drittanbieter weitergegeben werden.<\/p> <a class=\"brlbs-cmpnt-cb-provider-toggle\" href=\"#\" data-borlabs-cookie-show-provider-information role=\"button\">Mehr Informationen<\/a> <\/div> <div class=\"brlbs-cmpnt-cb-buttons\"> <a class=\"brlbs-cmpnt-cb-btn\" href=\"#\" data-borlabs-cookie-unblock role=\"button\">Inhalt entsperren<\/a> <a class=\"brlbs-cmpnt-cb-btn\" href=\"#\" data-borlabs-cookie-accept-service role=\"button\" style=\"display: inherit\">Erforderlichen Service akzeptieren und Inhalte entsperren<\/a> <\/div> <\/div> <\/div><\/div>\n<\/div><\/figure>\n<\/div>\n\n\n\n<div class=\"wp-block-column is-layout-flow wp-block-column-is-layout-flow\">\n<figure class=\"wp-block-image size-large\"><a href=\"https:\/\/news.sap.com\/2016\/12\/diversity-inclusion-at-sap-afrika-kommt\/\" rel=\"noopener\"><img loading=\"lazy\" decoding=\"async\" width=\"1024\" height=\"576\" src=\"https:\/\/afrika-kommt.de\/wp-content\/uploads\/2020\/11\/Diversity-and-Inclusion-at-SAP-1024x576.jpg\" alt=\"\" class=\"wp-image-2446\" srcset=\"https:\/\/afrika-kommt.de\/wp-content\/uploads\/2020\/11\/Diversity-and-Inclusion-at-SAP-1024x576.jpg 1024w, https:\/\/afrika-kommt.de\/wp-content\/uploads\/2020\/11\/Diversity-and-Inclusion-at-SAP-300x169.jpg 300w, https:\/\/afrika-kommt.de\/wp-content\/uploads\/2020\/11\/Diversity-and-Inclusion-at-SAP-768x432.jpg 768w, https:\/\/afrika-kommt.de\/wp-content\/uploads\/2020\/11\/Diversity-and-Inclusion-at-SAP-1536x864.jpg 1536w, https:\/\/afrika-kommt.de\/wp-content\/uploads\/2020\/11\/Diversity-and-Inclusion-at-SAP.jpg 1636w\" sizes=\"auto, (max-width: 1024px) 100vw, 1024px\" \/><\/a><\/figure>\n<\/div>\n<\/div>\n\n\n\n    <div id=\"textblock-block_5f9c19fe350da\" class=\"textblock_container\">\n              <div class=\"short_red_line\"><\/div>\n        <h2 class=\"textblock_heading\">2.\tNutzen Sie das Innovationspotenzial<\/h2>\n        \n      <div class=\"textblock_content\"><p>Die unterschiedlichen und manchmal auch ungewohnten Perspektiven, die neuen Ideen, die von den afrikanischen Fellows eingebracht werden, treiben Innovation in Ihrem Unternehmen voran.<\/p>\n<p>Die Fellows haben zusammen mit den deutschen Kolleg*innen neue Ideen und Projekte entwickelt, die ma\u00dfgebliche Ver\u00e4nderungen im Unternehmen angesto\u00dfen haben. Nicht wenige von ihnen haben unternehmensweite Innovationspreise gewonnen<\/p>\n<\/div>\n          <\/div>\n      \n\n\n  \t<div class=\"story_teaser_tile_container right\">\n      <div class=\"story_teaser_tile_left\">\n          <div class=\"story_teaser_tile_image\" style=\"background-image: url('https:\/\/afrika-kommt.de\/wp-content\/uploads\/2020\/11\/fastforward_Picture-with-Board-of-MD-of-BI.jpg'); background-position: center; background-repeat: no-repeat; background-size: cover; \"><\/div>\n      <\/div>\n      <div class=\"story_teaser_tile_right\">\n                      <a class=\"name_link\" href=\"#\" target=\"\" title=\"Alexander Badong\">Alexander Badong<\/a>\n                  <div class=\"name_profile\">International Forecasting Manager, Boehringer Ingelheim<\/div>\n        <h2 class=\"story_teaser_headline\">Innovationspotenzial entfachen<\/h2>\n        <div class=\"story_teaser_tile_content\"><p>Seit seiner Programmteilnahme hat Alexander zwei Innovationspreise in seinem Partnerunternehmen Boehringer Ingelheim gewonnen:<\/p>\n<ul type=\"disc\">\n<li><strong>Beyond R&amp;D Innovation Award 2019<\/strong>: j\u00e4hrlicher Preis f\u00fcr herausragende Innovationen<\/li>\n<li><strong>BI Spark #Fast-Forward Digital Innovation Award<\/strong>: Aus mehr als 500 Einreichungen hat Alexanders Team den ersten Preis f\u00fcr &#8222;AP4C: Artificial patients for control arms&#8220; beim unternehmensweiten Innovationspreis gewonnen und diese Idee wird nun in die Realit\u00e4t umgesetzt.<\/li>\n<\/ul>\n<\/div>\n                  <div class=\"story_teaser_button\">\n            <a class=\"button\" href=\"https:\/\/youtu.be\/z0A3Nr4L4MQ\" target=\"\" title=\"Interview Alexander Badong\" rel=\"noopener\">Interview Alexander Badong<\/a>\n          <\/div>\n              <\/div>\n  \t<\/div>\n\n\n\n    <div id=\"textblock-block_5f9c1a6e350dc\" class=\"textblock_container\">\n              <div class=\"short_red_line\"><\/div>\n        <h2 class=\"textblock_heading\">Positionieren Sie Ihr Unternehmen als Partner f\u00fcr nachhaltige wirtschaftliche Entwicklung in afrikanischen L\u00e4ndern<\/h2>\n        \n      <div class=\"textblock_content\"><p>Bis heute arbeiten mehr als 50% der Alumni noch in ihren Partnerunternehmen, viele von ihnen in neu gegr\u00fcndeten afrikanischen Niederlassungen, wo sie die lokale Wirtschaft st\u00e4rken.<\/p>\n<p>Andere haben mithilfe ihrer Erfahrungen in Deutschland ihre eigenen Gesch\u00e4ftsideen verwirklicht, und leiten nun erfolgreiche Unternehmen in Afrika und sorgen so f\u00fcr qualifizierte Besch\u00e4ftigung in ihren Heimatl\u00e4ndern.<\/p>\n<p>So k\u00f6nnen Sie mit der Teilnahme an AFRIKA KOMMT! Ihr Unternehmen in Deutschland und Afrika auf h\u00f6chstem Niveau positionieren, als Schl\u00fcsselakteur zur Umsetzung der weltweiten Nachhaltigkeitsziele.<\/p>\n<\/div>\n          <\/div>\n      \n\n\n<div class=\"wp-block-columns is-layout-flex wp-container-core-columns-is-layout-9d6595d7 wp-block-columns-is-layout-flex\">\n<div class=\"wp-block-column is-layout-flow wp-block-column-is-layout-flow\">\n<figure class=\"wp-block-image size-large\"><a href=\"https:\/\/www.bosch.de\/news-and-stories\/sofoneas-getachew\/\" rel=\"noopener\"><img loading=\"lazy\" decoding=\"async\" width=\"1024\" height=\"576\" src=\"https:\/\/afrika-kommt.de\/wp-content\/uploads\/2020\/11\/From-Addis-to-Leinfelden_deutsch-1024x576.jpg\" alt=\"\" class=\"wp-image-3910\" srcset=\"https:\/\/afrika-kommt.de\/wp-content\/uploads\/2020\/11\/From-Addis-to-Leinfelden_deutsch-1024x576.jpg 1024w, https:\/\/afrika-kommt.de\/wp-content\/uploads\/2020\/11\/From-Addis-to-Leinfelden_deutsch-300x169.jpg 300w, https:\/\/afrika-kommt.de\/wp-content\/uploads\/2020\/11\/From-Addis-to-Leinfelden_deutsch-768x432.jpg 768w, https:\/\/afrika-kommt.de\/wp-content\/uploads\/2020\/11\/From-Addis-to-Leinfelden_deutsch-1536x864.jpg 1536w, https:\/\/afrika-kommt.de\/wp-content\/uploads\/2020\/11\/From-Addis-to-Leinfelden_deutsch-2048x1152.jpg 2048w\" sizes=\"auto, (max-width: 1024px) 100vw, 1024px\" \/><\/a><\/figure>\n<\/div>\n\n\n\n<div class=\"wp-block-column is-layout-flow wp-block-column-is-layout-flow\">\n<figure class=\"wp-block-image size-large\"><a href=\"https:\/\/news.sap.com\/germany\/2018\/03\/bildung-afrika\/\" rel=\"noopener\"><img loading=\"lazy\" decoding=\"async\" width=\"1024\" height=\"576\" src=\"https:\/\/afrika-kommt.de\/wp-content\/uploads\/2020\/11\/SAP-Bildung-1024x576.jpg\" alt=\"\" class=\"wp-image-3927\" srcset=\"https:\/\/afrika-kommt.de\/wp-content\/uploads\/2020\/11\/SAP-Bildung-1024x576.jpg 1024w, https:\/\/afrika-kommt.de\/wp-content\/uploads\/2020\/11\/SAP-Bildung-300x169.jpg 300w, https:\/\/afrika-kommt.de\/wp-content\/uploads\/2020\/11\/SAP-Bildung-768x432.jpg 768w, https:\/\/afrika-kommt.de\/wp-content\/uploads\/2020\/11\/SAP-Bildung-1536x864.jpg 1536w, https:\/\/afrika-kommt.de\/wp-content\/uploads\/2020\/11\/SAP-Bildung-2048x1152.jpg 2048w\" sizes=\"auto, (max-width: 1024px) 100vw, 1024px\" \/><\/a><\/figure>\n<\/div>\n<\/div>\n\n\n\n    <div id=\"textblock-block_5f9c26ae350de\" class=\"textblock_container\">\n              <div class=\"short_red_line\"><\/div>\n        <h2 class=\"textblock_heading\">Bauen Sie Netzwerke der Kooperation und des Vertrauens in Afrika auf<\/h2>\n        \n      <div class=\"textblock_content\"><p>Zur\u00fcck in ihren Herkunftsl\u00e4ndern sind die Alumni der Schl\u00fcssel zu entscheidenden Kontakten und Netzwerken in ihren L\u00e4ndern. Sie sind Vermittler*innen zwischen Deutschland und ihren Herkunftsl\u00e4ndern und Multiplikator*innen f\u00fcr Ihre positiven Erfahrungen aus Deutschland. Manche von ihnen sind in h\u00f6here Regierungsposten aufgestiegen und vermitteln Unterst\u00fctzung auf h\u00f6chster Ebene f\u00fcr deutsche Unternehmen, die in Afrika investieren m\u00f6chten.<\/p>\n<\/div>\n          <\/div>\n      \n\n\n  \t<div class=\"story_teaser_tile_container right\">\n      <div class=\"story_teaser_tile_left\">\n          <div class=\"story_teaser_tile_image\" style=\"background-image: url('https:\/\/afrika-kommt.de\/wp-content\/uploads\/2020\/10\/Geoffrey-Mwambe-scaled.jpg'); background-position: center; background-repeat: no-repeat; background-size: cover; \"><\/div>\n      <\/div>\n      <div class=\"story_teaser_tile_right\">\n                      <a class=\"name_link\" href=\"#\" target=\"\" title=\"Geoffrey Mwambe\">Geoffrey Mwambe<\/a>\n                  <div class=\"name_profile\">Minister f\u00fcr Industrie und Handel, Tansania<\/div>\n        <h2 class=\"story_teaser_headline\">Der Wert des Netzwerks<\/h2>\n        <div class=\"story_teaser_tile_content\"><ul>\n<li>Geoffrey leitete das Tansania Investment Center f\u00fcr vier Jahre<\/li>\n<li>Seine Erfahrungen in Deutschland erlaubten ihm, f\u00fcr Investitionen in Tansania eng mit deutschen Unternehmen zusammenzuarbeiten<\/li>\n<li>Er wurde k\u00fcrzlich ins nationale Parlament gew\u00e4hlt und setzt sich f\u00fcr nachhaltige Entwicklung in seinem Wahlkreis ein.<\/li>\n<li>Im neuen Kabinett wurde Geoffrey nun zum Minister f\u00fcr Industrie und Handel ernannt und verwirklicht damit den Wandel, den AFRIKA KOMMT! bringen m\u00f6chte.<\/li>\n<\/ul>\n<p>&nbsp;<\/p>\n<\/div>\n              <\/div>\n  \t<\/div>\n\n\n\n    <div id=\"textblock-block_5f9c2690350dd\" class=\"textblock_container\">\n              <div class=\"short_red_line\"><\/div>\n        <h2 class=\"textblock_heading\">Profitieren Sie von den vielf\u00e4ltigen M\u00f6glichkeiten nach dem Programm<\/h2>\n        \n      <div class=\"textblock_content\"><p>Nach der achtmonatigen Praxisphase steht es den Unternehmen frei, ob und wie mit den Fellows weiter zusammengearbeitet werden soll. Dies kann in Form der direkten Einstellung nach dem Programm erfolgen, durch vertraglich geregelte Gesch\u00e4ftsbeziehungen, in Form von langfristigen Vereinbarungen zu spezifischen Kontakten wie z.B. Mentoring in den Heimatl\u00e4ndern, durch gemeinsame Projekte oder aber jede andere Form des Engagements, das f\u00fcr beide Seiten Sinn ergibt. Um alle Optionen m\u00f6glich zu halten, ist eine vorherige Verpflichtung nicht vorgesehen.<\/p>\n<\/div>\n          <\/div>\n      \n\n\n  \t<div class=\"quote_container side_none\">\n              <div class=\"quote_icon\"><image src='https:\/\/afrika-kommt.de\/wp-content\/themes\/helloIT_child\/template-parts\/blocks\/quote\/quote.svg'><\/image><\/div>\n        <div class=\"quote_content\">Es ist unglaublich, welche Talente wir \u00fcber das Programm anwerben k\u00f6nnen. <\/div>\n                    <div class=\"quote_author\">Ilka Wiskemann<\/div>\n                  <div class=\"quote_title\">HR Business Partner, SAP<\/div>\n          \t<\/div>\n\n\n\n  \t<div class=\"story_teaser_tile_container right\">\n      <div class=\"story_teaser_tile_left\">\n          <div class=\"story_teaser_tile_image\" style=\"background-image: url('https:\/\/afrika-kommt.de\/wp-content\/uploads\/2020\/11\/curafa-1.jpg'); background-position: center; background-repeat: no-repeat; background-size: cover; \"><\/div>\n      <\/div>\n      <div class=\"story_teaser_tile_right\">\n                      <a class=\"name_link\" href=\"#\" target=\"\" title=\"Winnie Munene\">Winnie Munene<\/a>\n                  <div class=\"name_profile\">Integrated Health Care Services Merck \/ Pharmacovigilance Manager Boehringer Ingelheim<\/div>\n        <h2 class=\"story_teaser_headline\">Vorreiterin f\u00fcr nachhaltige Partnerschaften<\/h2>\n        <div class=\"story_teaser_tile_content\"><ul>\n<li>Winnie pilotiert Curafa in Kenia &#8211; ein integratives Gesundheitskonzept, das bezahlbaren Zugang zu qualitativ hochwertiger Gesundheitsversorgung bietet<\/li>\n<li>Die Curafa-Einrichtungen haben mehr als 100.000 Menschen in unterversorgten Gemeinschaften erreicht<\/li>\n<li style=\"margin-top: 0; margin-bottom: 0; vertical-align: middle;\">Schl\u00fcssel zum Erfolg war Winnies F\u00e4higkeit deutsche und kenianische Akteure f\u00fcr eine nachhaltige Umsetzung zusammenzubringen<\/li>\n<\/ul>\n<\/div>\n                  <div class=\"story_teaser_button\">\n            <a class=\"button\" href=\"https:\/\/afrika-kommt.de\/pioneering-local-sustainable-solutions\/\" target=\"\" title=\"Mehr dazu\">Mehr dazu<\/a>\n          <\/div>\n              <\/div>\n  \t<\/div>\n\n\n\n    <div id=\"textblock-block_5f9c26c3350df\" class=\"textblock_container\">\n              <div class=\"short_red_line\"><\/div>\n        <h2 class=\"textblock_heading\">Nutzen Sie das exklusive Netzwerk von AFRIKA KOMMT!<\/h2>\n        \n      <div class=\"textblock_content\"><p>AFRIKA KOMMT! wird auf h\u00f6chster Ebene unterst\u00fctzt. Gegr\u00fcndet durch den ehemaligen Bundespr\u00e4sidenten Horst K\u00f6hler zusammen mit dem fr\u00fcherer Gesch\u00e4ftsf\u00fchrer der Robert Bosch Industrietreuhand KG, Tilman Todenh\u00f6fer, erf\u00e4hrt das Programm auch weiterhin viel R\u00fcckhalt durch das Bundespr\u00e4sidialamt wie z.B. in Form eines offiziellen Empfangs der Fellows und Partnerunternehmen im Schloss Bellevue durch den amtierenden Bundespr\u00e4sidenten Frank-Walter Steinmeier.<\/p>\n<p>Dar\u00fcber hinaus wird das Programm durch hochrangige Vertreter*innen des Ausw\u00e4rtigen Amtes und der deutschen Botschaften in Afrika unterst\u00fctzt.<\/p>\n<p>Kooperation ist der Schl\u00fcssel zum Erfolg: Die Partnerunternehmen bilden ein hochfunktionales Netzwerk und schaffen so sofortige Synergien.<\/p>\n<\/div>\n          <\/div>\n      \n\n<div id=\"slider-block_5f9c3434aea5d\" class=\"slider sliderblock\">\n    \t\t<div class=\"slides\">\n\t\t\t        <div class=\"slides_container\">\n\t\t\t\t <div class=\"slides_image\" style=\"background-image: url('https:\/\/afrika-kommt.de\/wp-content\/uploads\/2020\/10\/55364-019.png'); background-position: center; background-repeat: no-repeat; background-size: contain; \"><\/div>\n\t\t\t\t\t            <div class=\"slide_caption\"><div class=\"image_count\">Image 1\/4<\/div><\/div>\n                  <\/div>\n\n\t\t\t        <div class=\"slides_container\">\n\t\t\t\t <div class=\"slides_image\" style=\"background-image: url('https:\/\/afrika-kommt.de\/wp-content\/uploads\/2020\/10\/AK-Empfang-BP-5-scaled.jpg'); background-position: center; background-repeat: no-repeat; background-size: contain; \"><\/div>\n\t\t\t\t\t            <div class=\"slide_caption\"><div class=\"image_count\">Image 2\/4<\/div><\/div>\n                  <\/div>\n\n\t\t\t        <div class=\"slides_container\">\n\t\t\t\t <div class=\"slides_image\" style=\"background-image: url('https:\/\/afrika-kommt.de\/wp-content\/uploads\/2020\/10\/AK4-im-AA.jpg'); background-position: center; background-repeat: no-repeat; background-size: contain; \"><\/div>\n\t\t\t\t\t            <div class=\"slide_caption\"><div class=\"image_count\">Image 3\/4<\/div><\/div>\n                  <\/div>\n\n\t\t\t        <div class=\"slides_container\">\n\t\t\t\t <div class=\"slides_image\" style=\"background-image: url('https:\/\/afrika-kommt.de\/wp-content\/uploads\/2020\/10\/186-4.10.11-scaled.jpg'); background-position: center; background-repeat: no-repeat; background-size: contain; \"><\/div>\n\t\t\t\t\t            <div class=\"slide_caption\"><div class=\"image_count\">Image 4\/4<\/div><\/div>\n                  <\/div>\n\n\t\t\t\t\t<\/div>\n\t<\/div>\n\n\n\n    <div id=\"textblock-block_5fa52d75a17aa\" class=\"textblock_container\">\n              <div class=\"short_red_line\"><\/div>\n        <h2 class=\"textblock_heading\">Werden Sie sichtbar als prominenter Akteur f\u00fcr eine vielversprechende Zukunft <\/h2>\n        \n      <div class=\"textblock_content\"><p>Teil von AFRIKA KOMMT! zu sein bedeutet Innovation im Denken, \u201aAlthergebrachtes\u2018 in Frage zu stellen, wenn es n\u00f6tig wird und den eigenen Horizont zu erweitern. Wir beleuchten als Afrikaner*innen und Deutsche zukunftsorientierte Fragestellungen: Welches politische System und welche \u00f6konomischen Strukturen k\u00f6nnen in verschiedenen Kontexten angewendet werden? Welche sind f\u00fcr unser globales Handeln relevant? AFRIKA KOMMT! ist die Plattform f\u00fcr Ihr Unternehmen, Teil des Dialogs zu werden und so eine globale Zukunft mitzugestalten.<\/p>\n<\/div>\n          <\/div>\n      \n\n\n<figure class=\"wp-block-embed-youtube wp-block-embed is-type-video is-provider-youtube wp-embed-aspect-16-9 wp-has-aspect-ratio\"><div class=\"wp-block-embed__wrapper\">\n <div class=\"brlbs-cmpnt-container brlbs-cmpnt-content-blocker brlbs-cmpnt-with-individual-styles\" data-borlabs-cookie-content-blocker-id=\"youtube-content-blocker\" data-borlabs-cookie-content=\"PGRpdiBjbGFzcz0ibnYtaWZyYW1lLWVtYmVkIj48aWZyYW1lIHRpdGxlPSJHSVo6IEFGUklLQSBLT01NVCEg4oCTIEhvdyBHZXJtYW4gUGFydG5lciBDb21wYW5pZXMgdmlldyB0aGUgSW5pdGlhdGl2ZS4gMjAxNyIgd2lkdGg9IjEyMDAiIGhlaWdodD0iNjc1IiBzcmM9Imh0dHBzOi8vd3d3LnlvdXR1YmUtbm9jb29raWUuY29tL2VtYmVkL3dFdjBhWFJVOGgwP2ZlYXR1cmU9b2VtYmVkIiBmcmFtZWJvcmRlcj0iMCIgYWxsb3c9ImFjY2VsZXJvbWV0ZXI7IGF1dG9wbGF5OyBjbGlwYm9hcmQtd3JpdGU7IGVuY3J5cHRlZC1tZWRpYTsgZ3lyb3Njb3BlOyBwaWN0dXJlLWluLXBpY3R1cmUiIGFsbG93ZnVsbHNjcmVlbj48L2lmcmFtZT48L2Rpdj4=\"><div class=\"brlbs-cmpnt-cb-preset-c brlbs-cmpnt-cb-youtube\"> <div class=\"brlbs-cmpnt-cb-thumbnail\" style=\"background-image: url('https:\/\/afrika-kommt.de\/wp-content\/uploads\/borlabs-cookie\/1\/yt_wEv0aXRU8h0_hqdefault.jpg')\"><\/div> <div class=\"brlbs-cmpnt-cb-main\"> <div class=\"brlbs-cmpnt-cb-play-button\"><\/div> <div class=\"brlbs-cmpnt-cb-content\"> <p class=\"brlbs-cmpnt-cb-description\">Sie sehen gerade einen Platzhalterinhalt von <strong>YouTube<\/strong>. Um auf den eigentlichen Inhalt zuzugreifen, klicken Sie auf die Schaltfl\u00e4che unten. Bitte beachten Sie, dass dabei Daten an Drittanbieter weitergegeben werden.<\/p> <a class=\"brlbs-cmpnt-cb-provider-toggle\" href=\"#\" data-borlabs-cookie-show-provider-information role=\"button\">Mehr Informationen<\/a> <\/div> <div class=\"brlbs-cmpnt-cb-buttons\"> <a class=\"brlbs-cmpnt-cb-btn\" href=\"#\" data-borlabs-cookie-unblock role=\"button\">Inhalt entsperren<\/a> <a class=\"brlbs-cmpnt-cb-btn\" href=\"#\" data-borlabs-cookie-accept-service role=\"button\" style=\"display: inherit\">Erforderlichen Service akzeptieren und Inhalte entsperren<\/a> <\/div> <\/div> <\/div><\/div>\n<\/div><figcaption>AFRIKA KOMMT! ist nun offen f\u00fcr den ganzen afrikanischen Kontinent<\/figcaption><\/figure>\n","protected":false},"excerpt":{"rendered":"","protected":false},"author":1,"featured_media":0,"parent":342,"menu_order":0,"comment_status":"closed","ping_status":"closed","template":"","meta":{"_acf_changed":false,"neve_meta_sidebar":"full-width","neve_meta_container":"","neve_meta_enable_content_width":"on","neve_meta_content_width":100,"neve_meta_title_alignment":"","neve_meta_author_avatar":"","neve_post_elements_order":"","neve_meta_disable_header":"","neve_meta_disable_footer":"","neve_meta_disable_title":"","neve_meta_reading_time":"","footnotes":""},"class_list":["post-3426","page","type-page","status-publish","hentry"],"acf":[],"_links":{"self":[{"href":"https:\/\/afrika-kommt.de\/de\/wp-json\/wp\/v2\/pages\/3426","targetHints":{"allow":["GET"]}}],"collection":[{"href":"https:\/\/afrika-kommt.de\/de\/wp-json\/wp\/v2\/pages"}],"about":[{"href":"https:\/\/afrika-kommt.de\/de\/wp-json\/wp\/v2\/types\/page"}],"author":[{"embeddable":true,"href":"https:\/\/afrika-kommt.de\/de\/wp-json\/wp\/v2\/users\/1"}],"replies":[{"embeddable":true,"href":"https:\/\/afrika-kommt.de\/de\/wp-json\/wp\/v2\/comments?post=3426"}],"version-history":[{"count":9,"href":"https:\/\/afrika-kommt.de\/de\/wp-json\/wp\/v2\/pages\/3426\/revisions"}],"predecessor-version":[{"id":3943,"href":"https:\/\/afrika-kommt.de\/de\/wp-json\/wp\/v2\/pages\/3426\/revisions\/3943"}],"up":[{"embeddable":true,"href":"https:\/\/afrika-kommt.de\/de\/wp-json\/wp\/v2\/pages\/342"}],"wp:attachment":[{"href":"https:\/\/afrika-kommt.de\/de\/wp-json\/wp\/v2\/media?parent=3426"}],"curies":[{"name":"wp","href":"https:\/\/api.w.org\/{rel}","templated":true}]}}