{"id":3423,"date":"2020-11-13T14:56:51","date_gmt":"2020-11-13T13:56:51","guid":{"rendered":"http:\/\/wp13590066.server-he.de\/become-a-fellow\/faq-fuer-fellows\/"},"modified":"2020-11-13T16:49:33","modified_gmt":"2020-11-13T15:49:33","slug":"faq-fuer-fellows","status":"publish","type":"page","link":"https:\/\/afrika-kommt.de\/de\/become-a-fellow\/faq-fuer-fellows\/","title":{"rendered":"FAQ f\u00fcr Fellows"},"content":{"rendered":"<div class=\"accordion-block-container accordion-block_5faea5c795ca7 noHeadline\">\n    <div class=\"accordion_content\">\n          <div class=\"accordionfield_headline\">\n          <h3>Allgemeine Fragen zum Programm<\/h3>\n      <\/div>\n                  <div class=\"accordion-block\">\n          \t\t<button class=\"accordion-block_5faea5c795ca7 accordion\">Was ist AFRIKA KOMMT! ?<\/button>\n          \t\t<div class=\"panel\">\n          \t\t  <p>AFRIKA KOMMT! ist ein Fellowship Programm, dass vision\u00e4re afrikanische Fach- und F\u00fchrungskr\u00e4fte mit f\u00fchrenden deutschen Unternehmen zusammenbringt. Sie bereiten zusammen den Weg f\u00fcr afrikanisch-europ\u00e4ische Wirtschaftsbeziehungen und eine Kooperation, die f\u00fcr alle Seiten vorteilhaft ist.<a href=\"https:\/\/afrika-kommt.de\/de\/about-the-programme\/\"> Mehr Information zum Programm.<\/a><\/p>\n          \t\t<\/div>\n            <\/div>\n        \t\t            <div class=\"accordion-block\">\n          \t\t<button class=\"accordion-block_5faea5c795ca7 accordion\">Wie kann AFRIKA KOMMT! sowohl afrikanische Nachwuchsf\u00fchrungskr\u00e4fte als auch deutsche Unternehmen zugutekommen? <\/button>\n          \t\t<div class=\"panel\">\n          \t\t  <p>Deutsche Unternehmen profitieren von der Expertise, lokalen Netzwerken und der einzigartigen Perspektive der jungen Expert*innen. Die afrikanischen Fellows tauchen tief in die deutsche Unternehmenswelt ein und lernen die deutsche Kultur kennen. AFRIKA KOMMT! macht Wandel greifbar und erm\u00f6glicht neue Sichtweisen sowohl auf Deutschland als auch die afrikanischen L\u00e4nder in all ihrer Verschiedenartigkeit. AFRIKA KOMMT! bietet den afrikanischen Fellows eine tiefgreifende Erfahrungen, st\u00e4rkt Wirtschaftsbeziehungen mit Afrika und f\u00f6rdert \u00f6konomisches und soziales Wachstum in den Herkunftsl\u00e4ndern und Kontexten der Fellows.<\/p>\n          \t\t<\/div>\n            <\/div>\n        \t\t            <div class=\"accordion-block\">\n          \t\t<button class=\"accordion-block_5faea5c795ca7 accordion\">Wer finanziert das Programm AFRIKA KOMMT!?<\/button>\n          \t\t<div class=\"panel\">\n          \t\t  <p>AFRIKA KOMMT! ist ein Programm der deutschen Wirtschaft und wird voll durch die teilnehmenden Unternehmen finanziert. F\u00fcr die Fellows werden alle Kosten im Rahmen des Programms \u00fcbernommen (Fl\u00fcge, Unterkunft, Lebenshaltungskosten, Trainings, Deutschkurs, etc.)<\/p>\n          \t\t<\/div>\n            <\/div>\n        \t\t\n  <\/div>\n<\/div>\n\n\n\n<div class=\"wp-block-columns is-layout-flex wp-container-core-columns-is-layout-9d6595d7 wp-block-columns-is-layout-flex\">\n<div class=\"wp-block-column is-layout-flow wp-block-column-is-layout-flow\">\n<figure class=\"wp-block-embed-youtube wp-block-embed is-type-video is-provider-youtube wp-embed-aspect-16-9 wp-has-aspect-ratio\"><div class=\"wp-block-embed__wrapper\">\n <div class=\"brlbs-cmpnt-container brlbs-cmpnt-content-blocker brlbs-cmpnt-with-individual-styles\" data-borlabs-cookie-content-blocker-id=\"youtube-content-blocker\" data-borlabs-cookie-content=\"PGRpdiBjbGFzcz0ibnYtaWZyYW1lLWVtYmVkIj48aWZyYW1lIHRpdGxlPSJBRlJJS0EgS09NTVQhIEZBUSAtIEFib3V0IEFGUklLQSBLT01NVCEiIHdpZHRoPSIxMjAwIiBoZWlnaHQ9IjY3NSIgc3JjPSJodHRwczovL3d3dy55b3V0dWJlLW5vY29va2llLmNvbS9lbWJlZC9HbUtfeUYtUGR1RT9mZWF0dXJlPW9lbWJlZCIgZnJhbWVib3JkZXI9IjAiIGFsbG93PSJhY2NlbGVyb21ldGVyOyBhdXRvcGxheTsgY2xpcGJvYXJkLXdyaXRlOyBlbmNyeXB0ZWQtbWVkaWE7IGd5cm9zY29wZTsgcGljdHVyZS1pbi1waWN0dXJlIiBhbGxvd2Z1bGxzY3JlZW4+PC9pZnJhbWU+PC9kaXY+\"><div class=\"brlbs-cmpnt-cb-preset-c brlbs-cmpnt-cb-youtube\"> <div class=\"brlbs-cmpnt-cb-thumbnail\" style=\"background-image: url('https:\/\/afrika-kommt.de\/wp-content\/uploads\/borlabs-cookie\/1\/yt_GmK_yF-PduE_hqdefault.jpg')\"><\/div> <div class=\"brlbs-cmpnt-cb-main\"> <div class=\"brlbs-cmpnt-cb-play-button\"><\/div> <div class=\"brlbs-cmpnt-cb-content\"> <p class=\"brlbs-cmpnt-cb-description\">Sie sehen gerade einen Platzhalterinhalt von <strong>YouTube<\/strong>. Um auf den eigentlichen Inhalt zuzugreifen, klicken Sie auf die Schaltfl\u00e4che unten. Bitte beachten Sie, dass dabei Daten an Drittanbieter weitergegeben werden.<\/p> <a class=\"brlbs-cmpnt-cb-provider-toggle\" href=\"#\" data-borlabs-cookie-show-provider-information role=\"button\">Mehr Informationen<\/a> <\/div> <div class=\"brlbs-cmpnt-cb-buttons\"> <a class=\"brlbs-cmpnt-cb-btn\" href=\"#\" data-borlabs-cookie-unblock role=\"button\">Inhalt entsperren<\/a> <a class=\"brlbs-cmpnt-cb-btn\" href=\"#\" data-borlabs-cookie-accept-service role=\"button\" style=\"display: inherit\">Erforderlichen Service akzeptieren und Inhalte entsperren<\/a> <\/div> <\/div> <\/div><\/div>\n<\/div><\/figure>\n<\/div>\n\n\n\n<div class=\"wp-block-column is-layout-flow wp-block-column-is-layout-flow\">\n<figure class=\"wp-block-embed-youtube wp-block-embed is-type-video is-provider-youtube wp-embed-aspect-16-9 wp-has-aspect-ratio\"><div class=\"wp-block-embed__wrapper\">\n <div class=\"brlbs-cmpnt-container brlbs-cmpnt-content-blocker brlbs-cmpnt-with-individual-styles\" data-borlabs-cookie-content-blocker-id=\"youtube-content-blocker\" data-borlabs-cookie-content=\"PGRpdiBjbGFzcz0ibnYtaWZyYW1lLWVtYmVkIj48aWZyYW1lIHRpdGxlPSJBRlJJS0EgS09NTVQhIEZBUSAtIFRoZSBBRlJJS0EgS09NTVQhIEV4cGVyaWVuY2UiIHdpZHRoPSIxMjAwIiBoZWlnaHQ9IjY3NSIgc3JjPSJodHRwczovL3d3dy55b3V0dWJlLW5vY29va2llLmNvbS9lbWJlZC9kbXA1VktDU2NLOD9mZWF0dXJlPW9lbWJlZCIgZnJhbWVib3JkZXI9IjAiIGFsbG93PSJhY2NlbGVyb21ldGVyOyBhdXRvcGxheTsgY2xpcGJvYXJkLXdyaXRlOyBlbmNyeXB0ZWQtbWVkaWE7IGd5cm9zY29wZTsgcGljdHVyZS1pbi1waWN0dXJlIiBhbGxvd2Z1bGxzY3JlZW4+PC9pZnJhbWU+PC9kaXY+\"><div class=\"brlbs-cmpnt-cb-preset-c brlbs-cmpnt-cb-youtube\"> <div class=\"brlbs-cmpnt-cb-thumbnail\" style=\"background-image: url('https:\/\/afrika-kommt.de\/wp-content\/uploads\/borlabs-cookie\/1\/yt_dmp5VKCScK8_hqdefault.jpg')\"><\/div> <div class=\"brlbs-cmpnt-cb-main\"> <div class=\"brlbs-cmpnt-cb-play-button\"><\/div> <div class=\"brlbs-cmpnt-cb-content\"> <p class=\"brlbs-cmpnt-cb-description\">Sie sehen gerade einen Platzhalterinhalt von <strong>YouTube<\/strong>. Um auf den eigentlichen Inhalt zuzugreifen, klicken Sie auf die Schaltfl\u00e4che unten. Bitte beachten Sie, dass dabei Daten an Drittanbieter weitergegeben werden.<\/p> <a class=\"brlbs-cmpnt-cb-provider-toggle\" href=\"#\" data-borlabs-cookie-show-provider-information role=\"button\">Mehr Informationen<\/a> <\/div> <div class=\"brlbs-cmpnt-cb-buttons\"> <a class=\"brlbs-cmpnt-cb-btn\" href=\"#\" data-borlabs-cookie-unblock role=\"button\">Inhalt entsperren<\/a> <a class=\"brlbs-cmpnt-cb-btn\" href=\"#\" data-borlabs-cookie-accept-service role=\"button\" style=\"display: inherit\">Erforderlichen Service akzeptieren und Inhalte entsperren<\/a> <\/div> <\/div> <\/div><\/div>\n<\/div><\/figure>\n<\/div>\n<\/div>\n\n\n<div class=\"accordion-block-container accordion-block_5faea63495cab noHeadline\">\n    <div class=\"accordion_content\">\n          <div class=\"accordionfield_headline\">\n          <h3>Allgemeine Fragen zur Bewerbung<\/h3>\n      <\/div>\n                  <div class=\"accordion-block\">\n          \t\t<button class=\"accordion-block_5faea63495cab accordion\">Ich w\u00fcrde gerne einen Master \/ PhD in Deutschland machen. Ist AFRIKA KOMTM! das richtige Programm f\u00fcr mich?<\/button>\n          \t\t<div class=\"panel\">\n          \t\t  <p>AFRIKA KOMMT! vereint Theorie und Praxis durch verschiedene Management Trainings und eine praktische Phase in einem deutschen Unternehmen. Das Programm vergibt dabei keine Stipendien f\u00fcr akademische Vorhaben oder ein Studium in Deutschland.<\/p>\n          \t\t<\/div>\n            <\/div>\n        \t\t            <div class=\"accordion-block\">\n          \t\t<button class=\"accordion-block_5faea63495cab accordion\">Wie bewerbe ich mich? Wohin schicke ich meinen CV?<\/button>\n          \t\t<div class=\"panel\">\n          \t\t  <p>Du kannst dich w\u00e4hrend einer Bewerbungsphase auf unserer Online-Plattform bewerben. Bewerbungen, die uns per E-Mail erreichen, werden nicht akzeptiert.<\/p>\n          \t\t<\/div>\n            <\/div>\n        \t\t            <div class=\"accordion-block\">\n          \t\t<button class=\"accordion-block_5faea63495cab accordion\">Kann ich mich bewerben, wenn ich \u00e4lter als 35 Jahre bin?<\/button>\n          \t\t<div class=\"panel\">\n          \t\t  <p>AFRIKA KOMMT! ist ein Weiterbildungsprogramm f\u00fcr junge Berufst\u00e4tige. Deshalb kannst du dich nur bewerben, wenn du 35 Jahre oder j\u00fcnger bist.<\/p>\n          \t\t<\/div>\n            <\/div>\n        \t\t            <div class=\"accordion-block\">\n          \t\t<button class=\"accordion-block_5faea63495cab accordion\">F\u00fcr welche Unternehmen kann ich mich bewerben?<\/button>\n          \t\t<div class=\"panel\">\n          \t\t  <p>Du bewirbst dich grunds\u00e4tzlich immer f\u00fcr das ganze Programm AFRIKA KOMMT!. In der Bewerbung kannst du Pr\u00e4ferenzen f\u00fcr bestimmte Fellowship-Stellen angeben, aber wir ber\u00fccksichtigen deine Bewerbung f\u00fcr das Programm insgesamt. <a href=\"https:\/\/afrika-kommt.de\/de\/become-a-fellow\/wie-bewerbe-ich-mich\/\">Mehr Informationen zu Bewerbung<\/a><\/p>\n          \t\t<\/div>\n            <\/div>\n        \t\t            <div class=\"accordion-block\">\n          \t\t<button class=\"accordion-block_5faea63495cab accordion\">Aus meinem Land hat noch niemand am Programm teilgenommen. Kann ich mich trotzdem bewerben? <\/button>\n          \t\t<div class=\"panel\">\n          \t\t  <p>Wenn du Staatsb\u00fcrger*in eines Landes in Afrika bist, kannst du dich f\u00fcr AFRIKA KOMMT! bewerben.<\/p>\n          \t\t<\/div>\n            <\/div>\n        \t\t            <div class=\"accordion-block\">\n          \t\t<button class=\"accordion-block_5faea63495cab accordion\">Ich studiere \/ arbeite zurzeit im Ausland. Kann ich mich trotzdem bewerben?<\/button>\n          \t\t<div class=\"panel\">\n          \t\t  <p>Ja, wir freuen uns auf deine Bewerbung, wenn du die allgemeinen Bewerbungskriterien erf\u00fcllst.<\/p>\n          \t\t<\/div>\n            <\/div>\n        \t\t            <div class=\"accordion-block\">\n          \t\t<button class=\"accordion-block_5faea63495cab accordion\">Kann ich mich bewerben, wenn ich nur Franz\u00f6sisch und fast kein Englisch spreche?<\/button>\n          \t\t<div class=\"panel\">\n          \t\t  <p>Du solltest flie\u00dfend Englisch sprechen, um an AFRIKA KOMMT! teilzunehmen. Arbeitssprache in vielen Partnerunternehmen ist Englisch und du solltest in der Lage sein, auf Englisch zu arbeiten. Ist deine Muttersprache Franz\u00f6sisch und du sprichst sehr gut Englisch, dann kann das ein Plus im Bewerbungsprozess sein.<\/p>\n          \t\t<\/div>\n            <\/div>\n        \t\t            <div class=\"accordion-block\">\n          \t\t<button class=\"accordion-block_5faea63495cab accordion\">Ich spreche kein Deutsch. Kann ich mich trotzdem bewerben?<\/button>\n          \t\t<div class=\"panel\">\n          \t\t  <p>Ja, du musst bei der Bewerbung noch kein Deutsch sprechen k\u00f6nnen.<\/p>\n          \t\t<\/div>\n            <\/div>\n        \t\t            <div class=\"accordion-block\">\n          \t\t<button class=\"accordion-block_5faea63495cab accordion\">Ich habe mich schon zwei Mal beworben und wurde nicht ausgew\u00e4hlt. Kann ich mich erneut bewerben?<\/button>\n          \t\t<div class=\"panel\">\n          \t\t  <p>Ja, du kannst dich erneut bewerben. Wir raten dir allerdings, dass du unsere Auswahlkriterien pr\u00fcfst und dir die verf\u00fcgbaren Fellowship-Stellen genau anschaust. Diese \u00e4ndern sich jedes Jahr und du solltest \u00fcberpr\u00fcfen, welche Stelle am besten zu dir passt.<\/p>\n          \t\t<\/div>\n            <\/div>\n        \t\t            <div class=\"accordion-block\">\n          \t\t<button class=\"accordion-block_5faea63495cab accordion\">Wie finde ich heraus, ob meine Ausbildung und mein beruflicher Hintergrund zum Programm passen?<\/button>\n          \t\t<div class=\"panel\">\n          \t\t  <p>Du findest unsere Auswahlkriterien<a href=\"https:\/\/afrika-kommt.de\/de\/become-a-fellow\/kann-ich-teilnehmen\/\"> hier<\/a> und kannst dir <a href=\"https:\/\/afrika-kommt.de\/de\/become-a-fellow\/wie-bewerbe-ich-mich\/\">hier<\/a> einen \u00dcberblick \u00fcber die verf\u00fcgbaren Fellowship-Stellen w\u00e4hrend der Bewerbungsphase machen.<\/p>\n          \t\t<\/div>\n            <\/div>\n        \t\t            <div class=\"accordion-block\">\n          \t\t<button class=\"accordion-block_5faea63495cab accordion\">Ich w\u00fcrde gerne die GIZ als Partnerunternehmen ausw\u00e4hlen. Geht das?<\/button>\n          \t\t<div class=\"panel\">\n          \t\t  <p>Nein, du kannst die GIZ nicht f\u00fcr dein Fellowship ausw\u00e4hlen. Die GIZ f\u00fchrt AFRIKA KOMMT! im Auftrag der teilnehmenden Unternehmen durch, aber bietet keine Fellowship-Stellen an.<\/p>\n          \t\t<\/div>\n            <\/div>\n        \t\t            <div class=\"accordion-block\">\n          \t\t<button class=\"accordion-block_5faea63495cab accordion\">Mir ist in meiner Bewerbung ein Fehler unterlaufen, aber ich habe sie schon abgeschickt. Kann ich sie noch \u00e4ndern?<\/button>\n          \t\t<div class=\"panel\">\n          \t\t  <p>Leider kannst du deine Bewerbung nicht mehr \u00e4ndern, wenn du diese bereits abgeschickt hast.<\/p>\n          \t\t<\/div>\n            <\/div>\n        \t\t\n  <\/div>\n<\/div>\n\n\n<div class=\"accordion-block-container accordion-block_5faea73a95cb7 noHeadline\">\n    <div class=\"accordion_content\">\n          <div class=\"accordionfield_headline\">\n          <h3>Fragen zum Bewerbungsformular<\/h3>\n      <\/div>\n                  <div class=\"accordion-block\">\n          \t\t<button class=\"accordion-block_5faea73a95cb7 accordion\">Alle meine Zeugnisse sind auf Franz\u00f6sisch. Was soll ich machen?<\/button>\n          \t\t<div class=\"panel\">\n          \t\t  <p>Bitte lade deine Zeugnisse in der Kategorie &#8222;Attachment&#8220; hoch. Unser Team spricht Deutsch, Englisch, Franz\u00f6sisch und Spanisch. Sollten deine Zeugnisse in einer anderen Sprache ausgestellt sein, empfehlen wir dir eine \u00dcbersetzung anzuh\u00e4ngen.<\/p>\n          \t\t<\/div>\n            <\/div>\n        \t\t            <div class=\"accordion-block\">\n          \t\t<button class=\"accordion-block_5faea73a95cb7 accordion\">Wie sollte meine Pr\u00e4sentation aussehen? Soll ich eine PowerPoint oder ein Word Dokument erstellen?<\/button>\n          \t\t<div class=\"panel\">\n          \t\t  <p>Du kannst selbst entscheiden, wie deine Pr\u00e4sentation aussehen soll. Beide Formate sind m\u00f6glich.<\/p>\n          \t\t<\/div>\n            <\/div>\n        \t\t            <div class=\"accordion-block\">\n          \t\t<button class=\"accordion-block_5faea73a95cb7 accordion\">Was soll ich bei &#8222;Stay Abroad&#8220; schreiben?<\/button>\n          \t\t<div class=\"panel\">\n          \t\t  <p>Hier kannst du l\u00e4ngere Auslandsaufenthalte im Rahmen deines Berufs oder eines Trainings angeben.<\/p>\n          \t\t<\/div>\n            <\/div>\n        \t\t            <div class=\"accordion-block\">\n          \t\t<button class=\"accordion-block_5faea73a95cb7 accordion\">Was f\u00fcr ein Foto soll ich hochladen?<\/button>\n          \t\t<div class=\"panel\">\n          \t\t  <p>Bitte lade ein Bewerbungsfoto oder Profilbild von dir hoch.<\/p>\n          \t\t<\/div>\n            <\/div>\n        \t\t\n  <\/div>\n<\/div>\n\n\n\n<div class=\"wp-block-columns is-layout-flex wp-container-core-columns-is-layout-9d6595d7 wp-block-columns-is-layout-flex\">\n<div class=\"wp-block-column is-layout-flow wp-block-column-is-layout-flow\">\n<figure class=\"wp-block-embed-youtube wp-block-embed is-type-video is-provider-youtube wp-embed-aspect-16-9 wp-has-aspect-ratio\"><div class=\"wp-block-embed__wrapper\">\n <div class=\"brlbs-cmpnt-container brlbs-cmpnt-content-blocker brlbs-cmpnt-with-individual-styles\" data-borlabs-cookie-content-blocker-id=\"youtube-content-blocker\" data-borlabs-cookie-content=\"PGRpdiBjbGFzcz0ibnYtaWZyYW1lLWVtYmVkIj48aWZyYW1lIHRpdGxlPSJBRlJJS0EgS09NTVQhIEZBUSAtIFRoZSBBcHBsaWNhdGlvbiBQcm9jZXNzIiB3aWR0aD0iMTIwMCIgaGVpZ2h0PSI2NzUiIHNyYz0iaHR0cHM6Ly93d3cueW91dHViZS1ub2Nvb2tpZS5jb20vZW1iZWQvb0NQWFZPVVZaeXM\/ZmVhdHVyZT1vZW1iZWQiIGZyYW1lYm9yZGVyPSIwIiBhbGxvdz0iYWNjZWxlcm9tZXRlcjsgYXV0b3BsYXk7IGNsaXBib2FyZC13cml0ZTsgZW5jcnlwdGVkLW1lZGlhOyBneXJvc2NvcGU7IHBpY3R1cmUtaW4tcGljdHVyZSIgYWxsb3dmdWxsc2NyZWVuPjwvaWZyYW1lPjwvZGl2Pg==\"><div class=\"brlbs-cmpnt-cb-preset-c brlbs-cmpnt-cb-youtube\"> <div class=\"brlbs-cmpnt-cb-thumbnail\" style=\"background-image: url('https:\/\/afrika-kommt.de\/wp-content\/uploads\/borlabs-cookie\/1\/yt_oCPXVOUVZys_hqdefault.jpg')\"><\/div> <div class=\"brlbs-cmpnt-cb-main\"> <div class=\"brlbs-cmpnt-cb-play-button\"><\/div> <div class=\"brlbs-cmpnt-cb-content\"> <p class=\"brlbs-cmpnt-cb-description\">Sie sehen gerade einen Platzhalterinhalt von <strong>YouTube<\/strong>. Um auf den eigentlichen Inhalt zuzugreifen, klicken Sie auf die Schaltfl\u00e4che unten. Bitte beachten Sie, dass dabei Daten an Drittanbieter weitergegeben werden.<\/p> <a class=\"brlbs-cmpnt-cb-provider-toggle\" href=\"#\" data-borlabs-cookie-show-provider-information role=\"button\">Mehr Informationen<\/a> <\/div> <div class=\"brlbs-cmpnt-cb-buttons\"> <a class=\"brlbs-cmpnt-cb-btn\" href=\"#\" data-borlabs-cookie-unblock role=\"button\">Inhalt entsperren<\/a> <a class=\"brlbs-cmpnt-cb-btn\" href=\"#\" data-borlabs-cookie-accept-service role=\"button\" style=\"display: inherit\">Erforderlichen Service akzeptieren und Inhalte entsperren<\/a> <\/div> <\/div> <\/div><\/div>\n<\/div><\/figure>\n<\/div>\n\n\n\n<div class=\"wp-block-column is-layout-flow wp-block-column-is-layout-flow\">\n<figure class=\"wp-block-embed-youtube wp-block-embed is-type-video is-provider-youtube wp-embed-aspect-16-9 wp-has-aspect-ratio\"><div class=\"wp-block-embed__wrapper\">\n <div class=\"brlbs-cmpnt-container brlbs-cmpnt-content-blocker brlbs-cmpnt-with-individual-styles\" data-borlabs-cookie-content-blocker-id=\"youtube-content-blocker\" data-borlabs-cookie-content=\"PGRpdiBjbGFzcz0ibnYtaWZyYW1lLWVtYmVkIj48aWZyYW1lIHRpdGxlPSJBRlJJS0EgS09NTVQhIEZBUSAtIFRoZSBBc3Nlc3NtZW50IENlbnRlciIgd2lkdGg9IjEyMDAiIGhlaWdodD0iNjc1IiBzcmM9Imh0dHBzOi8vd3d3LnlvdXR1YmUtbm9jb29raWUuY29tL2VtYmVkLzRTSXlHdjNMczB3P2ZlYXR1cmU9b2VtYmVkIiBmcmFtZWJvcmRlcj0iMCIgYWxsb3c9ImFjY2VsZXJvbWV0ZXI7IGF1dG9wbGF5OyBjbGlwYm9hcmQtd3JpdGU7IGVuY3J5cHRlZC1tZWRpYTsgZ3lyb3Njb3BlOyBwaWN0dXJlLWluLXBpY3R1cmUiIGFsbG93ZnVsbHNjcmVlbj48L2lmcmFtZT48L2Rpdj4=\"><div class=\"brlbs-cmpnt-cb-preset-c brlbs-cmpnt-cb-youtube\"> <div class=\"brlbs-cmpnt-cb-thumbnail\" style=\"background-image: url('https:\/\/afrika-kommt.de\/wp-content\/uploads\/borlabs-cookie\/1\/yt_4SIyGv3Ls0w_hqdefault.jpg')\"><\/div> <div class=\"brlbs-cmpnt-cb-main\"> <div class=\"brlbs-cmpnt-cb-play-button\"><\/div> <div class=\"brlbs-cmpnt-cb-content\"> <p class=\"brlbs-cmpnt-cb-description\">Sie sehen gerade einen Platzhalterinhalt von <strong>YouTube<\/strong>. Um auf den eigentlichen Inhalt zuzugreifen, klicken Sie auf die Schaltfl\u00e4che unten. Bitte beachten Sie, dass dabei Daten an Drittanbieter weitergegeben werden.<\/p> <a class=\"brlbs-cmpnt-cb-provider-toggle\" href=\"#\" data-borlabs-cookie-show-provider-information role=\"button\">Mehr Informationen<\/a> <\/div> <div class=\"brlbs-cmpnt-cb-buttons\"> <a class=\"brlbs-cmpnt-cb-btn\" href=\"#\" data-borlabs-cookie-unblock role=\"button\">Inhalt entsperren<\/a> <a class=\"brlbs-cmpnt-cb-btn\" href=\"#\" data-borlabs-cookie-accept-service role=\"button\" style=\"display: inherit\">Erforderlichen Service akzeptieren und Inhalte entsperren<\/a> <\/div> <\/div> <\/div><\/div>\n<\/div><\/figure>\n<\/div>\n<\/div>\n\n\n<div class=\"accordion-block-container accordion-block_5faea7b895cbd noHeadline\">\n    <div class=\"accordion_content\">\n          <div class=\"accordionfield_headline\">\n          <h3>Fragen zum Bewerbungsprozess<\/h3>\n      <\/div>\n                  <div class=\"accordion-block\">\n          \t\t<button class=\"accordion-block_5faea7b895cbd accordion\">Wie lange muss ich auf Feedback zu meiner Bewerbung warten?<\/button>\n          \t\t<div class=\"panel\">\n          \t\t  <p>Wir informieren dich 8-12 Wochen nach Ende der Bewerbungsphase dar\u00fcber, ob du zum Assessment Centre eingeladen wirst.<\/p>\n          \t\t<\/div>\n            <\/div>\n        \t\t            <div class=\"accordion-block\">\n          \t\t<button class=\"accordion-block_5faea7b895cbd accordion\">Ein Freund von mir wurde bereits zum Assessment Centre eingeladen &#8211; ich habe noch keine R\u00fcckmeldung erhalten. Hei\u00dft das, dass ich nicht ausgew\u00e4hlt wurde? <\/button>\n          \t\t<div class=\"panel\">\n          \t\t  <p>Wir verschicken nicht alle Einladungen gleichzeitig und dadurch kann es sein, dass du deine Einladung zu einem sp\u00e4teren Zeitpunkt erh\u00e4ltst. Jede*r Bewerber*in erh\u00e4lt eine R\u00fcckmeldung zur eigenen Bewerbung.<\/p>\n          \t\t<\/div>\n            <\/div>\n        \t\t            <div class=\"accordion-block\">\n          \t\t<button class=\"accordion-block_5faea7b895cbd accordion\">Ich wurde nicht f\u00fcr das Assessment Centre ausgew\u00e4hlt. Kann ich mich noch einmal bewerben? <\/button>\n          \t\t<div class=\"panel\">\n          \t\t  <p>Du kannst dich sehr gerne in der n\u00e4chsten Bewerbungsrunde erneut bewerben. Die Fellowship-Stellen \u00e4ndern sich von Jahr zu Jahr.<\/p>\n          \t\t<\/div>\n            <\/div>\n        \t\t\n  <\/div>\n<\/div>\n","protected":false},"excerpt":{"rendered":"","protected":false},"author":1,"featured_media":0,"parent":341,"menu_order":5,"comment_status":"closed","ping_status":"closed","template":"","meta":{"_acf_changed":false,"neve_meta_sidebar":"full-width","neve_meta_container":"","neve_meta_enable_content_width":"on","neve_meta_content_width":100,"neve_meta_title_alignment":"","neve_meta_author_avatar":"","neve_post_elements_order":"","neve_meta_disable_header":"","neve_meta_disable_footer":"","neve_meta_disable_title":"","neve_meta_reading_time":"","footnotes":""},"class_list":["post-3423","page","type-page","status-publish","hentry"],"acf":[],"_links":{"self":[{"href":"https:\/\/afrika-kommt.de\/de\/wp-json\/wp\/v2\/pages\/3423","targetHints":{"allow":["GET"]}}],"collection":[{"href":"https:\/\/afrika-kommt.de\/de\/wp-json\/wp\/v2\/pages"}],"about":[{"href":"https:\/\/afrika-kommt.de\/de\/wp-json\/wp\/v2\/types\/page"}],"author":[{"embeddable":true,"href":"https:\/\/afrika-kommt.de\/de\/wp-json\/wp\/v2\/users\/1"}],"replies":[{"embeddable":true,"href":"https:\/\/afrika-kommt.de\/de\/wp-json\/wp\/v2\/comments?post=3423"}],"version-history":[{"count":3,"href":"https:\/\/afrika-kommt.de\/de\/wp-json\/wp\/v2\/pages\/3423\/revisions"}],"predecessor-version":[{"id":3507,"href":"https:\/\/afrika-kommt.de\/de\/wp-json\/wp\/v2\/pages\/3423\/revisions\/3507"}],"up":[{"embeddable":true,"href":"https:\/\/afrika-kommt.de\/de\/wp-json\/wp\/v2\/pages\/341"}],"wp:attachment":[{"href":"https:\/\/afrika-kommt.de\/de\/wp-json\/wp\/v2\/media?parent=3423"}],"curies":[{"name":"wp","href":"https:\/\/api.w.org\/{rel}","templated":true}]}}