{"id":342,"date":"2020-06-02T12:13:04","date_gmt":"2020-06-02T10:13:04","guid":{"rendered":"http:\/\/wp13590066.server-he.de\/?page_id=342"},"modified":"2020-11-20T15:57:43","modified_gmt":"2020-11-20T14:57:43","slug":"become-a-partner","status":"publish","type":"page","link":"https:\/\/afrika-kommt.de\/de\/become-a-partner\/","title":{"rendered":"Werden Sie Partner"},"content":{"rendered":"\n    <div id=\"textblock-block_5fa004a3c15af\" class=\"textblock_container\">\n              <div class=\"short_red_line\"><\/div>\n        <h2 class=\"textblock_heading\">Warum soll ich Partner werden?<\/h2>\n        \n      <div class=\"textblock_content\"><ul>\n<li>Erhalten Sie Zugang zu wachsenden afrikanischen M\u00e4rkten<\/li>\n<li>Entfachen Sie das Innovationspotential<\/li>\n<li>F\u00f6rdern Sie Diversit\u00e4t und Inklusion<\/li>\n<li>Positionieren Sie Ihr Unternehmen als Partner f\u00fcr nachhaltige wirtschaftliche Entwicklung in afrikanischen L\u00e4ndern<\/li>\n<li>Profitieren Sie von den vielf\u00e4ltigen M\u00f6glichkeiten des Engagements nach dem Programm<\/li>\n<li>Bauen Sie Netzwerke der Kooperation und des Vertrauens in Afrika auf<\/li>\n<li>Nutzen Sie hochrangige M\u00f6glichkeiten des Netzwerkens<\/li>\n<li>Werden Sie als Mitgestalter einer globalen Zukunft sichtbar<\/li>\n<\/ul>\n<\/div>\n      \n              <a class=\"textblock_link\" href=\"https:\/\/afrika-kommt.de\/de\/become-a-partner\/warum-soll-ich-partner-werden\/\" target=\"\" title=\"Warum soll ich Partner werden?\">Warum soll ich Partner werden?<\/a>\n          <\/div>\n      \n\n\n  \t<div class=\"story_teaser_tile_container left\">\n      <div class=\"story_teaser_tile_left\">\n          <div class=\"story_teaser_tile_image\" style=\"background-image: url('https:\/\/afrika-kommt.de\/wp-content\/uploads\/2020\/10\/Akofa.jpg'); background-position: center; background-repeat: no-repeat; background-size: cover; \"><\/div>\n      <\/div>\n      <div class=\"story_teaser_tile_right\">\n                      <a class=\"name_link\" href=\"#\" target=\"\" title=\"Akofa Bart-Plange\">Akofa Bart-Plange<\/a>\n                  <div class=\"name_profile\">Health Systems Development Consultant, Health Facilities\/ Medical Planner and Biomedical Engineer<\/div>\n        <h2 class=\"story_teaser_headline\">Nichts unversucht lassen<\/h2>\n        <div class=\"story_teaser_tile_content\"><ul>\n<li>Akofa er\u00f6ffnete zusammen mit anderen AFRIKA KOMMT! Alumni die B. Braun Niederlassung in Ghana<\/li>\n<li>Sie trainierte alleine landesweit 618 \u00c4rzte, Krankenpfleger*innen und biomedizinische Techniker*innen in der Nutzung von automatisierten Infusionssystemen in 12 sekund\u00e4ren und terti\u00e4ren Gesundheitseinrichtungen in nur 18 Monaten.<\/li>\n<li style=\"margin-top: 0; margin-bottom: 0; vertical-align: middle;\">Akofa arbeitet nun auch u.a. als internationale Expertin f\u00fcr Hospital Engineering GmbH, Hamburg<\/li>\n<\/ul>\n<\/div>\n                  <div class=\"story_teaser_button\">\n            <a class=\"button\" href=\"https:\/\/www.bbraun.de\/de\/magazin\/wo-wir-stolpern-liegt-der-schatz.html\" target=\"\" title=\"Mehr dazu\" rel=\"noopener\">Mehr dazu<\/a>\n          <\/div>\n              <\/div>\n  \t<\/div>\n\n\n\n    <div id=\"textblock-block_5fa01c6fc15b2\" class=\"textblock_container\">\n              <div class=\"short_red_line\"><\/div>\n        <h2 class=\"textblock_heading\">Was sollte ich als Unternehmen wissen?<\/h2>\n        \n      <div class=\"textblock_content\"><p>AFRIKA KOMMT! ist ein Fellowship Programm, das seit 2008 vision\u00e4re afrikanische Fach- und F\u00fchrungskr\u00e4fte mit f\u00fchrenden deutschen Unternehmen zusammenbringt. Zusammen bereiten sie den Weg f\u00fcr europ\u00e4isch-afrikanische Wirtschaftsbeziehungen und eine Kooperation mit beidseitigem Nutzen.<\/p>\n<p><span lang=\"en-GB\">Die D<\/span><span lang=\"de\">eutsche Gesellschaft f\u00fcr Internationale Zusammenarbeit (GIZ) GmbH f\u00fchrt auf Basis einer langj\u00e4hrigen, vertrauensvollen Kooperation das Programm im Auftrag der teilnehmenden Unternehmen durch<\/span><span lang=\"en-GB\">.<\/span><\/p>\n<\/div>\n      \n              <a class=\"textblock_link\" href=\"https:\/\/afrika-kommt.de\/de\/become-a-partner\/was-sollte-ich-als-unternehmen-wissen\/\" target=\"\" title=\"Was sollte ich als Unternehmen wissen?\">Was sollte ich als Unternehmen wissen?<\/a>\n          <\/div>\n      \n\n\n<figure class=\"wp-block-image size-large\"><img loading=\"lazy\" decoding=\"async\" width=\"1024\" height=\"682\" src=\"https:\/\/afrika-kommt.de\/wp-content\/uploads\/2020\/11\/AC2019_1_l-1024x682.jpg\" alt=\"\" class=\"wp-image-2918\" srcset=\"https:\/\/afrika-kommt.de\/wp-content\/uploads\/2020\/11\/AC2019_1_l-1024x682.jpg 1024w, https:\/\/afrika-kommt.de\/wp-content\/uploads\/2020\/11\/AC2019_1_l-300x200.jpg 300w, https:\/\/afrika-kommt.de\/wp-content\/uploads\/2020\/11\/AC2019_1_l-768x512.jpg 768w, https:\/\/afrika-kommt.de\/wp-content\/uploads\/2020\/11\/AC2019_1_l-1536x1024.jpg 1536w, https:\/\/afrika-kommt.de\/wp-content\/uploads\/2020\/11\/AC2019_1_l-2048x1365.jpg 2048w, https:\/\/afrika-kommt.de\/wp-content\/uploads\/2020\/11\/AC2019_1_l-930x620.jpg 930w\" sizes=\"auto, (max-width: 1024px) 100vw, 1024px\" \/><figcaption>Unternehmensvertrer*innen treffen den deutschen Botschafter w\u00e4hrend des Assessment Centres in Kenia (2019)<\/figcaption><\/figure>\n\n\n\n  \t<div class=\"threeboxes_container\">\n      <div class=\"short_red_line\"><\/div>\n\n                  <div class=\"threeboxes_headline\">\n            <h2>Wir bieten verschiedene Formen der Partnerschaft:<\/h2>\n          <\/div>\n                <div class=\"box_area\">\n          <div class=\"box1 box\">\n            <div class=\"box_number\"><h1>1<\/h1><\/div>\n            <div class=\"box_content\"><h3>Fellow(s) aufnehmen<\/h3><\/div>\n          <\/div>\n\n          <div class=\"box2 box\">\n            <div class=\"box_number\"><h1>2<\/h1><\/div>\n            <div class=\"box_content\"><h3>Finanzielles Sponsoring<\/h3><\/div>\n          <\/div>\n\n          <div class=\"box3 box\">\n            <div class=\"box_number\"><h1>3<\/h1><\/div>\n            <div class=\"box_content\"><h3>Inspirierendes Seminar<\/h3><\/div>\n          <\/div>\n        <\/div>\n                  <div class=\"boxes_button\">\n            <a class=\"button\" href=\"https:\/\/afrika-kommt.de\/de\/become-a-partner\/wie-werde-ich-partner\/\" target=\"\" title=\"Wie werde ich Partner?\">Wie werde ich Partner?<\/a>\n          <\/div>\n        \n    <\/div>\n\n\n\n  \t<div class=\"story_teaser_tile_container left\">\n      <div class=\"story_teaser_tile_left\">\n          <div class=\"story_teaser_tile_image\" style=\"background-image: url('https:\/\/afrika-kommt.de\/wp-content\/uploads\/2020\/10\/STIHL_AR_Kenya_hochkant.png'); background-position: center; background-repeat: no-repeat; background-size: cover; \"><\/div>\n      <\/div>\n      <div class=\"story_teaser_tile_right\">\n                      <a class=\"name_link\" href=\"#\" target=\"\" title=\"Patrick Okello\">Patrick Okello<\/a>\n                  <div class=\"name_profile\">Managing Director \u00adSTIHL Marketing East Africa Limited<\/div>\n        <h2 class=\"story_teaser_headline\">Neuland f\u00fcr ANDREAS STIHL AG &#038; Co. KG<\/h2>\n        <div class=\"story_teaser_tile_content\"><p>Patrick hat f\u00fcr die ANDREAS STIHL AG &amp; Co. KG die Niederlassung in Ostafrika mit sechs Angestellten er\u00f6ffnet. Er leitet dort die Pr\u00e4senz STIHLs in den M\u00e4rkten Ostafrikas. Zudem bef\u00e4higt Patrick lokale Landwirte die Mechanisierung ihrer Arbeit zu verbessern und steigert so das Einkommen ihrer Felder.<\/p>\n<\/div>\n                  <div class=\"story_teaser_button\">\n            <a class=\"button\" href=\"https:\/\/gb2018.stihl.de\/journal\/neuland.html\" target=\"_blank\" title=\"Mehr dazu\" rel=\"noopener\">Mehr dazu<\/a>\n          <\/div>\n              <\/div>\n  \t<\/div>\n\n\n  \t<div class=\"partners_container alignfull\">\n      <div class=\"partners_content\">\n        <div class=\"partners_headline\">\n                      <h2>Lernen Sie unsere aktuellen Partnerunternehmen kennen<\/h2>\n                  <\/div>\n        <div id=\"partners_part\">\n                                    <div id=\"partners-block_5fa004fbc15b0\" class=\"partners\" style=\"background-image: url('https:\/\/afrika-kommt.de\/wp-content\/uploads\/2022\/02\/BioNTech.png'); background-position: center; background-repeat: no-repeat; background-size: contain; background-origin: content-box;\"><\/div>\n                                          <div id=\"partners-block_5fa004fbc15b0\" class=\"partners\" style=\"background-image: url('https:\/\/afrika-kommt.de\/wp-content\/uploads\/2020\/09\/Siemens-Healthineers_Logo.jpg'); background-position: center; background-repeat: no-repeat; background-size: contain; background-origin: content-box;\"><\/div>\n                                                                                      <div id=\"partners-block_5fa004fbc15b0\" class=\"partners\" style=\"background-image: url('https:\/\/afrika-kommt.de\/wp-content\/uploads\/2022\/02\/Herunterladen.png'); background-position: center; background-repeat: no-repeat; background-size: contain; background-origin: content-box;\"><\/div>\n                                                                <div id=\"partners-block_5fa004fbc15b0\" class=\"partners\" style=\"background-image: url('https:\/\/afrika-kommt.de\/wp-content\/uploads\/2020\/09\/SAP_R_grad.png'); background-position: center; background-repeat: no-repeat; background-size: contain; background-origin: content-box;\"><\/div>\n                                                                <div id=\"partners-block_5fa004fbc15b0\" class=\"partners\" style=\"background-image: url('https:\/\/afrika-kommt.de\/wp-content\/uploads\/2020\/09\/Volkswagen-1.png'); background-position: center; background-repeat: no-repeat; background-size: contain; background-origin: content-box;\"><\/div>\n                                          <div id=\"partners-block_5fa004fbc15b0\" class=\"partners\" style=\"background-image: url('https:\/\/afrika-kommt.de\/wp-content\/uploads\/2020\/09\/Bosch.png'); background-position: center; background-repeat: no-repeat; background-size: contain; background-origin: content-box;\"><\/div>\n                                          <div id=\"partners-block_5fa004fbc15b0\" class=\"partners\" style=\"background-image: url('https:\/\/afrika-kommt.de\/wp-content\/uploads\/2020\/09\/merck.png'); background-position: center; background-repeat: no-repeat; background-size: contain; background-origin: content-box;\"><\/div>\n                                                                                                            <div id=\"partners-block_5fa004fbc15b0\" class=\"partners\" style=\"background-image: url('https:\/\/afrika-kommt.de\/wp-content\/uploads\/2020\/06\/Boehringer_Logo_RGB_Accent-Green.jpg'); background-position: center; background-repeat: no-repeat; background-size: contain; background-origin: content-box;\"><\/div>\n                                          <div id=\"partners-block_5fa004fbc15b0\" class=\"partners\" style=\"background-image: url('https:\/\/afrika-kommt.de\/wp-content\/uploads\/2020\/09\/B.Braun_.png'); background-position: center; background-repeat: no-repeat; background-size: contain; background-origin: content-box;\"><\/div>\n                        <\/div>\n                  <div class=\"partners_button\">\n            <a class=\"button\" href=\"https:\/\/afrika-kommt.de\/de\/about-the-programme\/aktuelle-partner-unternehmen\/\" target=\"\" title=\"Aktuelle Partnerunternehmen\">Aktuelle Partnerunternehmen<\/a>\n          <\/div>\n                <\/div>\n  \t<\/div>\n\n\n<div class=\"accordion-block-container accordion-block_5fa91000f50af noHeadline\">\n    <div class=\"accordion_content\">\n          <div class=\"accordionfield_headline\">\n          <h3>FAQ f\u00fcr Partner<\/h3>\n      <\/div>\n                  <div class=\"accordion-block\">\n          \t\t<button class=\"accordion-block_5fa91000f50af accordion\">Was ist AFRIKA KOMMT! ? <\/button>\n          \t\t<div class=\"panel\">\n          \t\t  <p>AFRIKA KOMMT! ist ein Fellowship Programm, dass vision\u00e4re afrikanische Fach- und F\u00fchrungskr\u00e4fte mit f\u00fchrenden deutschen Unternehmen zusammenbringt. Sie bereiten zusammen den Weg f\u00fcr afrikanisch-europ\u00e4ische Wirtschaftsbeziehungen und eine Koperation, die f\u00fcr beide Seiten vorteilhaft ist.<\/p>\n          \t\t<\/div>\n            <\/div>\n        \t\t            <div class=\"accordion-block\">\n          \t\t<button class=\"accordion-block_5fa91000f50af accordion\">Wie kann AFRIKA KOMMT! sowohl afrikanische Nachwuchsf\u00fchrungskr\u00e4fte als auch deutsche Unternehmen zugutekommen? <\/button>\n          \t\t<div class=\"panel\">\n          \t\t  <p>Deutsche Unternehmen profitieren von der Expertise, lokalen Netzwerken und der einzigartigen und vielschichtigen Perspektive der jungen Expert*innen. Die afrikanischen Fellows tauchen tief in die deutsche Unternehmenswelt ein und lernen die deutsche Kultur kennen. Sie agieren f\u00fcr Wandel und weiten unsere Wahrnehmung und Sichtweisen auf Deutschland und den afrikanischen Kontinent aus. AFRIKA KOMMT! bietet den afrikanischen Fellows eine pr\u00e4gende Erfahrung, st\u00e4rkt Wirtschaftsbeziehungen mit Afrika und f\u00f6rdert \u00f6konomisches und soziales Wachstum in den Herkunftsl\u00e4ndern und Gemeinschaften der Fellows<\/p>\n          \t\t<\/div>\n            <\/div>\n        \t\t            <div class=\"accordion-block\">\n          \t\t<button class=\"accordion-block_5fa91000f50af accordion\">Wer finanziert das AFRIKA KOMMT! Programm? <\/button>\n          \t\t<div class=\"panel\">\n          \t\t  <p>AFRIKA KOMMT! ist ein Programm der deutschen Wirtschaft und wird voll durch die teilnehmenden Unternehmen finanziert.<\/p>\n          \t\t<\/div>\n            <\/div>\n        \t\t      <a class=\"accordion_link\" href=\"https:\/\/afrika-kommt.de\/de\/become-a-partner\/faq-fuer-partner\/\" target=\"\" title=\"FAQ f\u00fcr Partner\">FAQ f\u00fcr Partner<\/a>\n      \n  <\/div>\n<\/div>\n\n\n\n<figure class=\"wp-block-embed-youtube wp-block-embed is-type-video is-provider-youtube wp-embed-aspect-16-9 wp-has-aspect-ratio\"><div class=\"wp-block-embed__wrapper\">\n <div class=\"brlbs-cmpnt-container brlbs-cmpnt-content-blocker brlbs-cmpnt-with-individual-styles\" data-borlabs-cookie-content-blocker-id=\"youtube-content-blocker\" data-borlabs-cookie-content=\"PGRpdiBjbGFzcz0ibnYtaWZyYW1lLWVtYmVkIj48aWZyYW1lIHRpdGxlPSJHSVo6IEFGUklLQSBLT01NVCEg4oCTIEhvdyBHZXJtYW4gUGFydG5lciBDb21wYW5pZXMgdmlldyB0aGUgSW5pdGlhdGl2ZS4gMjAxNyIgd2lkdGg9IjEyMDAiIGhlaWdodD0iNjc1IiBzcmM9Imh0dHBzOi8vd3d3LnlvdXR1YmUtbm9jb29raWUuY29tL2VtYmVkL3dFdjBhWFJVOGgwP2ZlYXR1cmU9b2VtYmVkIiBmcmFtZWJvcmRlcj0iMCIgYWxsb3c9ImFjY2VsZXJvbWV0ZXI7IGF1dG9wbGF5OyBjbGlwYm9hcmQtd3JpdGU7IGVuY3J5cHRlZC1tZWRpYTsgZ3lyb3Njb3BlOyBwaWN0dXJlLWluLXBpY3R1cmUiIGFsbG93ZnVsbHNjcmVlbj48L2lmcmFtZT48L2Rpdj4=\"><div class=\"brlbs-cmpnt-cb-preset-c brlbs-cmpnt-cb-youtube\"> <div class=\"brlbs-cmpnt-cb-thumbnail\" style=\"background-image: url('https:\/\/afrika-kommt.de\/wp-content\/uploads\/borlabs-cookie\/1\/yt_wEv0aXRU8h0_hqdefault.jpg')\"><\/div> <div class=\"brlbs-cmpnt-cb-main\"> <div class=\"brlbs-cmpnt-cb-play-button\"><\/div> <div class=\"brlbs-cmpnt-cb-content\"> <p class=\"brlbs-cmpnt-cb-description\">Sie sehen gerade einen Platzhalterinhalt von <strong>YouTube<\/strong>. Um auf den eigentlichen Inhalt zuzugreifen, klicken Sie auf die Schaltfl\u00e4che unten. Bitte beachten Sie, dass dabei Daten an Drittanbieter weitergegeben werden.<\/p> <a class=\"brlbs-cmpnt-cb-provider-toggle\" href=\"#\" data-borlabs-cookie-show-provider-information role=\"button\">Mehr Informationen<\/a> <\/div> <div class=\"brlbs-cmpnt-cb-buttons\"> <a class=\"brlbs-cmpnt-cb-btn\" href=\"#\" data-borlabs-cookie-unblock role=\"button\">Inhalt entsperren<\/a> <a class=\"brlbs-cmpnt-cb-btn\" href=\"#\" data-borlabs-cookie-accept-service role=\"button\" style=\"display: inherit\">Erforderlichen Service akzeptieren und Inhalte entsperren<\/a> <\/div> <\/div> <\/div><\/div>\n<\/div><figcaption>AFRIKA KOMMT! steht nun dem ganzen afrikanischen Kontinent offen<\/figcaption><\/figure>\n","protected":false},"excerpt":{"rendered":"","protected":false},"author":1,"featured_media":0,"parent":0,"menu_order":0,"comment_status":"closed","ping_status":"closed","template":"","meta":{"_acf_changed":false,"neve_meta_sidebar":"full-width","neve_meta_container":"","neve_meta_enable_content_width":"on","neve_meta_content_width":100,"neve_meta_title_alignment":"","neve_meta_author_avatar":"","neve_post_elements_order":"","neve_meta_disable_header":"","neve_meta_disable_footer":"","neve_meta_disable_title":"","neve_meta_reading_time":"","footnotes":""},"class_list":["post-342","page","type-page","status-publish","hentry"],"acf":[],"_links":{"self":[{"href":"https:\/\/afrika-kommt.de\/de\/wp-json\/wp\/v2\/pages\/342","targetHints":{"allow":["GET"]}}],"collection":[{"href":"https:\/\/afrika-kommt.de\/de\/wp-json\/wp\/v2\/pages"}],"about":[{"href":"https:\/\/afrika-kommt.de\/de\/wp-json\/wp\/v2\/types\/page"}],"author":[{"embeddable":true,"href":"https:\/\/afrika-kommt.de\/de\/wp-json\/wp\/v2\/users\/1"}],"replies":[{"embeddable":true,"href":"https:\/\/afrika-kommt.de\/de\/wp-json\/wp\/v2\/comments?post=342"}],"version-history":[{"count":8,"href":"https:\/\/afrika-kommt.de\/de\/wp-json\/wp\/v2\/pages\/342\/revisions"}],"predecessor-version":[{"id":3890,"href":"https:\/\/afrika-kommt.de\/de\/wp-json\/wp\/v2\/pages\/342\/revisions\/3890"}],"wp:attachment":[{"href":"https:\/\/afrika-kommt.de\/de\/wp-json\/wp\/v2\/media?parent=342"}],"curies":[{"name":"wp","href":"https:\/\/api.w.org\/{rel}","templated":true}]}}