{"id":3419,"date":"2020-11-13T14:56:03","date_gmt":"2020-11-13T13:56:03","guid":{"rendered":"http:\/\/wp13590066.server-he.de\/become-a-fellow\/wie-bewerbe-ich-mich\/"},"modified":"2026-03-23T14:59:44","modified_gmt":"2026-03-23T13:59:44","slug":"wie-bewerbe-ich-mich","status":"publish","type":"page","link":"https:\/\/afrika-kommt.de\/de\/become-a-fellow\/wie-bewerbe-ich-mich\/","title":{"rendered":"Wie bewerbe ich mich?"},"content":{"rendered":"\n    <div id=\"puretextblock-block_da0791607f4c7f8973f113397fac2ca2\" class=\"puretextblock_container\">\n      <div class=\"puretextblock_content\"><\/div>\n    <\/div>\n\n\n\n    <div id=\"puretextblock-block_23f0733cc165869cd24d1507219536e6\" class=\"puretextblock_container\">\n      <div class=\"puretextblock_content\"><p>Eine Bewerbung f\u00fcr das Programm ist nur w\u00e4hrend der Bewerbungsphase und auch nur \u00fcber das Online-Bewerbungsportal m\u00f6glich. Wir akzeptieren keine Bewerbungen per E-Mail.<\/p>\n<\/div>\n    <\/div>\n\n\n\n    <div id=\"trenner-block_c0f17339f8768a50cc3b5216449ac725\" class=\"trenner_container\">\n              <div class=\"short_red_line\"><\/div>\n        <h2 class=\"trenner_heading\">Wie kann ich meine Bewerbung abgeben?<\/h2>\n              <div class=\"phases\">\n                  <div class=\"phase\">\n            <div class=\"trenner grey\"><h3>Schritt 1<\/h3><\/div>\n            <div class=\"trenner_content\"><p lang=\"en-GB\">\u00dcberpr\u00fcfen Sie die <a href=\"https:\/\/afrika-kommt.de\/de\/become-a-fellow\/kann-ich-teilnehmen\/\"><strong>allgemeinen Voraussetzungen<\/strong><\/a> f\u00fcr Bewerber*innen \u2013 erf\u00fcllen Sie die Voraussetzungen und sind Sie f\u00fcr das Programm geeignet?<\/p>\n<\/div>\n          <\/div>\n                  <div class=\"phase\">\n            <div class=\"trenner red\"><h3>Schritt 2<\/h3><\/div>\n            <div class=\"trenner_content\"><p lang=\"en-GB\">\u00dcberpr\u00fcfen Sie die <a title=\"Registrierungsplattform Bewerbung\" href=\"https:\/\/afrika-kommt.de\/de\/afrika-kommt-no-profiles\/\"><strong>ausgeschriebenen Fellowship-Stellen<\/strong><\/a> und geforderten Bewerbungsprofile f\u00fcr den neuen Jahrgang von AFRIKA KOMMT!.<\/p>\n<p lang=\"en-GB\">Die ausgeschriebenen Fellowship-Stellen sind ausschlie\u00dflich w\u00e4hrend der Bewerbungsphase einsehbar.<\/p>\n<p lang=\"en-GB\">Ihre Bewerbung gilt als Bewerbung f\u00fcr das gesamte AFRIKA KOMMT! Programm, jedoch werden Sie in der Bewerbung auch gebeten, bis zu zwei Fellowship-Stellen der teilnehmenden Partnerunternehmen auszuw\u00e4hlen und Gr\u00fcnde f\u00fcr diese Entscheidung zu nennen.<\/p>\n<\/div>\n          <\/div>\n                  <div class=\"phase\">\n            <div class=\"trenner orange\"><h3>Schritt 3<\/h3><\/div>\n            <div class=\"trenner_content\"><p><span lang=\"en-GB\">Bitte registrieren Sie sich auf <\/span><a title=\"Registrierungsplattform Bewerbung\" href=\"https:\/\/afrika-kommt.de\/de\/afrika-kommt-no-profiles\/\"><span lang=\"de\">https:\/\/application.afrika-kommt.de<\/span><\/a><span lang=\"en-GB\"> und f\u00fcllen Sie das Bewerbungsformular in Englisch aus. <\/span><\/p>\n<p><span lang=\"en-GB\">Bewerbungen in anderen Sprachen k\u00f6nnen leider nicht ber\u00fccksichtigt werden. <\/span><\/p>\n<p><span lang=\"en-GB\">Zus\u00e4tzlich werden Sie gebeten, eine kurze Pr\u00e4sentation zu Ihrer Motivation, eine Idee f\u00fcr eine &#8222;Change Initiative&#8220;, ein Foto sowie Ihre Zertifikate hochzuladen.<\/span><\/p>\n<\/div>\n          <\/div>\n                  <div class=\"phase\">\n            <div class=\"trenner yellow\"><h3>Schritt 4<\/h3><\/div>\n            <div class=\"trenner_content\"><p lang=\"en-GB\">Bitte schicken Sie ihre Bewerbung innerhalb der Bewerbungsfrist ab &#8211; Bewerbungen, die nach der Frist eingereicht werden, k\u00f6nnen leider nicht ber\u00fccksichtigt werden.<\/p>\n<\/div>\n          <\/div>\n              <\/div>\n          <\/div>\n\n\n  \t<div class=\"app_container\">\n      <div class=\"left_side\">\n        <div class=\"app_headline\">\n          <h2>Jetzt bewerben!<\/h2>\n        <\/div>\n        <div class=\"app_period\">\n                      <h3>16.2. &#8211; 22.3.2026<\/h3>\n                  <\/div>\n\t\t              <a class=\"app_button button\" href=\"https:\/\/afrika-kommt.de\/15th-apply\/\" target=\"\" title=\"Jetzt bewerben!\">Jetzt bewerben!<\/a>\n                <\/div>\n      <div class=\"right_side\">\n              <\/div>\n  \t<\/div>\n      \n\n\n    <div id=\"puretextblock-block_398e1851fe29dd03e432cbe47a7c73bd\" class=\"puretextblock_container\">\n      <div class=\"puretextblock_content\"><h2>Bewerbung eingereicht &#8211; Was folgt als N\u00e4chstes?<\/h2>\n<p>Innerhalb von 8-12 Wochen nach dem offiziellen Bewerbungsende erhalten Sie R\u00fcckmeldung zu Ihrer Bewerbung. Es ist m\u00f6glich, dass die Partnerunternehmen Sie in der Zwischenzeit bereits kontaktieren, um kurze Telefoninterviews zu f\u00fchren. Sofern Ihre Bewerbung die Vorauswahl erfolgreich durchlaufen hat, erhalten Sie von uns eine Einladung f\u00fcr ein 2-t\u00e4giges Assessment Center.<\/p>\n<\/div>\n    <\/div>\n\n\n\n<figure class=\"wp-block-image size-large\"><img decoding=\"async\" src=\"https:\/\/afrika-kommt.de\/wp-content\/uploads\/2020\/10\/AC2019_4_l-1024x683.jpg\" alt=\"\" class=\"wp-image-2150\"\/><figcaption class=\"wp-element-caption\">AFRIKA KOMMT! Assessment Centre in Nairobi 2019<\/figcaption><\/figure>\n\n\n\n    <div id=\"puretextblock-block_39199cda261a65e9a52736f4292f70c1\" class=\"puretextblock_container\">\n      <div class=\"puretextblock_content\"><h3>Das AFRIKA KOMMT! Assessment Centre<\/h3>\n<p>Das Assessment Centre besteht aus einer Vielzahl unterschiedlicher Aufgaben, Gruppen\u00fcbungen und Pr\u00e4sentationen und dient als Grundlage f\u00fcr die finale Auswahl zur Teilnahme am Programm. Das Ergebnis erhalten Sie im Anschluss an das Assessment Centre. Alle finalen Teilnehmer*innen erhalten eine Einladung f\u00fcr die 12-monatige Programmphase in Deutschland.<\/p>\n<\/div>\n    <\/div>\n","protected":false},"excerpt":{"rendered":"","protected":false},"author":1,"featured_media":0,"parent":341,"menu_order":3,"comment_status":"closed","ping_status":"closed","template":"","meta":{"_acf_changed":false,"neve_meta_sidebar":"full-width","neve_meta_container":"","neve_meta_enable_content_width":"on","neve_meta_content_width":100,"neve_meta_title_alignment":"","neve_meta_author_avatar":"","neve_post_elements_order":"","neve_meta_disable_header":"","neve_meta_disable_footer":"","neve_meta_disable_title":"","neve_meta_reading_time":"","footnotes":""},"class_list":["post-3419","page","type-page","status-publish","hentry"],"acf":[],"_links":{"self":[{"href":"https:\/\/afrika-kommt.de\/de\/wp-json\/wp\/v2\/pages\/3419","targetHints":{"allow":["GET"]}}],"collection":[{"href":"https:\/\/afrika-kommt.de\/de\/wp-json\/wp\/v2\/pages"}],"about":[{"href":"https:\/\/afrika-kommt.de\/de\/wp-json\/wp\/v2\/types\/page"}],"author":[{"embeddable":true,"href":"https:\/\/afrika-kommt.de\/de\/wp-json\/wp\/v2\/users\/1"}],"replies":[{"embeddable":true,"href":"https:\/\/afrika-kommt.de\/de\/wp-json\/wp\/v2\/comments?post=3419"}],"version-history":[{"count":48,"href":"https:\/\/afrika-kommt.de\/de\/wp-json\/wp\/v2\/pages\/3419\/revisions"}],"predecessor-version":[{"id":8897,"href":"https:\/\/afrika-kommt.de\/de\/wp-json\/wp\/v2\/pages\/3419\/revisions\/8897"}],"up":[{"embeddable":true,"href":"https:\/\/afrika-kommt.de\/de\/wp-json\/wp\/v2\/pages\/341"}],"wp:attachment":[{"href":"https:\/\/afrika-kommt.de\/de\/wp-json\/wp\/v2\/media?parent=3419"}],"curies":[{"name":"wp","href":"https:\/\/api.w.org\/{rel}","templated":true}]}}