{"id":3417,"date":"2020-11-13T14:54:52","date_gmt":"2020-11-13T13:54:52","guid":{"rendered":"http:\/\/wp13590066.server-he.de\/become-a-fellow\/kann-ich-teilnehmen\/"},"modified":"2026-02-16T13:03:05","modified_gmt":"2026-02-16T12:03:05","slug":"kann-ich-teilnehmen","status":"publish","type":"page","link":"https:\/\/afrika-kommt.de\/de\/become-a-fellow\/kann-ich-teilnehmen\/","title":{"rendered":"Kann ich teilnehmen?"},"content":{"rendered":"\n    <div id=\"puretextblock-block_d1945fa81393e6a3dab35db3c2d3eccd\" class=\"puretextblock_container\">\n      <div class=\"puretextblock_content\"><h2>Um sich f\u00fcr das Programm zu bewerben, m\u00fcssen Sie folgende Voraussetzungen erf\u00fcllen:<\/h2>\n<ul type=\"disc\">\n<li lang=\"en-GB\">Staatsb\u00fcrgerschaft eines afrikanischen Landes<\/li>\n<li lang=\"en-GB\">Universit\u00e4tsabschluss in einem relevanten Feld<\/li>\n<li lang=\"en-GB\">Ein h\u00f6herer Universit\u00e4tsabschluss (z.B. Master) ist von Vorteil<\/li>\n<li lang=\"en-GB\">2-5 Jahre Berufserfahrung<\/li>\n<li lang=\"en-GB\">Ausgezeichnete Englischkenntnisse<\/li>\n<li lang=\"en-GB\">Grundkenntnisse im Deutschen sind von Vorteil<\/li>\n<li lang=\"en-GB\">Nicht \u00e4lter als 35 Jahre zum Zeitpunkt der Bewerbung<\/li>\n<\/ul>\n<\/div>\n    <\/div>\n\n\n\n    <div id=\"textblock-block_21155a70341fd983793ff648fbb42166\" class=\"textblock_container\">\n              <div class=\"short_red_line\"><\/div>\n        <h2 class=\"textblock_heading\">Weitere Auswahlkriterien<\/h2>\n        \n      <div class=\"textblock_content\"><p>Zuz\u00fcglich der oben genannten Voraussetzungen sollten Sie auch \u00fcber folgende Kompetenzen und Eigenschaften verf\u00fcgen:<\/p>\n<p><b>Sprach- und Kommunikationsf\u00e4higkeiten:\u00a0 <\/b><\/p>\n<ul>\n<li>Starke m\u00fcndliche und schriftliche Ausdrucksweise<\/li>\n<li>Hohe Bereitschaft Deutsch zu lernen<\/li>\n<\/ul>\n<p><b>Berufliche F\u00e4higkeiten: <\/b><\/p>\n<ul>\n<li>Hohes Potential an F\u00fchrungskompetenz<\/li>\n<li>Starke Selbstmotivation und Eigeninitiative<\/li>\n<li>Hohes Ma\u00df an Einsatz, Engagement und Zielorientierung<\/li>\n<li>Starke Teamf\u00e4higkeit<\/li>\n<\/ul>\n<p><b>Pers\u00f6nliche Eigenschaften: <\/b><\/p>\n<ul>\n<li>Hohes Ma\u00df an Enthusiasmus, Flexibilit\u00e4t und Belastbarkeit<\/li>\n<li>Aufgeschlossenheit<\/li>\n<li>Herausragende interkulturelle Kompetenzen<\/li>\n<li>F\u00e4higkeit, sich schnell in einem neuen Umfeld einzufinden<\/li>\n<li>F\u00e4higkeit, das eigene Verhalten und Vorurteile zu reflektieren<\/li>\n<\/ul>\n<\/div>\n          <\/div>\n      ","protected":false},"excerpt":{"rendered":"","protected":false},"author":1,"featured_media":0,"parent":341,"menu_order":2,"comment_status":"closed","ping_status":"closed","template":"","meta":{"_acf_changed":false,"neve_meta_sidebar":"full-width","neve_meta_container":"","neve_meta_enable_content_width":"on","neve_meta_content_width":100,"neve_meta_title_alignment":"","neve_meta_author_avatar":"","neve_post_elements_order":"","neve_meta_disable_header":"","neve_meta_disable_footer":"","neve_meta_disable_title":"","neve_meta_reading_time":"","footnotes":""},"class_list":["post-3417","page","type-page","status-publish","hentry"],"acf":[],"_links":{"self":[{"href":"https:\/\/afrika-kommt.de\/de\/wp-json\/wp\/v2\/pages\/3417","targetHints":{"allow":["GET"]}}],"collection":[{"href":"https:\/\/afrika-kommt.de\/de\/wp-json\/wp\/v2\/pages"}],"about":[{"href":"https:\/\/afrika-kommt.de\/de\/wp-json\/wp\/v2\/types\/page"}],"author":[{"embeddable":true,"href":"https:\/\/afrika-kommt.de\/de\/wp-json\/wp\/v2\/users\/1"}],"replies":[{"embeddable":true,"href":"https:\/\/afrika-kommt.de\/de\/wp-json\/wp\/v2\/comments?post=3417"}],"version-history":[{"count":5,"href":"https:\/\/afrika-kommt.de\/de\/wp-json\/wp\/v2\/pages\/3417\/revisions"}],"predecessor-version":[{"id":8780,"href":"https:\/\/afrika-kommt.de\/de\/wp-json\/wp\/v2\/pages\/3417\/revisions\/8780"}],"up":[{"embeddable":true,"href":"https:\/\/afrika-kommt.de\/de\/wp-json\/wp\/v2\/pages\/341"}],"wp:attachment":[{"href":"https:\/\/afrika-kommt.de\/de\/wp-json\/wp\/v2\/media?parent=3417"}],"curies":[{"name":"wp","href":"https:\/\/api.w.org\/{rel}","templated":true}]}}