{"id":3413,"date":"2020-11-13T14:53:56","date_gmt":"2020-11-13T13:53:56","guid":{"rendered":"http:\/\/wp13590066.server-he.de\/become-a-fellow\/was-sollte-ich-ueber-das-programm-wissen\/"},"modified":"2023-03-07T13:02:39","modified_gmt":"2023-03-07T12:02:39","slug":"was-sollte-ich-ueber-das-programm-wissen","status":"publish","type":"page","link":"https:\/\/afrika-kommt.de\/de\/become-a-fellow\/was-sollte-ich-ueber-das-programm-wissen\/","title":{"rendered":"Was sollte ich \u00fcber das Programm wissen?"},"content":{"rendered":"\n    <div id=\"puretextblock-block_6f972b2e438f7c2bedd2bd5c8dd3c6a5\" class=\"puretextblock_container\">\n      <div class=\"puretextblock_content\"><p>AFRIKA KOMMT! ist ein Programm f\u00fcr junge, herausragende afrikanische Fach- und F\u00fchrungskr\u00e4fte, die Ihre Kompetenzen, ihr Wissen und ihre Erfahrungen ausweiten m\u00f6chten und nicht davor zur\u00fcckschrecken, daf\u00fcr ihre Komfortzone zu verlassen. Der intensive Kontakt und Austausch mit der deutschen Wirtschaft st\u00e4rkt die internationalen Kompetenzen der jungen Fach- und F\u00fchrungskr\u00e4fte und damit deren F\u00e4higkeiten, \u00f6konomische und soziale Entwicklung in ihren L\u00e4ndern voranzutreiben.<\/p>\n<p lang=\"en-GB\">Durch das einj\u00e4hrige Programm AFRIKA KOMMT! erhalten die Fellows die notwendigen Kompetenzen, Erfahrungen und Inspiration, um wirksam zu werden in einer neuen Generation afrikanischer F\u00fchrungskr\u00e4fte. Das Programm ist in die folgenden drei Phasen gegliedert:<\/p>\n<\/div>\n    <\/div>\n\n\n\n    <div id=\"trenner-block_5fae818410dc5\" class=\"trenner_container\">\n              <div class=\"short_red_line\"><\/div>\n        <h2 class=\"trenner_heading\">Ein ganzheitliches Programm in drei Phasen<\/h2>\n              <div class=\"phases\">\n                  <div class=\"phase\">\n            <div class=\"trenner grey\"><h3>Auswahl und Vorbereitung\u00a0<\/h3><\/div>\n            <div class=\"trenner_content\"><ul type=\"disc\">\n<li>Festlegung der Wunschprofile durch die Unternehmen<\/li>\n<li>Bewerbungsphase<\/li>\n<li>Auswahl der Kandidat*innen\u00a0f\u00fcr das Assessment Center<\/li>\n<li>Assessment Center und finale Auswahl der Fellows<\/li>\n<li>Vorbereitender Deutschsprachkurs\u00a0f\u00fcr ausgew\u00e4hlte Fellows\u00a0im Herkunftsland<\/li>\n<\/ul>\n<\/div>\n          <\/div>\n                  <div class=\"phase\">\n            <div class=\"trenner red\"><h3>Einj\u00e4hriger Aufenthalt in Deutschland\u00a0<\/h3><\/div>\n            <div class=\"trenner_content\"><ul type=\"disc\">\n<li>Intensivsprachkurs Deutsch<\/li>\n<li>Drei Managementtrainings\u00a0(Fokus: Interkulturelle Kompetenzen, Leadership, Projekt- und Change Management)<\/li>\n<li>Achtmonatiger Aufenthalt als Fellow im Partnerunternehmen<\/li>\n<li>Einw\u00f6chige Studienreise<\/li>\n<li>Gemeinsame Wochenendseminare<\/li>\n<li>Netzwerkveranstaltungen<\/li>\n<li>Offizielle Verabschiedung durch das Ausw\u00e4rtige Amt<\/li>\n<\/ul>\n<\/div>\n          <\/div>\n                  <div class=\"phase\">\n            <div class=\"trenner orange\"><h3>Alumniphase\u00a0<\/h3><\/div>\n            <div class=\"trenner_content\"><ul style=\"margin-left: .375in; direction: ltr; unicode-bidi: embed; margin-top: 0in; margin-bottom: 0in;\" type=\"disc\">\n<li>Einw\u00f6chiger Refresherkurs<\/li>\n<li><span lang=\"de\">Teilnahme an AFRIKA KOMMT! Veranstaltungen\u00a0<\/span><span lang=\"en-GB\">\u00a0<\/span><\/li>\n<li>Alumni-Projekte<\/li>\n<li style=\"margin-top: 0; margin-bottom: 0; vertical-align: middle;\">Kontinuierliches Netzwerken<\/li>\n<\/ul>\n<\/div>\n          <\/div>\n              <\/div>\n          <\/div>\n\n\n\n<div class=\"wp-block-columns is-layout-flex wp-container-core-columns-is-layout-9d6595d7 wp-block-columns-is-layout-flex\">\n<div class=\"wp-block-column is-layout-flow wp-block-column-is-layout-flow\">\n    <div id=\"textblock-block_86377edd015504c6b11d9b0f03577c31\" class=\"textblock_container\">\n              <div class=\"short_red_line\"><\/div>\n        <h2 class=\"textblock_heading\">Mehr \u00fcber das Programm<\/h2>\n        \n      <div class=\"textblock_content\"><p>In 2008, Germany\u2019s leading businesses joined forces for their vision of sustainable economic cooperation with African countries and founded AFRIKA KOMMT!.<\/p>\n<p>The programme creates a win-win situation for young professionals from African countries and German industry.<\/p>\n<\/div>\n      \n              <a class=\"textblock_link\" href=\"https:\/\/afrika-kommt.de\/de\/about-the-programme\/das-programm\/\" target=\"\" title=\"Das Programm\">Das Programm<\/a>\n          <\/div>\n      <\/div>\n\n\n\n<div class=\"wp-block-column is-layout-flow wp-block-column-is-layout-flow\">\n<figure class=\"wp-block-image size-large\"><img loading=\"lazy\" decoding=\"async\" width=\"720\" height=\"480\" src=\"https:\/\/afrika-kommt.de\/wp-content\/uploads\/2020\/06\/img-news-02@2x.png\" alt=\"\" class=\"wp-image-586\" srcset=\"https:\/\/afrika-kommt.de\/wp-content\/uploads\/2020\/06\/img-news-02@2x.png 720w, https:\/\/afrika-kommt.de\/wp-content\/uploads\/2020\/06\/img-news-02@2x-300x200.png 300w\" sizes=\"auto, (max-width: 720px) 100vw, 720px\" \/><\/figure>\n<\/div>\n<\/div>\n\n\n<div class=\"accordion-block-container accordion-block_05c3108e1254a154cb8fd903d5efe05f noHeadline\">\n    <div class=\"accordion_content\">\n          <div class=\"accordionfield_headline\">\n          <h3>Was bietet das Programm AFRIKA KOMMT! ?<\/h3>\n      <\/div>\n                  <div class=\"accordion-block\">\n          \t\t<button class=\"accordion-block_05c3108e1254a154cb8fd903d5efe05f accordion\">Sprachkurs<\/button>\n          \t\t<div class=\"panel\">\n          \t\t  <ul>\n<li lang=\"en-GB\">Einen individuellen Deutschsprachkurs vor der Einreise nach Deutschland<\/li>\n<li style=\"margin-top: 0; margin-bottom: 0; vertical-align: middle;\">Einen intensiven Deutschsprachkurs in Deutschland<\/li>\n<\/ul>\n          \t\t<\/div>\n            <\/div>\n        \t\t            <div class=\"accordion-block\">\n          \t\t<button class=\"accordion-block_05c3108e1254a154cb8fd903d5efe05f accordion\">Professionelle Weiterbildung im Partnerunternehmen<\/button>\n          \t\t<div class=\"panel\">\n          \t\t  <ul>\n<li>achtmonatige Fellowship im Partnerunternehmen<\/li>\n<li>Training und Mentoring durch das Unternehmen<\/li>\n<\/ul>\n          \t\t<\/div>\n            <\/div>\n        \t\t            <div class=\"accordion-block\">\n          \t\t<button class=\"accordion-block_05c3108e1254a154cb8fd903d5efe05f accordion\">Trainings<\/button>\n          \t\t<div class=\"panel\">\n          \t\t  <ul>\n<li lang=\"en-GB\">Internationale Management Trainings<\/li>\n<li lang=\"en-GB\">Studienreise<\/li>\n<li lang=\"en-GB\">Wochenendseminare<\/li>\n<\/ul>\n          \t\t<\/div>\n            <\/div>\n        \t\t            <div class=\"accordion-block\">\n          \t\t<button class=\"accordion-block_05c3108e1254a154cb8fd903d5efe05f accordion\">Alumni-Aktivit\u00e4ten <\/button>\n          \t\t<div class=\"panel\">\n          \t\t  <ul>\n<li lang=\"en-GB\">Refresherkurs in Deutschland oder Afrika, inklusive Management Training<\/li>\n<li lang=\"en-GB\">Alumni-Netzwerkveranstaltungen<\/li>\n<li>Unterst\u00fctzung von Alumni-Projekten<\/li>\n<\/ul>\n          \t\t<\/div>\n            <\/div>\n        \t\t            <div class=\"accordion-block\">\n          \t\t<button class=\"accordion-block_05c3108e1254a154cb8fd903d5efe05f accordion\">Reisekosten<\/button>\n          \t\t<div class=\"panel\">\n          \t\t  <ul>\n<li lang=\"en-GB\">12-monatiges Visum f\u00fcr Deutschland<\/li>\n<li lang=\"en-GB\">Kosten\u00fcbernahme der Reise aus dem Herkunftsland nach Deutschland und zur\u00fcck<\/li>\n<li lang=\"en-GB\">Kosten\u00fcbernahmen der Reise zum Refresherkurs und zur\u00fcck<\/li>\n<li lang=\"en-GB\" style=\"margin-top: 0; margin-bottom: 0; vertical-align: middle;\">Programmbezogene Reisekosten in Deutschland<\/li>\n<\/ul>\n          \t\t<\/div>\n            <\/div>\n        \t\t            <div class=\"accordion-block\">\n          \t\t<button class=\"accordion-block_05c3108e1254a154cb8fd903d5efe05f accordion\">Monatlicher Lebensunterhalt und Gehalt<\/button>\n          \t\t<div class=\"panel\">\n          \t\t  <ul type=\"disc\">\n<li lang=\"en-GB\">Monatlicher Lebensunterhalt von \u20ac 900,- (Monat 1-3, Monat 12)<\/li>\n<li lang=\"en-GB\">Monatliches Gehalt w\u00e4hrend der Praxisphase in den Partnerunternehmen von ca. \u20ac 1.500,- brutto<\/li>\n<li lang=\"en-GB\">Einmalige Zahlung von \u20ac 1.000,- f\u00fcr den Umzug zur\u00fcck ins Herkunftsland<\/li>\n<\/ul>\n<p lang=\"en-GB\"><strong>Wichtige Information:<\/strong><\/p>\n<p lang=\"en-GB\">Der monatliche Lebensunterhalt von \u20ac 750,- als auch das Gehalt w\u00e4hrend der Praxisphase sichern einen angemessenen Lebensstandard in Deutschland. Der Umfang ist jedoch nicht ausreichend, um damit auch Familienangeh\u00f6rige finanziell zu unterst\u00fctzen. Aus diesem Grund ist die Miteinreise von Familienangeh\u00f6rigen nicht m\u00f6glich.<\/p>\n          \t\t<\/div>\n            <\/div>\n        \t\t            <div class=\"accordion-block\">\n          \t\t<button class=\"accordion-block_05c3108e1254a154cb8fd903d5efe05f accordion\">Wohnraum<\/button>\n          \t\t<div class=\"panel\">\n          \t\t  <p lang=\"en-GB\">Wohnraum w\u00e4hrend des gesamten Aufenthaltes in Deutschland (inklusive Internet, Strom, Wasser und andere notwendige Aufwendungen)<\/p>\n          \t\t<\/div>\n            <\/div>\n        \t\t            <div class=\"accordion-block\">\n          \t\t<button class=\"accordion-block_05c3108e1254a154cb8fd903d5efe05f accordion\">Versicherung<\/button>\n          \t\t<div class=\"panel\">\n          \t\t  <ul type=\"disc\">\n<li>Krankenversicherung (Monat 1-3 und 12)<\/li>\n<li>Unfall- und Haftpflichtversicherung<\/li>\n<\/ul>\n          \t\t<\/div>\n            <\/div>\n        \t\t            <div class=\"accordion-block\">\n          \t\t<button class=\"accordion-block_05c3108e1254a154cb8fd903d5efe05f accordion\">Zertifikat<\/button>\n          \t\t<div class=\"panel\">\n          \t\t  <p lang=\"en-GB\">AFRIKA KOMMT! ist ein praxisorientiertes Programm. Die Fellows erhalten zu Programmende zwei Zertifikate: Ein offizielles Zertifikat nach erfolgreicher Programmteilnahme mit einer detaillierten Beschreibung der verschiedenen Programminhalte und -komponenten der Trainings sowie ein Zertifikat der Akademie f\u00fcr Internationale Zusammenarbeit (AIZ) der GIZ GmbH f\u00fcr den erfolgreichen Abschluss des Trainingmoduls &#8222;Lerntagebuch der Internationalen Kompetenzentwicklung&#8220;.<\/p>\n          \t\t<\/div>\n            <\/div>\n        \t\t\n  <\/div>\n<\/div>\n\n\n\n<figure class=\"wp-block-embed is-type-video is-provider-youtube wp-block-embed-youtube wp-embed-aspect-16-9 wp-has-aspect-ratio\"><div class=\"wp-block-embed__wrapper\">\n <div class=\"brlbs-cmpnt-container brlbs-cmpnt-content-blocker brlbs-cmpnt-with-individual-styles\" data-borlabs-cookie-content-blocker-id=\"youtube-content-blocker\" data-borlabs-cookie-content=\"PGRpdiBjbGFzcz0ibnYtaWZyYW1lLWVtYmVkIj48aWZyYW1lIHRpdGxlPSJBRlJJS0EgS09NTVQhIOKAkyBBbiBJbml0aWF0aXZlIG9mIEdlcm1hbiBJbmR1c3RyeSBmb3IgRnV0dXJlIExlYWRlcnMgZnJvbSBTdWItU2FoYXJhbiBBZnJpY2EgfCBHSVoiIHdpZHRoPSIxMjAwIiBoZWlnaHQ9IjY3NSIgc3JjPSJodHRwczovL3d3dy55b3V0dWJlLW5vY29va2llLmNvbS9lbWJlZC9hWDQyZEc0RmwzYz9mZWF0dXJlPW9lbWJlZCIgZnJhbWVib3JkZXI9IjAiIGFsbG93PSJhY2NlbGVyb21ldGVyOyBhdXRvcGxheTsgY2xpcGJvYXJkLXdyaXRlOyBlbmNyeXB0ZWQtbWVkaWE7IGd5cm9zY29wZTsgcGljdHVyZS1pbi1waWN0dXJlIiBhbGxvd2Z1bGxzY3JlZW4+PC9pZnJhbWU+PC9kaXY+\"><div class=\"brlbs-cmpnt-cb-preset-c brlbs-cmpnt-cb-youtube\"> <div class=\"brlbs-cmpnt-cb-thumbnail\" style=\"background-image: url('https:\/\/afrika-kommt.de\/wp-content\/uploads\/borlabs-cookie\/1\/yt_aX42dG4Fl3c_hqdefault.jpg')\"><\/div> <div class=\"brlbs-cmpnt-cb-main\"> <div class=\"brlbs-cmpnt-cb-play-button\"><\/div> <div class=\"brlbs-cmpnt-cb-content\"> <p class=\"brlbs-cmpnt-cb-description\">Sie sehen gerade einen Platzhalterinhalt von <strong>YouTube<\/strong>. Um auf den eigentlichen Inhalt zuzugreifen, klicken Sie auf die Schaltfl\u00e4che unten. Bitte beachten Sie, dass dabei Daten an Drittanbieter weitergegeben werden.<\/p> <a class=\"brlbs-cmpnt-cb-provider-toggle\" href=\"#\" data-borlabs-cookie-show-provider-information role=\"button\">Mehr Informationen<\/a> <\/div> <div class=\"brlbs-cmpnt-cb-buttons\"> <a class=\"brlbs-cmpnt-cb-btn\" href=\"#\" data-borlabs-cookie-unblock role=\"button\">Inhalt entsperren<\/a> <a class=\"brlbs-cmpnt-cb-btn\" href=\"#\" data-borlabs-cookie-accept-service role=\"button\" style=\"display: inherit\">Erforderlichen Service akzeptieren und Inhalte entsperren<\/a> <\/div> <\/div> <\/div><\/div>\n<\/div><figcaption class=\"wp-element-caption\">Die Initiative ist nun f\u00fcr alle L\u00e4nder in Afrika ge\u00f6ffnet<\/figcaption><\/figure>\n","protected":false},"excerpt":{"rendered":"","protected":false},"author":1,"featured_media":0,"parent":341,"menu_order":1,"comment_status":"closed","ping_status":"closed","template":"","meta":{"_acf_changed":false,"neve_meta_sidebar":"full-width","neve_meta_container":"","neve_meta_enable_content_width":"on","neve_meta_content_width":100,"neve_meta_title_alignment":"","neve_meta_author_avatar":"","neve_post_elements_order":"","neve_meta_disable_header":"","neve_meta_disable_footer":"","neve_meta_disable_title":"","neve_meta_reading_time":"","footnotes":""},"class_list":["post-3413","page","type-page","status-publish","hentry"],"acf":[],"_links":{"self":[{"href":"https:\/\/afrika-kommt.de\/de\/wp-json\/wp\/v2\/pages\/3413","targetHints":{"allow":["GET"]}}],"collection":[{"href":"https:\/\/afrika-kommt.de\/de\/wp-json\/wp\/v2\/pages"}],"about":[{"href":"https:\/\/afrika-kommt.de\/de\/wp-json\/wp\/v2\/types\/page"}],"author":[{"embeddable":true,"href":"https:\/\/afrika-kommt.de\/de\/wp-json\/wp\/v2\/users\/1"}],"replies":[{"embeddable":true,"href":"https:\/\/afrika-kommt.de\/de\/wp-json\/wp\/v2\/comments?post=3413"}],"version-history":[{"count":9,"href":"https:\/\/afrika-kommt.de\/de\/wp-json\/wp\/v2\/pages\/3413\/revisions"}],"predecessor-version":[{"id":6621,"href":"https:\/\/afrika-kommt.de\/de\/wp-json\/wp\/v2\/pages\/3413\/revisions\/6621"}],"up":[{"embeddable":true,"href":"https:\/\/afrika-kommt.de\/de\/wp-json\/wp\/v2\/pages\/341"}],"wp:attachment":[{"href":"https:\/\/afrika-kommt.de\/de\/wp-json\/wp\/v2\/media?parent=3413"}],"curies":[{"name":"wp","href":"https:\/\/api.w.org\/{rel}","templated":true}]}}