{"id":341,"date":"2020-06-02T12:11:57","date_gmt":"2020-06-02T10:11:57","guid":{"rendered":"http:\/\/wp13590066.server-he.de\/?page_id=341"},"modified":"2026-03-23T14:49:44","modified_gmt":"2026-03-23T13:49:44","slug":"become-a-fellow","status":"publish","type":"page","link":"https:\/\/afrika-kommt.de\/de\/become-a-fellow\/","title":{"rendered":"Werde Fellow"},"content":{"rendered":"\n<div class=\"wp-block-columns is-layout-flex wp-container-core-columns-is-layout-9d6595d7 wp-block-columns-is-layout-flex\">\n<div class=\"wp-block-column is-layout-flow wp-block-column-is-layout-flow\">\n    <div id=\"textblock-block_3ba5e06dcf3901c2b23f4a1ca4892200\" class=\"textblock_container\">\n              <div class=\"short_red_line\"><\/div>\n        <h2 class=\"textblock_heading\">Was sollte ich \u00fcber das Programm wissen?<\/h2>\n        \n      <div class=\"textblock_content\"><p>AFRIKA KOMMT! ist ein Programm f\u00fcr junge, herausragende afrikanische Fach- und F\u00fchrungskr\u00e4fte, die Ihre Kompetenzen, ihr Wissen und ihre Erfahrungen ausweiten m\u00f6chten und nicht davor zur\u00fcckschrecken, daf\u00fcr ihre Komfortzone zu verlassen. Durch eine nachhaltige Kooperation mit der Deutschen Wirtschaft werden die jungen Fach- und F\u00fchrungskr\u00e4fte bef\u00e4higt, \u00f6konomische und soziale Entwicklung in ihren L\u00e4ndern voranzutreiben.<\/p>\n<\/div>\n      \n              <a class=\"textblock_link\" href=\"https:\/\/afrika-kommt.de\/de\/become-a-fellow\/was-sollte-ich-ueber-das-programm-wissen\/\" target=\"\" title=\"Was sollte ich \u00fcber das Programm wissen?\">Was sollte ich \u00fcber das Programm wissen?<\/a>\n          <\/div>\n      <\/div>\n\n\n\n<div class=\"wp-block-column is-layout-flow wp-block-column-is-layout-flow\">\n    <div id=\"textblock-block_fbe8a74c7641b69d5d784d27a20ebb39\" class=\"textblock_container\">\n              <div class=\"short_red_line\"><\/div>\n        <h2 class=\"textblock_heading\">Warum sollte ich teilnehmen?<\/h2>\n        \n      <div class=\"textblock_content\"><p>AFRIKA KOMMT! hilft Folgendes zu erreichen:<\/p>\n<ul>\n<li style=\"margin-top: 0; margin-bottom: 0; vertical-align: middle;\">Vertiefung der F\u00fchrungs- und Managementkompetenz<\/li>\n<li>Zugang zu Netzwerken und Karrierem\u00f6glichkeiten<\/li>\n<li>St\u00e4rkung der interkulturellen Kompetenz<\/li>\n<li>Erweiterung von Perspektiven und Innovationspotenzial<\/li>\n<li>Zielerreichung in der pers\u00f6nlichen Entwicklung<\/li>\n<\/ul>\n<\/div>\n      \n              <a class=\"textblock_link\" href=\"https:\/\/afrika-kommt.de\/de\/become-a-fellow\/warum-soll-ich-teilnehmen\/\" target=\"\" title=\"Warum sollte ich teilnehmen?\">Warum sollte ich teilnehmen?<\/a>\n          <\/div>\n      <\/div>\n<\/div>\n\n\n\n  \t<div class=\"story_teaser_tile_container left\">\n      <div class=\"story_teaser_tile_left\">\n          <div class=\"story_teaser_tile_image\" style=\"background-image: url('https:\/\/afrika-kommt.de\/wp-content\/uploads\/2020\/11\/lucy-8.jpg'); background-position: center; background-repeat: no-repeat; background-size: cover; \"><\/div>\n      <\/div>\n      <div class=\"story_teaser_tile_right\">\n                      <a class=\"name_link\" href=\"#\" target=\"\" title=\"Lucy Wanjiku Mutinda\">Lucy Wanjiku Mutinda<\/a>\n                  <div class=\"name_profile\">Gr\u00fcnderin und CEO EcoCycle Ltd<\/div>\n        <h2 class=\"story_teaser_headline\">Pionierin f\u00fcr ein gr\u00fcnes Kenia<\/h2>\n        <div class=\"story_teaser_tile_content\"><p>Durch die Inspiration, die Lucy w\u00e4hrend ihres Jahres in Deutschland erhielt, gr\u00fcndete Lucy ein eigenes Unternehmen im Bereich Abwassermanagement in Nairobi, Kenia.<\/p>\n<p>Mit EcoCycle steht sie an vorderster Front als Vertreterin f\u00fcr ein nachhaltiges Abwassermanagement in Kenia.<\/p>\n<p>Lucy hat mehr als 20 Arbeitspl\u00e4tze geschaffen.<\/p>\n<\/div>\n                  <div class=\"story_teaser_button\">\n            <a class=\"button\" href=\"https:\/\/afrika-kommt.de\/pioneering-for-a-green-kenya\/\" target=\"\" title=\"Mehr dazu\">Mehr dazu<\/a>\n          <\/div>\n              <\/div>\n  \t<\/div>\n\n\n\n    <div id=\"puretextblock-block_9bc0b1d8a4d38b6591a595a297ec1db4\" class=\"puretextblock_container\">\n      <div class=\"puretextblock_content\"><p style=\"text-align: right;\"><a class=\"textblock_link\" href=\"https:\/\/afrika-kommt.de\/de\/our-network\/unsere-erfolgsgeschichten\/\">Mehr Erfolgsgeschichten<\/a><\/p>\n<\/div>\n    <\/div>\n\n\n\n    <div id=\"puretextblock-block_5d333a28802dc5108a75662ae1c901ed\" class=\"puretextblock_container\">\n      <div class=\"puretextblock_content\"><\/div>\n    <\/div>\n\n\n\n  \t<div class=\"checklist_container alignfull\">\n      <div class=\"checklist_content\">\n        <div class=\"checklist_left\">\n            <h2 class=\"checklist_headline\">Checkliste: Kann ich teilnehmen?<\/h2>\n            <div class=\"checklist_subtitle\">Kandidat*innen m\u00fcssen diese Kriterien erf\u00fcllen:<\/div>\n            <div class=\"checklist_items\">\n              <div class=\"checklist_item\">Staatsb\u00fcrgerschaft eines afrikanischen Landes<\/div><div class=\"checklist_item\">Universit\u00e4tsabschluss in einem relevanten Feld<\/div><div class=\"checklist_item\">Ein h\u00f6herer Universit\u00e4tsabschluss (z.B. Master) ist von Vorteil<\/div><div class=\"checklist_item\">2-3 Jahre Berufserfahrung<\/div><div class=\"checklist_item\">Ausgezeichnete Englischkenntnisse<\/div><div class=\"checklist_item\">Grundkenntnisse im Deutschen sind von Vorteil<\/div><div class=\"checklist_item\">Nicht \u00e4lter als 35 Jahre zum Zeitpunkt der Bewerbung<\/div>            <\/div>\n                          <div class=\"checklist_button\">\n                <a class=\"button\" href=\"https:\/\/afrika-kommt.de\/de\/become-a-fellow\/kann-ich-teilnehmen\/\" target=\"\" title=\"Kann ich teilnehmen?\">Kann ich teilnehmen?<\/a>\n              <\/div>\n                    <\/div>\n\n        <div class=\"checklist_right\">\n          <div class=\"app_headline\">\n            <h2>Next application period<\/h2>\n          <\/div>\n          <div class=\"app_period\">\n                          <h3>Februar 2027<\/h3>\n                      <\/div>\n          <div class=\"app_button\">\n              <a class=\"button\" href=\"\/de\/newsletter\" target=\"\" title=\"Get alert via E-Mail\">Get alert via E-Mail<\/a>\n          <\/div>\n                \t\t\t<img decoding=\"async\" src=\"https:\/\/afrika-kommt.de\/wp-content\/uploads\/2020\/06\/ic_application.png\" alt=\"Application Form Image\">\n      \t\t        <\/div>\n      <\/div>\n  \t<\/div>\n\n\n\n  \t<div class=\"threeboxes_container\">\n      <div class=\"short_red_line\"><\/div>\n\n                  <div class=\"threeboxes_headline\">\n            <h2>Wie nehme ich teil?<\/h2>\n          <\/div>\n                  <div class=\"threeboxes_subtitle\">\n            In drei Schritten ins Programm          <\/div>\n                  <div class=\"box_area\">\n          <div class=\"box1 box\">\n            <div class=\"box_number\"><h1>1<\/h1><\/div>\n            <div class=\"box_content\"><h3>Online-Bewerbung w\u00e4hrend Bewerbungsphase<\/h3><\/div>\n          <\/div>\n\n          <div class=\"box2 box\">\n            <div class=\"box_number\"><h1>2<\/h1><\/div>\n            <div class=\"box_content\"><h3>Teilnahme am Assessment Centre<\/h3><\/div>\n          <\/div>\n\n          <div class=\"box3 box\">\n            <div class=\"box_number\"><h1>3<\/h1><\/div>\n            <div class=\"box_content\"><h3>Einladung nach Deutschland erhalten<\/h3><\/div>\n          <\/div>\n        <\/div>\n                  <div class=\"boxes_button\">\n            <a class=\"button\" href=\"https:\/\/afrika-kommt.de\/de\/become-a-fellow\/wie-bewerbe-ich-mich\/\" target=\"\" title=\"Wie bewerbe ich mich?\">Wie bewerbe ich mich?<\/a>\n          <\/div>\n        \n    <\/div>\n\n\n  \t<div class=\"fellows_container\">\n\n      <div class=\"fellows_red_background\"><\/div>\n      <div class=\"fellows_red_background_mobile\">\n                      <div class=\"fellows_headline\">\n              <h2>Unsere Fellows<\/h2>\n            <\/div>\n                  <div id=\"fellows_part\">\n                                  <div class=\"fellow_item\">\n              <div id=\"fellows-block_831c559b3e3acd97384f8b6601a88239\" class=\"fellows\" style=\"background-image: url('https:\/\/afrika-kommt.de\/wp-content\/uploads\/2026\/01\/P1275219_DxO_Exp_Web.jpg'); background-position: center; background-repeat: no-repeat; background-size: cover; \"><\/div>\n              <div class=\"fellows_info\">\n                <h3>Mary Immaculate Chepseba<\/h3>\n                <div class=\"fellows_cat\">Communications<\/div>\n              <\/div>\n            <\/div>\n                                  <div class=\"fellow_item\">\n              <div id=\"fellows-block_831c559b3e3acd97384f8b6601a88239\" class=\"fellows\" style=\"background-image: url('https:\/\/afrika-kommt.de\/wp-content\/uploads\/2026\/01\/P1274902_DxO_Exp_Web.jpg'); background-position: center; background-repeat: no-repeat; background-size: cover; \"><\/div>\n              <div class=\"fellows_info\">\n                <h3>Dennis Mureithi<\/h3>\n                <div class=\"fellows_cat\">Project Management<\/div>\n              <\/div>\n            <\/div>\n                                  <div class=\"fellow_item\">\n              <div id=\"fellows-block_831c559b3e3acd97384f8b6601a88239\" class=\"fellows\" style=\"background-image: url('https:\/\/afrika-kommt.de\/wp-content\/uploads\/2026\/01\/P1275461_DxO_Exp_Web.jpg'); background-position: center; background-repeat: no-repeat; background-size: cover; \"><\/div>\n              <div class=\"fellows_info\">\n                <h3>Laura Kerubo<\/h3>\n                <div class=\"fellows_cat\">Manufacturing, Pharmaceuticals, Research<\/div>\n              <\/div>\n            <\/div>\n                                  <div class=\"fellow_item\">\n              <div id=\"fellows-block_831c559b3e3acd97384f8b6601a88239\" class=\"fellows\" style=\"background-image: url('https:\/\/afrika-kommt.de\/wp-content\/uploads\/2026\/01\/P1274950_DxO_Exp_Web.jpg'); background-position: center; background-repeat: no-repeat; background-size: cover; \"><\/div>\n              <div class=\"fellows_info\">\n                <h3>Oluwagbenga Elijah Olasehinde<\/h3>\n                <div class=\"fellows_cat\">Engineering, Sustainability<\/div>\n              <\/div>\n            <\/div>\n                  <\/div>\n                  <div class=\"fellows_button\">\n            <a class=\"button\" href=\"https:\/\/afrika-kommt.de\/de\/about-the-programme\/aktuelle-fellows\/\" target=\"\" title=\"Aktuelle Fellows\">Aktuelle Fellows<\/a>\n          <\/div>\n                <\/div>\n  \t<\/div>\n\n\n<div class=\"accordion-block-container accordion-block_0da810a63eefb22465b5e0c776a023aa headline\">\n    <div class=\"short_red_line\"><\/div>\n\n    <div class=\"accordion_headline\">\n        <h2>FAQ<\/h2>\n    <\/div>\n        <div class=\"accordion_subtitle\">\n      Antworten zu &#8222;Frequently Asked Questions about AFRIKA KOMMT!:    <\/div>\n      <div class=\"accordion_content\">\n          <div class=\"accordionfield_headline\">\n          <h3>Allgemeine Fragen zum Programm<\/h3>\n      <\/div>\n                  <div class=\"accordion-block\">\n          \t\t<button class=\"accordion-block_0da810a63eefb22465b5e0c776a023aa accordion\">Was ist AFRIKA KOMMT! ? <\/button>\n          \t\t<div class=\"panel\">\n          \t\t  <p>AFRIKA KOMMT! ist ein Fellowship Programm, dass vision\u00e4re afrikanische Fach- und F\u00fchrungskr\u00e4fte mit f\u00fchrenden deutschen Unternehmen zusammenbringt. Sie bereiten zusammen den Weg f\u00fcr afrikanisch-europ\u00e4ische Wirtschaftsbeziehungen und eine Kooperation, die f\u00fcr beide Seiten vorteilhaft ist.<\/p>\n          \t\t<\/div>\n            <\/div>\n        \t\t            <div class=\"accordion-block\">\n          \t\t<button class=\"accordion-block_0da810a63eefb22465b5e0c776a023aa accordion\">Ich w\u00fcrde gerne einen Master \/ PhD in Deutschland machen. Ist AFRIKA KOMTM! das richtige Programm f\u00fcr mich?<\/button>\n          \t\t<div class=\"panel\">\n          \t\t  <p>AFRIKA KOMMT! vereint Theorie und Praxis durch verschiedene Management Trainings und eine praktische Phase in einem deutschen Unternehmen. Das Programm vergibt dabei keine Stipendien f\u00fcr akademische Vorhaben oder ein Studium in Deutschland.<\/p>\n          \t\t<\/div>\n            <\/div>\n        \t\t            <div class=\"accordion-block\">\n          \t\t<button class=\"accordion-block_0da810a63eefb22465b5e0c776a023aa accordion\">Wer finanziert das AFRIKA KOMMT! Programm? <\/button>\n          \t\t<div class=\"panel\">\n          \t\t  <p>AFRIKA KOMMT! ist ein Programm der deutschen Wirtschaft und wird voll durch die teilnehmenden Unternehmen finanziert.<\/p>\n<p>F\u00fcr die Fellows werden alle Kosten im Rahmen des Programms \u00fcbernommen (Fl\u00fcge, Unterkunft, Lebenshaltungskosten, Trainings, Deutschkurs, etc.)<\/p>\n          \t\t<\/div>\n            <\/div>\n        \t\t      <a class=\"accordion_link\" href=\"https:\/\/afrika-kommt.de\/faq\/\" target=\"\" title=\"See all FAQ\">See all FAQ<\/a>\n      \n  <\/div>\n<\/div>\n\n\n\n<div class=\"wp-block-columns is-layout-flex wp-container-core-columns-is-layout-9d6595d7 wp-block-columns-is-layout-flex\">\n<div class=\"wp-block-column is-layout-flow wp-block-column-is-layout-flow\">\n<figure class=\"wp-block-embed is-type-video is-provider-youtube wp-block-embed-youtube wp-embed-aspect-16-9 wp-has-aspect-ratio\"><div class=\"wp-block-embed__wrapper\">\n <div class=\"brlbs-cmpnt-container brlbs-cmpnt-content-blocker brlbs-cmpnt-with-individual-styles\" data-borlabs-cookie-content-blocker-id=\"youtube-content-blocker\" data-borlabs-cookie-content=\"PGRpdiBjbGFzcz0ibnYtaWZyYW1lLWVtYmVkIj48aWZyYW1lIHRpdGxlPSJBRlJJS0EgS09NTVQhIC0gTXkgQUsgZXhwZXJpZW5jZSAtIFdhZHphbmFpIENoaXVyaXJpIiB3aWR0aD0iMTIwMCIgaGVpZ2h0PSI2NzUiIHNyYz0iaHR0cHM6Ly93d3cueW91dHViZS1ub2Nvb2tpZS5jb20vZW1iZWQvdFBVUjF2UE5XdUE\/ZmVhdHVyZT1vZW1iZWQiIGZyYW1lYm9yZGVyPSIwIiBhbGxvdz0iYWNjZWxlcm9tZXRlcjsgYXV0b3BsYXk7IGNsaXBib2FyZC13cml0ZTsgZW5jcnlwdGVkLW1lZGlhOyBneXJvc2NvcGU7IHBpY3R1cmUtaW4tcGljdHVyZTsgd2ViLXNoYXJlIiByZWZlcnJlcnBvbGljeT0ic3RyaWN0LW9yaWdpbi13aGVuLWNyb3NzLW9yaWdpbiIgYWxsb3dmdWxsc2NyZWVuPjwvaWZyYW1lPjwvZGl2Pg==\"><div class=\"brlbs-cmpnt-cb-preset-c brlbs-cmpnt-cb-youtube\"> <div class=\"brlbs-cmpnt-cb-thumbnail\" style=\"background-image: url('https:\/\/afrika-kommt.de\/wp-content\/uploads\/borlabs-cookie\/1\/yt_tPUR1vPNWuA_hqdefault.jpg')\"><\/div> <div class=\"brlbs-cmpnt-cb-main\"> <div class=\"brlbs-cmpnt-cb-play-button\"><\/div> <div class=\"brlbs-cmpnt-cb-content\"> <p class=\"brlbs-cmpnt-cb-description\">Sie sehen gerade einen Platzhalterinhalt von <strong>YouTube<\/strong>. Um auf den eigentlichen Inhalt zuzugreifen, klicken Sie auf die Schaltfl\u00e4che unten. Bitte beachten Sie, dass dabei Daten an Drittanbieter weitergegeben werden.<\/p> <a class=\"brlbs-cmpnt-cb-provider-toggle\" href=\"#\" data-borlabs-cookie-show-provider-information role=\"button\">Mehr Informationen<\/a> <\/div> <div class=\"brlbs-cmpnt-cb-buttons\"> <a class=\"brlbs-cmpnt-cb-btn\" href=\"#\" data-borlabs-cookie-unblock role=\"button\">Inhalt entsperren<\/a> <a class=\"brlbs-cmpnt-cb-btn\" href=\"#\" data-borlabs-cookie-accept-service role=\"button\" style=\"display: inherit\">Erforderlichen Service akzeptieren und Inhalte entsperren<\/a> <\/div> <\/div> <\/div><\/div>\n<\/div><figcaption class=\"wp-element-caption\">AFRIKA KOMMT! My AK experience &#8211; Wadzanai Chiuriri<\/figcaption><\/figure>\n<\/div>\n\n\n\n<div class=\"wp-block-column is-layout-flow wp-block-column-is-layout-flow\">\n<figure class=\"wp-block-embed is-type-video is-provider-youtube wp-block-embed-youtube wp-embed-aspect-16-9 wp-has-aspect-ratio\"><div class=\"wp-block-embed__wrapper\">\n <div class=\"brlbs-cmpnt-container brlbs-cmpnt-content-blocker brlbs-cmpnt-with-individual-styles\" data-borlabs-cookie-content-blocker-id=\"youtube-content-blocker\" data-borlabs-cookie-content=\"PGRpdiBjbGFzcz0ibnYtaWZyYW1lLWVtYmVkIj48aWZyYW1lIHRpdGxlPSJBRlJJS0EgS09NTVQhIC0gTXkgQUsgZXhwZXJpZW5jZSAtIEVyaWMgUGVuLWFyYSBOYWFoIiB3aWR0aD0iMTIwMCIgaGVpZ2h0PSI2NzUiIHNyYz0iaHR0cHM6Ly93d3cueW91dHViZS1ub2Nvb2tpZS5jb20vZW1iZWQvYS1reVlvcDc2dzg\/ZmVhdHVyZT1vZW1iZWQiIGZyYW1lYm9yZGVyPSIwIiBhbGxvdz0iYWNjZWxlcm9tZXRlcjsgYXV0b3BsYXk7IGNsaXBib2FyZC13cml0ZTsgZW5jcnlwdGVkLW1lZGlhOyBneXJvc2NvcGU7IHBpY3R1cmUtaW4tcGljdHVyZTsgd2ViLXNoYXJlIiByZWZlcnJlcnBvbGljeT0ic3RyaWN0LW9yaWdpbi13aGVuLWNyb3NzLW9yaWdpbiIgYWxsb3dmdWxsc2NyZWVuPjwvaWZyYW1lPjwvZGl2Pg==\"><div class=\"brlbs-cmpnt-cb-preset-c brlbs-cmpnt-cb-youtube\"> <div class=\"brlbs-cmpnt-cb-thumbnail\" style=\"background-image: url('https:\/\/afrika-kommt.de\/wp-content\/uploads\/borlabs-cookie\/1\/yt_a-kyYop76w8_hqdefault.jpg')\"><\/div> <div class=\"brlbs-cmpnt-cb-main\"> <div class=\"brlbs-cmpnt-cb-play-button\"><\/div> <div class=\"brlbs-cmpnt-cb-content\"> <p class=\"brlbs-cmpnt-cb-description\">Sie sehen gerade einen Platzhalterinhalt von <strong>YouTube<\/strong>. Um auf den eigentlichen Inhalt zuzugreifen, klicken Sie auf die Schaltfl\u00e4che unten. Bitte beachten Sie, dass dabei Daten an Drittanbieter weitergegeben werden.<\/p> <a class=\"brlbs-cmpnt-cb-provider-toggle\" href=\"#\" data-borlabs-cookie-show-provider-information role=\"button\">Mehr Informationen<\/a> <\/div> <div class=\"brlbs-cmpnt-cb-buttons\"> <a class=\"brlbs-cmpnt-cb-btn\" href=\"#\" data-borlabs-cookie-unblock role=\"button\">Inhalt entsperren<\/a> <a class=\"brlbs-cmpnt-cb-btn\" href=\"#\" data-borlabs-cookie-accept-service role=\"button\" style=\"display: inherit\">Erforderlichen Service akzeptieren und Inhalte entsperren<\/a> <\/div> <\/div> <\/div><\/div>\n<\/div><figcaption class=\"wp-element-caption\">AFRIKA KOMMT! &#8211; My AK experience &#8211; Eric Pen-ara Naah<\/figcaption><\/figure>\n<\/div>\n<\/div>\n","protected":false},"excerpt":{"rendered":"","protected":false},"author":1,"featured_media":0,"parent":0,"menu_order":0,"comment_status":"closed","ping_status":"closed","template":"","meta":{"_acf_changed":false,"neve_meta_sidebar":"full-width","neve_meta_container":"","neve_meta_enable_content_width":"on","neve_meta_content_width":100,"neve_meta_title_alignment":"","neve_meta_author_avatar":"","neve_post_elements_order":"","neve_meta_disable_header":"","neve_meta_disable_footer":"","neve_meta_disable_title":"","neve_meta_reading_time":"","footnotes":""},"class_list":["post-341","page","type-page","status-publish","hentry"],"acf":[],"_links":{"self":[{"href":"https:\/\/afrika-kommt.de\/de\/wp-json\/wp\/v2\/pages\/341","targetHints":{"allow":["GET"]}}],"collection":[{"href":"https:\/\/afrika-kommt.de\/de\/wp-json\/wp\/v2\/pages"}],"about":[{"href":"https:\/\/afrika-kommt.de\/de\/wp-json\/wp\/v2\/types\/page"}],"author":[{"embeddable":true,"href":"https:\/\/afrika-kommt.de\/de\/wp-json\/wp\/v2\/users\/1"}],"replies":[{"embeddable":true,"href":"https:\/\/afrika-kommt.de\/de\/wp-json\/wp\/v2\/comments?post=341"}],"version-history":[{"count":26,"href":"https:\/\/afrika-kommt.de\/de\/wp-json\/wp\/v2\/pages\/341\/revisions"}],"predecessor-version":[{"id":8887,"href":"https:\/\/afrika-kommt.de\/de\/wp-json\/wp\/v2\/pages\/341\/revisions\/8887"}],"wp:attachment":[{"href":"https:\/\/afrika-kommt.de\/de\/wp-json\/wp\/v2\/media?parent=341"}],"curies":[{"name":"wp","href":"https:\/\/api.w.org\/{rel}","templated":true}]}}