{"id":3405,"date":"2020-11-13T14:50:41","date_gmt":"2020-11-13T13:50:41","guid":{"rendered":"http:\/\/wp13590066.server-he.de\/become-a-fellow\/warum-soll-ich-teilnehmen\/"},"modified":"2024-12-02T14:58:12","modified_gmt":"2024-12-02T13:58:12","slug":"warum-soll-ich-teilnehmen","status":"publish","type":"page","link":"https:\/\/afrika-kommt.de\/de\/become-a-fellow\/warum-soll-ich-teilnehmen\/","title":{"rendered":"Warum sollte ich teilnehmen?"},"content":{"rendered":"\n    <div id=\"puretextblock-block_a7852ba1cbf44bcbf219ab180561ddc1\" class=\"puretextblock_container\">\n      <div class=\"puretextblock_content\"><p>AFRIKA KOMMT! verbindet Menschen und ihre Visionen: zukunftsorientierte hochambitionierte afrikanische Fach- und F\u00fchrungskr\u00e4fte und f\u00fchrende deutsche Unternehmen treffen in diesem Programm aufeinander. Zusammen werden sie zu Wegbereiter*innen f\u00fcr ein nachhaltigeres globales Wirtschaften und Kooperationsmodelle, die alle zu Gewinnern macht.<\/p>\n<p>Das Programm stellt eine unvergleichliche M\u00f6glichkeit f\u00fcr junge, talentierte afrikanische Fach- und F\u00fchrungskr\u00e4fte dar, eine einj\u00e4hrige karrieref\u00f6rdernde und lebensver\u00e4ndernde Erfahrung zu erleben.<\/p>\n<ul>\n<li>Vertiefung der F\u00fchrungs- und Managementkompetenz<\/li>\n<li>Zugang zu Netzwerken und Karrierem\u00f6glichkeiten<\/li>\n<li>St\u00e4rkung der interkulturellen Kompetenz<\/li>\n<li>Erweiterung von Perspektiven und Innovationspotenzial<\/li>\n<li>Zielerreichung in der pers\u00f6nlichen Entwicklung<\/li>\n<\/ul>\n<\/div>\n    <\/div>\n\n\n\n  \t<div class=\"story_teaser_tile_container left\">\n      <div class=\"story_teaser_tile_left\">\n          <div class=\"story_teaser_tile_image\" style=\"background-image: url('https:\/\/afrika-kommt.de\/wp-content\/uploads\/2020\/11\/Steve-maina.jpg'); background-position: center; background-repeat: no-repeat; background-size: cover; \"><\/div>\n      <\/div>\n      <div class=\"story_teaser_tile_right\">\n                      <a class=\"name_link\" href=\"#\" target=\"\" title=\"Steve Maina\">Steve Maina<\/a>\n                  <div class=\"name_profile\">Director Implementation &#038; Planning, Merck Life Science<\/div>\n        <h2 class=\"story_teaser_headline\">Dem Himmel keine Grenzen<\/h2>\n        <div class=\"story_teaser_tile_content\"><ul>\n<li>Steve arbeitet inzwischen auf dem Senior Level eines &#8222;Director&#8220; bei Merck KGaA<\/li>\n<li>Er unterst\u00fctzt F\u00fchrungskr\u00e4fte weltweit darin, Entscheidungen vorzubereiten und zu treffen, um die Organisations- und Gesch\u00e4ftsentwicklung f\u00fcr die Zukunft auszurichten<\/li>\n<li style=\"margin-top: 0; margin-bottom: 0; vertical-align: middle;\">Durch ihn wurde die Zusammenarbeit mit der wissenschaftlichen Community in Subsahara-Afrika im Bereich Life Science ausgebaut<\/li>\n<\/ul>\n<\/div>\n                  <div class=\"story_teaser_button\">\n            <a class=\"button\" href=\"https:\/\/www.giz.de\/de\/weltweit\/23015.html\" target=\"_blank\" title=\"Mehr dazu\" rel=\"noopener\">Mehr dazu<\/a>\n          <\/div>\n              <\/div>\n  \t<\/div>\n\n\n\n    <div id=\"textblock-block_e9656e89e02c9b034df5f797d0b2b6b0\" class=\"textblock_container\">\n              <div class=\"short_red_line\"><\/div>\n        <h2 class=\"textblock_heading\">Vertiefung der F\u00fchrungs- und Managementkompetenz<\/h2>\n        \n      <div class=\"textblock_content\"><p>Die Erfahrungen in f\u00fchrenden deutschen Unternehmen stehen im Mittelpunkt von AFRIKA KOMMT!. Hier entwickeln die Fellows ihre F\u00fchrungskompetenzen und erweitern ihr technisches Know-how, indem sie aktiv an Projekten und Arbeitspaketen mitwirken und ihre vielseitige Expertise einbringen. Ma\u00dfgeschneiderte Trainingsmodule erg\u00e4nzen diese praktische Erfahrung und bieten gezielte Impulse zur pers\u00f6nlichen und beruflichen Weiterentwicklung. Aufbauend auf ihrer bisherigen Berufserfahrung st\u00e4rken die Fellows durch die Unternehmenspraxis ihre Rolle als F\u00fchrungspers\u00f6nlichkeit und bereiten sich optimal auf zuk\u00fcnftige Herausforderungen in ihrem Wirkungsbereich vor.<\/p>\n<\/div>\n          <\/div>\n      \n\n\n<figure class=\"wp-block-image size-large\"><img loading=\"lazy\" decoding=\"async\" width=\"1024\" height=\"683\" src=\"https:\/\/afrika-kommt.de\/wp-content\/uploads\/2020\/10\/Robert-Bosch-Stiftung-Wochenendseminar_Quelle-Robert-Bosch-Stiftung_SEZ--1024x683.jpg\" alt=\"\" class=\"wp-image-2264\" srcset=\"https:\/\/afrika-kommt.de\/wp-content\/uploads\/2020\/10\/Robert-Bosch-Stiftung-Wochenendseminar_Quelle-Robert-Bosch-Stiftung_SEZ--1024x683.jpg 1024w, https:\/\/afrika-kommt.de\/wp-content\/uploads\/2020\/10\/Robert-Bosch-Stiftung-Wochenendseminar_Quelle-Robert-Bosch-Stiftung_SEZ--300x200.jpg 300w, https:\/\/afrika-kommt.de\/wp-content\/uploads\/2020\/10\/Robert-Bosch-Stiftung-Wochenendseminar_Quelle-Robert-Bosch-Stiftung_SEZ--768x512.jpg 768w, https:\/\/afrika-kommt.de\/wp-content\/uploads\/2020\/10\/Robert-Bosch-Stiftung-Wochenendseminar_Quelle-Robert-Bosch-Stiftung_SEZ--1536x1025.jpg 1536w, https:\/\/afrika-kommt.de\/wp-content\/uploads\/2020\/10\/Robert-Bosch-Stiftung-Wochenendseminar_Quelle-Robert-Bosch-Stiftung_SEZ--930x620.jpg 930w, https:\/\/afrika-kommt.de\/wp-content\/uploads\/2020\/10\/Robert-Bosch-Stiftung-Wochenendseminar_Quelle-Robert-Bosch-Stiftung_SEZ-.jpg 2048w\" sizes=\"auto, (max-width: 1024px) 100vw, 1024px\" \/><figcaption class=\"wp-element-caption\">Seminar bei der Robert Bosch Stiftung<\/figcaption><\/figure>\n\n\n\n    <div id=\"textblock-block_471e5cf479cb3e6bbfd6886134b04cd8\" class=\"textblock_container\">\n              <div class=\"short_red_line\"><\/div>\n        <h2 class=\"textblock_heading\">Zugang zu Netzwerken und Karrierem\u00f6glichkeiten<\/h2>\n        \n      <div class=\"textblock_content\"><p lang=\"de\">AFRIKA KOMMT! bietet Zugang zu exklusiven Netzwerken mit Expert*innen aus Afrika, Deutschland und der ganzen Welt \u2013 sowohl im beruflichen als auch im pers\u00f6nlichen Kontext. Dieses globale Netzwerk schafft Raum f\u00fcr inspirierenden Austausch und er\u00f6ffnet vielf\u00e4ltige Chancen zur Karriereentwicklung und Markterschlie\u00dfung.<\/p>\n<\/div>\n          <\/div>\n      \n\n\n<figure class=\"wp-block-image size-large\"><img loading=\"lazy\" decoding=\"async\" width=\"1024\" height=\"683\" src=\"https:\/\/afrika-kommt.de\/wp-content\/uploads\/2020\/10\/12-1024x683.jpg\" alt=\"\" class=\"wp-image-1652\" srcset=\"https:\/\/afrika-kommt.de\/wp-content\/uploads\/2020\/10\/12-1024x683.jpg 1024w, https:\/\/afrika-kommt.de\/wp-content\/uploads\/2020\/10\/12-300x200.jpg 300w, https:\/\/afrika-kommt.de\/wp-content\/uploads\/2020\/10\/12-768x512.jpg 768w, https:\/\/afrika-kommt.de\/wp-content\/uploads\/2020\/10\/12-1536x1024.jpg 1536w, https:\/\/afrika-kommt.de\/wp-content\/uploads\/2020\/10\/12-2048x1365.jpg 2048w, https:\/\/afrika-kommt.de\/wp-content\/uploads\/2020\/10\/12-930x620.jpg 930w\" sizes=\"auto, (max-width: 1024px) 100vw, 1024px\" \/><figcaption class=\"wp-element-caption\">Netzwerken im Ausw\u00e4rtigen Amt<\/figcaption><\/figure>\n\n\n\n    <div id=\"textblock-block_2754dd95226a2168a8bd7b179be0a401\" class=\"textblock_container\">\n              <div class=\"short_red_line\"><\/div>\n        <h2 class=\"textblock_heading\">St\u00e4rkung der interkulturellen Kompetenz<\/h2>\n        \n      <div class=\"textblock_content\"><p lang=\"de\">AFRIKA KOMMT! f\u00f6rdert den kontinuierlichen Austausch zwischen Menschen verschiedener L\u00e4nder und Kulturen. Deutsche Sprachkenntnisse, der Besuch historischer St\u00e4tten und Begegnungen mit Menschen in Deutschland bieten interkulturelle Erfahrungen aus erster Hand. Diese st\u00e4rken die F\u00e4higkeit, in internationalen Teams erfolgreich zusammenzuarbeiten \u2013 eine Schl\u00fcsselkompetenz f\u00fcr globale Weltb\u00fcrger*innen.<\/p>\n<\/div>\n          <\/div>\n      \n\n\n<figure class=\"wp-block-image size-large\"><img decoding=\"async\" src=\"https:\/\/afrika-kommt.de\/wp-content\/uploads\/2020\/10\/3-e1603904145549.jpg\" alt=\"\" class=\"wp-image-2266\"\/><figcaption class=\"wp-element-caption\">Berlin entdecken<\/figcaption><\/figure>\n\n\n\n  \t<div class=\"quote_container side_right\">\n              <div class=\"quote_left\">\n          <div class=\"quote_icon\"><image src=\"https:\/\/afrika-kommt.de\/wp-content\/themes\/helloIT_child\/template-parts\/blocks\/quote\/quote.svg\"><\/image><\/div>\n          <div class=\"quote_content\">Meine AFRIKA KOMMT! Erfahrung hat es mir erm\u00f6glicht, mich und meine F\u00e4higkeiten in einem komplett neuen Kontext zu erkunden: geographisch, sprachlich und kulturell. Es hat mich vielen afrikanischen Kulturen durch den Kontakt zu meinen Mit-Fellows n\u00e4hergebracht. Daraus sind f\u00fcr mich feste Freundschaften und ein starkes Netzwerk entstanden.<\/div>\n                        <a class=\"quote_author\" href=\"https:\/\/youtu.be\/tPUR1vPNWuA\" target=\"\" title=\"Wadzanai Chiuriri\" rel=\"noopener\">Wadzanai Chiuriri<\/a>\n                        <div class=\"quote_title\">Diversity and Inclusion Fellow, Boehringer Ingelheim<\/div>\n        <\/div>\n        <div class=\"quote_right\">\n          <image src=\"https:\/\/afrika-kommt.de\/wp-content\/uploads\/2020\/10\/Wadzanai-Chiuriri_square-scaled.jpg\"><\/>\n        <\/div>\n          \t<\/div>\n\n\n\n    <div id=\"textblock-block_ff0ef1658d70e08698d258d8bdcc9755\" class=\"textblock_container\">\n              <div class=\"short_red_line\"><\/div>\n        <h2 class=\"textblock_heading\">Erweiterung der Perspektiven und Innovationspotenzial<\/h2>\n        \n      <div class=\"textblock_content\"><p lang=\"de\">Das Programm liefert einen umfangreichen Einblick in f\u00fchrende Innovationsindustrien, moderne Technologien und die globale Ans\u00e4tze. Dies erweitert Perspektiven, erm\u00f6glicht einen klareren Blick auf die Dinge, fordert und f\u00f6rdert Innovations- und F\u00fchrungspotenzial.<\/p>\n<\/div>\n          <\/div>\n      \n\n\n<figure class=\"wp-block-image size-large\"><img loading=\"lazy\" decoding=\"async\" width=\"1024\" height=\"683\" src=\"https:\/\/afrika-kommt.de\/wp-content\/uploads\/2020\/10\/RBS-1024x683.png\" alt=\"\" class=\"wp-image-2268\" srcset=\"https:\/\/afrika-kommt.de\/wp-content\/uploads\/2020\/10\/RBS-1024x683.png 1024w, https:\/\/afrika-kommt.de\/wp-content\/uploads\/2020\/10\/RBS-300x200.png 300w, https:\/\/afrika-kommt.de\/wp-content\/uploads\/2020\/10\/RBS-768x512.png 768w, https:\/\/afrika-kommt.de\/wp-content\/uploads\/2020\/10\/RBS-1536x1024.png 1536w, https:\/\/afrika-kommt.de\/wp-content\/uploads\/2020\/10\/RBS-2048x1365.png 2048w, https:\/\/afrika-kommt.de\/wp-content\/uploads\/2020\/10\/RBS-930x620.png 930w\" sizes=\"auto, (max-width: 1024px) 100vw, 1024px\" \/><figcaption class=\"wp-element-caption\">Besuch der Robert Bosch GmbH<\/figcaption><\/figure>\n\n\n\n    <div id=\"textblock-block_b137e4cd31d5ae75e4faeedac59e494f\" class=\"textblock_container\">\n              <div class=\"short_red_line\"><\/div>\n        <h2 class=\"textblock_heading\"> Zielerreichung in der pers\u00f6nlichen Entwicklung<\/h2>\n        \n      <div class=\"textblock_content\"><p lang=\"de\">Eine Zeit fernab des gewohnten Umfelds bietet die Gelegenheit, die eigene Reflektionsf\u00e4higkeit zu sch\u00e4rfen. Durch Selbstanalyse und das Setzen h\u00f6herer Ziele k\u00f6nnen die Teilnehmenden ihr pers\u00f6nliches Potenzial voll aussch\u00f6pfen. Das Programm erm\u00f6glicht es, neue Meilensteine in der pers\u00f6nlichen Entwicklung zu definieren und mit Unterst\u00fctzung durch praxisorientierte Trainings und Tools auch zu erreichen.<\/p>\n<p>&nbsp;<\/p>\n<\/div>\n          <\/div>\n      \n\n\n<h2 class=\"wp-block-heading\">Lerne mehr \u00fcber die Erfahrungen unserer Alumni<\/h2>\n\n\n\n<div class=\"wp-block-columns is-layout-flex wp-container-core-columns-is-layout-9d6595d7 wp-block-columns-is-layout-flex\">\n<div class=\"wp-block-column is-layout-flow wp-block-column-is-layout-flow\">\n<figure class=\"wp-block-embed is-type-video is-provider-youtube wp-block-embed-youtube wp-embed-aspect-16-9 wp-has-aspect-ratio\"><div class=\"wp-block-embed__wrapper\">\n <div class=\"brlbs-cmpnt-container brlbs-cmpnt-content-blocker brlbs-cmpnt-with-individual-styles\" data-borlabs-cookie-content-blocker-id=\"youtube-content-blocker\" data-borlabs-cookie-content=\"PGRpdiBjbGFzcz0ibnYtaWZyYW1lLWVtYmVkIj48aWZyYW1lIHRpdGxlPSJBRlJJS0EgS09NTVQhIC0gTXkgQUsgZXhwZXJpZW5jZSAtIEdldHJ1ZGUgQW1ib2tvIE5hbmR3YSIgd2lkdGg9IjEyMDAiIGhlaWdodD0iNjc1IiBzcmM9Imh0dHBzOi8vd3d3LnlvdXR1YmUtbm9jb29raWUuY29tL2VtYmVkL0ItS3NOVC1CNUlRP2ZlYXR1cmU9b2VtYmVkIiBmcmFtZWJvcmRlcj0iMCIgYWxsb3c9ImFjY2VsZXJvbWV0ZXI7IGF1dG9wbGF5OyBjbGlwYm9hcmQtd3JpdGU7IGVuY3J5cHRlZC1tZWRpYTsgZ3lyb3Njb3BlOyBwaWN0dXJlLWluLXBpY3R1cmU7IHdlYi1zaGFyZSIgcmVmZXJyZXJwb2xpY3k9InN0cmljdC1vcmlnaW4td2hlbi1jcm9zcy1vcmlnaW4iIGFsbG93ZnVsbHNjcmVlbj48L2lmcmFtZT48L2Rpdj4=\"><div class=\"brlbs-cmpnt-cb-preset-c brlbs-cmpnt-cb-youtube\"> <div class=\"brlbs-cmpnt-cb-thumbnail\" style=\"background-image: url('https:\/\/afrika-kommt.de\/wp-content\/uploads\/borlabs-cookie\/1\/yt_B-KsNT-B5IQ_hqdefault.jpg')\"><\/div> <div class=\"brlbs-cmpnt-cb-main\"> <div class=\"brlbs-cmpnt-cb-play-button\"><\/div> <div class=\"brlbs-cmpnt-cb-content\"> <p class=\"brlbs-cmpnt-cb-description\">Sie sehen gerade einen Platzhalterinhalt von <strong>YouTube<\/strong>. Um auf den eigentlichen Inhalt zuzugreifen, klicken Sie auf die Schaltfl\u00e4che unten. Bitte beachten Sie, dass dabei Daten an Drittanbieter weitergegeben werden.<\/p> <a class=\"brlbs-cmpnt-cb-provider-toggle\" href=\"#\" data-borlabs-cookie-show-provider-information role=\"button\">Mehr Informationen<\/a> <\/div> <div class=\"brlbs-cmpnt-cb-buttons\"> <a class=\"brlbs-cmpnt-cb-btn\" href=\"#\" data-borlabs-cookie-unblock role=\"button\">Inhalt entsperren<\/a> <a class=\"brlbs-cmpnt-cb-btn\" href=\"#\" data-borlabs-cookie-accept-service role=\"button\" style=\"display: inherit\">Erforderlichen Service akzeptieren und Inhalte entsperren<\/a> <\/div> <\/div> <\/div><\/div>\n<\/div><figcaption class=\"wp-element-caption\">AFRIKA KOMMT! &#8211; My AK experience &#8211; Getrude Amboko Nandwa<\/figcaption><\/figure>\n<\/div>\n\n\n\n<div class=\"wp-block-column is-layout-flow wp-block-column-is-layout-flow\">\n<figure class=\"wp-block-embed is-type-video is-provider-youtube wp-block-embed-youtube wp-embed-aspect-16-9 wp-has-aspect-ratio\"><div class=\"wp-block-embed__wrapper\">\n <div class=\"brlbs-cmpnt-container brlbs-cmpnt-content-blocker brlbs-cmpnt-with-individual-styles\" data-borlabs-cookie-content-blocker-id=\"youtube-content-blocker\" data-borlabs-cookie-content=\"PGRpdiBjbGFzcz0ibnYtaWZyYW1lLWVtYmVkIj48aWZyYW1lIHRpdGxlPSJBRlJJS0EgS09NTVQhIC0gTXkgQUsgZXhwZXJpZW5jZSAtIEFybXN0cm9uZyBOa2FnZW4gRm9uIiB3aWR0aD0iMTIwMCIgaGVpZ2h0PSI2NzUiIHNyYz0iaHR0cHM6Ly93d3cueW91dHViZS1ub2Nvb2tpZS5jb20vZW1iZWQvTFI2NTlqQzlXeVk\/ZmVhdHVyZT1vZW1iZWQiIGZyYW1lYm9yZGVyPSIwIiBhbGxvdz0iYWNjZWxlcm9tZXRlcjsgYXV0b3BsYXk7IGNsaXBib2FyZC13cml0ZTsgZW5jcnlwdGVkLW1lZGlhOyBneXJvc2NvcGU7IHBpY3R1cmUtaW4tcGljdHVyZTsgd2ViLXNoYXJlIiByZWZlcnJlcnBvbGljeT0ic3RyaWN0LW9yaWdpbi13aGVuLWNyb3NzLW9yaWdpbiIgYWxsb3dmdWxsc2NyZWVuPjwvaWZyYW1lPjwvZGl2Pg==\"><div class=\"brlbs-cmpnt-cb-preset-c brlbs-cmpnt-cb-youtube\"> <div class=\"brlbs-cmpnt-cb-thumbnail\" style=\"background-image: url('https:\/\/afrika-kommt.de\/wp-content\/uploads\/borlabs-cookie\/1\/yt_LR659jC9WyY_hqdefault.jpg')\"><\/div> <div class=\"brlbs-cmpnt-cb-main\"> <div class=\"brlbs-cmpnt-cb-play-button\"><\/div> <div class=\"brlbs-cmpnt-cb-content\"> <p class=\"brlbs-cmpnt-cb-description\">Sie sehen gerade einen Platzhalterinhalt von <strong>YouTube<\/strong>. Um auf den eigentlichen Inhalt zuzugreifen, klicken Sie auf die Schaltfl\u00e4che unten. Bitte beachten Sie, dass dabei Daten an Drittanbieter weitergegeben werden.<\/p> <a class=\"brlbs-cmpnt-cb-provider-toggle\" href=\"#\" data-borlabs-cookie-show-provider-information role=\"button\">Mehr Informationen<\/a> <\/div> <div class=\"brlbs-cmpnt-cb-buttons\"> <a class=\"brlbs-cmpnt-cb-btn\" href=\"#\" data-borlabs-cookie-unblock role=\"button\">Inhalt entsperren<\/a> <a class=\"brlbs-cmpnt-cb-btn\" href=\"#\" data-borlabs-cookie-accept-service role=\"button\" style=\"display: inherit\">Erforderlichen Service akzeptieren und Inhalte entsperren<\/a> <\/div> <\/div> <\/div><\/div>\n<\/div><figcaption class=\"wp-element-caption\">AFRIKA KOMMT! &#8211; My AK experience &#8211; Armstrong Fon Nkagen<\/figcaption><\/figure>\n<\/div>\n<\/div>\n","protected":false},"excerpt":{"rendered":"<p>Lerne mehr \u00fcber die Erfahrungen unserer Alumni<\/p>\n","protected":false},"author":1,"featured_media":0,"parent":341,"menu_order":0,"comment_status":"closed","ping_status":"closed","template":"","meta":{"_acf_changed":false,"neve_meta_sidebar":"full-width","neve_meta_container":"","neve_meta_enable_content_width":"on","neve_meta_content_width":100,"neve_meta_title_alignment":"","neve_meta_author_avatar":"","neve_post_elements_order":"","neve_meta_disable_header":"","neve_meta_disable_footer":"","neve_meta_disable_title":"","neve_meta_reading_time":"","footnotes":""},"class_list":["post-3405","page","type-page","status-publish","hentry"],"acf":[],"_links":{"self":[{"href":"https:\/\/afrika-kommt.de\/de\/wp-json\/wp\/v2\/pages\/3405","targetHints":{"allow":["GET"]}}],"collection":[{"href":"https:\/\/afrika-kommt.de\/de\/wp-json\/wp\/v2\/pages"}],"about":[{"href":"https:\/\/afrika-kommt.de\/de\/wp-json\/wp\/v2\/types\/page"}],"author":[{"embeddable":true,"href":"https:\/\/afrika-kommt.de\/de\/wp-json\/wp\/v2\/users\/1"}],"replies":[{"embeddable":true,"href":"https:\/\/afrika-kommt.de\/de\/wp-json\/wp\/v2\/comments?post=3405"}],"version-history":[{"count":8,"href":"https:\/\/afrika-kommt.de\/de\/wp-json\/wp\/v2\/pages\/3405\/revisions"}],"predecessor-version":[{"id":7639,"href":"https:\/\/afrika-kommt.de\/de\/wp-json\/wp\/v2\/pages\/3405\/revisions\/7639"}],"up":[{"embeddable":true,"href":"https:\/\/afrika-kommt.de\/de\/wp-json\/wp\/v2\/pages\/341"}],"wp:attachment":[{"href":"https:\/\/afrika-kommt.de\/de\/wp-json\/wp\/v2\/media?parent=3405"}],"curies":[{"name":"wp","href":"https:\/\/api.w.org\/{rel}","templated":true}]}}