{"id":340,"date":"2020-06-02T12:11:26","date_gmt":"2020-06-02T10:11:26","guid":{"rendered":"http:\/\/wp13590066.server-he.de\/?page_id=340"},"modified":"2024-12-02T13:57:09","modified_gmt":"2024-12-02T12:57:09","slug":"about-the-programme","status":"publish","type":"page","link":"https:\/\/afrika-kommt.de\/de\/about-the-programme\/","title":{"rendered":"\u00dcber das Programm"},"content":{"rendered":"\n    <div id=\"textblock-block_5344f29052dd35b10c30d288146498de\" class=\"textblock_container\">\n      \n      <div class=\"textblock_content\"><p>AFRIKA KOMMT! vereint die vision\u00e4rsten Nachwuchsf\u00fchrungskr\u00e4fte Afrikas mit f\u00fchrenden deutschen Unternehmen und schafft so eine Plattform f\u00fcr gegenseitigen Austausch und nachhaltige Partnerschaften. Die Unternehmen profitieren von der Expertise, den lokalen Netzwerken und der einzigartigen afrikanischen Perspektive der Fellows. Gleichzeitig gewinnen die Fellows wertvolle Einblicke in die deutsche Unternehmenswelt, das Unternehmertum sowie die Gesellschaft und Kultur Deutschlands. Gest\u00e4rkt durch ihre internationale Erfahrung, erweitertes Fachwissen und Deutschkenntnisse, entwickeln sich die Fellows zu wirkungsvollen &#8222;Change Agents&#8220;. Sie gestalten nicht nur die Wirtschaftsbeziehungen zwischen Deutschland und Afrika aktiv mit, sondern f\u00f6rdern auch das wirtschaftliche und soziale Wachstum in ihren Heimatl\u00e4ndern.<\/p>\n<\/div>\n      \n              <a class=\"textblock_link\" href=\"https:\/\/afrika-kommt.de\/de\/about-the-programme\/das-programm\/\" target=\"\" title=\"Das Programm\">Das Programm<\/a>\n          <\/div>\n      \n\n\n  \t<div class=\"quote_container side_none\">\n              <div class=\"quote_icon\"><image src='https:\/\/afrika-kommt.de\/wp-content\/themes\/helloIT_child\/template-parts\/blocks\/quote\/quote.svg'><\/image><\/div>\n        <div class=\"quote_content\">Unsere Teilnahme an AFRIKA KOMMT! ist ein zentraler Baustein, um eine langfristige und erfolgreiche Partnerschaft mit Afrika aufzubauen, die f\u00fcr beide Seiten nachhaltige Vorteile bringt.<\/div>\n                    <div class=\"quote_author\">Prof. Dr. Heinz-Walter Gro\u00dfe<\/div>\n                  <div class=\"quote_title\">CEO SAFRI, fr\u00fcherer CEO B. Braun<\/div>\n          \t<\/div>\n\n\n  \t<div class=\"partners_container alignfull\">\n      <div class=\"partners_content\">\n        <div class=\"partners_headline\">\n                      <h2>Lernen Sie unsere Partnerunternehmen kennen<\/h2>\n                  <\/div>\n        <div id=\"partners_part\">\n                                                          <div id=\"partners-block_04bce7f1c28853bd037cd39bbec608eb\" class=\"partners\" style=\"background-image: url('https:\/\/afrika-kommt.de\/wp-content\/uploads\/2022\/02\/BioNTech.png'); background-position: center; background-repeat: no-repeat; background-size: contain; background-origin: content-box;\"><\/div>\n                                          <div id=\"partners-block_04bce7f1c28853bd037cd39bbec608eb\" class=\"partners\" style=\"background-image: url('https:\/\/afrika-kommt.de\/wp-content\/uploads\/2020\/09\/SAP_R_grad.png'); background-position: center; background-repeat: no-repeat; background-size: contain; background-origin: content-box;\"><\/div>\n                                          <div id=\"partners-block_04bce7f1c28853bd037cd39bbec608eb\" class=\"partners\" style=\"background-image: url('https:\/\/afrika-kommt.de\/wp-content\/uploads\/2020\/06\/Boehringer_Logo_RGB_Accent-Green.jpg'); background-position: center; background-repeat: no-repeat; background-size: contain; background-origin: content-box;\"><\/div>\n                                          <div id=\"partners-block_04bce7f1c28853bd037cd39bbec608eb\" class=\"partners\" style=\"background-image: url('https:\/\/afrika-kommt.de\/wp-content\/uploads\/2020\/09\/Bosch.png'); background-position: center; background-repeat: no-repeat; background-size: contain; background-origin: content-box;\"><\/div>\n                                          <div id=\"partners-block_04bce7f1c28853bd037cd39bbec608eb\" class=\"partners\" style=\"background-image: url('https:\/\/afrika-kommt.de\/wp-content\/uploads\/2020\/09\/merck.png'); background-position: center; background-repeat: no-repeat; background-size: contain; background-origin: content-box;\"><\/div>\n                                                                                      <div id=\"partners-block_04bce7f1c28853bd037cd39bbec608eb\" class=\"partners\" style=\"background-image: url('https:\/\/afrika-kommt.de\/wp-content\/uploads\/2022\/02\/Herunterladen.png'); background-position: center; background-repeat: no-repeat; background-size: contain; background-origin: content-box;\"><\/div>\n                                          <div id=\"partners-block_04bce7f1c28853bd037cd39bbec608eb\" class=\"partners\" style=\"background-image: url('https:\/\/afrika-kommt.de\/wp-content\/uploads\/2020\/09\/Siemens-Healthineers_Logo.jpg'); background-position: center; background-repeat: no-repeat; background-size: contain; background-origin: content-box;\"><\/div>\n                                                                <div id=\"partners-block_04bce7f1c28853bd037cd39bbec608eb\" class=\"partners\" style=\"background-image: url('https:\/\/afrika-kommt.de\/wp-content\/uploads\/2020\/09\/B.Braun_.png'); background-position: center; background-repeat: no-repeat; background-size: contain; background-origin: content-box;\"><\/div>\n                                                                                                            <div id=\"partners-block_04bce7f1c28853bd037cd39bbec608eb\" class=\"partners\" style=\"background-image: url('https:\/\/afrika-kommt.de\/wp-content\/uploads\/2020\/09\/Volkswagen-1.png'); background-position: center; background-repeat: no-repeat; background-size: contain; background-origin: content-box;\"><\/div>\n                        <\/div>\n              <\/div>\n  \t<\/div>\n\n\n\n    <div id=\"textblock-block_13bedcae428778a85ed1339b254efb17\" class=\"textblock_container\">\n      \n      <div class=\"textblock_content\"><p>Unsere Vision f\u00fcr AFRIKA KOMMT! ist es, mit dem Fellowship-Programm Br\u00fccken zwischen der deutschen Wirtschaft und afrikanischen Nachwuchsf\u00fchrungskr\u00e4ften zu bauen. Gemeinsam wollen wir durch eine nachhaltige Partnerschaft einen bedeutenden Mehrwert schaffen.<\/p>\n<\/div>\n      \n              <a class=\"textblock_link\" href=\"https:\/\/afrika-kommt.de\/de\/about-the-programme\/unsere-vision\/\" target=\"\" title=\"Mehr zu unserer Vision\">Mehr zu unserer Vision<\/a>\n          <\/div>\n      \n\n<div id=\"slider-block_3da2f08139cfd9e8dc643694db25791f\" class=\"slider sliderblock\">\n    \t\t<div class=\"slides\">\n\t\t\t        <div class=\"slides_container\">\n\t\t\t\t <div class=\"slides_image\" style=\"background-image: url('https:\/\/afrika-kommt.de\/wp-content\/uploads\/2020\/10\/55364-076-scaled.jpg'); background-position: center; background-repeat: no-repeat; background-size: contain; \"><\/div>\n\t\t\t\t\t        <\/div>\n\n\t\t\t        <div class=\"slides_container\">\n\t\t\t\t <div class=\"slides_image\" style=\"background-image: url('https:\/\/afrika-kommt.de\/wp-content\/uploads\/2020\/11\/Afrika-kommt_Gruppe_alle_2019__005_a-scaled.jpg'); background-position: center; background-repeat: no-repeat; background-size: contain; \"><\/div>\n\t\t\t\t\t        <\/div>\n\n\t\t\t        <div class=\"slides_container\">\n\t\t\t\t <div class=\"slides_image\" style=\"background-image: url('https:\/\/afrika-kommt.de\/wp-content\/uploads\/2020\/10\/10-Jahre_1_l.jpg'); background-position: center; background-repeat: no-repeat; background-size: contain; \"><\/div>\n\t\t\t\t\t        <\/div>\n\n\t\t\t        <div class=\"slides_container\">\n\t\t\t\t <div class=\"slides_image\" style=\"background-image: url('https:\/\/afrika-kommt.de\/wp-content\/uploads\/2020\/10\/12-scaled.jpg'); background-position: center; background-repeat: no-repeat; background-size: contain; \"><\/div>\n\t\t\t\t\t        <\/div>\n\n\t\t\t\t\t<\/div>\n\t<\/div>\n\n\n\n  \t<div class=\"quote_container side_none\">\n              <div class=\"quote_icon\"><image src='https:\/\/afrika-kommt.de\/wp-content\/themes\/helloIT_child\/template-parts\/blocks\/quote\/quote.svg'><\/image><\/div>\n        <div class=\"quote_content\">Wir haben gelernt nicht nur auf M\u00f6glichkeiten zu warten, sondern diese selbst zu schaffen.<\/div>\n                    <div class=\"quote_author\">Akofa Bart-Plange<\/div>\n                  <div class=\"quote_title\">Biomedizintechnikerin, AFRIKA KOMMT 2015-2017<\/div>\n          \t<\/div>\n\n\n  \t<div class=\"fellows_container\">\n\n      <div class=\"fellows_red_background\"><\/div>\n      <div class=\"fellows_red_background_mobile\">\n                      <div class=\"fellows_headline\">\n              <h2>Lernen Sie unsere aktuellen Fellows kennen<\/h2>\n            <\/div>\n                  <div id=\"fellows_part\">\n                                  <div class=\"fellow_item\">\n              <div id=\"fellows-block_7f146490a8bb78d4b799fb7b83596370\" class=\"fellows\" style=\"background-image: url('https:\/\/afrika-kommt.de\/wp-content\/uploads\/2026\/01\/P1274838_DxO_Exp_Web.jpg'); background-position: center; background-repeat: no-repeat; background-size: cover; \"><\/div>\n              <div class=\"fellows_info\">\n                <h3>Moustapha Kebe<\/h3>\n                <div class=\"fellows_cat\">Information Technology<\/div>\n              <\/div>\n            <\/div>\n                                  <div class=\"fellow_item\">\n              <div id=\"fellows-block_7f146490a8bb78d4b799fb7b83596370\" class=\"fellows\" style=\"background-image: url('https:\/\/afrika-kommt.de\/wp-content\/uploads\/2026\/01\/P1274793_DxO_Exp_Web.jpg'); background-position: center; background-repeat: no-repeat; background-size: cover; \"><\/div>\n              <div class=\"fellows_info\">\n                <h3>Vongayi Chiripanyanga<\/h3>\n                <div class=\"fellows_cat\">Healthcare, Pharmaceuticals<\/div>\n              <\/div>\n            <\/div>\n                                  <div class=\"fellow_item\">\n              <div id=\"fellows-block_7f146490a8bb78d4b799fb7b83596370\" class=\"fellows\" style=\"background-image: url('https:\/\/afrika-kommt.de\/wp-content\/uploads\/2026\/01\/P1275258_DxO_Exp_Web.jpg'); background-position: center; background-repeat: no-repeat; background-size: cover; \"><\/div>\n              <div class=\"fellows_info\">\n                <h3>Mukumbuta Nawa Talama<\/h3>\n                <div class=\"fellows_cat\">Healthcare<\/div>\n              <\/div>\n            <\/div>\n                                  <div class=\"fellow_item\">\n              <div id=\"fellows-block_7f146490a8bb78d4b799fb7b83596370\" class=\"fellows\" style=\"background-image: url('https:\/\/afrika-kommt.de\/wp-content\/uploads\/2026\/01\/P1274902_DxO_Exp_Web.jpg'); background-position: center; background-repeat: no-repeat; background-size: cover; \"><\/div>\n              <div class=\"fellows_info\">\n                <h3>Dennis Mureithi<\/h3>\n                <div class=\"fellows_cat\">Project Management<\/div>\n              <\/div>\n            <\/div>\n                  <\/div>\n                  <div class=\"fellows_button\">\n            <a class=\"button\" href=\"https:\/\/afrika-kommt.de\/de\/about-the-programme\/aktuelle-fellows\/\" target=\"\" title=\"Aktuelle Fellows\">Aktuelle Fellows<\/a>\n          <\/div>\n                <\/div>\n  \t<\/div>\n\n\n<div class=\"accordion-block-container accordion-block_8460ffb2760170021e64da4959c0f3b4 noHeadline\">\n    <div class=\"accordion_content\">\n          <div class=\"accordionfield_headline\">\n          <h3>Frequently Asked Questions<\/h3>\n      <\/div>\n                  <div class=\"accordion-block\">\n          \t\t<button class=\"accordion-block_8460ffb2760170021e64da4959c0f3b4 accordion\">Was ist AFRIKA KOMMT! ? <\/button>\n          \t\t<div class=\"panel\">\n          \t\t  <p>AFRIKA KOMMT! ist ein Fellowship Programm, dass vision\u00e4re afrikanische Fach- und F\u00fchrungskr\u00e4fte mit f\u00fchrenden deutschen Unternehmen zusammenbringt. Zusammen bereiten sie den Weg f\u00fcr afrikanisch-europ\u00e4ische Wirtschaftsbeziehungen und eine Kooperation, die f\u00fcr beide Seiten vorteilhaft ist.<\/p>\n<p>&nbsp;<\/p>\n<p>&nbsp;<\/p>\n          \t\t<\/div>\n            <\/div>\n        \t\t            <div class=\"accordion-block\">\n          \t\t<button class=\"accordion-block_8460ffb2760170021e64da4959c0f3b4 accordion\">Wie bewerbe ich mich als Fellow?<\/button>\n          \t\t<div class=\"panel\">\n          \t\t  <p>Du kannst dich w\u00e4hrend einer Bewerbungsphase auf unserer Online-Plattform bewerben. Bewerbungen, die uns per E-Mail erreichen, werden nicht akzeptiert.<\/p>\n          \t\t<\/div>\n            <\/div>\n        \t\t            <div class=\"accordion-block\">\n          \t\t<button class=\"accordion-block_8460ffb2760170021e64da4959c0f3b4 accordion\">Wir sind auf der Suche nach einer Partnerschaft, um unsere Produkte in Afrika zu vermarkten. Ist AFRIKA KOMMT! das richtige Programm f\u00fcr uns? <\/button>\n          \t\t<div class=\"panel\">\n          \t\t  <p>Ja! Viele unserer Alumni sind nun f\u00fcr die Partnerunternehmen vor Ort aktiv. Einige haben als lokale Handelsvertreter begonnen und nun erfolgreich eine Niederlassung f\u00fcr ihr Unternehmen er\u00f6ffnet.<\/p>\n          \t\t<\/div>\n            <\/div>\n        \t\t      <a class=\"accordion_link\" href=\"https:\/\/afrika-kommt.de\/about-the-programme\/faq\/\" target=\"\" title=\"Alle FAQ\">Alle FAQ<\/a>\n      \n  <\/div>\n<\/div>\n\n\n\n    <div id=\"textblock-block_f2e64c632628747e42599ee875587fb0\" class=\"textblock_container\">\n      \n      <div class=\"textblock_content\"><p>Die Deutsche Gesellschaft f\u00fcr Internationale Zusammenarbeit (GIZ) GmbH f\u00fchrt das Programm im Auftrag der Partnerunternehmen durch und arbeitet mit diesen in einer langj\u00e4hrigen vertrauensvollen Kooperation zusammen.<\/p>\n<\/div>\n      \n              <a class=\"textblock_link\" href=\"https:\/\/afrika-kommt.de\/about-the-programme\/team\/\" target=\"\" title=\"Treffen Sie das GIZ Team\">Treffen Sie das GIZ Team<\/a>\n          <\/div>\n      \n\n\n  \t<div class=\"download_container\">\n      <div class=\"download_icon\"><image src='https:\/\/afrika-kommt.de\/wp-content\/themes\/helloIT_child\/template-parts\/blocks\/download\/ic_download.svg'><\/image><\/div>\n      <div class=\"download_text\">\n        <h4 class=\"download_headline\">Flyer AFRIKA KOMMT!<\/h4>\n        <div class=\"download_infotext\"><\/div>\n      <\/div>\n      <a class=\"download_button\" href=\"https:\/\/afrika-kommt.de\/wp-content\/uploads\/2020\/10\/Flyer-AFRIKA-KOMMT_EN.pdf\" download=\"Flyer-AFRIKA-KOMMT_EN.pdf\" title=\"Download Button\">Download<\/a>\n  \t<\/div>\n","protected":false},"excerpt":{"rendered":"","protected":false},"author":1,"featured_media":0,"parent":0,"menu_order":0,"comment_status":"closed","ping_status":"closed","template":"","meta":{"_acf_changed":false,"neve_meta_sidebar":"full-width","neve_meta_container":"","neve_meta_enable_content_width":"on","neve_meta_content_width":100,"neve_meta_title_alignment":"","neve_meta_author_avatar":"","neve_post_elements_order":"","neve_meta_disable_header":"","neve_meta_disable_footer":"","neve_meta_disable_title":"","neve_meta_reading_time":"","footnotes":""},"class_list":["post-340","page","type-page","status-publish","hentry"],"acf":[],"_links":{"self":[{"href":"https:\/\/afrika-kommt.de\/de\/wp-json\/wp\/v2\/pages\/340","targetHints":{"allow":["GET"]}}],"collection":[{"href":"https:\/\/afrika-kommt.de\/de\/wp-json\/wp\/v2\/pages"}],"about":[{"href":"https:\/\/afrika-kommt.de\/de\/wp-json\/wp\/v2\/types\/page"}],"author":[{"embeddable":true,"href":"https:\/\/afrika-kommt.de\/de\/wp-json\/wp\/v2\/users\/1"}],"replies":[{"embeddable":true,"href":"https:\/\/afrika-kommt.de\/de\/wp-json\/wp\/v2\/comments?post=340"}],"version-history":[{"count":21,"href":"https:\/\/afrika-kommt.de\/de\/wp-json\/wp\/v2\/pages\/340\/revisions"}],"predecessor-version":[{"id":7626,"href":"https:\/\/afrika-kommt.de\/de\/wp-json\/wp\/v2\/pages\/340\/revisions\/7626"}],"wp:attachment":[{"href":"https:\/\/afrika-kommt.de\/de\/wp-json\/wp\/v2\/media?parent=340"}],"curies":[{"name":"wp","href":"https:\/\/api.w.org\/{rel}","templated":true}]}}