{"id":3200,"date":"2020-11-13T14:10:12","date_gmt":"2020-11-13T13:10:12","guid":{"rendered":"http:\/\/wp13590066.server-he.de\/about-the-programme\/das-team\/"},"modified":"2025-12-23T16:28:34","modified_gmt":"2025-12-23T15:28:34","slug":"das-team","status":"publish","type":"page","link":"https:\/\/afrika-kommt.de\/de\/about-the-programme\/das-team\/","title":{"rendered":"Das Team"},"content":{"rendered":"\n    <div id=\"puretextblock-block_8bcaba755474a7c00b781d23a66a5157\" class=\"puretextblock_container\">\n      <div class=\"puretextblock_content\"><p>Das Programm AFRIKA KOMMT! wird im Auftrag der Partnerunternehmen von der Deutschen Gesellschaft f\u00fcr Internationale Zusammenarbeit (GIZ) GmbH durchgef\u00fchrt.<\/p>\n<\/div>\n    <\/div>\n\n\n\n  \t<div id=\"contact-block_e3ed912ebde48507ef202b3e7c9e3e1f\" class=\"contact_container\">\n                <div class=\"contact_image square\" style=\"background-image: url('https:\/\/afrika-kommt.de\/wp-content\/uploads\/2024\/01\/f92f1a03-1309-44b2-b41a-36050e56535c-300x268.jpg'); background-position: center; background-repeat: no-repeat; background-size: cover;\"><\/div>\n          <div class=\"contact_content\">\n                \n        <h2 class=\"contact_headline\">Dennis Mutschler-Neumann<\/h2>\n        <div class=\"contact_subtile\">Projektleiter<\/div>\n        <a class=\"contact_phone\" href=\"tel:\" title=\"Phone Icon\"><image src='https:\/\/afrika-kommt.de\/wp-content\/themes\/helloIT_child\/template-parts\/blocks\/contact\/phone.svg'><\/image><div class=\"contact_phone_number\"><\/div><\/a>\n        <a class=\"contact_mail\" href=\"mailto:Dennis.Mutschler-Neumann@giz.de\" title=\"Email Icon\"><image src='https:\/\/afrika-kommt.de\/wp-content\/themes\/helloIT_child\/template-parts\/blocks\/contact\/mail.svg'><\/image><div class=\"contact_mail_mail\">Dennis.Mutschler-Neumann@giz.de<\/div><\/a>\n      <\/div>\n\n  \t<\/div>\n          <div class=\"contact_infotext_container\">\n        <p>Ich bin seit 2009 bei der Deutschen Gesellschaft f\u00fcr Internationale Zusammenarbeit (GIZ) GmbH und habe einen Master of Arts-Abschluss in Politikwissenschaften. Nach meinem Studium f\u00fchrte ich das Postgraduiertenprogramm zur internationalen Zusammenarbeit am Deutschen Institut f\u00fcr Entwicklung und Nachhaltigkeit (IDOS) durch. Bei der GIZ koordinierte ich zuletzt Projekte zur internationalen Klimafinanzierung in Bonn und war als Projektleiter f\u00fcr strategisches Marketing in Frankfurt am Main und Kiew t\u00e4tig.<\/p>\n<p>Aufgewachsen im s\u00fcdlichen und \u00f6stlichen Afrika, f\u00fchle mich der Region sehr verbunden. Mein Ziel ist es, AFRIKA KOMMT! nachhaltig durch ein dynamisches und volatiles Umfeld zu steuern.<\/p>\n<p>&nbsp;<\/p>\n<p><em>Teammitglieder von hier an in alphabetischer Reihenfolge.<\/em><\/p>\n      <\/div>\n    \n\n\n  \t<div id=\"contact-block_6bb31a007dfde55810747db507216a5b\" class=\"contact_container\">\n                <div class=\"contact_image square\" style=\"background-image: url('https:\/\/afrika-kommt.de\/wp-content\/uploads\/2025\/04\/Bild-300x277.jpg'); background-position: center; background-repeat: no-repeat; background-size: cover;\"><\/div>\n          <div class=\"contact_content\">\n                \n        <h2 class=\"contact_headline\">Klara Buttgereit<\/h2>\n        <div class=\"contact_subtile\">Verwaltung &#038; Management Stipendiat*innen<\/div>\n        <a class=\"contact_phone\" href=\"tel:+49 (0)228 4460-2700\" title=\"Phone Icon\"><image src='https:\/\/afrika-kommt.de\/wp-content\/themes\/helloIT_child\/template-parts\/blocks\/contact\/phone.svg'><\/image><div class=\"contact_phone_number\">+49 (0)228 4460-2700<\/div><\/a>\n        <a class=\"contact_mail\" href=\"mailto:Klara.Buttgereit@giz.de\" title=\"Email Icon\"><image src='https:\/\/afrika-kommt.de\/wp-content\/themes\/helloIT_child\/template-parts\/blocks\/contact\/mail.svg'><\/image><div class=\"contact_mail_mail\">Klara.Buttgereit@giz.de<\/div><\/a>\n      <\/div>\n\n  \t<\/div>\n          <div class=\"contact_infotext_container\">\n        <p>Ich habe meine Ausbildung im August 2022 bei der Deutschen Gesellschaft f\u00fcr Internationale Zusammenarbeit (GIZ) GmbH begonnen und im Januar 2025 erfolgreich abgeschlossen. Im Anschluss daran habe ich im Projekt AFRIKA KOMMT! angefangen und bin seitdem Teil dieses wunderbaren Teams. Es macht mich sehr gl\u00fccklich, Teil eines Projekts zu sein, das junge, talentierte Menschen aus verschiedenen afrikanischen L\u00e4ndern unterst\u00fctzt, vernetzt und so die Beziehungen zwischen Deutschland und Afrika st\u00e4rkt.<\/p>\n      <\/div>\n    \n\n\n  \t<div id=\"contact-block_9ed216d305e28224da1f035b555232cf\" class=\"contact_container\">\n                <div class=\"contact_image square\" style=\"background-image: url('https:\/\/afrika-kommt.de\/wp-content\/uploads\/2020\/10\/Phyllis-Chege_square-300x300.jpg'); background-position: center; background-repeat: no-repeat; background-size: cover;\"><\/div>\n          <div class=\"contact_content\">\n                \n        <h2 class=\"contact_headline\">Phyllis Chege<\/h2>\n        <div class=\"contact_subtile\">Partnerunternehmen, Marketing, Alumni-Netzwerk<\/div>\n        <a class=\"contact_phone\" href=\"tel:+49 228 4460-3041\" title=\"Phone Icon\"><image src='https:\/\/afrika-kommt.de\/wp-content\/themes\/helloIT_child\/template-parts\/blocks\/contact\/phone.svg'><\/image><div class=\"contact_phone_number\">+49 228 4460-3041<\/div><\/a>\n        <a class=\"contact_mail\" href=\"mailto:phyllis.chege@giz.de\" title=\"Email Icon\"><image src='https:\/\/afrika-kommt.de\/wp-content\/themes\/helloIT_child\/template-parts\/blocks\/contact\/mail.svg'><\/image><div class=\"contact_mail_mail\">phyllis.chege@giz.de<\/div><\/a>\n      <\/div>\n\n  \t<\/div>\n          <div class=\"contact_infotext_container\">\n        <p>&#8222;Afrika is rising&#8220; ist f\u00fcr mich mehr als nur ein Spruch oder eine popul\u00e4re Rhetorik &#8211; ich habe es gesehen, ich habe es gelebt und ich bin ES. Deshalb ist es meine Leidenschaft, mit AFRIKA KOMMT! junge afrikanische Change Maker bei ihrem Aufstieg zu unterst\u00fctzen.<\/p>\n<p>Wenn ich nicht bei der Arbeit bin, findet man mich wahrscheinlich auf meinem Fahrrad, auf dem Weg zu einem unbekannten Ziel oder mit einem Rucksack in einem Zug oder Flugzeug, auf dem Weg, ein fernes neues Land zu erkunden!<\/p>\n      <\/div>\n    \n\n\n  \t<div id=\"contact-block_f66ee68cf9bf9fadf0aef9daab581ed8\" class=\"contact_container\">\n                <div class=\"contact_image rect\" style=\"background-image: url('https:\/\/afrika-kommt.de\/wp-content\/uploads\/2025\/02\/AFRIKA-KOMMT-Teamfotos-2024_Philipp-200x300.jpg'); background-position: center; background-repeat: no-repeat; background-size: cover;\"><\/div>\n          <div class=\"contact_content\">\n                \n        <h2 class=\"contact_headline\">Philipp Kracht<\/h2>\n        <div class=\"contact_subtile\">Verwaltung &#038; Management Stipendiat*innen<\/div>\n        <a class=\"contact_phone\" href=\"tel:+49 (0)228 - 4460 2082\" title=\"Phone Icon\"><image src='https:\/\/afrika-kommt.de\/wp-content\/themes\/helloIT_child\/template-parts\/blocks\/contact\/phone.svg'><\/image><div class=\"contact_phone_number\">+49 (0)228 &#8211; 4460 2082<\/div><\/a>\n        <a class=\"contact_mail\" href=\"mailto:philipp.kracht@giz.de\" title=\"Email Icon\"><image src='https:\/\/afrika-kommt.de\/wp-content\/themes\/helloIT_child\/template-parts\/blocks\/contact\/mail.svg'><\/image><div class=\"contact_mail_mail\">philipp.kracht@giz.de<\/div><\/a>\n      <\/div>\n\n  \t<\/div>\n          <div class=\"contact_infotext_container\">\n        <p>Das Konzept von AFRIKA KOMMT! hat mich vom ersten Moment an beeindruckt. Als Teammitglied bei AFRIKA KOMMT! ist es mein Ziel, den positiven Einfluss der Fellows auf ihre Heimatl\u00e4nder und auf die Beziehungen zwischen Deutschland und dem afrikanischen Kontinent zu maximieren.<\/p>\n<p>Meine Freizeit verbringe ich mit meiner Familie, erkunde die Natur rund um Bonn mit unseren Fahrr\u00e4dern und erlebe die kleinen Abenteuer. Au\u00dferdem ist es meine Leidenschaft, Menschen aus der ganzen Welt zu treffen und von ihrer Perspektive zu lernen.<\/p>\n      <\/div>\n    \n\n\n  \t<div id=\"contact-block_37e630d40873ef98637ea49ec6fbd094\" class=\"contact_container\">\n                <div class=\"contact_image rect\" style=\"background-image: url('https:\/\/afrika-kommt.de\/wp-content\/uploads\/2025\/11\/11111-1-236x300.jpg'); background-position: center; background-repeat: no-repeat; background-size: cover;\"><\/div>\n          <div class=\"contact_content\">\n                \n        <h2 class=\"contact_headline\">Louisa von Maydell<\/h2>\n        <div class=\"contact_subtile\">Praktikantin f\u00fcr Kommunikation und Offentlichkeitsarbeit<\/div>\n        <a class=\"contact_phone\" href=\"tel:\" title=\"Phone Icon\"><image src='https:\/\/afrika-kommt.de\/wp-content\/themes\/helloIT_child\/template-parts\/blocks\/contact\/phone.svg'><\/image><div class=\"contact_phone_number\"><\/div><\/a>\n        <a class=\"contact_mail\" href=\"mailto:louisa.von@giz.de\" title=\"Email Icon\"><image src='https:\/\/afrika-kommt.de\/wp-content\/themes\/helloIT_child\/template-parts\/blocks\/contact\/mail.svg'><\/image><div class=\"contact_mail_mail\">louisa.von@giz.de<\/div><\/a>\n      <\/div>\n\n  \t<\/div>\n          <div class=\"contact_infotext_container\">\n        <p data-start=\"77\" data-end=\"379\">Vor zwei Jahren habe ich im Rahmen meines Studiums vier Monate in Marokko gelebt \u2013 eine Erfahrung, die meine pers\u00f6nliche wie auch berufliche Perspektive nachhaltig gepr\u00e4gt hat. Ich lerne gerne neue Sprachen und kn\u00fcpfe Kontakte zu Menschen mit unterschiedlichem kulturellem Hintergrund.<\/p>\n<p data-start=\"381\" data-end=\"548\">Ich freue mich darauf, zu einem erfolgreichen Jahr von AFRIKA KOMMT! beizutragen und bin dankbar f\u00fcr diese Gelegenheit, meinen Horizont zu erweitern.<\/p>\n<p data-start=\"550\" data-end=\"672\">Au\u00dferhalb der Arbeit spiele ich gerne Basketball, lerne neue Menschen kennen und erkunde, wann immer es geht, neue L\u00e4nder.<\/p>\n      <\/div>\n    \n\n\n  \t<div id=\"contact-block_0127127d99dae1366993c85e59bcd48f\" class=\"contact_container\">\n                <div class=\"contact_image rect\" style=\"background-image: url('https:\/\/afrika-kommt.de\/wp-content\/uploads\/2025\/12\/Eva-Foto-Website-1-268x300.jpg'); background-position: center; background-repeat: no-repeat; background-size: cover;\"><\/div>\n          <div class=\"contact_content\">\n                \n        <h2 class=\"contact_headline\">Eva Philippi<\/h2>\n        <div class=\"contact_subtile\">Beraterin AFRIKA KOMMT!<\/div>\n        <a class=\"contact_phone\" href=\"tel:+49 228 4460-4464\" title=\"Phone Icon\"><image src='https:\/\/afrika-kommt.de\/wp-content\/themes\/helloIT_child\/template-parts\/blocks\/contact\/phone.svg'><\/image><div class=\"contact_phone_number\">+49 228 4460-4464<\/div><\/a>\n        <a class=\"contact_mail\" href=\"mailto:eva.philippi@giz.de\" title=\"Email Icon\"><image src='https:\/\/afrika-kommt.de\/wp-content\/themes\/helloIT_child\/template-parts\/blocks\/contact\/mail.svg'><\/image><div class=\"contact_mail_mail\">eva.philippi@giz.de<\/div><\/a>\n      <\/div>\n\n  \t<\/div>\n          <div class=\"contact_infotext_container\">\n        <p><span data-contrast=\"auto\">Eine\u00a0meiner\u00a0Leidenschaften\u00a0ist\u00a0es,\u00a0Dialogprozesse\u00a0zu\u00a0gestalten, die\u00a0effektive\u00a0L\u00f6sungen\u00a0generieren,\u00a0gerade\u00a0in\u00a0Zeiten\u00a0der Transformation.\u00a0<\/span><span data-contrast=\"auto\">Als\u00a0Facilitator, Leadership Consultant und systemischer &amp;\u00a0trauma-informierter Coach wei\u00df ich, dass soziale Transformation stattfindet, wenn wir sichere R\u00e4ume kreieren, in denen echtes Zuh\u00f6ren, das Aussprechen der inneren Wahrheit und Co-Creation\u00a0m\u00f6glich ist.\u00a0<\/span><span data-ccp-props=\"{&quot;134233117&quot;:false,&quot;134233118&quot;:false,&quot;201341983&quot;:0,&quot;335559738&quot;:0,&quot;335559739&quot;:0,&quot;335559740&quot;:240}\">\u00a0<\/span><\/p>\n<p><span data-contrast=\"auto\">Mit\u00a0Arbeitserfahrung\u00a0in\u00a0Change Management, Leadership &amp;\u00a0Organizational\u00a0Development, und\u00a0Ausbildungen\u00a0in Theory U und\u00a0transparenter\u00a0Kommunikation\u00a0freue\u00a0ich\u00a0mich, Teil des AFRIKA\u00a0KOMMT!-Teams\u00a0zu\u00a0sein.<\/span><span data-ccp-props=\"{&quot;134233117&quot;:false,&quot;134233118&quot;:false,&quot;201341983&quot;:0,&quot;335559738&quot;:0,&quot;335559739&quot;:0,&quot;335559740&quot;:240}\">\u00a0<\/span><\/p>\n      <\/div>\n    \n\n\n  \t<div id=\"contact-block_f2fcd90768eab566cf0c8cf515d5af4d\" class=\"contact_container\">\n                <div class=\"contact_image square\" style=\"background-image: url('https:\/\/afrika-kommt.de\/wp-content\/uploads\/2023\/02\/WhatsApp-Image-2023-02-01-at-22.17.46-1-300x300.jpeg'); background-position: center; background-repeat: no-repeat; background-size: cover;\"><\/div>\n          <div class=\"contact_content\">\n                \n        <h2 class=\"contact_headline\">Carola Ritzenhoff<\/h2>\n        <div class=\"contact_subtile\">Marketing und Alumni-Netzwerk<\/div>\n        <a class=\"contact_phone\" href=\"tel:+49 228 4460-1513\" title=\"Phone Icon\"><image src='https:\/\/afrika-kommt.de\/wp-content\/themes\/helloIT_child\/template-parts\/blocks\/contact\/phone.svg'><\/image><div class=\"contact_phone_number\">+49 228 4460-1513<\/div><\/a>\n        <a class=\"contact_mail\" href=\"mailto:carola.ritzenhoff@giz.de\" title=\"Email Icon\"><image src='https:\/\/afrika-kommt.de\/wp-content\/themes\/helloIT_child\/template-parts\/blocks\/contact\/mail.svg'><\/image><div class=\"contact_mail_mail\">carola.ritzenhoff@giz.de<\/div><\/a>\n      <\/div>\n\n  \t<\/div>\n          <div class=\"contact_infotext_container\">\n        <p>Menschen kennenzulernen und sie miteinander zu verbinden, begeistert mich &#8211; und das tolle Gef\u00fchl, wenn daraus Ideen, Mut und Ver\u00e4nderung entstehen. Daher r\u00fchrt auch meine Freude an Kommunikation und Vernetzung. Besonders hier bei AFRIKA KOMMT!<\/p>\n      <\/div>\n    \n\n\n  \t<div id=\"contact-block_cf84f30833562455bf468f790d70f5cd\" class=\"contact_container\">\n                <div class=\"contact_image square\" style=\"background-image: url('https:\/\/afrika-kommt.de\/wp-content\/uploads\/2020\/09\/Carina-300x300.jpg'); background-position: center; background-repeat: no-repeat; background-size: cover;\"><\/div>\n          <div class=\"contact_content\">\n                \n        <h2 class=\"contact_headline\">Carina auf der Strasse<\/h2>\n        <div class=\"contact_subtile\">Management Partnerunternehmen und Stipendiat*innen<\/div>\n        <a class=\"contact_phone\" href=\"tel:+49 228 4460-3632\" title=\"Phone Icon\"><image src='https:\/\/afrika-kommt.de\/wp-content\/themes\/helloIT_child\/template-parts\/blocks\/contact\/phone.svg'><\/image><div class=\"contact_phone_number\">+49 228 4460-3632<\/div><\/a>\n        <a class=\"contact_mail\" href=\"mailto:carina.auf@giz.de\" title=\"Email Icon\"><image src='https:\/\/afrika-kommt.de\/wp-content\/themes\/helloIT_child\/template-parts\/blocks\/contact\/mail.svg'><\/image><div class=\"contact_mail_mail\">carina.auf@giz.de<\/div><\/a>\n      <\/div>\n\n  \t<\/div>\n          <div class=\"contact_infotext_container\">\n        <p>Wenn ich nicht vollst\u00e4ndig in die detaillierte Konzeptarbeit vertieft bin, begeistern mich vor allem pers\u00f6nliche Treffen und der Austausch an meiner t\u00e4glichen Arbeit. AFRIKA KOMMT!, es ist eine Freude, Teil davon zu sein!<\/p>\n      <\/div>\n    ","protected":false},"excerpt":{"rendered":"","protected":false},"author":1,"featured_media":0,"parent":340,"menu_order":4,"comment_status":"closed","ping_status":"closed","template":"","meta":{"_acf_changed":false,"neve_meta_sidebar":"full-width","neve_meta_container":"","neve_meta_enable_content_width":"on","neve_meta_content_width":100,"neve_meta_title_alignment":"","neve_meta_author_avatar":"","neve_post_elements_order":"","neve_meta_disable_header":"","neve_meta_disable_footer":"","neve_meta_disable_title":"","neve_meta_reading_time":"","footnotes":""},"class_list":["post-3200","page","type-page","status-publish","hentry"],"acf":[],"_links":{"self":[{"href":"https:\/\/afrika-kommt.de\/de\/wp-json\/wp\/v2\/pages\/3200","targetHints":{"allow":["GET"]}}],"collection":[{"href":"https:\/\/afrika-kommt.de\/de\/wp-json\/wp\/v2\/pages"}],"about":[{"href":"https:\/\/afrika-kommt.de\/de\/wp-json\/wp\/v2\/types\/page"}],"author":[{"embeddable":true,"href":"https:\/\/afrika-kommt.de\/de\/wp-json\/wp\/v2\/users\/1"}],"replies":[{"embeddable":true,"href":"https:\/\/afrika-kommt.de\/de\/wp-json\/wp\/v2\/comments?post=3200"}],"version-history":[{"count":42,"href":"https:\/\/afrika-kommt.de\/de\/wp-json\/wp\/v2\/pages\/3200\/revisions"}],"predecessor-version":[{"id":8220,"href":"https:\/\/afrika-kommt.de\/de\/wp-json\/wp\/v2\/pages\/3200\/revisions\/8220"}],"up":[{"embeddable":true,"href":"https:\/\/afrika-kommt.de\/de\/wp-json\/wp\/v2\/pages\/340"}],"wp:attachment":[{"href":"https:\/\/afrika-kommt.de\/de\/wp-json\/wp\/v2\/media?parent=3200"}],"curies":[{"name":"wp","href":"https:\/\/api.w.org\/{rel}","templated":true}]}}