{"id":3182,"date":"2020-11-13T13:45:25","date_gmt":"2020-11-13T12:45:25","guid":{"rendered":"http:\/\/wp13590066.server-he.de\/about-the-programme\/das-programm\/"},"modified":"2026-03-10T20:38:59","modified_gmt":"2026-03-10T19:38:59","slug":"das-programm","status":"publish","type":"page","link":"https:\/\/afrika-kommt.de\/de\/about-the-programme\/das-programm\/","title":{"rendered":"Das Programm"},"content":{"rendered":"\n    <div id=\"textblock-block_91cc48b158c225ddb0c98f7d216e4e49\" class=\"textblock_container\">\n              <div class=\"short_red_line\"><\/div>\n        <h2 class=\"textblock_heading\">AFRIKA KOMMT!: eine Initiative mit Strahlkraft der deutschen Wirtschaft mit Nachwuchsf\u00fchrungskr\u00e4ften aus Afrika<\/h2>\n        \n      <div class=\"textblock_content\"><p>Gemeinsam sind wir st\u00e4rker: Deutschlands f\u00fchrende Unternehmen verwirklichen miteinander ihre Vision von nachhaltiger Wirtschaftskooperation mit afrikanischen Staaten. Afrika ist ein Kontinent voller Potenzial f\u00fcr wirtschaftliche und sozial nachhaltige Transformation. Herausragende junge F\u00fchrungskr\u00e4fte, Frauen und M\u00e4nner, teilen die Vision eines \u00f6konomischen und sozialen Erfolgs und haben mit AFRIKA KOMMT! die M\u00f6glichkeit, ihren Traum zu verwirklichen und zukunftsweisende Wege einer deutsch-afrikanischen Partnerschaft mitzugestalten.<\/p>\n<p><span lang=\"de\">Im Jahr 2008 setzen 19 Unternehmen unter der F\u00fchrung von <\/span><span lang=\"en-GB\">Tilman Todenh\u00f6fer, fr\u00fcherer<\/span><span lang=\"de\"> Gesch\u00e4ftsf\u00fchrer der Robert Bosch Industrietreuhand KG, mit der Unterst\u00fctzung des damaligen Bundespr\u00e4sidenten<\/span><span lang=\"en-GB\"> Horst K\u00f6hler, ihre Vision in die Tat um und gr\u00fcnden AFRIKA KOMMT!. <\/span><\/p>\n<p>Zentraler Gedanke des Programms AFRIKA KOMMT! ist es, verschiedenen Perspektiven Raum zu geben, Blickwinkel zu ver\u00e4ndern und vielf\u00e4ltigere Sichtweisen zu erm\u00f6glichen: Wie z.B. k\u00f6nnen Deutsche die enorme Diversit\u00e4t des afrikanischen Kontinents besser verstehen? Wie nehmen Afrikaner*innen Deutschland war? Welche politischen Systeme und welche \u00f6konomischen Konzepte sind aus welcher Perspektive erfolgsversprechend in unserer globalisierten Welt?<\/p>\n<p>AFRIKA KOMMT! bringt die vision\u00e4rsten Nachwuchsf\u00fchrungskr\u00e4fte aus Afrika mit f\u00fchrenden deutschen Unternehmen zusammen. Die Unternehmen profitieren von der Expertise, dem Wissen, den lokalen Netzwerken und der einzigartigen afrikanischen Perspektive der Fellows. Die Fellows erhalten tiefen Einblick in die deutsche Unternehmenswelt und lernen viel \u00fcber Unternehmertum in Deutschland, die deutsche Gesellschaft und Kultur. Gest\u00e4rkt durch die internationale Erfahrung, vertiefte Fachkenntnisse und Deutschkenntnisse, werden die Fellows zu &#8218;Change Agents&#8216; im Interesse aller Seiten: als Mitgestalter*innen deutscher Wirtschaftsbeziehungen mit Afrika sowie des wirtschaftlichen und sozialen Wachstums in ihren Heimatl\u00e4ndern.<\/p>\n<\/div>\n          <\/div>\n      \n\n\n<figure class=\"wp-block-image is-resized size-large\"><img loading=\"lazy\" decoding=\"async\" width=\"1024\" height=\"681\" src=\"https:\/\/afrika-kommt.de\/wp-content\/uploads\/2020\/10\/55364-150-1024x681.jpg\" alt=\"\" class=\"wp-image-1578\" style=\"width:819px;height:544px\" srcset=\"https:\/\/afrika-kommt.de\/wp-content\/uploads\/2020\/10\/55364-150-1024x681.jpg 1024w, https:\/\/afrika-kommt.de\/wp-content\/uploads\/2020\/10\/55364-150-300x200.jpg 300w, https:\/\/afrika-kommt.de\/wp-content\/uploads\/2020\/10\/55364-150-768x511.jpg 768w, https:\/\/afrika-kommt.de\/wp-content\/uploads\/2020\/10\/55364-150-1536x1022.jpg 1536w, https:\/\/afrika-kommt.de\/wp-content\/uploads\/2020\/10\/55364-150-2048x1363.jpg 2048w\" sizes=\"auto, (max-width: 1024px) 100vw, 1024px\" \/><figcaption class=\"wp-element-caption\">Empfang im Schloss Bellevue mit Bundespr\u00e4sident Frank-Walter Steinmeier 2019<\/figcaption><\/figure>\n\n\n\n    <div id=\"textblock-block_ce6f7b403f8ef9dd0c0df3a8bdcc710f\" class=\"textblock_container\">\n      \n      <div class=\"textblock_content\"><p>Das Programm umfasst die Auswahl erstklassiger junger Fach- und F\u00fchrungskr\u00e4fte aus allen afrikanischen L\u00e4ndern &#8211; einschlie\u00dflich Nordafrika &#8211; und erm\u00f6glicht den ausgew\u00e4hlten Fellows eine einj\u00e4hrige berufliche aber auch pers\u00f6nliche Erfahrung in Deutschland. Zentraler Teil des Programms ist ein achtmonatiges praktisches Training im Partnerunternehmen, begleitet von Deutschunterricht, mehreren Managementtrainings und Studienreisen.<\/p>\n<p>Acht Jahrg\u00e4ngen umfasst AFRIKA KOMMT! Mittlerweile mit kontinuierlichem Wachstum: 417 Alumni entfalten Wirkung und machen ihr Wissen und ihre Erfahrungen in ihren Herkunftsl\u00e4ndern fruchtbar. Sie leiten deutsch-afrikanische Projekte, Unternehmen und Initiativen mit hoher transformativer Kraft. Zudem arbeiten mehr als die H\u00e4lfte der jungen Expert*innen weiter f\u00fcr ihr Partnerunternehmen in Deutschland oder auf dem afrikanischen Kontinent. Sie f\u00f6rdern Diversit\u00e4t und Innovation innerhalb der Unternehmen, entwickeln neue Produkte, er\u00f6ffnen neue Niederlassungen in Afrika, expandieren in bereits bestehenden M\u00e4rkten und st\u00e4rken so lokale, afrikanische und globale Netzwerke.<\/p>\n<p>Der Bundespr\u00e4sident Frank-Walter Steinmeier unterst\u00fctzt AFRIKA KOMMT! und w\u00fcrdigt die Initiative mit einem j\u00e4hrlichen Empfang der jungen Expert*innen. Das Programm wird au\u00dferdem durch das Ausw\u00e4rtige Amt und die deutschen Botschaften in Afrika unterst\u00fctzt. Die Deutsche Gesellschaft f\u00fcr Internationale Zusammenarbeit (GIZ) GmbH setzt das Programm im Auftrag der Partnerunternehmen um.<\/p>\n<\/div>\n      \n              <a class=\"textblock_link\" href=\"https:\/\/afrika-kommt.de\/our-network\/success-stories\/\" target=\"\" title=\"Mehr zu den Erfolgsgeschichten des Programms\">Mehr zu den Erfolgsgeschichten des Programms<\/a>\n          <\/div>\n      \n\n\n<figure class=\"wp-block-image size-large\"><img loading=\"lazy\" decoding=\"async\" width=\"1024\" height=\"683\" src=\"https:\/\/afrika-kommt.de\/wp-content\/uploads\/2020\/11\/5.-Jahrgang-Empfang-Bundesprasident_mit-Elke-Budenbender_Quelle-Foto-Kirsch-1-1024x683.jpg\" alt=\"\" class=\"wp-image-2930\" srcset=\"https:\/\/afrika-kommt.de\/wp-content\/uploads\/2020\/11\/5.-Jahrgang-Empfang-Bundesprasident_mit-Elke-Budenbender_Quelle-Foto-Kirsch-1-1024x683.jpg 1024w, https:\/\/afrika-kommt.de\/wp-content\/uploads\/2020\/11\/5.-Jahrgang-Empfang-Bundesprasident_mit-Elke-Budenbender_Quelle-Foto-Kirsch-1-300x200.jpg 300w, https:\/\/afrika-kommt.de\/wp-content\/uploads\/2020\/11\/5.-Jahrgang-Empfang-Bundesprasident_mit-Elke-Budenbender_Quelle-Foto-Kirsch-1-768x512.jpg 768w, https:\/\/afrika-kommt.de\/wp-content\/uploads\/2020\/11\/5.-Jahrgang-Empfang-Bundesprasident_mit-Elke-Budenbender_Quelle-Foto-Kirsch-1-1536x1024.jpg 1536w, https:\/\/afrika-kommt.de\/wp-content\/uploads\/2020\/11\/5.-Jahrgang-Empfang-Bundesprasident_mit-Elke-Budenbender_Quelle-Foto-Kirsch-1-2048x1366.jpg 2048w, https:\/\/afrika-kommt.de\/wp-content\/uploads\/2020\/11\/5.-Jahrgang-Empfang-Bundesprasident_mit-Elke-Budenbender_Quelle-Foto-Kirsch-1-930x620.jpg 930w\" sizes=\"auto, (max-width: 1024px) 100vw, 1024px\" \/><figcaption class=\"wp-element-caption\">AFRIKA KOMMT! f\u00f6rdert Frauen in F\u00fchrungspositionen &#8211; inzwischen nehmen mehr Frauen als M\u00e4nner am Programm teil<\/figcaption><\/figure>\n\n\n\n    <div id=\"puretextblock-block_bd803c151d91bf53c520e00bd9f70c32\" class=\"puretextblock_container\">\n      <div class=\"puretextblock_content\"><h2>Was beinhaltet das Programm?<\/h2>\n<p>Im Mittelpunkt des Programms AFRIKA KOMMT! steht der einj\u00e4hrige Aufenthalt der afrikanischen Nachwuchsf\u00fchrungskr\u00e4fte in Deutschland. W\u00e4hrend dieser Zeit arbeiten die Fellows aktiv in ihren Partnerunternehmen mit, begleitet durch erfahrene Mentor*innen. Weitere Elemente des Programms werden durch die GIZ organisiert, darunter z.B. Deutschkurs, Trainings und Netzwerkveranstaltungen, die insbesondere f\u00fcr die St\u00e4rkung der Alumni-Arbeit sp\u00e4ter eine gro\u00dfe Rolle spielen.<\/p>\n<ul>\n<li><strong>Professioneller und ma\u00dfgeschneiderter Auswahlprozess<\/strong>: Die Kandidat*innen des Programms durchlaufen einen mehrstufigen und anspruchsvollen Auswahlprozess. Vorauswahl und das finale Assessment werden in enger Kooperation mit den Partnerunternehmen durchgef\u00fchrt.<\/li>\n<li><strong>Sprachliche und kulturelle Integration der Fellows:<\/strong> Das Programm beginnt mit einem Deutschsprachkurs und einer Einf\u00fchrung in die kulturellen Besonderheiten des Landes, um die Fellows auf ihren Aufenthalt in Deutschland vorzubereiten.<\/li>\n<li><strong>Management Training f\u00fcr Fellows<\/strong>: In den drei Modulen des Management Trainings erweitern die Kandidat*innen ihr Wissen zur zeitgem\u00e4\u00dfen Praxis von F\u00fchrung und Management im internationalen Kontext<\/li>\n<li><strong>Praktische Phase im Partnerunternehmen<\/strong>: Die Expert*innen verbringen acht Monate in ihrem Partnerunternehmen und sind dort in den Arbeitsalltag und fachrelevante Projekte eingebunden.<\/li>\n<li><strong>AFRIKA KOMMT! Netzwerk<\/strong>: Die Partnerunternehmen und die afrikanischen Fach- und F\u00fchrungskr\u00e4fte nutzen Netzwerkveranstaltungen, um Fachwissen zu vertiefen, Erfahrungen zu teilen und gemeinsame Projekte zu entwerfen und voranzutreiben.<\/li>\n<li><strong>Alumniphase<\/strong>: Nach dem einj\u00e4hrigen Aufenthalt in Deutschland werden die Fellows zu Change Agents und Multiplikator*innen ihres neugewonnenen Wissens, ihrer Erkenntnisse und ihrer F\u00e4higkeiten in ihren Herkunftsl\u00e4ndern. Ein einw\u00f6chiger Refresherkurs in Deutschland oder Afrika baut die F\u00e4higkeiten der Alumni weiter aus und st\u00e4rkt das AFRIKA KOMMT! Netzwerk.<\/li>\n<\/ul>\n<\/div>\n    <\/div>\n\n\n\n<figure class=\"wp-block-embed is-type-video is-provider-youtube wp-block-embed-youtube alignwide wp-embed-aspect-16-9 wp-has-aspect-ratio\"><div class=\"wp-block-embed__wrapper\">\n <div class=\"brlbs-cmpnt-container brlbs-cmpnt-content-blocker brlbs-cmpnt-with-individual-styles\" data-borlabs-cookie-content-blocker-id=\"youtube-content-blocker\" data-borlabs-cookie-content=\"PGRpdiBjbGFzcz0ibnYtaWZyYW1lLWVtYmVkIj48aWZyYW1lIHRpdGxlPSJBRlJJS0EgS09NTVQhIOKAkyBBbiBJbml0aWF0aXZlIG9mIEdlcm1hbiBJbmR1c3RyeSBmb3IgRnV0dXJlIExlYWRlcnMgZnJvbSBTdWItU2FoYXJhbiBBZnJpY2EgfCBHSVoiIHdpZHRoPSIxMjAwIiBoZWlnaHQ9IjY3NSIgc3JjPSJodHRwczovL3d3dy55b3V0dWJlLW5vY29va2llLmNvbS9lbWJlZC9hWDQyZEc0RmwzYz9mZWF0dXJlPW9lbWJlZCIgZnJhbWVib3JkZXI9IjAiIGFsbG93PSJhY2NlbGVyb21ldGVyOyBhdXRvcGxheTsgY2xpcGJvYXJkLXdyaXRlOyBlbmNyeXB0ZWQtbWVkaWE7IGd5cm9zY29wZTsgcGljdHVyZS1pbi1waWN0dXJlIiBhbGxvd2Z1bGxzY3JlZW4+PC9pZnJhbWU+PC9kaXY+\"><div class=\"brlbs-cmpnt-cb-preset-c brlbs-cmpnt-cb-youtube\"> <div class=\"brlbs-cmpnt-cb-thumbnail\" style=\"background-image: url('https:\/\/afrika-kommt.de\/wp-content\/uploads\/borlabs-cookie\/1\/yt_aX42dG4Fl3c_hqdefault.jpg')\"><\/div> <div class=\"brlbs-cmpnt-cb-main\"> <div class=\"brlbs-cmpnt-cb-play-button\"><\/div> <div class=\"brlbs-cmpnt-cb-content\"> <p class=\"brlbs-cmpnt-cb-description\">Sie sehen gerade einen Platzhalterinhalt von <strong>YouTube<\/strong>. Um auf den eigentlichen Inhalt zuzugreifen, klicken Sie auf die Schaltfl\u00e4che unten. Bitte beachten Sie, dass dabei Daten an Drittanbieter weitergegeben werden.<\/p> <a class=\"brlbs-cmpnt-cb-provider-toggle\" href=\"#\" data-borlabs-cookie-show-provider-information role=\"button\">Mehr Informationen<\/a> <\/div> <div class=\"brlbs-cmpnt-cb-buttons\"> <a class=\"brlbs-cmpnt-cb-btn\" href=\"#\" data-borlabs-cookie-unblock role=\"button\">Inhalt entsperren<\/a> <a class=\"brlbs-cmpnt-cb-btn\" href=\"#\" data-borlabs-cookie-accept-service role=\"button\" style=\"display: inherit\">Erforderlichen Service akzeptieren und Inhalte entsperren<\/a> <\/div> <\/div> <\/div><\/div>\n<\/div><figcaption class=\"wp-element-caption\">AFRIKA KOMMT! steht nun dem ganzen afrikanischen Kontinent offen<\/figcaption><\/figure>\n\n\n\n    <div id=\"trenner-block_5fae818410dc5\" class=\"trenner_container\">\n              <div class=\"short_red_line\"><\/div>\n        <h2 class=\"trenner_heading\">Ein ganzheitliches Programm in drei Phasen<\/h2>\n              <div class=\"phases\">\n                  <div class=\"phase\">\n            <div class=\"trenner grey\"><h3>Auswahl und Vorbereitung\u00a0<\/h3><\/div>\n            <div class=\"trenner_content\"><ul type=\"disc\">\n<li>Festlegung der Wunschprofile durch die Unternehmen<\/li>\n<li>Bewerbungsphase<\/li>\n<li>Auswahl der Kandidat*innen\u00a0f\u00fcr das Assessment Center<\/li>\n<li>Assessment Center und finale Auswahl der Fellows<\/li>\n<li>Vorbereitender Deutschsprachkurs\u00a0f\u00fcr ausgew\u00e4hlte Fellows\u00a0im Herkunftsland<\/li>\n<\/ul>\n<\/div>\n          <\/div>\n                  <div class=\"phase\">\n            <div class=\"trenner red\"><h3>Einj\u00e4hriger Aufenthalt in Deutschland\u00a0<\/h3><\/div>\n            <div class=\"trenner_content\"><ul type=\"disc\">\n<li>Intensivsprachkurs Deutsch<\/li>\n<li>Drei Managementtrainings\u00a0(Fokus: Interkulturelle Kompetenzen, Leadership, Projekt- und Change Management)<\/li>\n<li>Achtmonatiger Aufenthalt als Fellow im Partnerunternehmen<\/li>\n<li>Einw\u00f6chige Studienreise<\/li>\n<li>Gemeinsame Wochenendseminare<\/li>\n<li>Netzwerkveranstaltungen<\/li>\n<li>Offizielle Verabschiedung durch das Ausw\u00e4rtige Amt<\/li>\n<\/ul>\n<\/div>\n          <\/div>\n                  <div class=\"phase\">\n            <div class=\"trenner orange\"><h3>Alumniphase\u00a0<\/h3><\/div>\n            <div class=\"trenner_content\"><ul style=\"margin-left: .375in; direction: ltr; unicode-bidi: embed; margin-top: 0in; margin-bottom: 0in;\" type=\"disc\">\n<li>Einw\u00f6chiger Refresherkurs<\/li>\n<li><span lang=\"de\">Teilnahme an AFRIKA KOMMT! Veranstaltungen\u00a0<\/span><span lang=\"en-GB\">\u00a0<\/span><\/li>\n<li>Alumni-Projekte<\/li>\n<li style=\"margin-top: 0; margin-bottom: 0; vertical-align: middle;\">Kontinuierliches Netzwerken<\/li>\n<\/ul>\n<\/div>\n          <\/div>\n              <\/div>\n          <\/div>\n","protected":false},"excerpt":{"rendered":"","protected":false},"author":1,"featured_media":0,"parent":340,"menu_order":1,"comment_status":"closed","ping_status":"closed","template":"","meta":{"_acf_changed":false,"neve_meta_sidebar":"","neve_meta_container":"","neve_meta_enable_content_width":"off","neve_meta_content_width":100,"neve_meta_title_alignment":"","neve_meta_author_avatar":"","neve_post_elements_order":"","neve_meta_disable_header":"","neve_meta_disable_footer":"","neve_meta_disable_title":"","neve_meta_reading_time":"","footnotes":""},"class_list":["post-3182","page","type-page","status-publish","hentry"],"acf":[],"_links":{"self":[{"href":"https:\/\/afrika-kommt.de\/de\/wp-json\/wp\/v2\/pages\/3182","targetHints":{"allow":["GET"]}}],"collection":[{"href":"https:\/\/afrika-kommt.de\/de\/wp-json\/wp\/v2\/pages"}],"about":[{"href":"https:\/\/afrika-kommt.de\/de\/wp-json\/wp\/v2\/types\/page"}],"author":[{"embeddable":true,"href":"https:\/\/afrika-kommt.de\/de\/wp-json\/wp\/v2\/users\/1"}],"replies":[{"embeddable":true,"href":"https:\/\/afrika-kommt.de\/de\/wp-json\/wp\/v2\/comments?post=3182"}],"version-history":[{"count":12,"href":"https:\/\/afrika-kommt.de\/de\/wp-json\/wp\/v2\/pages\/3182\/revisions"}],"predecessor-version":[{"id":8869,"href":"https:\/\/afrika-kommt.de\/de\/wp-json\/wp\/v2\/pages\/3182\/revisions\/8869"}],"up":[{"embeddable":true,"href":"https:\/\/afrika-kommt.de\/de\/wp-json\/wp\/v2\/pages\/340"}],"wp:attachment":[{"href":"https:\/\/afrika-kommt.de\/de\/wp-json\/wp\/v2\/media?parent=3182"}],"curies":[{"name":"wp","href":"https:\/\/api.w.org\/{rel}","templated":true}]}}