{"id":3179,"date":"2020-11-13T13:40:04","date_gmt":"2020-11-13T12:40:04","guid":{"rendered":"http:\/\/wp13590066.server-he.de\/about-the-programme\/unsere-vision\/"},"modified":"2020-12-09T09:25:49","modified_gmt":"2020-12-09T08:25:49","slug":"unsere-vision","status":"publish","type":"page","link":"https:\/\/afrika-kommt.de\/de\/about-the-programme\/unsere-vision\/","title":{"rendered":"Unsere Vision"},"content":{"rendered":"\n    <div id=\"puretextblock-block_5f97ecd262cea\" class=\"puretextblock_container\">\n      <div class=\"puretextblock_content\"><p><strong>AFRIKA KOMMT! baut Br\u00fccken: Die deutsche Wirtschaft und junge F\u00fchrungskr\u00e4fte aus Afrika setzen auf nachhaltige Partnerschaften.<\/strong><\/p>\n<p><strong>Unsere Kernbotschaften:<\/strong><\/p>\n<ul>\n<li>Wir &#8211; die deutsche Wirtschaft und junge afrikanische F\u00fchrungskr\u00e4fte &#8211; gehen gemeinsam neue Wege im afrikanisch-europ\u00e4ischen Gesch\u00e4ftsumfeld.<\/li>\n<li>Wir sch\u00f6pfen aus dem Potenzial, das durch die Vernetzung junger afrikanischer Talente mit der deutschen Wirtschaft entsteht.<\/li>\n<li>Diversit\u00e4t ist der Schl\u00fcssel zum Erfolg unseres Handelns.<\/li>\n<li>Wir schaffen den Raum, grundlegende Werte wie Demokratie, Freiheit und Gleichheit zu teilen.<\/li>\n<li>Wir f\u00f6rdern einen zukunftsgerichteten F\u00fchrungsstil, der auf Wertsch\u00e4tzung basiert.<\/li>\n<li>Wir machen Mut zum Wandel in Afrika und in der deutschen Wirtschaft und tragen so zu den <a href=\"https:\/\/www.un.org\/sustainabledevelopment\/sustainable-development-goals\/\" rel=\"noopener\">Sustainable Development Goals<\/a> der Vereinten Nationen bei.<\/li>\n<\/ul>\n<\/div>\n    <\/div>\n","protected":false},"excerpt":{"rendered":"","protected":false},"author":1,"featured_media":0,"parent":340,"menu_order":0,"comment_status":"closed","ping_status":"closed","template":"","meta":{"_acf_changed":false,"neve_meta_sidebar":"full-width","neve_meta_container":"","neve_meta_enable_content_width":"on","neve_meta_content_width":100,"neve_meta_title_alignment":"","neve_meta_author_avatar":"","neve_post_elements_order":"","neve_meta_disable_header":"","neve_meta_disable_footer":"","neve_meta_disable_title":"","neve_meta_reading_time":"","footnotes":""},"class_list":["post-3179","page","type-page","status-publish","hentry"],"acf":[],"_links":{"self":[{"href":"https:\/\/afrika-kommt.de\/de\/wp-json\/wp\/v2\/pages\/3179","targetHints":{"allow":["GET"]}}],"collection":[{"href":"https:\/\/afrika-kommt.de\/de\/wp-json\/wp\/v2\/pages"}],"about":[{"href":"https:\/\/afrika-kommt.de\/de\/wp-json\/wp\/v2\/types\/page"}],"author":[{"embeddable":true,"href":"https:\/\/afrika-kommt.de\/de\/wp-json\/wp\/v2\/users\/1"}],"replies":[{"embeddable":true,"href":"https:\/\/afrika-kommt.de\/de\/wp-json\/wp\/v2\/comments?post=3179"}],"version-history":[{"count":9,"href":"https:\/\/afrika-kommt.de\/de\/wp-json\/wp\/v2\/pages\/3179\/revisions"}],"predecessor-version":[{"id":4013,"href":"https:\/\/afrika-kommt.de\/de\/wp-json\/wp\/v2\/pages\/3179\/revisions\/4013"}],"up":[{"embeddable":true,"href":"https:\/\/afrika-kommt.de\/de\/wp-json\/wp\/v2\/pages\/340"}],"wp:attachment":[{"href":"https:\/\/afrika-kommt.de\/de\/wp-json\/wp\/v2\/media?parent=3179"}],"curies":[{"name":"wp","href":"https:\/\/api.w.org\/{rel}","templated":true}]}}