{"id":1031,"date":"2020-07-13T23:00:32","date_gmt":"2020-07-13T21:00:32","guid":{"rendered":"http:\/\/wp13590066.server-he.de\/our-network\/news-events\/"},"modified":"2020-11-14T18:14:01","modified_gmt":"2020-11-14T17:14:01","slug":"news-events","status":"publish","type":"page","link":"https:\/\/afrika-kommt.de\/de\/our-network\/news-events\/","title":{"rendered":"Neuigkeiten und Events"},"content":{"rendered":"  \t<div class=\"tile_listing_container news_events\">\n                <div class=\"tile_listing_headline\">\n          <h1>News &#038; Events<\/h1>\n        <\/div>\n                        <div class=\"tile_listing_infotext\">\n          <div><p>AFRIKA KOMMT! ist ein aktives Netzwerk deutscher Unternehmen und Nachwuchsf\u00fchrungskr\u00e4ften aus Afrika. Hier erhalten Sie regelm\u00e4\u00dfig Neuigkeiten zu unseren Aktivit\u00e4ten und anstehenden Veranstaltungen (in Englisch).<\/p>\n<\/div>\n        <\/div>\n        \n\n        <form data-sf-form-id='1020' data-is-rtl='0' data-maintain-state='' data-results-url='https:\/\/afrika-kommt.de\/de\/our-network\/news-events\/' data-ajax-url='https:\/\/afrika-kommt.de\/de\/?sfid=1020&amp;sf_action=get_data&amp;sf_data=all' data-ajax-form-url='https:\/\/afrika-kommt.de\/de\/?sfid=1020&amp;sf_action=get_data&amp;sf_data=form' data-display-result-method='shortcode' data-use-history-api='1' data-template-loaded='0' data-lang-code='de' data-ajax='1' data-ajax-data-type='json' data-ajax-links-selector='.pagination a' data-ajax-target='#search-filter-results-1020' data-ajax-pagination-type='normal' data-update-ajax-url='1' data-only-results-ajax='1' data-scroll-to-pos='0' data-init-paged='1' data-auto-update='1' data-auto-count='1' data-auto-count-refresh-mode='1' action='https:\/\/afrika-kommt.de\/de\/our-network\/news-events\/' method='post' class='searchandfilter' id='search-filter-form-1020' autocomplete='off' data-instance-count='1'><ul><li class=\"sf-field-post-meta-event\" data-sf-field-name=\"_sfm_event\" data-sf-field-type=\"post_meta\" data-sf-field-input-type=\"select\" data-sf-meta-type=\"choice\">\t\t<label>\n\t\t\t\t   \t\t<select name=\"_sfm_event[]\" class=\"sf-input-select\" title=\"\">\n\t\t\t\t\t\t  \t\t\t<option class=\"sf-level-0 sf-item-0 sf-option-active\" selected=\"selected\" data-sf-depth=\"0\" value=\"\">News &#038; Events<\/option>\n\t\t\t\t\t\t\t\t\t\t\t<option class=\"sf-level-0 \" data-sf-count=\"4\" data-sf-depth=\"0\" value=\"news\">News<\/option>\n\t\t\t\t\t\t\t\t\t\t\t<\/select><\/label>\t\t\t\t\t\t\t\t\t\t<\/li><li class=\"sf-field-post-meta-years\" data-sf-field-name=\"_sfm_years\" data-sf-field-type=\"post_meta\" data-sf-field-input-type=\"select\" data-sf-meta-type=\"choice\">\t\t<label>\n\t\t\t\t   \t\t<select name=\"_sfm_years[]\" class=\"sf-input-select\" title=\"\">\n\t\t\t\t\t\t  \t\t\t<option class=\"sf-level-0 sf-item-0 sf-option-active\" selected=\"selected\" data-sf-depth=\"0\" value=\"\">Year<\/option>\n\t\t\t\t\t\t\t\t\t\t\t<option class=\"sf-level-0 \" data-sf-count=\"4\" data-sf-depth=\"0\" value=\"2020 - 2022 (AK9)\">2020 &#8211; 2022 (AK9)<\/option>\n\t\t\t\t\t\t\t\t\t\t\t<\/select><\/label>\t\t\t\t\t\t\t\t\t\t<\/li><\/ul><\/form>\n<div class=\"search-filter-results\" id=\"search-filter-results-1020\">\t\t<div class=\"results_headline_filter\">\n\t\t\t\t\t\t<!-- The filter results -->\n\t\t\t<div class=\"filter_results\">Filter <b>6<\/b> entries<br \/><\/div>\n\t\t<\/div>\n\t\t\t\t<div id=\"tile_listing_part\" class=\"tile_listing-post\">\n\n\t\t\t\t\t<div class=\"tile_listing_item tile_linked\">\n\t\t\t\t<a href=\"https:\/\/afrika-kommt.de\/de\/afrika-kommt-ein-rueck-und-ueberblick\/\" target=\"\">\n\t\t\t\t\t\t<div id=\"\" class=\"tile_listing\" style=\"background-image: url('https:\/\/afrika-kommt.de\/wp-content\/uploads\/2022\/01\/Bild1-1-272x300.png'); background-position: center; background-repeat: no-repeat; background-size: cover; background-origin: content-box;\"><\/div>\n\t\t\t<div class=\"tile_listing_info\">\n\t\t\t\t<h3>AFRIKA KOMMT! \u2013 Ein R\u00fcck- und \u00dcberblick<\/h3>\n\t\t\t\t<div class=\"tile_listing_except\">\t\t\t\t<\/div>\n\t\t\t\t\t\t\t\t<a class=\"tile_listing_link\" href=\"https:\/\/afrika-kommt.de\/de\/afrika-kommt-ein-rueck-und-ueberblick\/\" target=\"\" title=\"Read more\">Read more<\/a>\n\t\t\t\t\t\t<\/div>\n\t\t\t\t\t\t<\/a>\n\t\t\t\t<\/div>\n\t\t\t\t\t<div class=\"tile_listing_item tile_linked\">\n\t\t\t\t<a href=\"https:\/\/afrika-kommt.de\/de\/wie-koennen-deutsche-unternehmen-vielfaeltiger-werden\/\" target=\"\">\n\t\t\t\t\t\t<div id=\"\" class=\"tile_listing\" style=\"background-image: url('https:\/\/afrika-kommt.de\/wp-content\/uploads\/2021\/02\/Leaders-Talk-300x300.jpg'); background-position: center; background-repeat: no-repeat; background-size: cover; background-origin: content-box;\"><\/div>\n\t\t\t<div class=\"tile_listing_info\">\n\t\t\t\t<h3>Wie k\u00f6nnen deutsche Unternehmen vielf\u00e4ltiger werden?<\/h3>\n\t\t\t\t<div class=\"tile_listing_except\">Leaders Talk mit Ilka Wiskemann\t\t\t\t<\/div>\n\t\t\t\t\t\t\t\t<a class=\"tile_listing_link\" href=\"https:\/\/afrika-kommt.de\/de\/wie-koennen-deutsche-unternehmen-vielfaeltiger-werden\/\" target=\"\" title=\"Read more\">Read more<\/a>\n\t\t\t\t\t\t<\/div>\n\t\t\t\t\t\t<\/a>\n\t\t\t\t<\/div>\n\t\t\t\t\t<div class=\"tile_listing_item tile_linked\">\n\t\t\t\t<a href=\"https:\/\/afrika-kommt.de\/de\/welcome-to-the-unique-9th-intake-of-afrika-kommt\/\" target=\"\">\n\t\t\t\t\t\t<div id=\"\" class=\"tile_listing\" style=\"background-image: url('https:\/\/afrika-kommt.de\/wp-content\/uploads\/2021\/02\/AK9_1-300x165.png'); background-position: center; background-repeat: no-repeat; background-size: cover; background-origin: content-box;\"><\/div>\n\t\t\t<div class=\"tile_listing_info\">\n\t\t\t\t<h3>Welcome to the unique 9th intake of AFRIKA KOMMT!<\/h3>\n\t\t\t\t<div class=\"tile_listing_except\">39\u00a0fellows,\u00a013\u00a0countries,\u00a03 continents\u00a0and\u00a0at least 5 different time zones\u00a0&#8211; this is AFRIKA KOMMT!\u00a09.\u00a0\t\t\t\t<\/div>\n\t\t\t\t\t\t\t\t<a class=\"tile_listing_link\" href=\"https:\/\/afrika-kommt.de\/de\/welcome-to-the-unique-9th-intake-of-afrika-kommt\/\" target=\"\" title=\"Read more\">Read more<\/a>\n\t\t\t\t\t\t<\/div>\n\t\t\t\t\t\t<\/a>\n\t\t\t\t<\/div>\n\t\t\t\t\t<div class=\"tile_listing_item tile_linked\">\n\t\t\t\t<a href=\"https:\/\/afrika-kommt.de\/de\/african-inspiration-fuer-junge-afrikanische-berufstaetige-als-e-book\/\" target=\"\">\n\t\t\t\t\t\t<div id=\"\" class=\"tile_listing\" style=\"background-image: url('https:\/\/afrika-kommt.de\/wp-content\/uploads\/2020\/12\/AfriCan_Ausschnitt-300x225.jpg'); background-position: center; background-repeat: no-repeat; background-size: cover; background-origin: content-box;\"><\/div>\n\t\t\t<div class=\"tile_listing_info\">\n\t\t\t\t<h3>African &#8211;  Inspiration f\u00fcr junge afrikanische Berufst\u00e4tige als E-Book<\/h3>\n\t\t\t\t<div class=\"tile_listing_except\">\t\t\t\t<\/div>\n\t\t\t\t\t\t\t\t<a class=\"tile_listing_link\" href=\"https:\/\/afrika-kommt.de\/de\/african-inspiration-fuer-junge-afrikanische-berufstaetige-als-e-book\/\" target=\"\" title=\"Read more\">Read more<\/a>\n\t\t\t\t\t\t<\/div>\n\t\t\t\t\t\t<\/a>\n\t\t\t\t<\/div>\n\t\t\t\t\t<div class=\"tile_listing_item tile_linked\">\n\t\t\t\t<a href=\"https:\/\/afrika-kommt.de\/de\/first-fully-virtual-afrika-kommt-assessment-centre-on-ms-teams\/\" target=\"\">\n\t\t\t\t\t\t<div id=\"\" class=\"tile_listing\" style=\"background-image: url('https:\/\/afrika-kommt.de\/wp-content\/uploads\/2020\/10\/2020-09-AC_Intro_Meeting_Website-300x169.jpg'); background-position: center; background-repeat: no-repeat; background-size: cover; background-origin: content-box;\"><\/div>\n\t\t\t<div class=\"tile_listing_info\">\n\t\t\t\t<h3>First Fully Virtual AFRIKA KOMMT! Assessment Centre on MS Teams<\/h3>\n\t\t\t\t<div class=\"tile_listing_except\">The selection for the 9th intake was successfully completed\t\t\t\t<\/div>\n\t\t\t\t\t\t\t\t<a class=\"tile_listing_link\" href=\"https:\/\/afrika-kommt.de\/de\/first-fully-virtual-afrika-kommt-assessment-centre-on-ms-teams\/\" target=\"\" title=\"Read more\">Read more<\/a>\n\t\t\t\t\t\t<\/div>\n\t\t\t\t\t\t<\/a>\n\t\t\t\t<\/div>\n\t\t\t\t\t<div class=\"tile_listing_item tile_linked\">\n\t\t\t\t<a href=\"https:\/\/afrika-kommt.de\/de\/afrika-kommt-active-in-responding-to-covid-19-in-africa\/\" target=\"\">\n\t\t\t\t\t\t<div id=\"\" class=\"tile_listing\" style=\"background-image: url('https:\/\/afrika-kommt.de\/wp-content\/uploads\/2020\/11\/Covid-19-response-300x200.jpg'); background-position: center; background-repeat: no-repeat; background-size: cover; background-origin: content-box;\"><\/div>\n\t\t\t<div class=\"tile_listing_info\">\n\t\t\t\t<h3>AFRIKA KOMMT! active in responding to COVID-19 in Africa<\/h3>\n\t\t\t\t<div class=\"tile_listing_except\">Fellows and alumni develop and implement projects as response\t\t\t\t<\/div>\n\t\t\t\t\t\t\t\t<a class=\"tile_listing_link\" href=\"https:\/\/afrika-kommt.de\/de\/afrika-kommt-active-in-responding-to-covid-19-in-africa\/\" target=\"\" title=\"Read more\">Read more<\/a>\n\t\t\t\t\t\t<\/div>\n\t\t\t\t\t\t<\/a>\n\t\t\t\t<\/div>\n\t\t<\/div>\n\t<div class=\"pagination\">\n\t\t<!-- <div class=\"nav-previous\"><\/div>\n\t\t<div class=\"nav-next\"><\/div> -->\n\t\t\t<\/div>\n\t<script>\njQuery(document).ready(function() {\n   jQuery(document).on('click', '.wp-pagenavi a', () => {\n\t   window.getElementById('tile_listing_part').scrollTop += 300;\n})\n});\n<\/script>\n<\/div>\n      <!-- <\/div> -->\n\n  \t<\/div>\n","protected":false},"excerpt":{"rendered":"","protected":false},"author":1,"featured_media":0,"parent":343,"menu_order":2,"comment_status":"closed","ping_status":"closed","template":"","meta":{"_acf_changed":false,"neve_meta_sidebar":"","neve_meta_container":"","neve_meta_enable_content_width":"off","neve_meta_content_width":100,"neve_meta_title_alignment":"","neve_meta_author_avatar":"","neve_post_elements_order":"","neve_meta_disable_header":"","neve_meta_disable_footer":"","neve_meta_disable_title":"","neve_meta_reading_time":"","footnotes":""},"class_list":["post-1031","page","type-page","status-publish","hentry"],"acf":[],"_links":{"self":[{"href":"https:\/\/afrika-kommt.de\/de\/wp-json\/wp\/v2\/pages\/1031","targetHints":{"allow":["GET"]}}],"collection":[{"href":"https:\/\/afrika-kommt.de\/de\/wp-json\/wp\/v2\/pages"}],"about":[{"href":"https:\/\/afrika-kommt.de\/de\/wp-json\/wp\/v2\/types\/page"}],"author":[{"embeddable":true,"href":"https:\/\/afrika-kommt.de\/de\/wp-json\/wp\/v2\/users\/1"}],"replies":[{"embeddable":true,"href":"https:\/\/afrika-kommt.de\/de\/wp-json\/wp\/v2\/comments?post=1031"}],"version-history":[{"count":8,"href":"https:\/\/afrika-kommt.de\/de\/wp-json\/wp\/v2\/pages\/1031\/revisions"}],"predecessor-version":[{"id":3575,"href":"https:\/\/afrika-kommt.de\/de\/wp-json\/wp\/v2\/pages\/1031\/revisions\/3575"}],"up":[{"embeddable":true,"href":"https:\/\/afrika-kommt.de\/de\/wp-json\/wp\/v2\/pages\/343"}],"wp:attachment":[{"href":"https:\/\/afrika-kommt.de\/de\/wp-json\/wp\/v2\/media?parent=1031"}],"curies":[{"name":"wp","href":"https:\/\/api.w.org\/{rel}","templated":true}]}}