{"id":1022,"date":"2020-07-13T23:16:23","date_gmt":"2020-07-13T21:16:23","guid":{"rendered":"http:\/\/wp13590066.server-he.de\/about-the-programme\/current-partner-companies-2\/"},"modified":"2020-11-19T09:56:11","modified_gmt":"2020-11-19T08:56:11","slug":"aktuelle-partner-unternehmen","status":"publish","type":"page","link":"https:\/\/afrika-kommt.de\/de\/about-the-programme\/aktuelle-partner-unternehmen\/","title":{"rendered":"Aktuelle Partnerunternehmen"},"content":{"rendered":"  \t<div class=\"tile_listing_container partner_active\">\n                <div class=\"tile_listing_headline\">\n          <h1>Unsere aktuellen Partnerunternehmen<\/h1>\n        <\/div>\n                        <div class=\"tile_listing_infotext\">\n          <div><p>AFRIKA KOMMT! ist eine Initiative deutscher Unternehmen, die gemeinsam in die Zukunft und das Potenzial Afrikas investiert. Folgende Unternehmen nehmen aktuell am Programm teil:<\/p>\n<\/div>\n        <\/div>\n        \n\n        \n<div class=\"search-filter-results\" id=\"search-filter-results-1010\">\t\t<div id=\"tile_listing_part\" class=\"tile_listing-partner\">\n\n\t\t\t\t\t<div class=\"tile_listing_item tile_linked\">\n\t\t\t\t<a href=\"https:\/\/afrika-kommt.de\/de\/partner\/b-braun-melsungen-ag\/\" target=\"\">\n\t\t\t\t\t\t<div id=\"\" class=\"tile_listing\" style=\"background-image: url('https:\/\/afrika-kommt.de\/wp-content\/uploads\/2020\/09\/B.Braun_-300x84.png'); background-position: center; background-repeat: no-repeat; background-size: cover; background-origin: content-box;\"><\/div>\n\t\t\t<div class=\"tile_listing_info\">\n\t\t\t\t<h3>B. Braun SE<\/h3>\n\t\t\t\t<div class=\"tile_listing_except\">Wir sch\u00fctzen und verbessern die Gesundheit von Menschen weltweit und entwickeln im engen Dialog mit Partnern und Kunden L\u00f6sungen f\u00fcr Patienten.\t\t\t\t<\/div>\n\t\t\t\t\t\t\t\t<a class=\"tile_listing_link\" href=\"https:\/\/afrika-kommt.de\/de\/partner\/b-braun-melsungen-ag\/\" target=\"\" title=\"Read more\">Read more<\/a>\n\t\t\t\t\t\t<\/div>\n\t\t\t\t\t\t<\/a>\n\t\t\t\t<\/div>\n\t\t\t\t\t<div class=\"tile_listing_item tile_linked\">\n\t\t\t\t<a href=\"https:\/\/afrika-kommt.de\/de\/partner\/biontech-se\/\" target=\"\">\n\t\t\t\t\t\t<div id=\"\" class=\"tile_listing\" style=\"background-image: url('https:\/\/afrika-kommt.de\/wp-content\/uploads\/2022\/02\/BioNTech-300x113.png'); background-position: center; background-repeat: no-repeat; background-size: cover; background-origin: content-box;\"><\/div>\n\t\t\t<div class=\"tile_listing_info\">\n\t\t\t\t<h3>BioNTech SE<\/h3>\n\t\t\t\t<div class=\"tile_listing_except\">BioNTech ist ein Unternehmen f\u00fcr Immuntherapien der n\u00e4chsten Generation und leistet Pionierarbeit bei der Entwicklung neuer Therapien f\u00fcr Krebs, Infektionskrankheiten und andere schwere Krankheiten. Unser Impfstoff COVID- 19 ist ein wichtiger Meilenstein. Ziel des Unternehmens und seines zentralen Gesch\u00e4ftsmodells ist es, diese neuartigen Therapien Patienten weltweit zur Verf\u00fcgung zu stellen und so dazu beizutragen, deren Leben zu verbessern.\t\t\t\t<\/div>\n\t\t\t\t\t\t\t\t<a class=\"tile_listing_link\" href=\"https:\/\/afrika-kommt.de\/de\/partner\/biontech-se\/\" target=\"\" title=\"Read more\">Read more<\/a>\n\t\t\t\t\t\t<\/div>\n\t\t\t\t\t\t<\/a>\n\t\t\t\t<\/div>\n\t\t\t\t\t<div class=\"tile_listing_item tile_linked\">\n\t\t\t\t<a href=\"https:\/\/afrika-kommt.de\/de\/partner\/boehringer-ingelheim-gmbh\/\" target=\"\">\n\t\t\t\t\t\t<div id=\"\" class=\"tile_listing\" style=\"background-image: url('https:\/\/afrika-kommt.de\/wp-content\/uploads\/2020\/06\/Boehringer_Logo_RGB_Accent-Green-300x91.jpg'); background-position: center; background-repeat: no-repeat; background-size: cover; background-origin: content-box;\"><\/div>\n\t\t\t<div class=\"tile_listing_info\">\n\t\t\t\t<h3>Boehringer Ingelheim GmbH<\/h3>\n\t\t\t\t<div class=\"tile_listing_except\">Werte schaffen durch Innovation: Bei Boehringer Ingelheim wollen wir die Gesundheit von Mensch und Tier verbessern \u2013 das treibt uns an.\t\t\t\t<\/div>\n\t\t\t\t\t\t\t\t<a class=\"tile_listing_link\" href=\"https:\/\/afrika-kommt.de\/de\/partner\/boehringer-ingelheim-gmbh\/\" target=\"\" title=\"Read more\">Read more<\/a>\n\t\t\t\t\t\t<\/div>\n\t\t\t\t\t\t<\/a>\n\t\t\t\t<\/div>\n\t\t\t\t\t<div class=\"tile_listing_item tile_linked\">\n\t\t\t\t<a href=\"https:\/\/afrika-kommt.de\/de\/partner\/merck-kgaa\/\" target=\"\">\n\t\t\t\t\t\t<div id=\"\" class=\"tile_listing\" style=\"background-image: url('https:\/\/afrika-kommt.de\/wp-content\/uploads\/2020\/09\/merck.png'); background-position: center; background-repeat: no-repeat; background-size: cover; background-origin: content-box;\"><\/div>\n\t\t\t<div class=\"tile_listing_info\">\n\t\t\t\t<h3>Merck KGaA<\/h3>\n\t\t\t\t<div class=\"tile_listing_except\">Als lebendiges Wissenschafts- und Technologieunternehmen glauben wir an die positive Kraft der Wissenschaft und Technologie.\t\t\t\t<\/div>\n\t\t\t\t\t\t\t\t<a class=\"tile_listing_link\" href=\"https:\/\/afrika-kommt.de\/de\/partner\/merck-kgaa\/\" target=\"\" title=\"Read more\">Read more<\/a>\n\t\t\t\t\t\t<\/div>\n\t\t\t\t\t\t<\/a>\n\t\t\t\t<\/div>\n\t\t\t\t\t<div class=\"tile_listing_item tile_linked\">\n\t\t\t\t<a href=\"https:\/\/afrika-kommt.de\/de\/partner\/oddo-bhf\/\" target=\"\">\n\t\t\t\t\t\t<div id=\"\" class=\"tile_listing\" style=\"background-image: url('https:\/\/afrika-kommt.de\/wp-content\/uploads\/2022\/02\/Herunterladen-300x152.png'); background-position: center; background-repeat: no-repeat; background-size: cover; background-origin: content-box;\"><\/div>\n\t\t\t<div class=\"tile_listing_info\">\n\t\t\t\t<h3>ODDO BHF<\/h3>\n\t\t\t\t<div class=\"tile_listing_except\">Wenn Sie Ihrer Karriere eine neue Dimension in einem lernorientierten und weltoffenen Umfeld geben m\u00f6chten, suchen wir st\u00e4ndig nach Talenten in allen T\u00e4tigkeitsbereichen.\t\t\t\t<\/div>\n\t\t\t\t\t\t\t\t<a class=\"tile_listing_link\" href=\"https:\/\/afrika-kommt.de\/de\/partner\/oddo-bhf\/\" target=\"\" title=\"Read more\">Read more<\/a>\n\t\t\t\t\t\t<\/div>\n\t\t\t\t\t\t<\/a>\n\t\t\t\t<\/div>\n\t\t\t\t\t<div class=\"tile_listing_item tile_linked\">\n\t\t\t\t<a href=\"https:\/\/afrika-kommt.de\/de\/partner\/robert-bosch-gmbh\/\" target=\"\">\n\t\t\t\t\t\t<div id=\"\" class=\"tile_listing\" style=\"background-image: url('https:\/\/afrika-kommt.de\/wp-content\/uploads\/2020\/09\/Bosch-300x67.png'); background-position: center; background-repeat: no-repeat; background-size: cover; background-origin: content-box;\"><\/div>\n\t\t\t<div class=\"tile_listing_info\">\n\t\t\t\t<h3>Robert Bosch GmbH<\/h3>\n\t\t\t\t<div class=\"tile_listing_except\">Die Robert Bosch GmbH ist ein multinationales Unternehmen und in den unterschiedlichsten Bereichen t\u00e4tig: Von Mobility Solutions, bis hin zu Consumer Goods. Starten Sie etwas Gro\u00dfes und werden Sie Teil eines globalen Netzwerks aus Vordenkern und Wegbereitern, in dem Sie Bemerkenswertes schaffen k\u00f6nnen: Technik f\u00fcrs Leben.\t\t\t\t<\/div>\n\t\t\t\t\t\t\t\t<a class=\"tile_listing_link\" href=\"https:\/\/afrika-kommt.de\/de\/partner\/robert-bosch-gmbh\/\" target=\"\" title=\"Read more\">Read more<\/a>\n\t\t\t\t\t\t<\/div>\n\t\t\t\t\t\t<\/a>\n\t\t\t\t<\/div>\n\t\t\t\t\t<div class=\"tile_listing_item tile_linked\">\n\t\t\t\t<a href=\"https:\/\/afrika-kommt.de\/de\/partner\/sap-se\/\" target=\"\">\n\t\t\t\t\t\t<div id=\"\" class=\"tile_listing\" style=\"background-image: url('https:\/\/afrika-kommt.de\/wp-content\/uploads\/2020\/09\/SAP_R_grad-300x149.png'); background-position: center; background-repeat: no-repeat; background-size: cover; background-origin: content-box;\"><\/div>\n\t\t\t<div class=\"tile_listing_info\">\n\t\t\t\t<h3>SAP SE<\/h3>\n\t\t\t\t<div class=\"tile_listing_except\">Als Cloud-Company powered by SAP HANA ist SAP Marktf\u00fchrer f\u00fcr Betriebssoftware und unterst\u00fctzt Unternehmen jeder Gr\u00f6\u00dfe und Branche dabei, ihre Ziele bestm\u00f6glich zu erreichen. \t\t\t\t<\/div>\n\t\t\t\t\t\t\t\t<a class=\"tile_listing_link\" href=\"https:\/\/afrika-kommt.de\/de\/partner\/sap-se\/\" target=\"\" title=\"Read more\">Read more<\/a>\n\t\t\t\t\t\t<\/div>\n\t\t\t\t\t\t<\/a>\n\t\t\t\t<\/div>\n\t\t\t\t\t<div class=\"tile_listing_item tile_linked\">\n\t\t\t\t<a href=\"https:\/\/www.siemens-healthineers.com\/de\/\" target=\"_blank\" rel=\"noopener\">\n\t\t\t\t\t\t<div id=\"\" class=\"tile_listing\" style=\"background-image: url('https:\/\/afrika-kommt.de\/wp-content\/uploads\/2020\/09\/Siemens-Healthineers_Logo-300x188.jpg'); background-position: center; background-repeat: no-repeat; background-size: cover; background-origin: content-box;\"><\/div>\n\t\t\t<div class=\"tile_listing_info\">\n\t\t\t\t<h3>Siemens Healthineers<\/h3>\n\t\t\t\t<div class=\"tile_listing_except\">Siemens Healthineers unterst\u00fctzt Gesundheitsversorger weltweit dabei mehr zu erreichen: bei dem Ausbau der Pr\u00e4zisionsmedizin, der Neugestaltung der Gesundheitsversorgung, der Verbesserung der Patientenerfahrung und der Digitalisierung des Gesundheitswesens.\t\t\t\t<\/div>\n\t\t\t\t\t\t\t\t<a class=\"tile_listing_link\" href=\"https:\/\/www.siemens-healthineers.com\/de\/\" target=\"_blank\" title=\"Read more\" rel=\"noopener\">Read more<\/a>\n\t\t\t\t\t\t<\/div>\n\t\t\t\t\t\t<\/a>\n\t\t\t\t<\/div>\n\t\t\t\t\t<div class=\"tile_listing_item tile_linked\">\n\t\t\t\t<a href=\"https:\/\/afrika-kommt.de\/de\/partner\/volkswagen-ag\/\" target=\"\">\n\t\t\t\t\t\t<div id=\"\" class=\"tile_listing\" style=\"background-image: url('https:\/\/afrika-kommt.de\/wp-content\/uploads\/2020\/09\/Volkswagen-1.png'); background-position: center; background-repeat: no-repeat; background-size: cover; background-origin: content-box;\"><\/div>\n\t\t\t<div class=\"tile_listing_info\">\n\t\t\t\t<h3>Volkswagen AG<\/h3>\n\t\t\t\t<div class=\"tile_listing_except\">Der Volkswagen Konzern mit Sitz in Wolfsburg ist einer der f\u00fchrenden Automobilhersteller weltweit und der gr\u00f6\u00dfte Autobauer Europas.\t\t\t\t<\/div>\n\t\t\t\t\t\t\t\t<a class=\"tile_listing_link\" href=\"https:\/\/afrika-kommt.de\/de\/partner\/volkswagen-ag\/\" target=\"\" title=\"Read more\">Read more<\/a>\n\t\t\t\t\t\t<\/div>\n\t\t\t\t\t\t<\/a>\n\t\t\t\t<\/div>\n\t\t<\/div>\n\t<div class=\"pagination\">\n\t\t<!-- <div class=\"nav-previous\"><\/div>\n\t\t<div class=\"nav-next\"><\/div> -->\n\t\t\t<\/div>\n\t<script>\njQuery(document).ready(function() {\n   jQuery(document).on('click', '.wp-pagenavi a', () => {\n\t   window.getElementById('tile_listing_part').scrollTop += 300;\n})\n});\n<\/script>\n<\/div>\n      <!-- <\/div> -->\n\n  \t<\/div>\n","protected":false},"excerpt":{"rendered":"","protected":false},"author":1,"featured_media":0,"parent":340,"menu_order":2,"comment_status":"closed","ping_status":"closed","template":"","meta":{"_acf_changed":false,"neve_meta_sidebar":"full-width","neve_meta_container":"","neve_meta_enable_content_width":"on","neve_meta_content_width":100,"neve_meta_title_alignment":"","neve_meta_author_avatar":"","neve_post_elements_order":"","neve_meta_disable_header":"","neve_meta_disable_footer":"","neve_meta_disable_title":"","neve_meta_reading_time":"","footnotes":""},"class_list":["post-1022","page","type-page","status-publish","hentry"],"acf":[],"_links":{"self":[{"href":"https:\/\/afrika-kommt.de\/de\/wp-json\/wp\/v2\/pages\/1022","targetHints":{"allow":["GET"]}}],"collection":[{"href":"https:\/\/afrika-kommt.de\/de\/wp-json\/wp\/v2\/pages"}],"about":[{"href":"https:\/\/afrika-kommt.de\/de\/wp-json\/wp\/v2\/types\/page"}],"author":[{"embeddable":true,"href":"https:\/\/afrika-kommt.de\/de\/wp-json\/wp\/v2\/users\/1"}],"replies":[{"embeddable":true,"href":"https:\/\/afrika-kommt.de\/de\/wp-json\/wp\/v2\/comments?post=1022"}],"version-history":[{"count":10,"href":"https:\/\/afrika-kommt.de\/de\/wp-json\/wp\/v2\/pages\/1022\/revisions"}],"predecessor-version":[{"id":3816,"href":"https:\/\/afrika-kommt.de\/de\/wp-json\/wp\/v2\/pages\/1022\/revisions\/3816"}],"up":[{"embeddable":true,"href":"https:\/\/afrika-kommt.de\/de\/wp-json\/wp\/v2\/pages\/340"}],"wp:attachment":[{"href":"https:\/\/afrika-kommt.de\/de\/wp-json\/wp\/v2\/media?parent=1022"}],"curies":[{"name":"wp","href":"https:\/\/api.w.org\/{rel}","templated":true}]}}