{"id":1004,"date":"2020-07-13T23:43:15","date_gmt":"2020-07-13T21:43:15","guid":{"rendered":"http:\/\/wp13590066.server-he.de\/our-network\/partner-companies-all\/"},"modified":"2020-08-12T11:45:41","modified_gmt":"2020-08-12T09:45:41","slug":"partner-companies","status":"publish","type":"page","link":"https:\/\/afrika-kommt.de\/de\/our-network\/partner-companies\/","title":{"rendered":"Partner companies"},"content":{"rendered":"  \t<div class=\"tile_listing_container partner\">\n                <div class=\"tile_listing_headline\">\n          <h1>All partner companies<\/h1>\n        <\/div>\n                        <div class=\"tile_listing_infotext\">\n          <div><p>Far far away, behind the word mountains, far from the countries Vokalia and Consonantia, there live the blind texts. Separated they live in Bookmarksgrove right at the coast of the Semantics, a large language ocean. A small river named Duden flows by their place and supplies it with the necessary regelialia. It is a paradisematic country, in which roasted parts of sentences fly into your mouth.<\/p>\n<\/div>\n        <\/div>\n        \n\n        \n<div class=\"search-filter-results\" id=\"search-filter-results-1002\">\t\t<div id=\"tile_listing_part\" class=\"tile_listing-partner\">\n\n\t\t\t\t\t<div class=\"tile_listing_item tile_linked\">\n\t\t\t\t<a href=\"https:\/\/afrika-kommt.de\/de\/partner\/oddo-bhf\/\" target=\"\">\n\t\t\t\t\t\t<div id=\"\" class=\"tile_listing\" style=\"background-image: url('https:\/\/afrika-kommt.de\/wp-content\/uploads\/2022\/02\/Herunterladen-300x152.png'); background-position: center; background-repeat: no-repeat; background-size: cover; background-origin: content-box;\"><\/div>\n\t\t\t<div class=\"tile_listing_info\">\n\t\t\t\t<h3>ODDO BHF<\/h3>\n\t\t\t\t<div class=\"tile_listing_except\">Wenn Sie Ihrer Karriere eine neue Dimension in einem lernorientierten und weltoffenen Umfeld geben m\u00f6chten, suchen wir st\u00e4ndig nach Talenten in allen T\u00e4tigkeitsbereichen.\t\t\t\t<\/div>\n\t\t\t\t\t\t\t\t<a class=\"tile_listing_link\" href=\"https:\/\/afrika-kommt.de\/de\/partner\/oddo-bhf\/\" target=\"\" title=\"Read more\">Read more<\/a>\n\t\t\t\t\t\t<\/div>\n\t\t\t\t\t\t<\/a>\n\t\t\t\t<\/div>\n\t\t\t\t\t<div class=\"tile_listing_item tile_linked\">\n\t\t\t\t<a href=\"https:\/\/afrika-kommt.de\/de\/partner\/biontech-se\/\" target=\"\">\n\t\t\t\t\t\t<div id=\"\" class=\"tile_listing\" style=\"background-image: url('https:\/\/afrika-kommt.de\/wp-content\/uploads\/2022\/02\/BioNTech-300x113.png'); background-position: center; background-repeat: no-repeat; background-size: cover; background-origin: content-box;\"><\/div>\n\t\t\t<div class=\"tile_listing_info\">\n\t\t\t\t<h3>BioNTech SE<\/h3>\n\t\t\t\t<div class=\"tile_listing_except\">BioNTech ist ein Unternehmen f\u00fcr Immuntherapien der n\u00e4chsten Generation und leistet Pionierarbeit bei der Entwicklung neuer Therapien f\u00fcr Krebs, Infektionskrankheiten und andere schwere Krankheiten. Unser Impfstoff COVID- 19 ist ein wichtiger Meilenstein. Ziel des Unternehmens und seines zentralen Gesch\u00e4ftsmodells ist es, diese neuartigen Therapien Patienten weltweit zur Verf\u00fcgung zu stellen und so dazu beizutragen, deren Leben zu verbessern.\t\t\t\t<\/div>\n\t\t\t\t\t\t\t\t<a class=\"tile_listing_link\" href=\"https:\/\/afrika-kommt.de\/de\/partner\/biontech-se\/\" target=\"\" title=\"Read more\">Read more<\/a>\n\t\t\t\t\t\t<\/div>\n\t\t\t\t\t\t<\/a>\n\t\t\t\t<\/div>\n\t\t\t\t\t<div class=\"tile_listing_item\">\n\t\t\t\t\t\t<div id=\"\" class=\"tile_listing\" style=\"background-image: url(''); background-position: center; background-repeat: no-repeat; background-size: cover; background-origin: content-box;\"><\/div>\n\t\t\t<div class=\"tile_listing_info\">\n\t\t\t\t<h3>Schott AG<\/h3>\n\t\t\t\t<div class=\"tile_listing_except\">\t\t\t\t<\/div>\n\t\t\t\t\t\t\t<\/div>\n\t\t\t\t\t<\/div>\n\t\t\t\t\t<div class=\"tile_listing_item\">\n\t\t\t\t\t\t<div id=\"\" class=\"tile_listing\" style=\"background-image: url(''); background-position: center; background-repeat: no-repeat; background-size: cover; background-origin: content-box;\"><\/div>\n\t\t\t<div class=\"tile_listing_info\">\n\t\t\t\t<h3>Siemens AG<\/h3>\n\t\t\t\t<div class=\"tile_listing_except\">\t\t\t\t<\/div>\n\t\t\t\t\t\t\t<\/div>\n\t\t\t\t\t<\/div>\n\t\t\t\t\t<div class=\"tile_listing_item\">\n\t\t\t\t\t\t<div id=\"\" class=\"tile_listing\" style=\"background-image: url(''); background-position: center; background-repeat: no-repeat; background-size: cover; background-origin: content-box;\"><\/div>\n\t\t\t<div class=\"tile_listing_info\">\n\t\t\t\t<h3>thyssenkrupp AG<\/h3>\n\t\t\t\t<div class=\"tile_listing_except\">\t\t\t\t<\/div>\n\t\t\t\t\t\t\t<\/div>\n\t\t\t\t\t<\/div>\n\t\t\t\t\t<div class=\"tile_listing_item tile_linked\">\n\t\t\t\t<a href=\"https:\/\/www.wuerth.de\/web\/de\/awkg\/karriere\/karriere.php\" target=\"_blank\" rel=\"noopener\">\n\t\t\t\t\t\t<div id=\"\" class=\"tile_listing\" style=\"background-image: url('https:\/\/afrika-kommt.de\/wp-content\/uploads\/2020\/10\/WRT_Linie_RGB_mitSchutzraum-300x103.jpg'); background-position: center; background-repeat: no-repeat; background-size: cover; background-origin: content-box;\"><\/div>\n\t\t\t<div class=\"tile_listing_info\">\n\t\t\t\t<h3>Adolf W\u00fcrth GmbH &#038; Co. KG<\/h3>\n\t\t\t\t<div class=\"tile_listing_except\">\t\t\t\t<\/div>\n\t\t\t\t\t\t\t\t<a class=\"tile_listing_link\" href=\"https:\/\/www.wuerth.de\/web\/de\/awkg\/karriere\/karriere.php\" target=\"_blank\" title=\"Read more\" rel=\"noopener\">Read more<\/a>\n\t\t\t\t\t\t<\/div>\n\t\t\t\t\t\t<\/a>\n\t\t\t\t<\/div>\n\t\t\t\t\t<div class=\"tile_listing_item\">\n\t\t\t\t\t\t<div id=\"\" class=\"tile_listing\" style=\"background-image: url(''); background-position: center; background-repeat: no-repeat; background-size: cover; background-origin: content-box;\"><\/div>\n\t\t\t<div class=\"tile_listing_info\">\n\t\t\t\t<h3>Deutsche Bahn AG<\/h3>\n\t\t\t\t<div class=\"tile_listing_except\">\t\t\t\t<\/div>\n\t\t\t\t\t\t\t<\/div>\n\t\t\t\t\t<\/div>\n\t\t\t\t\t<div class=\"tile_listing_item\">\n\t\t\t\t\t\t<div id=\"\" class=\"tile_listing\" style=\"background-image: url(''); background-position: center; background-repeat: no-repeat; background-size: cover; background-origin: content-box;\"><\/div>\n\t\t\t<div class=\"tile_listing_info\">\n\t\t\t\t<h3>ZF Friedrichshafen AG<\/h3>\n\t\t\t\t<div class=\"tile_listing_except\">\t\t\t\t<\/div>\n\t\t\t\t\t\t\t<\/div>\n\t\t\t\t\t<\/div>\n\t\t\t\t\t<div class=\"tile_listing_item\">\n\t\t\t\t\t\t<div id=\"\" class=\"tile_listing\" style=\"background-image: url(''); background-position: center; background-repeat: no-repeat; background-size: cover; background-origin: content-box;\"><\/div>\n\t\t\t<div class=\"tile_listing_info\">\n\t\t\t\t<h3>Codema International GmbH \u2013 Rauscher Gruppe<\/h3>\n\t\t\t\t<div class=\"tile_listing_except\">\t\t\t\t<\/div>\n\t\t\t\t\t\t\t<\/div>\n\t\t\t\t\t<\/div>\n\t\t\t\t\t<div class=\"tile_listing_item\">\n\t\t\t\t\t\t<div id=\"\" class=\"tile_listing\" style=\"background-image: url(''); background-position: center; background-repeat: no-repeat; background-size: cover; background-origin: content-box;\"><\/div>\n\t\t\t<div class=\"tile_listing_info\">\n\t\t\t\t<h3>Stiftung Entwicklungs-Zusammenarbeit Baden W\u00fcrttemberg (SEZ)<\/h3>\n\t\t\t\t<div class=\"tile_listing_except\">\t\t\t\t<\/div>\n\t\t\t\t\t\t\t<\/div>\n\t\t\t\t\t<\/div>\n\t\t\t\t\t<div class=\"tile_listing_item\">\n\t\t\t\t\t\t<div id=\"\" class=\"tile_listing\" style=\"background-image: url(''); background-position: center; background-repeat: no-repeat; background-size: cover; background-origin: content-box;\"><\/div>\n\t\t\t<div class=\"tile_listing_info\">\n\t\t\t\t<h3>Robert Bosch Stiftung GmbH<\/h3>\n\t\t\t\t<div class=\"tile_listing_except\">\t\t\t\t<\/div>\n\t\t\t\t\t\t\t<\/div>\n\t\t\t\t\t<\/div>\n\t\t\t\t\t<div class=\"tile_listing_item\">\n\t\t\t\t\t\t<div id=\"\" class=\"tile_listing\" style=\"background-image: url(''); background-position: center; background-repeat: no-repeat; background-size: cover; background-origin: content-box;\"><\/div>\n\t\t\t<div class=\"tile_listing_info\">\n\t\t\t\t<h3>Deutsche Telekom AG<\/h3>\n\t\t\t\t<div class=\"tile_listing_except\">\t\t\t\t<\/div>\n\t\t\t\t\t\t\t<\/div>\n\t\t\t\t\t<\/div>\n\t\t<\/div>\n\t<div class=\"pagination\">\n\t\t<!-- <div class=\"nav-previous\"><\/div>\n\t\t<div class=\"nav-next\"><\/div> -->\n\t\t<div class='wp-pagenavi' role='navigation'>\n<span aria-current='page' class='current'>1<\/span><a class=\"page larger\" title=\"Seite 2\" href=\"https:\/\/afrika-kommt.de\/de\/our-network\/partner-companies\/?sf_paged=2\">2<\/a><a class=\"page larger\" title=\"Seite 3\" href=\"https:\/\/afrika-kommt.de\/de\/our-network\/partner-companies\/?sf_paged=3\">3<\/a><a class=\"nextpostslink\" rel=\"next\" aria-label=\"N\u00e4chste Seite\" href=\"https:\/\/afrika-kommt.de\/de\/our-network\/partner-companies\/?sf_paged=2\">&gt;<\/a>\n<\/div>\t<\/div>\n\t<script>\njQuery(document).ready(function() {\n   jQuery(document).on('click', '.wp-pagenavi a', () => {\n\t   window.getElementById('tile_listing_part').scrollTop += 300;\n})\n});\n<\/script>\n<\/div>\n      <!-- <\/div> -->\n\n  \t<\/div>\n","protected":false},"excerpt":{"rendered":"","protected":false},"author":1,"featured_media":0,"parent":343,"menu_order":5,"comment_status":"closed","ping_status":"closed","template":"","meta":{"_acf_changed":false,"neve_meta_sidebar":"full-width","neve_meta_container":"","neve_meta_enable_content_width":"on","neve_meta_content_width":100,"neve_meta_title_alignment":"","neve_meta_author_avatar":"","neve_post_elements_order":"","neve_meta_disable_header":"","neve_meta_disable_footer":"","neve_meta_disable_title":"","neve_meta_reading_time":"","footnotes":""},"class_list":["post-1004","page","type-page","status-publish","hentry"],"acf":[],"_links":{"self":[{"href":"https:\/\/afrika-kommt.de\/de\/wp-json\/wp\/v2\/pages\/1004","targetHints":{"allow":["GET"]}}],"collection":[{"href":"https:\/\/afrika-kommt.de\/de\/wp-json\/wp\/v2\/pages"}],"about":[{"href":"https:\/\/afrika-kommt.de\/de\/wp-json\/wp\/v2\/types\/page"}],"author":[{"embeddable":true,"href":"https:\/\/afrika-kommt.de\/de\/wp-json\/wp\/v2\/users\/1"}],"replies":[{"embeddable":true,"href":"https:\/\/afrika-kommt.de\/de\/wp-json\/wp\/v2\/comments?post=1004"}],"version-history":[{"count":4,"href":"https:\/\/afrika-kommt.de\/de\/wp-json\/wp\/v2\/pages\/1004\/revisions"}],"predecessor-version":[{"id":1106,"href":"https:\/\/afrika-kommt.de\/de\/wp-json\/wp\/v2\/pages\/1004\/revisions\/1106"}],"up":[{"embeddable":true,"href":"https:\/\/afrika-kommt.de\/de\/wp-json\/wp\/v2\/pages\/343"}],"wp:attachment":[{"href":"https:\/\/afrika-kommt.de\/de\/wp-json\/wp\/v2\/media?parent=1004"}],"curies":[{"name":"wp","href":"https:\/\/api.w.org\/{rel}","templated":true}]}}